{"id":7128,"date":"2026-01-26T12:56:47","date_gmt":"2026-01-26T15:56:47","guid":{"rendered":"https:\/\/www.ufsm.br\/pro-reitorias\/proplan\/?page_id=7128"},"modified":"2026-04-23T14:13:55","modified_gmt":"2026-04-23T17:13:55","slug":"visao-2","status":"publish","type":"page","link":"https:\/\/www.ufsm.br\/pro-reitorias\/proplan\/visao-2","title":{"rendered":"Plano de metas &#8211; Desafios &#8211; Vis\u00e3o"},"content":{"rendered":"\t\t<div data-elementor-type=\"wp-page\" data-elementor-id=\"7128\" class=\"elementor elementor-7128\">\n\t\t\t\t\t\t<section class=\"elementor-section elementor-top-section elementor-element elementor-element-0cf4f74 elementor-section-boxed elementor-section-height-default elementor-section-height-default\" data-id=\"0cf4f74\" data-element_type=\"section\">\n\t\t\t\t\t\t<div class=\"elementor-container elementor-column-gap-default\">\n\t\t\t\t\t<div class=\"elementor-column elementor-col-100 elementor-top-column elementor-element elementor-element-ce2373b\" data-id=\"ce2373b\" data-element_type=\"column\">\n\t\t\t<div class=\"elementor-widget-wrap elementor-element-populated\">\n\t\t\t\t\t\t<div class=\"elementor-element elementor-element-7cc809e elementor-widget elementor-widget-image\" data-id=\"7cc809e\" data-element_type=\"widget\" data-widget_type=\"image.default\">\n\t\t\t\t<div class=\"elementor-widget-container\">\n\t\t\t\t\t\t\t\t\t\t\t\t\t<img fetchpriority=\"high\" decoding=\"async\" width=\"1536\" height=\"400\" src=\"https:\/\/www.ufsm.br\/app\/uploads\/sites\/344\/2025\/12\/00-Visao-1-1536x400.png\" class=\"attachment-1536x1536 size-1536x1536 wp-image-7117\" alt=\"\" srcset=\"https:\/\/www.ufsm.br\/app\/uploads\/sites\/344\/2025\/12\/00-Visao-1-1536x400.png 1536w, https:\/\/www.ufsm.br\/app\/uploads\/sites\/344\/2025\/12\/00-Visao-1-300x78.png 300w, https:\/\/www.ufsm.br\/app\/uploads\/sites\/344\/2025\/12\/00-Visao-1-1024x267.png 1024w, https:\/\/www.ufsm.br\/app\/uploads\/sites\/344\/2025\/12\/00-Visao-1-768x200.png 768w, https:\/\/www.ufsm.br\/app\/uploads\/sites\/344\/2025\/12\/00-Visao-1.png 1793w\" sizes=\"(max-width: 1536px) 100vw, 1536px\" \/>\t\t\t\t\t\t\t\t\t\t\t\t\t<\/div>\n\t\t\t\t<\/div>\n\t\t\t\t\t<\/div>\n\t\t<\/div>\n\t\t\t\t\t<\/div>\n\t\t<\/section>\n\t\t\t\t<section class=\"elementor-section elementor-top-section elementor-element elementor-element-541e20d elementor-section-boxed elementor-section-height-default elementor-section-height-default\" data-id=\"541e20d\" data-element_type=\"section\">\n\t\t\t\t\t\t<div class=\"elementor-container elementor-column-gap-default\">\n\t\t\t\t\t<div class=\"elementor-column elementor-col-100 elementor-top-column elementor-element elementor-element-0939145\" data-id=\"0939145\" data-element_type=\"column\">\n\t\t\t<div class=\"elementor-widget-wrap elementor-element-populated\">\n\t\t\t\t\t\t<div class=\"elementor-element elementor-element-7818122 elementor-widget elementor-widget-text-editor\" data-id=\"7818122\" data-element_type=\"widget\" data-widget_type=\"text-editor.default\">\n\t\t\t\t<div class=\"elementor-widget-container\">\n\t\t\t\t\t\t\t<p>Os indicadores da Vis\u00e3o s\u00e3o os seguintes:<\/p><ul><li>Posi\u00e7\u00e3o entre as Federais com conceito 5 no \u00cdndice Geral de cursos (IGC)<\/li><li>Posi\u00e7\u00e3o entre as brasileiras no THE World University Ranking<\/li><li>Porcentagem de satisfa\u00e7\u00e3o dos alunos &#8211; CPA<\/li><li>\u00cdndice de concord\u00e2ncia da sociedade sobre Imagem e reputa\u00e7\u00e3o da UFSM<\/li><li>\u00cdndice de rela\u00e7\u00e3o candidato\/vaga vestibular<\/li><li>Indicador de Sa\u00fade Mental Universit\u00e1ria<\/li><\/ul>\t\t\t\t\t\t<\/div>\n\t\t\t\t<\/div>\n\t\t\t\t\t<\/div>\n\t\t<\/div>\n\t\t\t\t\t<\/div>\n\t\t<\/section>\n\t\t\t\t<section class=\"elementor-section elementor-top-section elementor-element elementor-element-15ba5e1 elementor-section-boxed elementor-section-height-default elementor-section-height-default\" data-id=\"15ba5e1\" data-element_type=\"section\">\n\t\t\t\t\t\t<div class=\"elementor-container elementor-column-gap-default\">\n\t\t\t\t\t<div class=\"elementor-column elementor-col-100 elementor-top-column elementor-element elementor-element-4e25c58\" data-id=\"4e25c58\" data-element_type=\"column\">\n\t\t\t<div class=\"elementor-widget-wrap elementor-element-populated\">\n\t\t\t\t\t\t<div class=\"elementor-element elementor-element-b5b9860 elementor-widget elementor-widget-text-editor\" data-id=\"b5b9860\" data-element_type=\"widget\" data-widget_type=\"text-editor.default\">\n\t\t\t\t<div class=\"elementor-widget-container\">\n\t\t\t\t\t\t\t<p><iframe src=\"https:\/\/app.powerbi.com\/view?r=eyJrIjoiNGE3NzFjNDEtNDUyZS00ODMzLWE4OGItZjFjYWQ4OWQ2ZGIzIiwidCI6Ijk3OTAyMGQ1LTQ5NTAtNGY0My1hOTk0LTg4ZDY4M2VhYjQ3MyJ9\" width=\"1280\" height=\"720\" frameborder=\"0\" allowfullscreen=\"allowfullscreen\"><\/iframe><\/p>\t\t\t\t\t\t<\/div>\n\t\t\t\t<\/div>\n\t\t\t\t\t<\/div>\n\t\t<\/div>\n\t\t\t\t\t<\/div>\n\t\t<\/section>\n\t\t\t\t<section class=\"elementor-section elementor-top-section elementor-element elementor-element-496c746 elementor-section-boxed elementor-section-height-default elementor-section-height-default\" data-id=\"496c746\" data-element_type=\"section\">\n\t\t\t\t\t\t<div class=\"elementor-container elementor-column-gap-default\">\n\t\t\t\t\t<div class=\"elementor-column elementor-col-100 elementor-top-column elementor-element elementor-element-477688c\" data-id=\"477688c\" data-element_type=\"column\">\n\t\t\t<div class=\"elementor-widget-wrap elementor-element-populated\">\n\t\t\t\t\t\t<section class=\"elementor-section elementor-inner-section elementor-element elementor-element-43142e9 elementor-section-boxed elementor-section-height-default elementor-section-height-default\" data-id=\"43142e9\" data-element_type=\"section\">\n\t\t\t\t\t\t<div class=\"elementor-container elementor-column-gap-default\">\n\t\t\t\t\t<div class=\"elementor-column elementor-col-25 elementor-inner-column elementor-element elementor-element-972201f\" data-id=\"972201f\" data-element_type=\"column\">\n\t\t\t<div class=\"elementor-widget-wrap elementor-element-populated\">\n\t\t\t\t\t\t<div class=\"elementor-element elementor-element-e312d91 elementor-widget elementor-widget-image\" data-id=\"e312d91\" data-element_type=\"widget\" data-widget_type=\"image.default\">\n\t\t\t\t<div class=\"elementor-widget-container\">\n\t\t\t\t\t\t\t\t\t\t\t\t\t\t<a href=\"https:\/\/www.ufsm.br\/pro-reitorias\/proplan\/visao-2\">\n\t\t\t\t\t\t\t<img decoding=\"async\" width=\"473\" height=\"113\" src=\"https:\/\/www.ufsm.br\/app\/uploads\/sites\/344\/2025\/12\/00-Visao.png\" class=\"attachment-large size-large wp-image-7091\" alt=\"\" srcset=\"https:\/\/www.ufsm.br\/app\/uploads\/sites\/344\/2025\/12\/00-Visao.png 473w, https:\/\/www.ufsm.br\/app\/uploads\/sites\/344\/2025\/12\/00-Visao-300x72.png 300w\" sizes=\"(max-width: 473px) 100vw, 473px\" \/>\t\t\t\t\t\t\t\t<\/a>\n\t\t\t\t\t\t\t\t\t\t\t\t\t<\/div>\n\t\t\t\t<\/div>\n\t\t\t\t\t<\/div>\n\t\t<\/div>\n\t\t\t\t<div class=\"elementor-column elementor-col-25 elementor-inner-column elementor-element elementor-element-def35a4\" data-id=\"def35a4\" data-element_type=\"column\">\n\t\t\t<div class=\"elementor-widget-wrap elementor-element-populated\">\n\t\t\t\t\t\t<div class=\"elementor-element elementor-element-453f676 elementor-widget elementor-widget-image\" data-id=\"453f676\" data-element_type=\"widget\" data-widget_type=\"image.default\">\n\t\t\t\t<div class=\"elementor-widget-container\">\n\t\t\t\t\t\t\t\t\t\t\t\t\t\t<a href=\"https:\/\/www.ufsm.br\/pro-reitorias\/proplan\/d1-internacionalizacao\">\n\t\t\t\t\t\t\t<img decoding=\"async\" width=\"473\" height=\"113\" src=\"https:\/\/www.ufsm.br\/app\/uploads\/sites\/344\/2025\/12\/02-Internacionalizacao.png\" class=\"attachment-large size-large wp-image-7093\" alt=\"\" srcset=\"https:\/\/www.ufsm.br\/app\/uploads\/sites\/344\/2025\/12\/02-Internacionalizacao.png 473w, https:\/\/www.ufsm.br\/app\/uploads\/sites\/344\/2025\/12\/02-Internacionalizacao-300x72.png 300w\" sizes=\"(max-width: 473px) 100vw, 473px\" \/>\t\t\t\t\t\t\t\t<\/a>\n\t\t\t\t\t\t\t\t\t\t\t\t\t<\/div>\n\t\t\t\t<\/div>\n\t\t\t\t\t<\/div>\n\t\t<\/div>\n\t\t\t\t<div class=\"elementor-column elementor-col-25 elementor-inner-column elementor-element elementor-element-ff4a07b\" data-id=\"ff4a07b\" data-element_type=\"column\">\n\t\t\t<div class=\"elementor-widget-wrap elementor-element-populated\">\n\t\t\t\t\t\t<div class=\"elementor-element elementor-element-7cc1b27 elementor-widget elementor-widget-image\" data-id=\"7cc1b27\" data-element_type=\"widget\" data-widget_type=\"image.default\">\n\t\t\t\t<div class=\"elementor-widget-container\">\n\t\t\t\t\t\t\t\t\t\t\t\t\t\t<a href=\"https:\/\/www.ufsm.br\/pro-reitorias\/proplan\/d2-educacaoinovadora\">\n\t\t\t\t\t\t\t<img loading=\"lazy\" decoding=\"async\" width=\"473\" height=\"113\" src=\"https:\/\/www.ufsm.br\/app\/uploads\/sites\/344\/2025\/12\/01-Educacao-inovadora.png\" class=\"attachment-large size-large wp-image-7092\" alt=\"\" srcset=\"https:\/\/www.ufsm.br\/app\/uploads\/sites\/344\/2025\/12\/01-Educacao-inovadora.png 473w, https:\/\/www.ufsm.br\/app\/uploads\/sites\/344\/2025\/12\/01-Educacao-inovadora-300x72.png 300w\" sizes=\"(max-width: 473px) 100vw, 473px\" \/>\t\t\t\t\t\t\t\t<\/a>\n\t\t\t\t\t\t\t\t\t\t\t\t\t<\/div>\n\t\t\t\t<\/div>\n\t\t\t\t\t<\/div>\n\t\t<\/div>\n\t\t\t\t<div class=\"elementor-column elementor-col-25 elementor-inner-column elementor-element elementor-element-8bfb5dd\" data-id=\"8bfb5dd\" data-element_type=\"column\">\n\t\t\t<div class=\"elementor-widget-wrap elementor-element-populated\">\n\t\t\t\t\t\t<div class=\"elementor-element elementor-element-b5d3c47 elementor-widget elementor-widget-image\" data-id=\"b5d3c47\" data-element_type=\"widget\" data-widget_type=\"image.default\">\n\t\t\t\t<div class=\"elementor-widget-container\">\n\t\t\t\t\t\t\t\t\t\t\t\t\t\t<a href=\"https:\/\/www.ufsm.br\/pro-reitorias\/proplan\/d3-inclusaosocial\">\n\t\t\t\t\t\t\t<img loading=\"lazy\" decoding=\"async\" width=\"473\" height=\"113\" src=\"https:\/\/www.ufsm.br\/app\/uploads\/sites\/344\/2025\/12\/03-Inclusao-social.png\" class=\"attachment-large size-large wp-image-7094\" alt=\"\" srcset=\"https:\/\/www.ufsm.br\/app\/uploads\/sites\/344\/2025\/12\/03-Inclusao-social.png 473w, https:\/\/www.ufsm.br\/app\/uploads\/sites\/344\/2025\/12\/03-Inclusao-social-300x72.png 300w\" sizes=\"(max-width: 473px) 100vw, 473px\" \/>\t\t\t\t\t\t\t\t<\/a>\n\t\t\t\t\t\t\t\t\t\t\t\t\t<\/div>\n\t\t\t\t<\/div>\n\t\t\t\t\t<\/div>\n\t\t<\/div>\n\t\t\t\t\t<\/div>\n\t\t<\/section>\n\t\t\t\t<section class=\"elementor-section elementor-inner-section elementor-element elementor-element-3aedc5e elementor-section-boxed elementor-section-height-default elementor-section-height-default\" data-id=\"3aedc5e\" data-element_type=\"section\">\n\t\t\t\t\t\t<div class=\"elementor-container elementor-column-gap-default\">\n\t\t\t\t\t<div class=\"elementor-column elementor-col-25 elementor-inner-column elementor-element elementor-element-0d749ec\" data-id=\"0d749ec\" data-element_type=\"column\">\n\t\t\t<div class=\"elementor-widget-wrap elementor-element-populated\">\n\t\t\t\t\t\t<div class=\"elementor-element elementor-element-45386ce elementor-widget elementor-widget-image\" data-id=\"45386ce\" data-element_type=\"widget\" data-widget_type=\"image.default\">\n\t\t\t\t<div class=\"elementor-widget-container\">\n\t\t\t\t\t\t\t\t\t\t\t\t\t\t<a href=\"https:\/\/www.ufsm.br\/pro-reitorias\/proplan\/d4-inovacao\">\n\t\t\t\t\t\t\t<img loading=\"lazy\" decoding=\"async\" width=\"473\" height=\"113\" src=\"https:\/\/www.ufsm.br\/app\/uploads\/sites\/344\/2026\/04\/04-Inovacao.png\" class=\"attachment-large size-large wp-image-7299\" alt=\"\" srcset=\"https:\/\/www.ufsm.br\/app\/uploads\/sites\/344\/2026\/04\/04-Inovacao.png 473w, https:\/\/www.ufsm.br\/app\/uploads\/sites\/344\/2026\/04\/04-Inovacao-300x72.png 300w\" sizes=\"(max-width: 473px) 100vw, 473px\" \/>\t\t\t\t\t\t\t\t<\/a>\n\t\t\t\t\t\t\t\t\t\t\t\t\t<\/div>\n\t\t\t\t<\/div>\n\t\t\t\t\t<\/div>\n\t\t<\/div>\n\t\t\t\t<div class=\"elementor-column elementor-col-25 elementor-inner-column elementor-element elementor-element-4bd3a3e\" data-id=\"4bd3a3e\" data-element_type=\"column\">\n\t\t\t<div class=\"elementor-widget-wrap elementor-element-populated\">\n\t\t\t\t\t\t<div class=\"elementor-element elementor-element-ff93e7e elementor-widget elementor-widget-image\" data-id=\"ff93e7e\" data-element_type=\"widget\" data-widget_type=\"image.default\">\n\t\t\t\t<div class=\"elementor-widget-container\">\n\t\t\t\t\t\t\t\t\t\t\t\t\t\t<a href=\"https:\/\/www.ufsm.br\/pro-reitorias\/proplan\/d5-modernizacao\">\n\t\t\t\t\t\t\t<img loading=\"lazy\" decoding=\"async\" width=\"473\" height=\"113\" src=\"https:\/\/www.ufsm.br\/app\/uploads\/sites\/344\/2025\/12\/05-Modernizacao.png\" class=\"attachment-large size-large wp-image-7096\" alt=\"\" srcset=\"https:\/\/www.ufsm.br\/app\/uploads\/sites\/344\/2025\/12\/05-Modernizacao.png 473w, https:\/\/www.ufsm.br\/app\/uploads\/sites\/344\/2025\/12\/05-Modernizacao-300x72.png 300w\" sizes=\"(max-width: 473px) 100vw, 473px\" \/>\t\t\t\t\t\t\t\t<\/a>\n\t\t\t\t\t\t\t\t\t\t\t\t\t<\/div>\n\t\t\t\t<\/div>\n\t\t\t\t\t<\/div>\n\t\t<\/div>\n\t\t\t\t<div class=\"elementor-column elementor-col-25 elementor-inner-column elementor-element elementor-element-597f22b\" data-id=\"597f22b\" data-element_type=\"column\">\n\t\t\t<div class=\"elementor-widget-wrap elementor-element-populated\">\n\t\t\t\t\t\t<div class=\"elementor-element elementor-element-70fc7be elementor-widget elementor-widget-image\" data-id=\"70fc7be\" data-element_type=\"widget\" data-widget_type=\"image.default\">\n\t\t\t\t<div class=\"elementor-widget-container\">\n\t\t\t\t\t\t\t\t\t\t\t\t\t\t<a href=\"https:\/\/www.ufsm.br\/pro-reitorias\/proplan\/d6-desenvolvimentoregional\">\n\t\t\t\t\t\t\t<img loading=\"lazy\" decoding=\"async\" width=\"473\" height=\"113\" src=\"https:\/\/www.ufsm.br\/app\/uploads\/sites\/344\/2025\/12\/06-Desenvolvimento.png\" class=\"attachment-large size-large wp-image-7097\" alt=\"\" srcset=\"https:\/\/www.ufsm.br\/app\/uploads\/sites\/344\/2025\/12\/06-Desenvolvimento.png 473w, https:\/\/www.ufsm.br\/app\/uploads\/sites\/344\/2025\/12\/06-Desenvolvimento-300x72.png 300w\" sizes=\"(max-width: 473px) 100vw, 473px\" \/>\t\t\t\t\t\t\t\t<\/a>\n\t\t\t\t\t\t\t\t\t\t\t\t\t<\/div>\n\t\t\t\t<\/div>\n\t\t\t\t\t<\/div>\n\t\t<\/div>\n\t\t\t\t<div class=\"elementor-column elementor-col-25 elementor-inner-column elementor-element elementor-element-e46135a\" data-id=\"e46135a\" data-element_type=\"column\">\n\t\t\t<div class=\"elementor-widget-wrap elementor-element-populated\">\n\t\t\t\t\t\t<div class=\"elementor-element elementor-element-d9077ac elementor-widget elementor-widget-image\" data-id=\"d9077ac\" data-element_type=\"widget\" data-widget_type=\"image.default\">\n\t\t\t\t<div class=\"elementor-widget-container\">\n\t\t\t\t\t\t\t\t\t\t\t\t\t\t<a href=\"https:\/\/www.ufsm.br\/pro-reitorias\/proplan\/d7-gestaoambiental\">\n\t\t\t\t\t\t\t<img loading=\"lazy\" decoding=\"async\" width=\"473\" height=\"113\" src=\"https:\/\/www.ufsm.br\/app\/uploads\/sites\/344\/2025\/12\/07-Gestao-ambiental.png\" class=\"attachment-large size-large wp-image-7098\" alt=\"\" srcset=\"https:\/\/www.ufsm.br\/app\/uploads\/sites\/344\/2025\/12\/07-Gestao-ambiental.png 473w, https:\/\/www.ufsm.br\/app\/uploads\/sites\/344\/2025\/12\/07-Gestao-ambiental-300x72.png 300w\" sizes=\"(max-width: 473px) 100vw, 473px\" \/>\t\t\t\t\t\t\t\t<\/a>\n\t\t\t\t\t\t\t\t\t\t\t\t\t<\/div>\n\t\t\t\t<\/div>\n\t\t\t\t\t<\/div>\n\t\t<\/div>\n\t\t\t\t\t<\/div>\n\t\t<\/section>\n\t\t\t\t\t<\/div>\n\t\t<\/div>\n\t\t\t\t\t<\/div>\n\t\t<\/section>\n\t\t\t\t<\/div>\n\t\t","protected":false},"excerpt":{"rendered":"<p>Os indicadores da Vis\u00e3o s\u00e3o os seguintes: Posi\u00e7\u00e3o entre as Federais com conceito 5 no \u00cdndice Geral de cursos (IGC) Posi\u00e7\u00e3o entre as brasileiras no THE World University Ranking Porcentagem de satisfa\u00e7\u00e3o dos alunos &#8211; CPA \u00cdndice de concord\u00e2ncia da sociedade sobre Imagem e reputa\u00e7\u00e3o da UFSM \u00cdndice de rela\u00e7\u00e3o candidato\/vaga vestibular Indicador de Sa\u00fade [&hellip;]<\/p>\n","protected":false},"author":6328,"featured_media":0,"parent":0,"menu_order":0,"comment_status":"closed","ping_status":"closed","template":"","meta":{"footnotes":""},"categories":[],"tags":[],"class_list":["post-7128","page","type-page","status-publish","hentry"],"acf":[],"_links":{"self":[{"href":"https:\/\/www.ufsm.br\/pro-reitorias\/proplan\/wp-json\/wp\/v2\/pages\/7128","targetHints":{"allow":["GET"]}}],"collection":[{"href":"https:\/\/www.ufsm.br\/pro-reitorias\/proplan\/wp-json\/wp\/v2\/pages"}],"about":[{"href":"https:\/\/www.ufsm.br\/pro-reitorias\/proplan\/wp-json\/wp\/v2\/types\/page"}],"author":[{"embeddable":true,"href":"https:\/\/www.ufsm.br\/pro-reitorias\/proplan\/wp-json\/wp\/v2\/users\/6328"}],"replies":[{"embeddable":true,"href":"https:\/\/www.ufsm.br\/pro-reitorias\/proplan\/wp-json\/wp\/v2\/comments?post=7128"}],"version-history":[{"count":0,"href":"https:\/\/www.ufsm.br\/pro-reitorias\/proplan\/wp-json\/wp\/v2\/pages\/7128\/revisions"}],"wp:attachment":[{"href":"https:\/\/www.ufsm.br\/pro-reitorias\/proplan\/wp-json\/wp\/v2\/media?parent=7128"}],"wp:term":[{"taxonomy":"category","embeddable":true,"href":"https:\/\/www.ufsm.br\/pro-reitorias\/proplan\/wp-json\/wp\/v2\/categories?post=7128"},{"taxonomy":"post_tag","embeddable":true,"href":"https:\/\/www.ufsm.br\/pro-reitorias\/proplan\/wp-json\/wp\/v2\/tags?post=7128"}],"curies":[{"name":"wp","href":"https:\/\/api.w.org\/{rel}","templated":true}]}}