{"id":7129,"date":"2025-12-19T11:07:57","date_gmt":"2025-12-19T14:07:57","guid":{"rendered":"https:\/\/www.ufsm.br\/pro-reitorias\/proplan\/?page_id=7129"},"modified":"2025-12-19T11:08:56","modified_gmt":"2025-12-19T14:08:56","slug":"instrucao-normativa-ufsm-n-014-2025","status":"publish","type":"page","link":"https:\/\/www.ufsm.br\/pro-reitorias\/proplan\/instrucao-normativa-ufsm-n-014-2025","title":{"rendered":"INSTRU\u00c7\u00c3O NORMATIVA UFSM N\u00b0 014\/2025"},"content":{"rendered":"\t\t<div data-elementor-type=\"wp-page\" data-elementor-id=\"7129\" class=\"elementor elementor-7129\">\n\t\t\t\t\t\t<section class=\"elementor-section elementor-top-section elementor-element elementor-element-0d9c9af elementor-section-boxed elementor-section-height-default elementor-section-height-default\" data-id=\"0d9c9af\" data-element_type=\"section\">\n\t\t\t\t\t\t<div class=\"elementor-container elementor-column-gap-default\">\n\t\t\t\t\t<div class=\"elementor-column elementor-col-100 elementor-top-column elementor-element elementor-element-bfc7f7b\" data-id=\"bfc7f7b\" data-element_type=\"column\">\n\t\t\t<div class=\"elementor-widget-wrap elementor-element-populated\">\n\t\t\t\t\t\t<div class=\"elementor-element elementor-element-cba5329 elementor-widget elementor-widget-html\" data-id=\"cba5329\" data-element_type=\"widget\" data-widget_type=\"html.default\">\n\t\t\t\t<div class=\"elementor-widget-container\">\n\t\t\t<br><div align=\"justify\"><font color=\"black\">\r\n<div align=\"center\">\r\n<img decoding=\"async\" src=\"https:\/\/www.ufsm.br\/pro-reitorias\/proplan\/wp-content\/uploads\/sites\/344\/2019\/09\/brasao-da-republica-do-brasil-logo.png\" alt=\"Bras\u00e3o Rep\u00fablica Federativa do Brasil\" width=\"6%\" height=\"6%\">\r\n<\/div>\r\n<h4>\r\n<font color=\"blue\">\r\n<font size=\"5\">\r\n<\/font>\r\n<\/font>\r\n<div align=\"center\">\r\n<font color=\"blue\">\r\n<font size=\"5\">MINIST\u00c9RIO DA EDUCA\u00c7\u00c3O<\/font>\r\n<\/font>\r\n<\/div>\r\n<\/h4>\r\n<p>\r\n<b>\r\n<font color=\"0000blue\">\r\n<\/font>\r\n<\/b>\r\n<\/p>\r\n<div align=\"center\">\r\n<b>\r\n<font color=\"0000blue\">UNIVERSIDADE FEDERAL DE SANTA MARIA<\/font>\r\n<\/b>\r\n<\/div>\r\n<p>\r\n<\/p>\r\n<!--StartFragment-->\r\n<p style=\"text-align: center\">\r\n<a href=\"https:\/\/portal.ufsm.br\/documentos\/publico\/documento.html?id=15685858\" style=\"color: blue !important;text-decoration: underline !important\" data-elementor-preserved=\"true\">\r\n<b>INSTRU\u00c7\u00c3O NORMATIVA UFSM N\u00b0 014, DE 18 DE DEZEMBRO DE 2025<\/b>\r\n<\/a>\r\n<\/p>\r\n<p>&nbsp;<\/p>\r\n<p>\r\n    <div style=\"color: #800000;width: 60%;margin-left: auto;margin-right: 0;text-align: justify;font-weight: normal\">\r\n      Disp\u00f5e sobre o fluxo, o formul\u00e1rio, a instru\u00e7\u00e3o processual e a periodicidade de fiscaliza\u00e7\u00e3o para a implementa\u00e7\u00e3o da exce\u00e7\u00e3o prevista na Resolu\u00e7\u00e3o UFSM n\u00ba 242\/2025, relativa \u00e0 comercializa\u00e7\u00e3o e ao consumo de bebidas alco\u00f3licas em restaurantes, lancherias e cafeterias instalados em im\u00f3veis da UFSM.\r\n    <\/div>\r\n<\/p>\r\n<p>&nbsp;<\/p>\r\n<p>O Reitor da Universidade Federal de Santa Maria, no uso das atribui\u00e7\u00f5es legais que lhe confere o <a href=\"https:\/\/www.ufsm.br\/pro-reitorias\/proplan\/estatuto-ufsm-2010\" style=\"color: blue !important;text-decoration: underline !important\" data-elementor-preserved=\"true\">art. 30 do Estatuto da Universidade Federal de Santa Maria<\/a>, tendo vista o disposto na <a href=\"https:\/\/www.ufsm.br\/pro-reitorias\/proplan\/resolucao-ufsm-n-242-2025\" style=\"color: blue !important;text-decoration: underline !important\" data-elementor-preserved=\"true\">Resolu\u00e7\u00e3o UFSM n\u00b0 242, de 08 de dezembro de 2025<\/a>, e o que consta no Processo n\u00b0&nbsp;<a href=\"https:\/\/portal.ufsm.br\/documentos\/usuario\/processo\/documento.html?idDocumento=15630406\" style=\"color: blue !important;text-decoration: underline !important\" data-elementor-preserved=\"true\" title=\"https:\/\/portal.ufsm.br\/documentos\/usuario\/processo\/documento.html?idDocumento=15630406\">\r\n<a href=\"https:\/\/portal.ufsm.br\/documentos\/usuario\/processo\/documento.html?idDocumento=15685059\" style=\"color: blue !important;text-decoration: underline !important\" data-elementor-preserved=\"true\">23081.165338\/2025-15<\/a>\r\n<\/a>, resolve:<\/p>\r\n<p>&nbsp;<\/p>\r\n<p>Art. 1\u00b0&nbsp; Dispor sobre o fluxo, o formul\u00e1rio, a instru\u00e7\u00e3o processual e a periodicidade de fiscaliza\u00e7\u00e3o para a implementa\u00e7\u00e3o da exce\u00e7\u00e3o prevista na <a href=\"https:\/\/www.ufsm.br\/pro-reitorias\/proplan\/resolucao-ufsm-n-242-2025\" style=\"color: blue !important;text-decoration: underline !important\" data-elementor-preserved=\"true\">Resolu\u00e7\u00e3o UFSM n\u00ba 242\/2025<\/a>, relativa \u00e0 comercializa\u00e7\u00e3o e ao consumo de bebidas alco\u00f3licas em restaurantes, lancherias e cafeterias instalados em im\u00f3veis da UFSM.<\/p>\r\n<p>Art. 2\u00b0 Para fins desta Instru\u00e7\u00e3o Normativa, entende-se por:<\/p>\r\n<p>I \u2013 Demandante: respons\u00e1vel pelo restaurante\/lancheria\/cafeteria instalado em im\u00f3vel da UFSM, com interesse na aplica\u00e7\u00e3o da exce\u00e7\u00e3o;<\/p>\r\n<p>II \u2013 CSG: Coordenadoria de Servi\u00e7os Gerais;<\/p>\r\n<p>III \u2013 Gestor do contrato: servidor designado como gestor&nbsp;do contrato\/termo que vincula o estabelecimento \u00e0 UFSM;<\/p>\r\n<p>IV \u2013 Unidade respons\u00e1vel pelo im\u00f3vel: unidade competente pela gest\u00e3o do pr\u00e9dio\/m\u00f3dulo onde o estabelecimento opera.<\/p>\r\n<p>&nbsp;<\/p>\r\n<p>CAP\u00cdTULO I<\/p>\r\n<p>DO REQUERIMENTO E DA INSTRU\u00c7\u00c3O DO PEDIDO<\/p>\r\n<p>Art. 3\u00b0 O demandante dever\u00e1 manifestar interesse mediante e-mail para csg@ufsm.br, encaminhando:<\/p>\r\n<p>I \u2013 Formul\u00e1rio de Requerimento (Anexo I), integralmente preenchido e assinado;<\/p>\r\n<p>II \u2013 Termo de Responsabilidade do Gestor do Estabelecimento (Anexo II), assinado.<\/p>\r\n<p>\u00a7 1\u00b0 O requerimento dever\u00e1 ser apresentado com anteced\u00eancia m\u00ednima de 15 (quinze) dias do in\u00edcio pretendido, salvo justificativa aceita pelo gestor do contrato.<\/p>\r\n<p>\u00a7 2\u00b0 A indica\u00e7\u00e3o de hor\u00e1rios no formul\u00e1rio dever\u00e1 respeitar, estritamente, os limites previstos na <a href=\"https:\/\/www.ufsm.br\/pro-reitorias\/proplan\/resolucao-ufsm-n-242-2025\" style=\"color: blue !important;text-decoration: underline !important\" data-elementor-preserved=\"true\">Resolu\u00e7\u00e3o UFSM n\u00ba 242\/2025<\/a>.<\/p>\r\n<p>&nbsp;<\/p>\r\n<p>CAP\u00cdTULO II<\/p>\r\n<p>DO FLUXO PROCESSUAL E DAS COMPET\u00caNCIAS<\/p>\r\n<p>Art. 4\u00b0 Recebido o e-mail com a documenta\u00e7\u00e3o, a CSG dever\u00e1:<\/p>\r\n<p>I \u2013 proceder \u00e0 confer\u00eancia formal do preenchimento do Anexo I; <\/p>\r\n<p>II \u2013 instaurar processo eletr\u00f4nico do tipo PEN, autuando e anexando a documenta\u00e7\u00e3o recebida;<\/p>\r\n<p>III \u2013 encaminhar o processo ao gestor do contrato do respectivo instrumento.<\/p>\r\n<p>Art. 5\u00b0 Compete ao gestor do contrato, no processo PEN:<\/p>\r\n<p>I \u2013 verificar a ader\u00eancia do pedido aos requisitos da <a href=\"https:\/\/www.ufsm.br\/pro-reitorias\/proplan\/resolucao-ufsm-n-242-2025\" style=\"color: blue !important;text-decoration: underline !important\" data-elementor-preserved=\"true\">Resolu\u00e7\u00e3o UFSM n\u00ba 242\/2025<\/a> e desta IN;<\/p>\r\n<p>II \u2013 encaminhar o processo \u00e0 unidade respons\u00e1vel pelo im\u00f3vel para emiss\u00e3o de Declara\u00e7\u00e3o de Inexist\u00eancia de Atividades de Ensino no per\u00edodo requerido, conforme Anexo III;<\/p>\r\n<p>III \u2013 realizar dilig\u00eancias para saneamento documental, quando necess\u00e1rio;<\/p>\r\n<p>IV \u2013 emitir manifesta\u00e7\u00e3o conclusiva e encaminhar o processo ao(\u00e0) Pr\u00f3-Reitor(a) de Administra\u00e7\u00e3o (PRA) para concord\u00e2ncia.<\/p>\r\n<p>Art. 6\u00b0 Compete \u00e0 unidade respons\u00e1vel pelo im\u00f3vel:<\/p>\r\n<p>I \u2013 analisar o per\u00edodo solicitado e declarar que n\u00e3o haver\u00e1 atividades de ensino nos hor\u00e1rios requeridos, por meio do Anexo III, assinado pela autoridade competente;<\/p>\r\n<p>II \u2013 comunicar imediatamente ao gestor do contrato eventual altera\u00e7\u00e3o superveniente que inviabilize a manuten\u00e7\u00e3o da declara\u00e7\u00e3o.<\/p>\r\n<p>Art. 7\u00b0 Compete ao(\u00e0) Pr\u00f3-Reitor(a) de Administra\u00e7\u00e3o:<\/p>\r\n<p>I \u2013 emitir concord\u00e2ncia para funcionamento nos termos da <a href=\"https:\/\/www.ufsm.br\/pro-reitorias\/proplan\/resolucao-ufsm-n-242-2025\" style=\"color: blue !important;text-decoration: underline !important\" data-elementor-preserved=\"true\">Resolu\u00e7\u00e3o UFSM n\u00ba 242\/2025<\/a>, com base na instru\u00e7\u00e3o do processo e na manifesta\u00e7\u00e3o do gestor do contrato;<\/p>\r\n<p>II \u2013 determinar dilig\u00eancias, quando necess\u00e1rias, sem amplia\u00e7\u00e3o de hor\u00e1rios ou hip\u00f3teses al\u00e9m do previsto na Resolu\u00e7\u00e3o.<\/p>\r\n<p>&nbsp;<\/p>\r\n<p>CAP\u00cdTULO III<\/p>\r\n<p>DA FISCALIZA\u00c7\u00c3O E DA PERIODICIDADE<\/p>\r\n<p>Art. 8\u00b0 A fiscaliza\u00e7\u00e3o e as verifica\u00e7\u00f5es necess\u00e1rias ser\u00e3o realizadas pelo gestor do contrato, nos termos da <a href=\"https:\/\/www.ufsm.br\/pro-reitorias\/proplan\/resolucao-ufsm-n-242-2025\" style=\"color: blue !important;text-decoration: underline !important\" data-elementor-preserved=\"true\">Resolu\u00e7\u00e3o UFSM n\u00ba 242\/2025<\/a>.<\/p>\r\n<p>Art. 9\u00b0 Fica estabelecida a seguinte periodicidade m\u00ednima de fiscaliza\u00e7\u00e3o:<\/p>\r\n<p>I \u2013 fiscaliza\u00e7\u00e3o ordin\u00e1ria semestral, com registro no processo PEN ou em relat\u00f3rio pr\u00f3prio do contrato;<\/p>\r\n<p>II \u2013 fiscaliza\u00e7\u00e3o extraordin\u00e1ria a qualquer tempo, especialmente diante de den\u00fancias, registros de ocorr\u00eancia ou ind\u00edcios de descumprimento.<\/p>\r\n<p>Art. 10. Para fins de rastreabilidade e auditoria, o estabelecimento dever\u00e1 manter, dispon\u00edvel ao gestor do contrato, pelo prazo m\u00ednimo de 12 (doze) meses, registros internos pertinentes (ocorr\u00eancias, evid\u00eancias de treinamento, sinaliza\u00e7\u00e3o e controles).<\/p>\r\n<p>&nbsp;<\/p>\r\n<p>CAP\u00cdTULO IV<\/p>\r\n<p>DAS DISPOSI\u00c7\u00d5ES FINAIS<\/p>\r\n<p>Art. 11. A aus\u00eancia dos Anexos I, II, e III impedir\u00e1 a conclus\u00e3o do processo, salvo dilig\u00eancia com prazo concedido pelo gestor do contrato.<\/p>\r\n<p>Art. 12. A concord\u00e2ncia administrativa emitida para fins de aplica\u00e7\u00e3o da exce\u00e7\u00e3o prevista na <a href=\"https:\/\/www.ufsm.br\/pro-reitorias\/proplan\/resolucao-ufsm-n-242-2025\" style=\"color: blue !important;text-decoration: underline !important\" data-elementor-preserved=\"true\">Resolu\u00e7\u00e3o UFSM n\u00ba 242\/2025<\/a> possui natureza prec\u00e1ria, podendo ser suspensa ou revogada a qualquer tempo, mediante decis\u00e3o motivada, em caso de descumprimento das condi\u00e7\u00f5es estabelecidas na Resolu\u00e7\u00e3o e nesta Instru\u00e7\u00e3o Normativa. <\/p>\r\n<p>Art. 13. O descumprimento de quaisquer disposi\u00e7\u00f5es da <a href=\"https:\/\/www.ufsm.br\/pro-reitorias\/proplan\/resolucao-ufsm-n-242-2025\" style=\"color: blue !important;text-decoration: underline !important\" data-elementor-preserved=\"true\">Resolu\u00e7\u00e3o UFSM n\u00ba 242\/2025<\/a> ou desta Instru\u00e7\u00e3o Normativa:<\/p>\r\n<p>I \u2013 ensejar\u00e1 a comunica\u00e7\u00e3o imediata ao gestor ou fiscal do contrato ou termo de permiss\u00e3o, para fins de instaura\u00e7\u00e3o de processo administrativo por descumprimento contratual; <\/p>\r\n<p>II \u2013 poder\u00e1 implicar a suspens\u00e3o cautelar da aplica\u00e7\u00e3o da exce\u00e7\u00e3o, at\u00e9 a apura\u00e7\u00e3o e\/ou regulariza\u00e7\u00e3o, quando presente risco \u00e0 seguran\u00e7a, \u00e0 ordem acad\u00eamica ou \u00e0 fiel execu\u00e7\u00e3o do contrato;<\/p>\r\n<p>III \u2013 importar\u00e1 na responsabiliza\u00e7\u00e3o do estabelecimento, nos termos e condi\u00e7\u00f5es pactuados no instrumento contratual\/termo de permiss\u00e3o, sem preju\u00edzo das demais medidas administrativas cab\u00edveis. <\/p>\r\n<p>IV \u2013 no caso de comercializa\u00e7\u00e3o, fornecimento, entrega ou disponibiliza\u00e7\u00e3o de bebida alco\u00f3lica a menores de 18 (dezoito) anos, ensejar\u00e1, al\u00e9m das provid\u00eancias previstas nos incisos I a III, a ado\u00e7\u00e3o imediata de medidas para cessa\u00e7\u00e3o da irregularidade e a comunica\u00e7\u00e3o \u00e0s inst\u00e2ncias competentes para as provid\u00eancias legais cab\u00edveis, nos termos da legisla\u00e7\u00e3o vigente.<\/p>\r\n<p>Art. 14. As den\u00fancias de poss\u00edvel viola\u00e7\u00e3o da <a href=\"https:\/\/www.ufsm.br\/pro-reitorias\/proplan\/resolucao-ufsm-n-242-2025\" style=\"color: blue !important;text-decoration: underline !important\" data-elementor-preserved=\"true\">Resolu\u00e7\u00e3o UFSM n\u00ba 242\/2025<\/a> ser\u00e3o recebidas pela Ouvidoria Geral da UFSM, com o encaminhamento pertinente \u00e0s inst\u00e2ncias competentes, sem preju\u00edzo das provid\u00eancias de fiscaliza\u00e7\u00e3o previstas nesta Instru\u00e7\u00e3o Normativa.<\/p>\r\n<p>Art. 15. Esta Instru\u00e7\u00e3o Normativa entra em vigor na data de sua publica\u00e7\u00e3o.<\/p>\r\n<p>Art. 16.&nbsp; A inobserv\u00e2ncia ao disposto nesta Instru\u00e7\u00e3o Normativa n\u00e3o constitui escusa v\u00e1lida para o descumprimento da norma nem resulta em sua invalidade.<\/p>\r\n<p>Art. 17.&nbsp; Esta Instru\u00e7\u00e3o Normativa entra em vigor na data de sua publica\u00e7\u00e3o, de acordo com o que prev\u00ea o&nbsp;<a href=\"https:\/\/www.planalto.gov.br\/ccivil_03\/_ato2023-2026\/2024\/decreto\/d12002.htm\" style=\"color: blue !important;text-decoration: underline !important\" data-elementor-preserved=\"true\">Decreto n\u00b0 12.002, de 22 de abril de 2024, art. 18, inciso IV.&nbsp; &nbsp;<\/a>\r\n<\/p>\r\n<p>\r\n<\/p>\r\n<p style=\"text-align: right\">Luciano Schuch<\/p>\r\n<p style=\"text-align: right\">&nbsp;&nbsp;&nbsp;&nbsp;&nbsp;&nbsp;&nbsp;&nbsp;&nbsp; Reitor<\/p>\r\n<p>&nbsp;<span style=\"color: red\">Este texto n\u00e3o substitui o documento original, publicado no Portal de Documentos.<\/span> Dispon\u00edvel em <a href=\"https:\/\/portal.ufsm.br\/documentos\/publico\/documento.html?id=15685858\" style=\"color: blue !important;text-decoration: underline !important\" data-elementor-preserved=\"true\">https:\/\/portal.ufsm.br\/documentos\/publico\/documento.html?id=15685858<\/a>\r\n<\/p>\r\n<!--EndFragment-->\r\n<div class=\"normal-text\" style=\"text-align: center\">\r\n<\/div>\r\n<div class=\"normal-text\" style=\"text-align: center\">\r\n<\/div>\r\n<\/font><\/div>\t\t<\/div>\n\t\t\t\t<\/div>\n\t\t\t\t\t<\/div>\n\t\t<\/div>\n\t\t\t\t\t<\/div>\n\t\t<\/section>\n\t\t\t\t<\/div>\n\t\t","protected":false},"excerpt":{"rendered":"<p>MINIST\u00c9RIO DA EDUCA\u00c7\u00c3O UNIVERSIDADE FEDERAL DE SANTA MARIA INSTRU\u00c7\u00c3O NORMATIVA UFSM N\u00b0 014, DE 18 DE DEZEMBRO DE 2025 &nbsp; Disp\u00f5e sobre o fluxo, o formul\u00e1rio, a instru\u00e7\u00e3o processual e a periodicidade de fiscaliza\u00e7\u00e3o para a implementa\u00e7\u00e3o da exce\u00e7\u00e3o prevista na Resolu\u00e7\u00e3o UFSM n\u00ba 242\/2025, relativa \u00e0 comercializa\u00e7\u00e3o e ao consumo de bebidas alco\u00f3licas em [&hellip;]<\/p>\n","protected":false},"author":8863,"featured_media":0,"parent":0,"menu_order":0,"comment_status":"closed","ping_status":"closed","template":"","meta":{"footnotes":""},"categories":[],"tags":[],"class_list":["post-7129","page","type-page","status-publish","hentry"],"acf":[],"_links":{"self":[{"href":"https:\/\/www.ufsm.br\/pro-reitorias\/proplan\/wp-json\/wp\/v2\/pages\/7129","targetHints":{"allow":["GET"]}}],"collection":[{"href":"https:\/\/www.ufsm.br\/pro-reitorias\/proplan\/wp-json\/wp\/v2\/pages"}],"about":[{"href":"https:\/\/www.ufsm.br\/pro-reitorias\/proplan\/wp-json\/wp\/v2\/types\/page"}],"author":[{"embeddable":true,"href":"https:\/\/www.ufsm.br\/pro-reitorias\/proplan\/wp-json\/wp\/v2\/users\/8863"}],"replies":[{"embeddable":true,"href":"https:\/\/www.ufsm.br\/pro-reitorias\/proplan\/wp-json\/wp\/v2\/comments?post=7129"}],"version-history":[{"count":0,"href":"https:\/\/www.ufsm.br\/pro-reitorias\/proplan\/wp-json\/wp\/v2\/pages\/7129\/revisions"}],"wp:attachment":[{"href":"https:\/\/www.ufsm.br\/pro-reitorias\/proplan\/wp-json\/wp\/v2\/media?parent=7129"}],"wp:term":[{"taxonomy":"category","embeddable":true,"href":"https:\/\/www.ufsm.br\/pro-reitorias\/proplan\/wp-json\/wp\/v2\/categories?post=7129"},{"taxonomy":"post_tag","embeddable":true,"href":"https:\/\/www.ufsm.br\/pro-reitorias\/proplan\/wp-json\/wp\/v2\/tags?post=7129"}],"curies":[{"name":"wp","href":"https:\/\/api.w.org\/{rel}","templated":true}]}}