{"id":7131,"date":"2025-12-19T11:09:47","date_gmt":"2025-12-19T14:09:47","guid":{"rendered":"https:\/\/www.ufsm.br\/pro-reitorias\/proplan\/?page_id=7131"},"modified":"2025-12-19T11:11:23","modified_gmt":"2025-12-19T14:11:23","slug":"instrucao-normativa-ufsm-n-014-2025-anexo-i","status":"publish","type":"page","link":"https:\/\/www.ufsm.br\/pro-reitorias\/proplan\/instrucao-normativa-ufsm-n-014-2025-anexo-i","title":{"rendered":"INSTRU\u00c7\u00c3O NORMATIVA UFSM N\u00b0 014\/2025 &#8211; ANEXO I"},"content":{"rendered":"\t\t<div data-elementor-type=\"wp-page\" data-elementor-id=\"7131\" class=\"elementor elementor-7131\">\n\t\t\t\t\t\t<section class=\"elementor-section elementor-top-section elementor-element elementor-element-5eccc38 elementor-section-boxed elementor-section-height-default elementor-section-height-default\" data-id=\"5eccc38\" data-element_type=\"section\">\n\t\t\t\t\t\t<div class=\"elementor-container elementor-column-gap-default\">\n\t\t\t\t\t<div class=\"elementor-column elementor-col-100 elementor-top-column elementor-element elementor-element-01e9b45\" data-id=\"01e9b45\" data-element_type=\"column\">\n\t\t\t<div class=\"elementor-widget-wrap elementor-element-populated\">\n\t\t\t\t\t\t<div class=\"elementor-element elementor-element-9e69d89 elementor-widget elementor-widget-html\" data-id=\"9e69d89\" data-element_type=\"widget\" data-widget_type=\"html.default\">\n\t\t\t\t<div class=\"elementor-widget-container\">\n\t\t\t<br><div align=\"justify\"><font color=\"black\">\r\n<br>\r\n<div align=\"justify\">\r\n<font color=\"black\">\r\n<div align=\"center\">\r\n<img decoding=\"async\" src=\"https:\/\/www.ufsm.br\/pro-reitorias\/proplan\/wp-content\/uploads\/sites\/344\/2019\/09\/brasao-da-republica-do-brasil-logo.png\" alt=\"Bras\u00e3o Rep\u00fablica Federativa do Brasil\" width=\"6%\" height=\"6%\" style=\"text-align: justify\">\r\n<\/div>\r\n<h4 style=\"text-align: justify\">\r\n<font color=\"blue\">\r\n<font size=\"5\">\r\n<\/font>\r\n<\/font>\r\n<div align=\"center\">\r\n<font color=\"blue\" style=\"text-align: justify\">\r\n<font size=\"5\">MINIST\u00c9RIO DA EDUCA\u00c7\u00c3O<\/font>\r\n<\/font>\r\n<\/div>\r\n<\/h4>\r\n<p>\r\n<b>\r\n<font color=\"0000blue\">\r\n<\/font>\r\n<\/b>\r\n<\/p>\r\n<div align=\"center\">\r\n<b style=\"text-align: justify\">\r\n<font color=\"0000blue\">UNIVERSIDADE FEDERAL DE SANTA MARIA<\/font>\r\n<\/b>\r\n<\/div>\r\n<p>\r\n<\/p>\r\n<!--StartFragment-->\r\n<p style=\"text-align: center\">\r\n<b>\r\n<a href=\"https:\/\/portal.ufsm.br\/documentos\/publico\/documento.html?idDocumento=15630283\" style=\"color: blue !important;text-decoration: underline !important\" data-elementor-preserved=\"true\" title=\"https:\/\/portal.ufsm.br\/documentos\/publico\/documento.html?idDocumento=15630283\">\r\n<\/a>\r\n<a href=\"https:\/\/portal.ufsm.br\/documentos\/publico\/documento.html?id=15685879\" style=\"color: blue !important;text-decoration: underline !important\" data-elementor-preserved=\"true\">INSTRU\u00c7\u00c3O NORMATIVA UFSM N\u00b0 014\/2025 - ANEXO I<\/a>\r\n<\/b>\r\n\r\n<\/p>\r\n<p style=\"text-align: center\">FORMUL\u00c1RIO DE REQUERIMENTO<\/p>\r\n<p>\r\n<b>1. Identifica\u00e7\u00e3o do estabelecimento<\/b>\r\n<\/p>\r\n<ul>\r\n<li>\r\n<p>Nome do estabelecimento (fantasia): _______________________________________<\/p>\r\n<\/li>\r\n<li>\r\n<p>Raz\u00e3o social (se aplic\u00e1vel): ______________________________________________<\/p>\r\n<\/li>\r\n<li>\r\n<p>CNPJ (se aplic\u00e1vel): _____________________________________________________<\/p>\r\n<\/li>\r\n<li>\r\n<p>Tipo: ( ) Restaurante ( ) Lancheria ( ) Cafeteria<\/p>\r\n<\/li>\r\n<li>\r\n<p>Instrumento de v\u00ednculo com a UFSM: ( ) Contrato ( ) Termo de permiss\u00e3o\/uso<br>&nbsp;N\u00ba\/Refer\u00eancia: ____________________________ Data: ___________<\/p>\r\n<\/li>\r\n<\/ul>\r\n<p>\r\n<b>2. Local de opera\u00e7\u00e3o na UFSM<\/b>\r\n<\/p>\r\n<ul>\r\n<li>\r\n<p>Campus: ____________________________<\/p>\r\n<\/li>\r\n<li>\r\n<p>Pr\u00e9dio\/M\u00f3dulo: ______________________ Sala\/\u00e1rea: ________________________<\/p>\r\n<\/li>\r\n<li>\r\n<p>Unidade respons\u00e1vel pelo im\u00f3vel: _________________________________________<\/p>\r\n<\/li>\r\n<\/ul>\r\n<p>\r\n<b>3. Respons\u00e1vel pelo estabelecimento<\/b>\r\n<\/p>\r\n<ul>\r\n<li>\r\n<p>Nome: _________________________________________________________________<\/p>\r\n<\/li>\r\n<li>\r\n<p>CPF: ___________________________ Telefone: _____________________________<\/p>\r\n<\/li>\r\n<li>\r\n<p>E-mail: ________________________________________________________________<\/p>\r\n<\/li>\r\n<\/ul>\r\n<p>\r\n<b>4. Escopo pretendido (respeitando a <a href=\"https:\/\/www.ufsm.br\/pro-reitorias\/proplan\/resolucao-ufsm-n-242-2025\" style=\"color: blue !important;text-decoration: underline !important\" data-elementor-preserved=\"true\">Resolu\u00e7\u00e3o UFSM n\u00ba 242\/2025<\/a>)<\/b>\r\n<\/p>\r\n<ul>\r\n<li>\r\n<p>( ) Segunda a sexta-feira: das <b>19h<\/b> \u00e0s <b>22h<\/b>\r\n<\/p>\r\n<\/li>\r\n<li>\r\n<p>( ) S\u00e1bados e domingos: das <b>11h<\/b> \u00e0s <b>23h<\/b>\r\n<\/p>\r\n<\/li>\r\n<li>\r\n<p>Observa\u00e7\u00f5es (se necess\u00e1rio): _____________________________________________<\/p>\r\n<\/li>\r\n<\/ul>\r\n<p>\r\n<b>5. <\/b>&nbsp;&nbsp;&nbsp;&nbsp;<b>Compromissos de conformidade (assinalar ci\u00eancia e compromisso)<\/b>\r\n<\/p>\r\n<p>( ) Consumo estritamente interno \u00e0s depend\u00eancias do estabelecimento, vedado em espa\u00e7os comuns.<br>&nbsp;( ) Proibi\u00e7\u00e3o de venda para menores de 18 anos, com verifica\u00e7\u00e3o documental.<br>&nbsp;( ) Pol\u00edtica de servi\u00e7o respons\u00e1vel (comunica\u00e7\u00e3o de consumo moderado e veda\u00e7\u00e3o a promo\u00e7\u00f5es que estimulem abuso).<br>&nbsp;( ) Equipe orientada\/treinada, sinaliza\u00e7\u00e3o no ponto de venda e registro de ocorr\u00eancias para fins de fiscaliza\u00e7\u00e3o.<\/p>\r\n<p>\r\n<b>6. Documentos anexados ao e-mail (obrigat\u00f3rios)<\/b>\r\n<br>&nbsp;( ) <b>Termo de Responsabilidade (Anexo II)<\/b>\r\n<\/p>\r\n<p>Local e data: ________________<br>&nbsp;Assinatura do respons\u00e1vel: _________________________________________________<\/p>\r\n<p>\r\n<span style=\"color: red\">Este texto n\u00e3o substitui o documento original, publicado no Portal de Documentos.<\/span> Dispon\u00edvel em <a href=\"https:\/\/portal.ufsm.br\/documentos\/publico\/documento.html?id=15685879\" style=\"color: blue !important;text-decoration: underline !important\" data-elementor-preserved=\"true\">https:\/\/portal.ufsm.br\/documentos\/publico\/documento.html?id=15685879<\/a>\r\n<\/p>\r\n<div>\r\n<\/div>\r\n<div>\r\n<\/div>\r\n<p>\r\n<\/p>\r\n<!--EndFragment-->\r\n<div>\r\n<\/div>\r\n<div>\r\n<\/div>\r\n<\/font>\r\n<\/div>\r\n<\/font><\/div>\t\t<\/div>\n\t\t\t\t<\/div>\n\t\t\t\t\t<\/div>\n\t\t<\/div>\n\t\t\t\t\t<\/div>\n\t\t<\/section>\n\t\t\t\t<\/div>\n\t\t","protected":false},"excerpt":{"rendered":"<p>MINIST\u00c9RIO DA EDUCA\u00c7\u00c3O UNIVERSIDADE FEDERAL DE SANTA MARIA INSTRU\u00c7\u00c3O NORMATIVA UFSM N\u00b0 014\/2025 &#8211; ANEXO I FORMUL\u00c1RIO DE REQUERIMENTO 1. Identifica\u00e7\u00e3o do estabelecimento Nome do estabelecimento (fantasia): _______________________________________ Raz\u00e3o social (se aplic\u00e1vel): ______________________________________________ CNPJ (se aplic\u00e1vel): _____________________________________________________ Tipo: ( ) Restaurante ( ) Lancheria ( ) Cafeteria Instrumento de v\u00ednculo com a UFSM: ( ) [&hellip;]<\/p>\n","protected":false},"author":8863,"featured_media":0,"parent":0,"menu_order":0,"comment_status":"closed","ping_status":"closed","template":"","meta":{"footnotes":""},"categories":[],"tags":[],"class_list":["post-7131","page","type-page","status-publish","hentry"],"acf":[],"_links":{"self":[{"href":"https:\/\/www.ufsm.br\/pro-reitorias\/proplan\/wp-json\/wp\/v2\/pages\/7131","targetHints":{"allow":["GET"]}}],"collection":[{"href":"https:\/\/www.ufsm.br\/pro-reitorias\/proplan\/wp-json\/wp\/v2\/pages"}],"about":[{"href":"https:\/\/www.ufsm.br\/pro-reitorias\/proplan\/wp-json\/wp\/v2\/types\/page"}],"author":[{"embeddable":true,"href":"https:\/\/www.ufsm.br\/pro-reitorias\/proplan\/wp-json\/wp\/v2\/users\/8863"}],"replies":[{"embeddable":true,"href":"https:\/\/www.ufsm.br\/pro-reitorias\/proplan\/wp-json\/wp\/v2\/comments?post=7131"}],"version-history":[{"count":0,"href":"https:\/\/www.ufsm.br\/pro-reitorias\/proplan\/wp-json\/wp\/v2\/pages\/7131\/revisions"}],"wp:attachment":[{"href":"https:\/\/www.ufsm.br\/pro-reitorias\/proplan\/wp-json\/wp\/v2\/media?parent=7131"}],"wp:term":[{"taxonomy":"category","embeddable":true,"href":"https:\/\/www.ufsm.br\/pro-reitorias\/proplan\/wp-json\/wp\/v2\/categories?post=7131"},{"taxonomy":"post_tag","embeddable":true,"href":"https:\/\/www.ufsm.br\/pro-reitorias\/proplan\/wp-json\/wp\/v2\/tags?post=7131"}],"curies":[{"name":"wp","href":"https:\/\/api.w.org\/{rel}","templated":true}]}}