{"id":7134,"date":"2025-12-19T11:14:04","date_gmt":"2025-12-19T14:14:04","guid":{"rendered":"https:\/\/www.ufsm.br\/pro-reitorias\/proplan\/?page_id=7134"},"modified":"2025-12-19T11:15:37","modified_gmt":"2025-12-19T14:15:37","slug":"instrucao-normativa-ufsm-n-014-2025-anexo-iii","status":"publish","type":"page","link":"https:\/\/www.ufsm.br\/pro-reitorias\/proplan\/instrucao-normativa-ufsm-n-014-2025-anexo-iii","title":{"rendered":"INSTRU\u00c7\u00c3O NORMATIVA UFSM N\u00b0 014\/2025 &#8211; ANEXO III"},"content":{"rendered":"\t\t<div data-elementor-type=\"wp-page\" data-elementor-id=\"7134\" class=\"elementor elementor-7134\">\n\t\t\t\t\t\t<section class=\"elementor-section elementor-top-section elementor-element elementor-element-28564cd elementor-section-boxed elementor-section-height-default elementor-section-height-default\" data-id=\"28564cd\" data-element_type=\"section\">\n\t\t\t\t\t\t<div class=\"elementor-container elementor-column-gap-default\">\n\t\t\t\t\t<div class=\"elementor-column elementor-col-100 elementor-top-column elementor-element elementor-element-dac0178\" data-id=\"dac0178\" data-element_type=\"column\">\n\t\t\t<div class=\"elementor-widget-wrap elementor-element-populated\">\n\t\t\t\t\t\t<div class=\"elementor-element elementor-element-caffb1b elementor-widget elementor-widget-html\" data-id=\"caffb1b\" data-element_type=\"widget\" data-widget_type=\"html.default\">\n\t\t\t\t<div class=\"elementor-widget-container\">\n\t\t\t<br><div align=\"justify\"><font color=\"black\">\r\n<br>\r\n<div align=\"justify\">\r\n<font color=\"black\">\r\n<div align=\"center\">\r\n<img decoding=\"async\" src=\"https:\/\/www.ufsm.br\/pro-reitorias\/proplan\/wp-content\/uploads\/sites\/344\/2019\/09\/brasao-da-republica-do-brasil-logo.png\" alt=\"Bras\u00e3o Rep\u00fablica Federativa do Brasil\" width=\"6%\" height=\"6%\" style=\"text-align: justify\">\r\n<\/div>\r\n<h4 style=\"text-align: justify\">\r\n<font color=\"blue\">\r\n<font size=\"5\">\r\n<\/font>\r\n<\/font>\r\n<div align=\"center\">\r\n<font color=\"blue\" style=\"text-align: justify\">\r\n<font size=\"5\">MINIST\u00c9RIO DA EDUCA\u00c7\u00c3O<\/font>\r\n<\/font>\r\n<\/div>\r\n<\/h4>\r\n<p>\r\n<b>\r\n<font color=\"0000blue\">\r\n<\/font>\r\n<\/b>\r\n<\/p>\r\n<div align=\"center\">\r\n<b style=\"text-align: justify\">\r\n<font color=\"0000blue\">UNIVERSIDADE FEDERAL DE SANTA MARIA<\/font>\r\n<\/b>\r\n<\/div>\r\n<p>\r\n<\/p>\r\n<!--StartFragment-->\r\n<p style=\"text-align: center\">\r\n<b>\r\n<a href=\"https:\/\/portal.ufsm.br\/documentos\/publico\/documento.html?idDocumento=15630283\" style=\"color: blue !important;text-decoration: underline !important\" data-elementor-preserved=\"true\" title=\"https:\/\/portal.ufsm.br\/documentos\/publico\/documento.html?idDocumento=15630283\">\r\n<\/a>\r\n<a href=\"https:\/\/portal.ufsm.br\/documentos\/publico\/documento.html?id=15685914\" style=\"color: blue !important;text-decoration: underline !important\" data-elementor-preserved=\"true\">INSTRU\u00c7\u00c3O NORMATIVA UFSM N\u00b0 014\/2025 - ANEXO III<\/a>\r\n<\/b>\r\n<\/p>\r\n<p style=\"text-align: center\">DECLARA\u00c7\u00c3O DA UNIDADE RESPONS\u00c1VEL PELO IM\u00d3VEL<\/p>\r\n<p>&nbsp;<\/p>\r\n<p>A Unidade __________________________________________ (unidade respons\u00e1vel pelo im\u00f3vel), referente ao Pr\u00e9dio\/M\u00f3dulo __________________________________________, declara que <b>n\u00e3o haver\u00e1 atividades de ensino<\/b> (aulas, laborat\u00f3rios e equivalentes) nos per\u00edodos\/hor\u00e1rios abaixo, relativos ao funcionamento do estabelecimento __________________________________________:<\/p>\r\n<ul>\r\n<li>\r\n<p>Per\u00edodo(s)\/hor\u00e1rio(s): ____________________________________________________<\/p>\r\n<\/li>\r\n<li>\r\n<p>Vig\u00eancia desta declara\u00e7\u00e3o (se aplic\u00e1vel): de <b>\/<\/b>\/______ a <b>\/<\/b>\/______<\/p>\r\n<\/li>\r\n<\/ul>\r\n<p>Local e data: ________________<b>, \/\/<\/b>\r\n<br>&nbsp;Nome e cargo da autoridade competente: _____________________________________<br>&nbsp;Assinatura: _______________________________________________________________<\/p>\r\n<p>\r\n<span style=\"color: red\">Este texto n\u00e3o substitui o documento original, publicado no Portal de Documentos.<\/span> Dispon\u00edvel em <a href=\"https:\/\/portal.ufsm.br\/documentos\/publico\/documento.html?id=15685914\" style=\"color: blue !important;text-decoration: underline !important\" data-elementor-preserved=\"true\">https:\/\/portal.ufsm.br\/documentos\/publico\/documento.html?id=15685914<\/a>\r\n<\/p>\r\n<!--EndFragment-->\r\n<div>\r\n<\/div>\r\n<div>\r\n<\/div>\r\n<\/font>\r\n<\/div>\r\n<\/font><\/div>\t\t<\/div>\n\t\t\t\t<\/div>\n\t\t\t\t\t<\/div>\n\t\t<\/div>\n\t\t\t\t\t<\/div>\n\t\t<\/section>\n\t\t\t\t<\/div>\n\t\t","protected":false},"excerpt":{"rendered":"<p>MINIST\u00c9RIO DA EDUCA\u00c7\u00c3O UNIVERSIDADE FEDERAL DE SANTA MARIA INSTRU\u00c7\u00c3O NORMATIVA UFSM N\u00b0 014\/2025 &#8211; ANEXO III DECLARA\u00c7\u00c3O DA UNIDADE RESPONS\u00c1VEL PELO IM\u00d3VEL &nbsp; A Unidade __________________________________________ (unidade respons\u00e1vel pelo im\u00f3vel), referente ao Pr\u00e9dio\/M\u00f3dulo __________________________________________, declara que n\u00e3o haver\u00e1 atividades de ensino (aulas, laborat\u00f3rios e equivalentes) nos per\u00edodos\/hor\u00e1rios abaixo, relativos ao funcionamento do estabelecimento __________________________________________: Per\u00edodo(s)\/hor\u00e1rio(s): [&hellip;]<\/p>\n","protected":false},"author":8863,"featured_media":0,"parent":0,"menu_order":0,"comment_status":"closed","ping_status":"closed","template":"","meta":{"footnotes":""},"categories":[],"tags":[],"class_list":["post-7134","page","type-page","status-publish","hentry"],"acf":[],"_links":{"self":[{"href":"https:\/\/www.ufsm.br\/pro-reitorias\/proplan\/wp-json\/wp\/v2\/pages\/7134","targetHints":{"allow":["GET"]}}],"collection":[{"href":"https:\/\/www.ufsm.br\/pro-reitorias\/proplan\/wp-json\/wp\/v2\/pages"}],"about":[{"href":"https:\/\/www.ufsm.br\/pro-reitorias\/proplan\/wp-json\/wp\/v2\/types\/page"}],"author":[{"embeddable":true,"href":"https:\/\/www.ufsm.br\/pro-reitorias\/proplan\/wp-json\/wp\/v2\/users\/8863"}],"replies":[{"embeddable":true,"href":"https:\/\/www.ufsm.br\/pro-reitorias\/proplan\/wp-json\/wp\/v2\/comments?post=7134"}],"version-history":[{"count":0,"href":"https:\/\/www.ufsm.br\/pro-reitorias\/proplan\/wp-json\/wp\/v2\/pages\/7134\/revisions"}],"wp:attachment":[{"href":"https:\/\/www.ufsm.br\/pro-reitorias\/proplan\/wp-json\/wp\/v2\/media?parent=7134"}],"wp:term":[{"taxonomy":"category","embeddable":true,"href":"https:\/\/www.ufsm.br\/pro-reitorias\/proplan\/wp-json\/wp\/v2\/categories?post=7134"},{"taxonomy":"post_tag","embeddable":true,"href":"https:\/\/www.ufsm.br\/pro-reitorias\/proplan\/wp-json\/wp\/v2\/tags?post=7134"}],"curies":[{"name":"wp","href":"https:\/\/api.w.org\/{rel}","templated":true}]}}