{"id":7139,"date":"2025-12-22T10:27:29","date_gmt":"2025-12-22T13:27:29","guid":{"rendered":"https:\/\/www.ufsm.br\/pro-reitorias\/proplan\/?page_id=7139"},"modified":"2025-12-22T10:28:30","modified_gmt":"2025-12-22T13:28:30","slug":"portaria-normativa-ufsm-n-102-2025","status":"publish","type":"page","link":"https:\/\/www.ufsm.br\/pro-reitorias\/proplan\/portaria-normativa-ufsm-n-102-2025","title":{"rendered":"PORTARIA NORMATIVA UFSM N\u00b0\u00a0102\/2025"},"content":{"rendered":"\t\t<div data-elementor-type=\"wp-page\" data-elementor-id=\"7139\" class=\"elementor elementor-7139\">\n\t\t\t\t\t\t<section class=\"elementor-section elementor-top-section elementor-element elementor-element-614de34e elementor-section-boxed elementor-section-height-default elementor-section-height-default\" data-id=\"614de34e\" data-element_type=\"section\">\n\t\t\t\t\t\t<div class=\"elementor-container elementor-column-gap-default\">\n\t\t\t\t\t<div class=\"elementor-column elementor-col-100 elementor-top-column elementor-element elementor-element-41ba022c\" data-id=\"41ba022c\" data-element_type=\"column\">\n\t\t\t<div class=\"elementor-widget-wrap elementor-element-populated\">\n\t\t\t\t\t\t<div class=\"elementor-element elementor-element-5446f166 elementor-widget elementor-widget-text-editor\" data-id=\"5446f166\" data-element_type=\"widget\" data-widget_type=\"text-editor.default\">\n\t\t\t\t<div class=\"elementor-widget-container\">\n\t\t\t\t\t\t\t<!-- wp:tadv\/classic-paragraph \/-->\t\t\t\t\t\t<\/div>\n\t\t\t\t<\/div>\n\t\t\t\t\t<\/div>\n\t\t<\/div>\n\t\t\t\t\t<\/div>\n\t\t<\/section>\n\t\t\t\t<section class=\"elementor-section elementor-top-section elementor-element elementor-element-a71c165 elementor-section-boxed elementor-section-height-default elementor-section-height-default\" data-id=\"a71c165\" data-element_type=\"section\">\n\t\t\t\t\t\t<div class=\"elementor-container elementor-column-gap-default\">\n\t\t\t\t\t<div class=\"elementor-column elementor-col-100 elementor-top-column elementor-element elementor-element-816a741\" data-id=\"816a741\" data-element_type=\"column\">\n\t\t\t<div class=\"elementor-widget-wrap elementor-element-populated\">\n\t\t\t\t\t\t<div class=\"elementor-element elementor-element-891ad87 elementor-widget elementor-widget-html\" data-id=\"891ad87\" data-element_type=\"widget\" data-widget_type=\"html.default\">\n\t\t\t\t<div class=\"elementor-widget-container\">\n\t\t\t<br><div align=\"justify\"><font color=\"black\">\r\n<div align=\"center\">\r\n<img decoding=\"async\" src=\"https:\/\/www.ufsm.br\/pro-reitorias\/proplan\/wp-content\/uploads\/sites\/344\/2019\/09\/brasao-da-republica-do-brasil-logo.png\" alt=\"Bras\u00e3o Rep\u00fablica Federativa do Brasil\" width=\"6%\" height=\"6%\">\r\n<\/div>\r\n<h4>\r\n<font color=\"blue\">\r\n<font size=\"5\">\r\n<\/font>\r\n<\/font>\r\n<div align=\"center\">\r\n<font color=\"blue\">\r\n<font size=\"5\">MINIST\u00c9RIO DA EDUCA\u00c7\u00c3O<\/font>\r\n<\/font>\r\n<\/div>\r\n<\/h4>\r\n<p>\r\n<b>\r\n<font color=\"0000blue\">\r\n<\/font>\r\n<\/b>\r\n<\/p>\r\n<div align=\"center\">\r\n<b>\r\n<font color=\"0000blue\">UNIVERSIDADE FEDERAL DE SANTA MARIA<\/font>\r\n<\/b>\r\n<\/div>\r\n<p>\r\n<\/p>\r\n<!--StartFragment-->\r\n<p style=\"text-align: center\">\r\n<a href=\"https:\/\/portal.ufsm.br\/documentos\/publico\/documento.html?idDocumento=15687498#\" style=\"color: blue !important;text-decoration: underline !important\" data-elementor-preserved=\"true\">\r\n<b>PORTARIA NORMATIVA UFSM N\u00b0&nbsp;102, DE 19 DE DEZEMBRO DE 2025<\/b>\r\n<\/a>\r\n<\/p>\r\n<p>&nbsp;<\/p>\r\n<p>\r\n<\/p>\r\n    <div style=\"color: #800000;width: 60%;margin-left: auto;margin-right: 0;text-align: justify;font-weight: normal\">\r\n      Aprova a cria\u00e7\u00e3o do \u00f3rg\u00e3o colegiado denominado \u201cComiss\u00e3o para Implanta\u00e7\u00e3o do Observat\u00f3rio da Causa Animal\u201d (OCA\/UFSM), vinculado ao Gabinete do Reitor, na estrutura organizacional da Universidade Federal de Santa Maria (UFSM).\r\n\r\n&nbsp;\r\n    <\/div>\r\n<div style=\"color: #800000;width: 60%;margin-left: auto;margin-right: 0;text-align: justify;font-weight: normal\">\r\n<br>\r\n<\/div>\r\n<p>\r\n<\/p>\r\n<p>O REITOR DA UNIVERSIDADE FEDERAL DE SANTA MARIA, no uso de suas atribui\u00e7\u00f5es legais que lhe confere o <a href=\"https:\/\/www.ufsm.br\/pro-reitorias\/proplan\/estatuto-ufsm-2010\" style=\"color: blue !important;text-decoration: underline !important\" data-elementor-preserved=\"true\">art. 30 do Estatuto da Universidade Federal de Santa Maria<\/a> com as adequa\u00e7\u00f5es aprovadas pela <a href=\"https:\/\/www.ufsm.br\/pro-reitorias\/proplan\/resolucao-n-037-2010\" style=\"color: blue !important;text-decoration: underline !important\" data-elementor-preserved=\"true\">Resolu\u00e7\u00e3o UFSM n\u00b0 037, de 30 de novembro de 2010<\/a>, aprovado pela Portaria n\u00b0 156, de 12 de mar\u00e7o de 2014, e publicado no Di\u00e1rio Oficial da Uni\u00e3o em 13 de mar\u00e7o de 2014, tendo em vista o&nbsp;Processo n\u00b0 <a href=\"https:\/\/portal.ufsm.br\/documentos\/usuario\/processo\/documento.html?idDocumento=15683334\" style=\"color: blue !important;text-decoration: underline !important\" data-elementor-preserved=\"true\">23081.164521\/2025-01<\/a>, resolve:<\/p>\r\n<p>&nbsp;<\/p>\r\n<p>Art. 1\u00b0&nbsp; Aprovar a cria\u00e7\u00e3o do \u00f3rg\u00e3o colegiado denominado \u201cComiss\u00e3o para Implanta\u00e7\u00e3o do Observat\u00f3rio da Causa Animal\u201d (OCA\/UFSM), vinculado ao Gabinete do Reitor, na estrutura organizacional da Universidade Federal de Santa Maria (UFSM).<\/p>\r\n<p>\u00a7 1\u00b0&nbsp; A Comiss\u00e3o para Implanta\u00e7\u00e3o do Observat\u00f3rio da Causa Animal (OCA\/UFSM), \u00f3rg\u00e3o colegiado de car\u00e1ter consultivo, tem por finalidade subsidiar a cria\u00e7\u00e3o e a implanta\u00e7\u00e3o do Observat\u00f3rio, por meio do mapeamento de iniciativas e demandas, da proposi\u00e7\u00e3o do desenho institucional e da elabora\u00e7\u00e3o de diretrizes e recomenda\u00e7\u00f5es \u00e0 Administra\u00e7\u00e3o Superior, visando ao fortalecimento das a\u00e7\u00f5es de prote\u00e7\u00e3o e bem-estar animal e \u00e0 promo\u00e7\u00e3o de uma conviv\u00eancia \u00e9tica e sustent\u00e1vel entre a comunidade universit\u00e1ria e os animais no \u00e2mbito da UFSM.<\/p>\r\n<p>&nbsp;\u00a7 2\u00b0&nbsp; A referida Comiss\u00e3o trata-se de \u00f3rg\u00e3o colegiado tempor\u00e1rio com prazo de dura\u00e7\u00e3o de 02 anos, com possibilidade de prorroga\u00e7\u00e3o de acordo com as necessidades.<\/p>\r\n<p>&nbsp;<\/p>\r\n<p>CAP\u00cdTULO I<\/p>\r\n<p>DAS COMPET\u00caNCIAS<\/p>\r\n<p>&nbsp;<\/p>\r\n<p>Art. 2\u00b0&nbsp; Caber\u00e1 \u00e0 Comiss\u00e3o para Implanta\u00e7\u00e3o do Observat\u00f3rio da Causa Animal (OCA\/UFSM):<\/p>\r\n<p>I - mapear as iniciativas, demandas, fluxos institucionais e estruturas existentes na UFSM relacionadas \u00e0 causa animal, identificando lacunas, sobreposi\u00e7\u00f5es e necessidades institucionais;<\/p>\r\n<p>II - propor o desenho institucional do Observat\u00f3rio da Causa Animal, incluindo sua miss\u00e3o, objetivos, modelo de governan\u00e7a, composi\u00e7\u00e3o, atribui\u00e7\u00f5es e formas de funcionamento;<\/p>\r\n<p>III - elaborar um plano de implanta\u00e7\u00e3o, contendo etapas, cronograma, requisitos normativos, infraestrutura necess\u00e1ria, recursos humanos e formas de articula\u00e7\u00e3o com unidades acad\u00eamicas e administrativas;<\/p>\r\n<p>IV - sistematizar boas pr\u00e1ticas de prote\u00e7\u00e3o, manejo e bem-estar animal existentes na UFSM e em outras institui\u00e7\u00f5es, subsidiando a futura atua\u00e7\u00e3o do Observat\u00f3rio;<\/p>\r\n<p>V - realizar consultas internas junto a unidades de ensino, \u00f3rg\u00e3os suplementares, projetos e coletivos vinculados \u00e0 tem\u00e1tica animal, visando assegurar ampla participa\u00e7\u00e3o na fase de implanta\u00e7\u00e3o;<\/p>\r\n<p>VI - propor diretrizes preliminares de atua\u00e7\u00e3o do Observat\u00f3rio, incluindo eixos tem\u00e1ticos priorit\u00e1rios, pol\u00edticas institucionais e mecanismos de monitoramento;<\/p>\r\n<p>VII - apresentar relat\u00f3rios t\u00e9cnicos e recomenda\u00e7\u00f5es \u00e0 Administra\u00e7\u00e3o Central, contendo an\u00e1lises, propostas e justificativas relativas \u00e0 cria\u00e7\u00e3o e funcionamento do Observat\u00f3rio;<\/p>\r\n<p>VIII - indicar necessidades normativas, sugerindo eventuais portarias, instru\u00e7\u00f5es normativas ou revis\u00f5es de procedimentos administrativos necess\u00e1rios \u00e0 institucionaliza\u00e7\u00e3o do Observat\u00f3rio;<\/p>\r\n<p>IX - acompanhar a fase inicial de implementa\u00e7\u00e3o, avaliando riscos, desafios e pontos de aten\u00e7\u00e3o, subsidiando a tomada de decis\u00e3o da Administra\u00e7\u00e3o Superior; e<\/p>\r\n<p>X - planejar estrat\u00e9gias de comunica\u00e7\u00e3o e engajamento, visando \u00e0 futura divulga\u00e7\u00e3o das a\u00e7\u00f5es do Observat\u00f3rio e \u00e0 promo\u00e7\u00e3o da conviv\u00eancia \u00e9tica entre comunidade universit\u00e1ria e animais.<\/p>\r\n<p>Art. 3\u00b0&nbsp; Compete ao(\u00e0) Presidente da Comiss\u00e3o para Implanta\u00e7\u00e3o do Observat\u00f3rio da Causa Animal (OCA\/UFSM):<\/p>\r\n<p>I - convocar e presidir as reuni\u00f5es;<\/p>\r\n<p>II - conduzir as discuss\u00f5es e encaminhar as delibera\u00e7\u00f5es do colegiado;<\/p>\r\n<p>III - representar a Comiss\u00e3o&nbsp; junto \u00e0s inst\u00e2ncias internas e externas da UFSM;<\/p>\r\n<p>IV - solicitar informa\u00e7\u00f5es e documentos necess\u00e1rios ao desempenho das atividades da Comiss\u00e3o; e<\/p>\r\n<p>V - designar relatorias e grupos de trabalho, quando necess\u00e1rio.<\/p>\r\n<p>Art. 4\u00b0&nbsp; Compete aos(\u00e0s) membros(as) da Comiss\u00e3o para Implanta\u00e7\u00e3o do Observat\u00f3rio da Causa Animal (OCA\/UFSM):<\/p>\r\n<p>I - participar das reuni\u00f5es ordin\u00e1rias e extraordin\u00e1rias;<\/p>\r\n<p>II - colaborar na elabora\u00e7\u00e3o de relat\u00f3rios, propostas, pareceres e recomenda\u00e7\u00f5es;<\/p>\r\n<p>III - representar seus respectivos segmentos e unidades, trazendo contribui\u00e7\u00f5es das \u00e1reas de atua\u00e7\u00e3o;<\/p>\r\n<p>IV - zelar pela integra\u00e7\u00e3o entre as iniciativas existentes na UFSM e a constitui\u00e7\u00e3o do Observat\u00f3rio; e<\/p>\r\n<p>V - contribuir para a difus\u00e3o de informa\u00e7\u00f5es e boas pr\u00e1ticas sobre a tem\u00e1tica animal na comunidade universit\u00e1ria.<\/p>\r\n<p>&nbsp;<\/p>\r\n<p>CAP\u00cdTULO II<\/p>\r\n<p>DA COMPOSI\u00c7\u00c3O E AUTORIDADE <\/p>\r\n<p>&nbsp;<\/p>\r\n<p>Art. 5\u00b0&nbsp; A Comiss\u00e3o para Implanta\u00e7\u00e3o do Observat\u00f3rio da Causa Animal (OCA\/UFSM) ser\u00e1 composta por membros(as) a serem designados(as) por portaria emitida pelo(a) Reitor(a) da UFSM, observada a seguinte composi\u00e7\u00e3o m\u00ednima:<\/p>\r\n<p>I - 1 (um\/uma) Presidente da Comiss\u00e3o Tempor\u00e1ria de Implanta\u00e7\u00e3o do Observat\u00f3rio, escolhido(a) dentre seus(uas) membros(as);<\/p>\r\n<p>II - 1 (um\/uma) representante de cada uma das seguintes Unidades de Ensino, e seus(uas) suplentes:<\/p>\r\n<p>a) CAL - Centro de Artes e Letras;<\/p>\r\n<p>b) CCNE - Centro de Ci\u00eancias Naturais e Exatas;<\/p>\r\n<p>c) CCR - Centro de Ci\u00eancias Rurais;<\/p>\r\n<p>d) CCS - Centro de Ci\u00eancias da Sa\u00fade;<\/p>\r\n<p>e) CCSH - Centro de Ci\u00eancias Sociais e Humanas;<\/p>\r\n<p>f) CE - Centro de Educa\u00e7\u00e3o;<\/p>\r\n<p>g) CEFD - Centro de Educa\u00e7\u00e3o F\u00edsica e Desportos;<\/p>\r\n<p>h) CT - Centro de Tecnologia;<\/p>\r\n<p>i) CTISM - Col\u00e9gio T\u00e9cnico Industrial de Santa Maria;<\/p>\r\n<p>j) POLI - Col\u00e9gio Polit\u00e9cnico;<\/p>\r\n<p>k) UEIIA - Unidade de Educa\u00e7\u00e3o Infantil Ip\u00ea Amarelo;<\/p>\r\n<p>l) UFSM\/CS - Campus da Universidade Federal de Santa Maria em Cachoeira do Sul;<\/p>\r\n<p>m) UFSM\/FW - Campus da Universidade Federal de Santa Maria em Frederico Westphalen; e<\/p>\r\n<p>n) UFSM\/PM - Campus da Universidade Federal de Santa Maria em Palmeira das Miss\u00f5es;<\/p>\r\n<p>III - 1 (um\/uma) representante do Hospital Veterin\u00e1rio Universit\u00e1rio (HVU), e seu(ua) suplente;<\/p>\r\n<p>IV - 1 (um\/uma) representante de projeto de pesquisa da tem\u00e1tica animal, indicado(a) pela Pr\u00f3-Reitoria de P\u00f3s-Gradua\u00e7\u00e3o e Pesquisa (PRPGP), e seu(ua) suplente;<\/p>\r\n<p>V - 1 (um\/uma) representante de projeto de extens\u00e3o da tem\u00e1tica animal, indicado(a) pela Pr\u00f3-Reitoria de Extens\u00e3o (PRE), e seu(ua) suplente;<\/p>\r\n<p>VI - 1 (um\/uma) representante discente da gradua\u00e7\u00e3o, indicado(a) pela coordena\u00e7\u00e3o do Projeto Zelo, e seu(ua) suplente;<\/p>\r\n<p>VII - 1 (um\/uma) representante discente da p\u00f3s-gradua\u00e7\u00e3o, indicado(a) pela coordena\u00e7\u00e3o do Projeto Zelo, e seu(ua) suplente;<\/p>\r\n<p>VIII - 1 (um\/uma) representante da comunidade externa, indicado(a)&nbsp;<a name=\"__DdeLink__354_971010408\">pela coordena\u00e7\u00e3o do Projeto Zelo<\/a>, e seu(ua) suplente; e<\/p>\r\n<p>IX - 1 (um\/uma) representante do Gabinete do Reitor, e seu(ua) suplente.<\/p>\r\n<p>\u00a7 1\u00b0&nbsp; O(a) Presidente ser\u00e1 escolhido(a) entre seus pares, na reuni\u00e3o de instala\u00e7\u00e3o do colegiado.<\/p>\r\n<p>\u00a7 2\u00b0&nbsp; Na aus\u00eancia do(a) Presidente, a sess\u00e3o ser\u00e1 conduzida por um(a) membro(a) indicado(a) entre os(as) presentes.<\/p>\r\n<p>\u00a7 3\u00b0&nbsp;&nbsp;Os(As) titulares e os(as) suplentes ser\u00e3o designados(as) pelas respectivas unidades representadas.<\/p>\r\n<p>\u00a7 4\u00b0&nbsp;&nbsp;Os(As) membros(as) ter\u00e3o mandato de 02 (dois) anos, limitado ao prazo de dura\u00e7\u00e3o desta&nbsp;Comiss\u00e3o, conforme previsto no art. 1\u00b0 desta portaria normativa.<\/p>\r\n<p>\u00a7 5\u00b0&nbsp;&nbsp;Poder\u00e3o ser convidados(as), quando pertinente, servidores(as), discentes ou representantes externos(as) a fim de contribui\u00e7\u00e3o \u00e0s discuss\u00f5es propostas.<\/p>\r\n<p>\u00a7&nbsp;6\u00b0&nbsp; Poder\u00e3o ser incorporados \u00e0 composi\u00e7\u00e3o representantes de grupos de pesquisa, de ensino e de extens\u00e3o ou entidades protetoras de animais parceiras da UFSM.<\/p>\r\n<p>\u00a7 7\u00b0&nbsp; Cada membro(a) poder\u00e1 ser substitu\u00eddo(a) em qualquer \u00e9poca, sempre que houver necessidade, ou sempre que houver consenso da maioria, por meio de uma solicita\u00e7\u00e3o escrita do respectivo segmento de representa\u00e7\u00e3o, ou se o(a) pr\u00f3prio(a) representante assim o desejar.<\/p>\r\n<p>\u00a7 8\u00b0&nbsp; Os(As) membros(as) ser\u00e3o indicados(as) via memorando de seu respectivo segmento de representa\u00e7\u00e3o, ou admitidos(as) em consenso da composi\u00e7\u00e3o ativa, desde que lavrado em ata, devendo sua designa\u00e7\u00e3o constar de portaria emitida pelo(a) Reitor(a).<\/p>\r\n<p>&nbsp;<\/p>\r\n<p>Art. 6\u00b0&nbsp; Nas reuni\u00f5es do referido \u00f3rg\u00e3o colegiado poder\u00e3o comparecer, quando convidados(as) pelos(as) membros(as), a fim de prestarem esclarecimentos sobre assuntos que lhes forem pertinentes.<\/p>\r\n<p>Par\u00e1grafo \u00fanico.&nbsp; As reuni\u00f5es deste \u00f3rg\u00e3o colegiado, cujos(as) membros(as) possu\u00edrem domic\u00edlio, bem como resid\u00eancia legal ou estiverem em local diverso da realiza\u00e7\u00e3o das atividades ser\u00e3o realizadas de modo h\u00edbrido, sem pagamento de di\u00e1rias e deslocamento.<\/p>\r\n<p>&nbsp;<\/p>\r\n<p>CAP\u00cdTULO III<\/p>\r\n<p>DO QU\u00d3RUM DE REUNI\u00c3O E DE VOTA\u00c7\u00c3O<\/p>\r\n<p>&nbsp;<\/p>\r\n<p>Art. 7\u00b0&nbsp; As reuni\u00f5es ocorrer\u00e3o com a presen\u00e7a m\u00ednima da maioria simples dos(as) membros(as), sendo este o n\u00famero legal para delibera\u00e7\u00e3o e vota\u00e7\u00e3o.<\/p>\r\n<p>Par\u00e1grafo \u00fanico.&nbsp; Quando da ocorr\u00eancia de empate na vota\u00e7\u00e3o, caber\u00e1 ao(\u00e0) Presidente da sess\u00e3o o voto de qualidade.<\/p>\r\n<p>Art. 8\u00b0&nbsp; As convoca\u00e7\u00f5es ser\u00e3o feitas via correio eletr\u00f4nico, pelo(a) presidente, com anteced\u00eancia m\u00ednima de 5 (cinco) dias \u00fateis, devendo constar da mesma a Ordem do Dia. <\/p>\r\n<p>Art. 9\u00b0&nbsp; Havendo n\u00famero legal e declarada aberta a sess\u00e3o, proceder-se-\u00e1 a discuss\u00e3o e posterior realiza\u00e7\u00e3o dos pareceres que dever\u00e3o embasar os assuntos a serem analisados pelo \u00f3rg\u00e3o colegiado em quest\u00e3o.<\/p>\r\n<p>Par\u00e1grafo \u00fanico.&nbsp; N\u00e3o havendo qu\u00f3rum, os(as) membros(as) ser\u00e3o convocados(as) para nova reuni\u00e3o 48 (quarenta e oito) horas depois, com a mesma pauta. <\/p>\r\n<p>&nbsp;<\/p>\r\n<p>CAP\u00cdTULO IV<\/p>\r\n<p>DA PERIODICIDADE DAS REUNI\u00d5ES<\/p>\r\n<p>&nbsp;<\/p>\r\n<p>Art. 10.&nbsp; A Comiss\u00e3o reunir-se-\u00e1 ordinariamente 1 (uma) vez por m\u00eas e extraordinariamente sempre que convocado pelo(a) Presidente ou pela maioria de seus(uas) membros(as).<\/p>\r\n<p>Par\u00e1grafo \u00fanico.&nbsp; As reuni\u00f5es deste \u00f3rg\u00e3o colegiado, cujos(as) membros(as), convidados(as) ou participantes estejam em entes federativos diversos, ser\u00e3o realizadas por videoconfer\u00eancia, sem pagamento de di\u00e1rias e deslocamento. <\/p>\r\n<p>&nbsp;<\/p>\r\n<p>CAP\u00cdTULO V<\/p>\r\n<p>DA UNIDADE DE APOIO ADMINISTRATIVO<\/p>\r\n<p>&nbsp;<\/p>\r\n<p>Art. 11.&nbsp; Caber\u00e1 ao Gabinete do Reitor, com apoio da Pr\u00f3-Reitoria de Extens\u00e3o (PRE), o suporte administrativo e os encaminhamentos necess\u00e1rios ao funcionamento da Comiss\u00e3o para Implanta\u00e7\u00e3o do Observat\u00f3rio da Causa Animal (OCA\/UFSM).<\/p>\r\n<p>&nbsp;<\/p>\r\n<p>CAP\u00cdTULO VI<\/p>\r\n<p>DO REGIMENTO INTERNO E DOS RELAT\u00d3RIOS PERI\u00d3DICOS FINAIS<\/p>\r\n<p>&nbsp;<\/p>\r\n<p>Art. 12. &nbsp;Em caso de conveni\u00eancia e oportunidade, para o melhor desenvolvimento das atividades dessa Comiss\u00e3o, poder\u00e1 ser elaborado e encaminhado Regimento Interno pr\u00f3prio para aprecia\u00e7\u00e3o e delibera\u00e7\u00e3o pelas inst\u00e2ncias competentes. <\/p>\r\n<p>Art. 13.&nbsp; A Comiss\u00e3o tornar\u00e1 p\u00fablica suas a\u00e7\u00f5es, reuni\u00f5es e materiais espec\u00edficos de sua \u00e1rea em s\u00edtio eletr\u00f4nico pr\u00f3prio, ressalvado o conte\u00fado sujeito a sigilo, havendo a possibilidade de emiss\u00e3o de relat\u00f3rios peri\u00f3dicos e anuais. <\/p>\r\n<p>&nbsp;<\/p>\r\n<p>CAP\u00cdTULO VII<\/p>\r\n<p>DAS DISPOSI\u00c7\u00d5ES GERAIS E TRANSIT\u00d3RIAS<\/p>\r\n<p>&nbsp;<\/p>\r\n<p>Art. 14.&nbsp;&nbsp;\u00c9 vedada a divulga\u00e7\u00e3o de discuss\u00f5es em curso sem a anu\u00eancia da Comiss\u00e3o e do Gabinete do Reitor. &nbsp;<\/p>\r\n<p>Art. 15.&nbsp; A participa\u00e7\u00e3o dos(as) membros(as) ser\u00e1 considerada presta\u00e7\u00e3o de servi\u00e7o p\u00fablico relevante, sem remunera\u00e7\u00e3o.<\/p>\r\n<p>Par\u00e1grafo \u00fanico. &nbsp;As atividades do colegiado n\u00e3o poder\u00e3o causar preju\u00edzo \u00e0 presta\u00e7\u00e3o de servi\u00e7o p\u00fablico por seus(uas) integrantes.<\/p>\r\n<p>Art. 16.&nbsp; \u00c9 vedada a possibilidade de cria\u00e7\u00e3o de subcolegiados por ato deste colegiado. <\/p>\r\n<p>Par\u00e1grafo \u00fanico.&nbsp; A mera necessidade de reuni\u00f5es eventuais para debate, articula\u00e7\u00e3o ou trabalho que envolva agentes p\u00fablicos da administra\u00e7\u00e3o p\u00fablica federal n\u00e3o ser\u00e1 admitida como fundamento para as propostas de que trata o caput.<\/p>\r\n<p>Art. 17. &nbsp;A inobserv\u00e2ncia ao disposto nesta Portaria Normativa n\u00e3o constitui escusa v\u00e1lida para o descumprimento da norma nem resulta em sua invalidade. <\/p>\r\n<p>Art. 18. &nbsp;Esta Portaria Normativa entra em vigor na data de sua publica\u00e7\u00e3o, de acordo com o que prev\u00ea o <a href=\"https:\/\/www.planalto.gov.br\/ccivil_03\/_ato2023-2026\/2024\/decreto\/d12002.htm\" style=\"color: blue !important;text-decoration: underline !important\" data-elementor-preserved=\"true\">Decreto n\u00b0 12.002, de 22 de abril de 2024, art. 18, inciso IV.<\/a>\r\n<\/p>\r\n<p>&nbsp;<\/p>\r\n<p>\t<\/p>\r\n<p style=\"text-align: right\">Luciano Schuch<\/p>\r\n<p style=\"text-align: right\">Reitor<\/p>\r\n<p>\r\n<span style=\"color: red\">Este texto n\u00e3o substitui o documento original, publicado no Portal de Documentos.<\/span> Dispon\u00edvel em <a href=\"https:\/\/portal.ufsm.br\/documentos\/publico\/documento.html?idDocumento=15687498#\" style=\"color: blue !important;text-decoration: underline !important\" data-elementor-preserved=\"true\">https:\/\/portal.ufsm.br\/documentos\/publico\/documento.html?idDocumento=15687498#<\/a>\r\n<\/p>\r\n<p>&nbsp;<\/p>\r\n<!--EndFragment-->\r\n<div class=\"normal-text\" style=\"text-align: center\">\r\n<\/div>\r\n<div class=\"normal-text\" style=\"text-align: center\">\r\n<\/div>\r\n<\/font><\/div>\t\t<\/div>\n\t\t\t\t<\/div>\n\t\t\t\t\t<\/div>\n\t\t<\/div>\n\t\t\t\t\t<\/div>\n\t\t<\/section>\n\t\t\t\t<\/div>\n\t\t","protected":false},"excerpt":{"rendered":"<p>MINIST\u00c9RIO DA EDUCA\u00c7\u00c3O UNIVERSIDADE FEDERAL DE SANTA MARIA PORTARIA NORMATIVA UFSM N\u00b0&nbsp;102, DE 19 DE DEZEMBRO DE 2025 &nbsp; Aprova a cria\u00e7\u00e3o do \u00f3rg\u00e3o colegiado denominado \u201cComiss\u00e3o para Implanta\u00e7\u00e3o do Observat\u00f3rio da Causa Animal\u201d (OCA\/UFSM), vinculado ao Gabinete do Reitor, na estrutura organizacional da Universidade Federal de Santa Maria (UFSM). &nbsp; O REITOR DA UNIVERSIDADE [&hellip;]<\/p>\n","protected":false},"author":8863,"featured_media":0,"parent":0,"menu_order":0,"comment_status":"closed","ping_status":"closed","template":"","meta":{"footnotes":""},"categories":[],"tags":[],"class_list":["post-7139","page","type-page","status-publish","hentry"],"acf":[],"_links":{"self":[{"href":"https:\/\/www.ufsm.br\/pro-reitorias\/proplan\/wp-json\/wp\/v2\/pages\/7139","targetHints":{"allow":["GET"]}}],"collection":[{"href":"https:\/\/www.ufsm.br\/pro-reitorias\/proplan\/wp-json\/wp\/v2\/pages"}],"about":[{"href":"https:\/\/www.ufsm.br\/pro-reitorias\/proplan\/wp-json\/wp\/v2\/types\/page"}],"author":[{"embeddable":true,"href":"https:\/\/www.ufsm.br\/pro-reitorias\/proplan\/wp-json\/wp\/v2\/users\/8863"}],"replies":[{"embeddable":true,"href":"https:\/\/www.ufsm.br\/pro-reitorias\/proplan\/wp-json\/wp\/v2\/comments?post=7139"}],"version-history":[{"count":0,"href":"https:\/\/www.ufsm.br\/pro-reitorias\/proplan\/wp-json\/wp\/v2\/pages\/7139\/revisions"}],"wp:attachment":[{"href":"https:\/\/www.ufsm.br\/pro-reitorias\/proplan\/wp-json\/wp\/v2\/media?parent=7139"}],"wp:term":[{"taxonomy":"category","embeddable":true,"href":"https:\/\/www.ufsm.br\/pro-reitorias\/proplan\/wp-json\/wp\/v2\/categories?post=7139"},{"taxonomy":"post_tag","embeddable":true,"href":"https:\/\/www.ufsm.br\/pro-reitorias\/proplan\/wp-json\/wp\/v2\/tags?post=7139"}],"curies":[{"name":"wp","href":"https:\/\/api.w.org\/{rel}","templated":true}]}}