{"id":7144,"date":"2025-12-24T08:42:36","date_gmt":"2025-12-24T11:42:36","guid":{"rendered":"https:\/\/www.ufsm.br\/pro-reitorias\/proplan\/?page_id=7144"},"modified":"2025-12-24T08:43:26","modified_gmt":"2025-12-24T11:43:26","slug":"resolucao-ufsm-n-247-2025","status":"publish","type":"page","link":"https:\/\/www.ufsm.br\/pro-reitorias\/proplan\/resolucao-ufsm-n-247-2025","title":{"rendered":"RESOLU\u00c7\u00c3O UFSM N\u00b0 247\/2025"},"content":{"rendered":"\t\t<div data-elementor-type=\"wp-page\" data-elementor-id=\"7144\" class=\"elementor elementor-7144\">\n\t\t\t\t\t\t<section class=\"elementor-section elementor-top-section elementor-element elementor-element-6f75814 elementor-section-boxed elementor-section-height-default elementor-section-height-default\" data-id=\"6f75814\" data-element_type=\"section\">\n\t\t\t\t\t\t<div class=\"elementor-container elementor-column-gap-default\">\n\t\t\t\t\t<div class=\"elementor-column elementor-col-100 elementor-top-column elementor-element elementor-element-ed0ab37\" data-id=\"ed0ab37\" data-element_type=\"column\">\n\t\t\t<div class=\"elementor-widget-wrap elementor-element-populated\">\n\t\t\t\t\t\t<div class=\"elementor-element elementor-element-9162a8f elementor-widget elementor-widget-html\" data-id=\"9162a8f\" data-element_type=\"widget\" data-widget_type=\"html.default\">\n\t\t\t\t<div class=\"elementor-widget-container\">\n\t\t\t<br><div align=\"justify\"><font color=\"black\">\r\n<div align=\"center\">\r\n<img decoding=\"async\" src=\"https:\/\/www.ufsm.br\/pro-reitorias\/proplan\/wp-content\/uploads\/sites\/344\/2019\/09\/brasao-da-republica-do-brasil-logo.png\" alt=\"Bras\u00e3o Rep\u00fablica Federativa do Brasil\" width=\"6%\" height=\"6%\">\r\n<\/div>\r\n<h4>\r\n<font color=\"blue\">\r\n<font size=\"5\">\r\n<\/font>\r\n<\/font>\r\n<div align=\"center\">\r\n<font color=\"blue\">\r\n<font size=\"5\">MINIST\u00c9RIO DA EDUCA\u00c7\u00c3O<\/font>\r\n<\/font>\r\n<\/div>\r\n<\/h4>\r\n<p>\r\n<b>\r\n<font color=\"0000blue\">\r\n<\/font>\r\n<\/b>\r\n<\/p>\r\n<div align=\"center\">\r\n<b>\r\n<font color=\"0000blue\">UNIVERSIDADE FEDERAL DE SANTA MARIA<\/font>\r\n<\/b>\r\n<\/div>\r\n<p>\r\n<\/p>\r\n<!--StartFragment-->\r\n<p style=\"text-align: center\">&nbsp;<a href=\"https:\/\/portal.ufsm.br\/documentos\/publico\/documento.html?id=15688768\" style=\"color: blue !important;text-decoration: underline !important\" data-elementor-preserved=\"true\">\r\n<b>RESOLU\u00c7\u00c3O UFSM N. 247, DE 23 DE DEZEMBRO DE 2025&nbsp;<\/b>\r\n<\/a>\r\n<\/p>\r\n<p>&nbsp;&nbsp;<\/p>\r\n<p>\r\n    <div style=\"color: #800000;width: 60%;margin-left: auto;margin-right: 0;text-align: justify;font-weight: normal\">\r\n      Aprova a cria\u00e7\u00e3o&nbsp;Curso T\u00e9cnico em Enfermagem Noturno, n\u00edvel t\u00e9cnico, modalidade presencial, na estrutura organizacional do Col\u00e9gio Polit\u00e9cnico da Universidade Federal de Santa Maria.\r\n    <\/div>\r\n<\/p>\r\n<p>&nbsp;<\/p>\r\n<p>O REITOR DA UNIVERSIDADE FEDERAL DE SANTA MARIA, no uso de suas atribui\u00e7\u00f5es legais que lhe confere o <a href=\"https:\/\/www.ufsm.br\/pro-reitorias\/proplan\/estatuto-ufsm-2010\" style=\"color: blue !important;text-decoration: underline !important\" data-elementor-preserved=\"true\">art. 30 do Estatuto da Universidade Federal de Santa Maria<\/a> com as adequa\u00e7\u00f5es aprovadas pela <a href=\"https:\/\/www.ufsm.br\/pro-reitorias\/proplan\/resolucao-n-037-2010\" style=\"color: blue !important;text-decoration: underline !important\" data-elementor-preserved=\"true\">Resolu\u00e7\u00e3o UFSM n\u00b0 037, de 30 de novembro de 2010<\/a>, aprovado pela Portaria n\u00b0 156, de 12 de mar\u00e7o de 2014, e publicado no Di\u00e1rio Oficial da Uni\u00e3o em 13 de mar\u00e7o de 2014,&nbsp;tendo em vista a <a href=\"https:\/\/www.in.gov.br\/web\/dou\/-\/portaria-gm\/ms-n-9.038-de-1-de-dezembro-de-2025-672977541\" style=\"color: blue !important;text-decoration: underline !important\" data-elementor-preserved=\"true\">Portaria GM\/MS n\u00b0 9.038, de 1\u00b0 de dezembro de 2025<\/a>, e o que consta no processo <a name=\"title3_anchor\">\r\n<\/a>\r\n<a href=\"https:\/\/portal.ufsm.br\/documentos\/usuario\/processo\/documento.html?idDocumento=15652982\" style=\"color: blue !important;text-decoration: underline !important\" data-elementor-preserved=\"true\">23081.153264\/2025-74<\/a>, resolve:<\/p>\r\n<p>&nbsp;<\/p>\r\n<p>Art. 1\u00b0&nbsp;&nbsp;Aprovar a cria\u00e7\u00e3o Curso T\u00e9cnico em Enfermagem Noturno, n\u00edvel t\u00e9cnico, modalidade presencial, na estrutura organizacional do Col\u00e9gio Polit\u00e9cnico da Universidade Federal de Santa Maria.<\/p>\r\n<p>\u00a7&nbsp;1\u00b0&nbsp;&nbsp;O curso ter\u00e1 oferta n\u00e3o sequencial, vinculada ao PROGRAMA FORMATEC SUS, com funcionamento em turno noturno.<\/p>\r\n<p>\u00a7 2\u00b0&nbsp; O n\u00famero de vagas discentes ser\u00e1 definido em edital espec\u00edfico, conforme a programa\u00e7\u00e3o do FORMATEC SUS. <\/p>\r\n<p>\u00a7 3\u00b0&nbsp;&nbsp;A Coordena\u00e7\u00e3o de Curso estar\u00e1 diretamente vinculada ao Programa referido no caput do \u00a7 1\u00b0.<\/p>\r\n<p>Art. 2\u00b0&nbsp;&nbsp;O <a href=\"https:\/\/www.ufsm.br\/pro-reitorias\/proplan\/resolucao-n-029-2020\" style=\"color: blue !important;text-decoration: underline !important\" data-elementor-preserved=\"true\">Artigo 14 da Resolu\u00e7\u00e3o UFSM n\u00b0 029, de 05 de novembro de 2020<\/a>, passa a vigorar com a seguinte reda\u00e7\u00e3o: <\/p>\r\n<p>&nbsp;<\/p>\r\n<p>\u201c(...)<\/p>\r\n<p>Art. 14&nbsp;........:<\/p>\r\n<p>(...)<\/p>\r\n<p>V - Curso T\u00e9cnico em Enfermagem Noturno.&nbsp;<\/p>\r\n<p>(...)\u201d <\/p>\r\n<p>(NR)<\/p>\r\n<p>&nbsp;<\/p>\r\n<p>Art. 3\u00b0&nbsp;&nbsp;Caber\u00e1: <\/p>\r\n<p>I - \u00e0 Coordenadoria de Planejamento Administrativo (COPLAD-PROPLAN) proceder \u00e0s altera\u00e7\u00f5es nos Sistemas de Estruturantes da Institui\u00e7\u00e3o; <\/p>\r\n<p>II - \u00e0&nbsp;Pr\u00f3-Reitoria de Gest\u00e3o de Pessoas (PROGEP) os procedimentos necess\u00e1rios \u00e0s designa\u00e7\u00f5es de chefia; <\/p>\r\n<p>III - ao Departamento de Arquivo Geral (DAG) o tratamento dos documentos arquiv\u00edsticos; e <\/p>\r\n<p>IV - ao Centro de Processamento de Dados (CPD) as adequa\u00e7\u00f5es necess\u00e1rias nos sistemas institucionais. <\/p>\r\n<p>Art. 4\u00b0&nbsp; A inobserv\u00e2ncia ao disposto nesta Resolu\u00e7\u00e3o n\u00e3o constitui escusa v\u00e1lida para o descumprimento da norma nem resulta em sua invalidade. <\/p>\r\n<p>Art. 5\u00b0&nbsp;&nbsp;Esta Resolu\u00e7\u00e3o entra em vigor na data de sua publica\u00e7\u00e3o, de acordo com o que prev\u00ea o&nbsp;<a href=\"https:\/\/www.planalto.gov.br\/ccivil_03\/_ato2023-2026\/2024\/decreto\/d12002.htm\" style=\"color: blue !important;text-decoration: underline !important\" data-elementor-preserved=\"true\">&nbsp;Decreto n\u00b0 12.002, de 22 de abril de 2024, art. 18, inciso IV.&nbsp;<\/a>\r\n<\/p>\r\n<p style=\"text-align: right\">&nbsp;&nbsp;<span style=\"text-align: right\">Luciano Schuch,&nbsp;<\/span>\r\n<\/p>\r\n<div style=\"text-align: right\">Reitor<\/div>\r\n<div style=\"text-align: left\">\r\n<p>\r\n<span style=\"color: red\">Este texto n\u00e3o substitui o documento original, publicado no Portal de Documentos.<\/span> Dispon\u00edvel em <a href=\"https:\/\/portal.ufsm.br\/documentos\/publico\/documento.html?id=15688768\" style=\"color: blue !important;text-decoration: underline !important\" data-elementor-preserved=\"true\">https:\/\/portal.ufsm.br\/documentos\/publico\/documento.html?id=15688768<\/a>\r\n<\/p>\r\n<\/div>\r\n<div style=\"text-align: right\">\r\n<br>\r\n<\/div>\r\n<!--EndFragment-->\r\n<div class=\"normal-text\" style=\"text-align: center\">\r\n<\/div>\r\n<div class=\"normal-text\" style=\"text-align: center\">\r\n<\/div>\r\n<\/font><\/div>\t\t<\/div>\n\t\t\t\t<\/div>\n\t\t\t\t\t<\/div>\n\t\t<\/div>\n\t\t\t\t\t<\/div>\n\t\t<\/section>\n\t\t\t\t<\/div>\n\t\t","protected":false},"excerpt":{"rendered":"<p>MINIST\u00c9RIO DA EDUCA\u00c7\u00c3O UNIVERSIDADE FEDERAL DE SANTA MARIA &nbsp; RESOLU\u00c7\u00c3O UFSM N. 247, DE 23 DE DEZEMBRO DE 2025&nbsp; &nbsp;&nbsp; Aprova a cria\u00e7\u00e3o&nbsp;Curso T\u00e9cnico em Enfermagem Noturno, n\u00edvel t\u00e9cnico, modalidade presencial, na estrutura organizacional do Col\u00e9gio Polit\u00e9cnico da Universidade Federal de Santa Maria. &nbsp; O REITOR DA UNIVERSIDADE FEDERAL DE SANTA MARIA, no uso de [&hellip;]<\/p>\n","protected":false},"author":8863,"featured_media":0,"parent":0,"menu_order":0,"comment_status":"closed","ping_status":"closed","template":"","meta":{"footnotes":""},"categories":[],"tags":[],"class_list":["post-7144","page","type-page","status-publish","hentry"],"acf":[],"_links":{"self":[{"href":"https:\/\/www.ufsm.br\/pro-reitorias\/proplan\/wp-json\/wp\/v2\/pages\/7144","targetHints":{"allow":["GET"]}}],"collection":[{"href":"https:\/\/www.ufsm.br\/pro-reitorias\/proplan\/wp-json\/wp\/v2\/pages"}],"about":[{"href":"https:\/\/www.ufsm.br\/pro-reitorias\/proplan\/wp-json\/wp\/v2\/types\/page"}],"author":[{"embeddable":true,"href":"https:\/\/www.ufsm.br\/pro-reitorias\/proplan\/wp-json\/wp\/v2\/users\/8863"}],"replies":[{"embeddable":true,"href":"https:\/\/www.ufsm.br\/pro-reitorias\/proplan\/wp-json\/wp\/v2\/comments?post=7144"}],"version-history":[{"count":0,"href":"https:\/\/www.ufsm.br\/pro-reitorias\/proplan\/wp-json\/wp\/v2\/pages\/7144\/revisions"}],"wp:attachment":[{"href":"https:\/\/www.ufsm.br\/pro-reitorias\/proplan\/wp-json\/wp\/v2\/media?parent=7144"}],"wp:term":[{"taxonomy":"category","embeddable":true,"href":"https:\/\/www.ufsm.br\/pro-reitorias\/proplan\/wp-json\/wp\/v2\/categories?post=7144"},{"taxonomy":"post_tag","embeddable":true,"href":"https:\/\/www.ufsm.br\/pro-reitorias\/proplan\/wp-json\/wp\/v2\/tags?post=7144"}],"curies":[{"name":"wp","href":"https:\/\/api.w.org\/{rel}","templated":true}]}}