{"id":7145,"date":"2025-12-31T11:55:38","date_gmt":"2025-12-31T14:55:38","guid":{"rendered":"https:\/\/www.ufsm.br\/pro-reitorias\/proplan\/?page_id=7145"},"modified":"2026-01-02T08:54:12","modified_gmt":"2026-01-02T11:54:12","slug":"portaria-normativa-ufsm-n-103-2025","status":"publish","type":"page","link":"https:\/\/www.ufsm.br\/pro-reitorias\/proplan\/portaria-normativa-ufsm-n-103-2025","title":{"rendered":"PORTARIA NORMATIVA UFSM N\u00b0\u00a0103\/2025"},"content":{"rendered":"\t\t<div data-elementor-type=\"wp-page\" data-elementor-id=\"7145\" class=\"elementor elementor-7145\">\n\t\t\t\t\t\t<section class=\"elementor-section elementor-top-section elementor-element elementor-element-585741e elementor-section-boxed elementor-section-height-default elementor-section-height-default\" data-id=\"585741e\" data-element_type=\"section\">\n\t\t\t\t\t\t<div class=\"elementor-container elementor-column-gap-default\">\n\t\t\t\t\t<div class=\"elementor-column elementor-col-100 elementor-top-column elementor-element elementor-element-8e6ca51\" data-id=\"8e6ca51\" data-element_type=\"column\">\n\t\t\t<div class=\"elementor-widget-wrap elementor-element-populated\">\n\t\t\t\t\t\t<div class=\"elementor-element elementor-element-4eb2fe0 elementor-widget elementor-widget-html\" data-id=\"4eb2fe0\" data-element_type=\"widget\" data-widget_type=\"html.default\">\n\t\t\t\t<div class=\"elementor-widget-container\">\n\t\t\t<br><div align=\"justify\"><font color=\"black\">\r\n<div align=\"center\">\r\n<img decoding=\"async\" src=\"https:\/\/www.ufsm.br\/pro-reitorias\/proplan\/wp-content\/uploads\/sites\/344\/2019\/09\/brasao-da-republica-do-brasil-logo.png\" alt=\"Bras\u00e3o Rep\u00fablica Federativa do Brasil\" width=\"6%\" height=\"6%\">\r\n<\/div>\r\n<h4>\r\n<font color=\"blue\">\r\n<font size=\"5\">\r\n<\/font>\r\n<\/font>\r\n<div align=\"center\">\r\n<font color=\"blue\">\r\n<font size=\"5\">MINIST\u00c9RIO DA EDUCA\u00c7\u00c3O<\/font>\r\n<\/font>\r\n<\/div>\r\n<\/h4>\r\n<p>\r\n<b>\r\n<font color=\"0000blue\">\r\n<\/font>\r\n<\/b>\r\n<\/p>\r\n<div align=\"center\">\r\n<b>\r\n<font color=\"0000blue\">UNIVERSIDADE FEDERAL DE SANTA MARIA<\/font>\r\n<\/b>\r\n<\/div>\r\n<div align=\"center\">\r\n<b>\r\n<font color=\"0000blue\">\r\n<br>\r\n<\/font>\r\n<\/b>\r\n<\/div>\r\n<div align=\"center\">\r\n\r\n\r\n\r\n\r\n\r\n\r\n\r\n\r\n\r\n\r\n\r\n\r\n<!--StartFragment-->\r\n\r\n<p style=\"text-align: center\">\r\n<span lang=\"PT-BR\">\r\n<a href=\"https:\/\/portal.ufsm.br\/documentos\/publico\/documento.html?idDocumento=15691170\" style=\"color: blue !important;text-decoration: underline !important\" data-elementor-preserved=\"true\">\r\n<b>PORTARIA NORMATIVA UFSM N\u00b0 103, DE 29 DE DEZEMBRO DE 2025<\/b>\r\n<\/a>\r\n<\/span>\r\n<\/p>\r\n\r\n<!--EndFragment-->\r\n<\/div>\r\n<div align=\"center\">\r\n<br>\r\n<\/div>\r\n<p>\r\n<div style=\"color: #800000;width: 60%;margin-left: auto;margin-right: 0;text-align: justify;font-weight: normal\">\r\n      Remaneja e aloca Cargos Comissionados no \u00e2mbito da Pr\u00f3-Reitoria de Planejamento (PROPLAN) da Universidade Federal de Santa Maria (UFSM).\r\n    <\/div>\r\n<span lang=\"PT-BR\">\r\n<\/span>\r\n<\/p>\r\n\r\n<p>\r\n<span lang=\"PT-BR\">&nbsp;<\/span>\r\n<\/p>\r\n\r\n<p>\r\n<span lang=\"PT-BR\">A REITORA DA UNIVERSIDADE FEDERAL DE SANTA\r\nMARIA, no uso de suas atribui\u00e7\u00f5es legais que lhe confere o art. 30 do <a href=\"https:\/\/www.ufsm.br\/pro-reitorias\/proplan\/estatuto-ufsm-2010\" style=\"color: blue !important;text-decoration: underline !important\" data-elementor-preserved=\"true\">Estatuto da Universidade Federal de Santa Maria<\/a> com as adequa\u00e7\u00f5es aprovadas pela\r\n<a href=\"https:\/\/www.ufsm.br\/pro-reitorias\/proplan\/resolucao-n-037-2010\" style=\"color: blue !important;text-decoration: underline !important\" data-elementor-preserved=\"true\">Resolu\u00e7\u00e3o UFSM n\u00b0 037, de 30 de novembro de 2010<\/a>, aprovado pela Portaria n\u00b0\r\n156, de 12 de mar\u00e7o de 2014, e publicado no Di\u00e1rio Oficial da Uni\u00e3o em 13 de\r\nmar\u00e7o de 2014, e tendo em vista o Processo n\u00b0 <a href=\"https:\/\/portal.ufsm.br\/documentos\/usuario\/processo\/documento.html?idDocumento=15689671\" style=\"color: blue !important;text-decoration: underline !important\" data-elementor-preserved=\"true\">23081.167740\/2025-34<\/a>,\r\nresolve:<\/span>\r\n<\/p>\r\n\r\n<p>\r\n<span lang=\"PT-BR\">&nbsp;<\/span>\r\n<\/p>\r\n\r\n<p>\r\n<span lang=\"PT-BR\">Art. 1\u00b0 &nbsp;Remanejar e alocar Cargos Comissionados no\r\n\u00e2mbito da Pr\u00f3-Reitoria de Planejamento (PROPLAN) da Universidade Federal de\r\nSanta Maria (UFSM).<\/span>\r\n<\/p>\r\n\r\n<p>\r\n<span lang=\"PT-BR\">Art. 2\u00b0 &nbsp;Ficam remanejados os seguintes Cargos\r\nComissionados:<\/span>\r\n<\/p>\r\n\r\n<p>\r\n<span lang=\"PT-BR\">I - CD3 da Coordenadoria de Projetos e\r\nConv\u00eanios (COPROC-PROPLAN) para a Coordenadoria de Planejamento Administrativo\r\n(COPLAD-PROPLAN) da Pr\u00f3-Reitoria de Planejamento (PROPLAN); e,<\/span>\r\n<\/p>\r\n\r\n<p>\r\n<span lang=\"PT-BR\">II - CD4 da Coordenadoria de Planejamento Administrativo\r\n(COPLAD-PROPLAN) &nbsp;para a Coordenadoria de\r\nProjetos e Conv\u00eanios (COPROC-PROPLAN) da Pr\u00f3-Reitoria de Planejamento\r\n(PROPLAN).<\/span>\r\n<\/p>\r\n\r\n<p>\r\n<span lang=\"PT-BR\">Par\u00e1grafo \u00fanico. O Cargo de Dire\u00e7\u00e3o (CD 3)\r\natribu\u00eddo ao (a) Pr\u00f3-Reitor (a) Adjunto (a) \u00e9 alocado como autoridade em uma\r\ndas Coordenadorias da Pr\u00f3-Reitoria de Planejamento, com a denomina\u00e7\u00e3o de\r\nautoridade \u201cPr\u00f3-Reitor(a) Adjunto(a)\u201d e as autoridades respons\u00e1veis pelas\r\ndemais Coordenadorias vinculadas \u00e0 Pr\u00f3-Reitoria de Planejamento s\u00e3o atribu\u00eddos\r\no Cargo de Dire\u00e7\u00e3o (CD4), com a denomina\u00e7\u00e3o de autoridade \u201cCoordenador(a)\u201d.<\/span>\r\n<\/p>\r\n\r\n<p>\r\n<span lang=\"PT-BR\">Art. <\/span>\r\n<span lang=\"PT-BR\">3\u00b0<\/span>\r\n<span lang=\"PT-BR\"> &nbsp;A inobserv\u00e2ncia ao disposto nesta Portaria\r\nNormativa n\u00e3o constitui escusa v\u00e1lida para o descumprimento da norma nem\r\nresulta em sua invalidade. <\/span>\r\n<\/p>\r\n\r\n<p>\r\n<span lang=\"PT-BR\">Art. <\/span>\r\n<span lang=\"PT-BR\">4\u00b0<\/span>\r\n<span lang=\"PT-BR\"> &nbsp;Esta Portaria Normativa entra\r\nem vigor na data de sua publica\u00e7\u00e3o, de acordo com o que prev\u00ea o <a href=\"https:\/\/www.planalto.gov.br\/ccivil_03\/_ato2023-2026\/2024\/decreto\/d12002.htm\" style=\"color: blue !important;text-decoration: underline !important\" data-elementor-preserved=\"true\">Decreto n\u00b0 12.002, de 22 de abril de 2024<\/a>, art. 18, inciso IV.<\/span>\r\n<\/p>\r\n\r\n<p>\r\n<span lang=\"PT-BR\">&nbsp;<\/span>\r\n<\/p>\r\n\r\n<p align=\"right\">\r\n<span lang=\"PT-BR\" style=\"text-align: justify\">Martha&nbsp;Bohrer&nbsp;<\/span>Adaime<\/p>\r\n\r\n<p align=\"right\">\r\n<span lang=\"PT-BR\" style=\"text-align: justify\">Reitora<a name=\"_heading=h.gjdgxs\">\r\n<\/a><\/span>\r\n<\/p>\r\n<p align=\"right\">\r\n<span lang=\"PT-BR\" style=\"text-align: justify\">\r\n<br>\r\n<\/span>\r\n<\/p>\r\n<p align=\"right\">\r\n<span lang=\"PT-BR\" style=\"text-align: justify\">\r\n<\/span>\r\n<\/p>\r\n<p>\r\n<span style=\"color: red\">Este texto n\u00e3o substitui o documento original, publicado no Portal de Documentos.<\/span> Dispon\u00edvel em <a href=\"https:\/\/portal.ufsm.br\/documentos\/publico\/documento.html?idDocumento=15691170\" style=\"color: blue !important;text-decoration: underline !important\" data-elementor-preserved=\"true\">https:\/\/portal.ufsm.br\/documentos\/publico\/documento.html?idDocumento=15691170<\/a>\r\n<\/p>\r\n\r\n<!--EndFragment-->\r\n<div class=\"normal-text\" style=\"text-align: center\">\r\n<\/div>\r\n<div class=\"normal-text\" style=\"text-align: center\">\r\n<\/div>\r\n<\/font><\/div>\t\t<\/div>\n\t\t\t\t<\/div>\n\t\t\t\t\t<\/div>\n\t\t<\/div>\n\t\t\t\t\t<\/div>\n\t\t<\/section>\n\t\t\t\t<section class=\"elementor-section elementor-top-section elementor-element elementor-element-30e2d80 elementor-section-boxed elementor-section-height-default elementor-section-height-default\" data-id=\"30e2d80\" data-element_type=\"section\">\n\t\t\t\t\t\t<div class=\"elementor-container elementor-column-gap-default\">\n\t\t\t\t\t<div class=\"elementor-column elementor-col-100 elementor-top-column elementor-element elementor-element-3f68771\" data-id=\"3f68771\" data-element_type=\"column\">\n\t\t\t<div class=\"elementor-widget-wrap elementor-element-populated\">\n\t\t\t\t\t\t\t<\/div>\n\t\t<\/div>\n\t\t\t\t\t<\/div>\n\t\t<\/section>\n\t\t\t\t<\/div>\n\t\t","protected":false},"excerpt":{"rendered":"<p>MINIST\u00c9RIO DA EDUCA\u00c7\u00c3O UNIVERSIDADE FEDERAL DE SANTA MARIA PORTARIA NORMATIVA UFSM N\u00b0 103, DE 29 DE DEZEMBRO DE 2025 Remaneja e aloca Cargos Comissionados no \u00e2mbito da Pr\u00f3-Reitoria de Planejamento (PROPLAN) da Universidade Federal de Santa Maria (UFSM). &nbsp; A REITORA DA UNIVERSIDADE FEDERAL DE SANTA MARIA, no uso de suas atribui\u00e7\u00f5es legais que lhe [&hellip;]<\/p>\n","protected":false},"author":4883,"featured_media":0,"parent":0,"menu_order":0,"comment_status":"closed","ping_status":"closed","template":"","meta":{"footnotes":""},"categories":[],"tags":[],"class_list":["post-7145","page","type-page","status-publish","hentry"],"acf":[],"_links":{"self":[{"href":"https:\/\/www.ufsm.br\/pro-reitorias\/proplan\/wp-json\/wp\/v2\/pages\/7145","targetHints":{"allow":["GET"]}}],"collection":[{"href":"https:\/\/www.ufsm.br\/pro-reitorias\/proplan\/wp-json\/wp\/v2\/pages"}],"about":[{"href":"https:\/\/www.ufsm.br\/pro-reitorias\/proplan\/wp-json\/wp\/v2\/types\/page"}],"author":[{"embeddable":true,"href":"https:\/\/www.ufsm.br\/pro-reitorias\/proplan\/wp-json\/wp\/v2\/users\/4883"}],"replies":[{"embeddable":true,"href":"https:\/\/www.ufsm.br\/pro-reitorias\/proplan\/wp-json\/wp\/v2\/comments?post=7145"}],"version-history":[{"count":0,"href":"https:\/\/www.ufsm.br\/pro-reitorias\/proplan\/wp-json\/wp\/v2\/pages\/7145\/revisions"}],"wp:attachment":[{"href":"https:\/\/www.ufsm.br\/pro-reitorias\/proplan\/wp-json\/wp\/v2\/media?parent=7145"}],"wp:term":[{"taxonomy":"category","embeddable":true,"href":"https:\/\/www.ufsm.br\/pro-reitorias\/proplan\/wp-json\/wp\/v2\/categories?post=7145"},{"taxonomy":"post_tag","embeddable":true,"href":"https:\/\/www.ufsm.br\/pro-reitorias\/proplan\/wp-json\/wp\/v2\/tags?post=7145"}],"curies":[{"name":"wp","href":"https:\/\/api.w.org\/{rel}","templated":true}]}}