{"id":7189,"date":"2026-01-20T15:17:25","date_gmt":"2026-01-20T18:17:25","guid":{"rendered":"https:\/\/www.ufsm.br\/pro-reitorias\/proplan\/?page_id=7189"},"modified":"2026-01-20T16:14:03","modified_gmt":"2026-01-20T19:14:03","slug":"instrumentos","status":"publish","type":"page","link":"https:\/\/www.ufsm.br\/pro-reitorias\/proplan\/coproc\/instrumentos","title":{"rendered":"Instrumentos (em constru\u00e7\u00e3o)"},"content":{"rendered":"\t\t<div data-elementor-type=\"wp-page\" data-elementor-id=\"7189\" class=\"elementor elementor-7189\">\n\t\t\t\t\t\t<section class=\"elementor-section elementor-top-section elementor-element elementor-element-df66e8c elementor-section-boxed elementor-section-height-default elementor-section-height-default\" data-id=\"df66e8c\" data-element_type=\"section\">\n\t\t\t\t\t\t<div class=\"elementor-container elementor-column-gap-default\">\n\t\t\t\t\t<div class=\"elementor-column elementor-col-100 elementor-top-column elementor-element elementor-element-e88802a\" data-id=\"e88802a\" data-element_type=\"column\">\n\t\t\t<div class=\"elementor-widget-wrap elementor-element-populated\">\n\t\t\t\t\t\t<div class=\"elementor-element elementor-element-3880d57 elementor-widget elementor-widget-text-editor\" data-id=\"3880d57\" data-element_type=\"widget\" data-widget_type=\"text-editor.default\">\n\t\t\t\t<div class=\"elementor-widget-container\">\n\t\t\t\t\t\t\t<p><strong>Instrumentos sem envolvimento de recurso<\/strong><\/p><p><a href=\"https:\/\/www.ufsm.br\/pro-reitorias\/proplan\/servicos\/acordo-de-cooperacao-internacional\" target=\"_blank\" rel=\"noopener\">Acordo de Coopera\u00e7\u00e3o Internaciona<\/a>l<\/p><p><a href=\"https:\/\/www.ufsm.br\/pro-reitorias\/proplan\/servicos\/acordo-de-cooperacao-tecnica\" target=\"_blank\" rel=\"noopener\">Acordo de Coopera\u00e7\u00e3o T\u00e9cnica<\/a><\/p><p>Acordo de Coopera\u00e7\u00e3o\/Colabora\u00e7\u00e3o de Servidor<\/p><p>Agente de Integra\u00e7\u00e3o<\/p><p><a href=\"https:\/\/www.ufsm.br\/pro-reitorias\/proplan\/servicos\/demais-convenios\" target=\"_blank\" rel=\"noopener\">Conv\u00eanio de Aulas Pr\u00e1ticas<\/a>\u00a0<\/p><p><a href=\"https:\/\/www.ufsm.br\/pro-reitorias\/proplan\/convenio-de-estagio-2\" target=\"_blank\" rel=\"noopener\">Conv\u00eanio de Est\u00e1gio<\/a><\/p><p>Cotutela e Dupla Diploma\u00e7\u00e3o<\/p><p><a href=\"https:\/\/www.ufsm.br\/pro-reitorias\/proplan\/servicos\/demais-convenios\" target=\"_blank\" rel=\"noopener\">Protocolo de Inten\u00e7\u00f5es<\/a><\/p><p>\u00a0<\/p><p><strong>Instrumentos com recurso<\/strong><\/p><p><a href=\"https:\/\/www.ufsm.br\/pro-reitorias\/proplan\/servicos\/convenios-com-fundacoes\" target=\"_blank\" rel=\"noopener\">Conv\u00eanio com Funda\u00e7\u00f5es<\/a><\/p><p>Conv\u00eanio Tripartite<\/p><p>Credenciamento das Funda\u00e7\u00f5es<\/p><p>Emenda Parlamentar<\/p><p><a href=\"https:\/\/www.ufsm.br\/pro-reitorias\/proplan\/servicos\/termo-de-execucao-descentralizada\" target=\"_blank\" rel=\"noopener\">Termo de Execu\u00e7\u00e3o Descentralizada<\/a><\/p><p>\u00a0<\/p><p><strong>Projetos<\/strong><\/p>\t\t\t\t\t\t<\/div>\n\t\t\t\t<\/div>\n\t\t\t\t\t<\/div>\n\t\t<\/div>\n\t\t\t\t\t<\/div>\n\t\t<\/section>\n\t\t\t\t<\/div>\n\t\t","protected":false},"excerpt":{"rendered":"<p>Instrumentos sem envolvimento de recurso Acordo de Coopera\u00e7\u00e3o Internacional Acordo de Coopera\u00e7\u00e3o T\u00e9cnica Acordo de Coopera\u00e7\u00e3o\/Colabora\u00e7\u00e3o de Servidor Agente de Integra\u00e7\u00e3o Conv\u00eanio de Aulas Pr\u00e1ticas\u00a0 Conv\u00eanio de Est\u00e1gio Cotutela e Dupla Diploma\u00e7\u00e3o Protocolo de Inten\u00e7\u00f5es \u00a0 Instrumentos com recurso Conv\u00eanio com Funda\u00e7\u00f5es Conv\u00eanio Tripartite Credenciamento das Funda\u00e7\u00f5es Emenda Parlamentar Termo de Execu\u00e7\u00e3o Descentralizada \u00a0 Projetos<\/p>\n","protected":false},"author":7289,"featured_media":0,"parent":1042,"menu_order":0,"comment_status":"closed","ping_status":"closed","template":"","meta":{"footnotes":""},"categories":[],"tags":[],"class_list":["post-7189","page","type-page","status-publish","hentry"],"acf":[],"_links":{"self":[{"href":"https:\/\/www.ufsm.br\/pro-reitorias\/proplan\/wp-json\/wp\/v2\/pages\/7189","targetHints":{"allow":["GET"]}}],"collection":[{"href":"https:\/\/www.ufsm.br\/pro-reitorias\/proplan\/wp-json\/wp\/v2\/pages"}],"about":[{"href":"https:\/\/www.ufsm.br\/pro-reitorias\/proplan\/wp-json\/wp\/v2\/types\/page"}],"author":[{"embeddable":true,"href":"https:\/\/www.ufsm.br\/pro-reitorias\/proplan\/wp-json\/wp\/v2\/users\/7289"}],"replies":[{"embeddable":true,"href":"https:\/\/www.ufsm.br\/pro-reitorias\/proplan\/wp-json\/wp\/v2\/comments?post=7189"}],"version-history":[{"count":0,"href":"https:\/\/www.ufsm.br\/pro-reitorias\/proplan\/wp-json\/wp\/v2\/pages\/7189\/revisions"}],"up":[{"embeddable":true,"href":"https:\/\/www.ufsm.br\/pro-reitorias\/proplan\/wp-json\/wp\/v2\/pages\/1042"}],"wp:attachment":[{"href":"https:\/\/www.ufsm.br\/pro-reitorias\/proplan\/wp-json\/wp\/v2\/media?parent=7189"}],"wp:term":[{"taxonomy":"category","embeddable":true,"href":"https:\/\/www.ufsm.br\/pro-reitorias\/proplan\/wp-json\/wp\/v2\/categories?post=7189"},{"taxonomy":"post_tag","embeddable":true,"href":"https:\/\/www.ufsm.br\/pro-reitorias\/proplan\/wp-json\/wp\/v2\/tags?post=7189"}],"curies":[{"name":"wp","href":"https:\/\/api.w.org\/{rel}","templated":true}]}}