{"id":7192,"date":"2026-01-21T09:09:02","date_gmt":"2026-01-21T12:09:02","guid":{"rendered":"https:\/\/www.ufsm.br\/pro-reitorias\/proplan\/?page_id=7192"},"modified":"2026-01-21T09:10:31","modified_gmt":"2026-01-21T12:10:31","slug":"portaria-normativa-ufsm-n-104-2026","status":"publish","type":"page","link":"https:\/\/www.ufsm.br\/pro-reitorias\/proplan\/portaria-normativa-ufsm-n-104-2026","title":{"rendered":"PORTARIA NORMATIVA UFSM N. 104\/2026"},"content":{"rendered":"\t\t<div data-elementor-type=\"wp-page\" data-elementor-id=\"7192\" class=\"elementor elementor-7192\">\n\t\t\t\t\t\t<section class=\"elementor-section elementor-top-section elementor-element elementor-element-096f047 elementor-section-boxed elementor-section-height-default elementor-section-height-default\" data-id=\"096f047\" data-element_type=\"section\">\n\t\t\t\t\t\t<div class=\"elementor-container elementor-column-gap-default\">\n\t\t\t\t\t<div class=\"elementor-column elementor-col-100 elementor-top-column elementor-element elementor-element-d212605\" data-id=\"d212605\" data-element_type=\"column\">\n\t\t\t<div class=\"elementor-widget-wrap elementor-element-populated\">\n\t\t\t\t\t\t<div class=\"elementor-element elementor-element-8696dc2 elementor-widget elementor-widget-html\" data-id=\"8696dc2\" data-element_type=\"widget\" data-widget_type=\"html.default\">\n\t\t\t\t<div class=\"elementor-widget-container\">\n\t\t\t<br><div align=\"justify\"><font color=\"black\">\r\n<div align=\"center\">\r\n<img decoding=\"async\" src=\"https:\/\/www.ufsm.br\/pro-reitorias\/proplan\/wp-content\/uploads\/sites\/344\/2019\/09\/brasao-da-republica-do-brasil-logo.png\" alt=\"Bras\u00e3o Rep\u00fablica Federativa do Brasil\" width=\"6%\" height=\"6%\">\r\n<\/div>\r\n<h4>\r\n<font color=\"blue\">\r\n<font size=\"5\">\r\n<\/font>\r\n<\/font>\r\n<div align=\"center\">\r\n<font color=\"blue\">\r\n<font size=\"5\">MINIST\u00c9RIO DA EDUCA\u00c7\u00c3O<\/font>\r\n<\/font>\r\n<\/div>\r\n<\/h4>\r\n<p>\r\n<b>\r\n<font color=\"0000blue\">\r\n<\/font>\r\n<\/b>\r\n<\/p>\r\n<div align=\"center\">\r\n<b>\r\n<font color=\"0000blue\">UNIVERSIDADE FEDERAL DE SANTA MARIA<\/font>\r\n<\/b>\r\n<\/div>\r\n<p>\r\n<\/p>\r\n<!--StartFragment-->\r\n<p style=\"text-align: center\">\r\n<a href=\"https:\/\/portal.ufsm.br\/documentos\/publico\/documento.html?idDocumento=15702538\" style=\"color: blue !important;text-decoration: underline !important\" data-elementor-preserved=\"true\">\r\n<b>PORTARIA NORMATIVA UFSM N. 104, DE 20 DE JANEIRO DE 2026&nbsp;<\/b>\r\n<\/a>\r\n<\/p>\r\n<p>&nbsp;&nbsp;<\/p>\r\n<p>\r\n    <div style=\"color: #800000;width: 60%;margin-left: auto;margin-right: 0;text-align: justify;font-weight: normal\">\r\n      Institui, no \u00e2mbito da Universidade Federal de Santa Maria (UFSM), o dia 27 de janeiro como Dia de Mem\u00f3ria \u00e0s V\u00edtimas do Inc\u00eandio da Boate Kiss.\r\n    <\/div>\r\n<\/p>\r\n<p>&nbsp;<\/p>\r\n<p>A REITORA DA UNIVERSIDADE FEDERAL DE SANTA MARIA, no uso de suas atribui\u00e7\u00f5es legais que lhe confere o <a href=\"https:\/\/www.ufsm.br\/pro-reitorias\/proplan\/estatuto-ufsm-2010\" style=\"color: blue !important;text-decoration: underline !important\" data-elementor-preserved=\"true\">art. 30 do Estatuto da Universidade Federal de Santa Maria<\/a> com as adequa\u00e7\u00f5es aprovadas pela <a href=\"https:\/\/www.ufsm.br\/pro-reitorias\/proplan\/resolucao-n-037-2010\" style=\"color: blue !important;text-decoration: underline !important\" data-elementor-preserved=\"true\">Resolu\u00e7\u00e3o UFSM n\u00b0 037, de 30 de novembro de 2010<\/a>, aprovado pela Portaria n\u00b0 156, de 12 de mar\u00e7o de 2014, e publicado no Di\u00e1rio Oficial da Uni\u00e3o em 13 de mar\u00e7o de 2014, considerando o profundo impacto humano, social e institucional do referido evento sobre a comunidade universit\u00e1ria e a sociedade santa-mariense, a import\u00e2ncia da preserva\u00e7\u00e3o da mem\u00f3ria coletiva, do respeito \u00e0s v\u00edtimas e a seus familiares, bem como do compromisso institucional com a reflex\u00e3o, a solidariedade e a promo\u00e7\u00e3o de uma cultura de cuidado, preven\u00e7\u00e3o e valoriza\u00e7\u00e3o da vida, e o que consta no processo <a name=\"title3_anchor\">\r\n<\/a>\r\n<a href=\"https:\/\/portal.ufsm.br\/documentos\/usuario\/processo\/documento.html?idDocumento=15701741\" style=\"color: blue !important;text-decoration: underline !important\" data-elementor-preserved=\"true\">23081.005399\/2026-13<\/a>, resolve:<\/p>\r\n<p>&nbsp;<\/p>\r\n<p>Art. 1\u00b0&nbsp; Instituir, no \u00e2mbito da Universidade Federal de Santa Maria (UFSM), o dia 27 de janeiro como Dia de Mem\u00f3ria \u00e0s V\u00edtimas do Inc\u00eandio da Boate Kiss.<\/p>\r\n<p>Art. 2\u00b0&nbsp; No dia 27 de janeiro de 2026, ficam suspensas as atividades acad\u00eamicas e administrativas da Universidade Federal de Santa Maria (UFSM).<\/p>\r\n<p>Par\u00e1grafo \u00fanico. Excluem-se da suspens\u00e3o prevista no art. 2\u00b0 os servi\u00e7os essenciais<b>,<\/b> cuja continuidade seja indispens\u00e1vel ao funcionamento institucional, \u00e0 seguran\u00e7a, \u00e0 sa\u00fade e \u00e0 preserva\u00e7\u00e3o do patrim\u00f4nio, conforme defini\u00e7\u00e3o das respectivas unidades e \u00f3rg\u00e3os competentes.&nbsp;<\/p>\r\n<p>Art. 3\u00b0&nbsp; As unidades acad\u00eamicas e administrativas poder\u00e3o, respeitada sua autonomia, promover atividades de car\u00e1ter memorial, educativo, reflexivo ou cultural<b>,<\/b> voltadas \u00e0 preserva\u00e7\u00e3o da mem\u00f3ria das v\u00edtimas, \u00e0 promo\u00e7\u00e3o da seguran\u00e7a coletiva e \u00e0 valoriza\u00e7\u00e3o da vida.&nbsp;<\/p>\r\n<p>Art. 4\u00b0  A inobserv\u00e2ncia ao disposto nesta Portaria n\u00e3o constitui escusa v\u00e1lida para o descumprimento da norma nem resulta em sua invalidade. <\/p>\r\n<p>Art. 5\u00b0&nbsp; Esta Portaria entra em vigor na data de sua publica\u00e7\u00e3o, de acordo com o que prev\u00ea o&nbsp;&nbsp;<a href=\"https:\/\/www.planalto.gov.br\/ccivil_03\/_ato2023-2026\/2024\/decreto\/d12002.htm\" style=\"color: blue !important;text-decoration: underline !important\" data-elementor-preserved=\"true\" title=\"https:\/\/www.planalto.gov.br\/ccivil_03\/_ato2023-2026\/2024\/decreto\/d12002.htm\">\r\n<\/a>\r\n<a href=\"https:\/\/www.planalto.gov.br\/ccivil_03\/_ato2023-2026\/2024\/decreto\/d12002.htm\" style=\"color: blue !important;text-decoration: underline !important\" data-elementor-preserved=\"true\">Decreto n\u00b0 12.002, de 22 de abril de 2024, art. 18, inciso IV.&nbsp;<\/a>\r\n<\/p>\r\n<p>&nbsp;<\/p>\r\n<p style=\"text-align: right\">Martha Bohrer Adaime, <\/p>\r\n<p style=\"text-align: right\">Reitora&nbsp;<\/p>\r\n<p>\r\n<span style=\"color: red\">Este texto n\u00e3o substitui o documento original, publicado no Portal de Documentos.<\/span> Dispon\u00edvel em <a href=\"https:\/\/portal.ufsm.br\/documentos\/publico\/documento.html?idDocumento=15702538\" style=\"color: blue !important;text-decoration: underline !important\" data-elementor-preserved=\"true\">https:\/\/portal.ufsm.br\/documentos\/publico\/documento.html?idDocumento=15702538<\/a>\r\n<\/p>\r\n<!--EndFragment-->\r\n<div class=\"normal-text\" style=\"text-align: center\">\r\n<\/div>\r\n<div class=\"normal-text\" style=\"text-align: center\">\r\n<\/div>\r\n<\/font><\/div>\t\t<\/div>\n\t\t\t\t<\/div>\n\t\t\t\t\t<\/div>\n\t\t<\/div>\n\t\t\t\t\t<\/div>\n\t\t<\/section>\n\t\t\t\t<\/div>\n\t\t","protected":false},"excerpt":{"rendered":"<p>MINIST\u00c9RIO DA EDUCA\u00c7\u00c3O UNIVERSIDADE FEDERAL DE SANTA MARIA PORTARIA NORMATIVA UFSM N. 104, DE 20 DE JANEIRO DE 2026&nbsp; &nbsp;&nbsp; Institui, no \u00e2mbito da Universidade Federal de Santa Maria (UFSM), o dia 27 de janeiro como Dia de Mem\u00f3ria \u00e0s V\u00edtimas do Inc\u00eandio da Boate Kiss. &nbsp; A REITORA DA UNIVERSIDADE FEDERAL DE SANTA MARIA, [&hellip;]<\/p>\n","protected":false},"author":8863,"featured_media":0,"parent":0,"menu_order":0,"comment_status":"closed","ping_status":"closed","template":"","meta":{"footnotes":""},"categories":[],"tags":[],"class_list":["post-7192","page","type-page","status-publish","hentry"],"acf":[],"_links":{"self":[{"href":"https:\/\/www.ufsm.br\/pro-reitorias\/proplan\/wp-json\/wp\/v2\/pages\/7192","targetHints":{"allow":["GET"]}}],"collection":[{"href":"https:\/\/www.ufsm.br\/pro-reitorias\/proplan\/wp-json\/wp\/v2\/pages"}],"about":[{"href":"https:\/\/www.ufsm.br\/pro-reitorias\/proplan\/wp-json\/wp\/v2\/types\/page"}],"author":[{"embeddable":true,"href":"https:\/\/www.ufsm.br\/pro-reitorias\/proplan\/wp-json\/wp\/v2\/users\/8863"}],"replies":[{"embeddable":true,"href":"https:\/\/www.ufsm.br\/pro-reitorias\/proplan\/wp-json\/wp\/v2\/comments?post=7192"}],"version-history":[{"count":0,"href":"https:\/\/www.ufsm.br\/pro-reitorias\/proplan\/wp-json\/wp\/v2\/pages\/7192\/revisions"}],"wp:attachment":[{"href":"https:\/\/www.ufsm.br\/pro-reitorias\/proplan\/wp-json\/wp\/v2\/media?parent=7192"}],"wp:term":[{"taxonomy":"category","embeddable":true,"href":"https:\/\/www.ufsm.br\/pro-reitorias\/proplan\/wp-json\/wp\/v2\/categories?post=7192"},{"taxonomy":"post_tag","embeddable":true,"href":"https:\/\/www.ufsm.br\/pro-reitorias\/proplan\/wp-json\/wp\/v2\/tags?post=7192"}],"curies":[{"name":"wp","href":"https:\/\/api.w.org\/{rel}","templated":true}]}}