{"id":7277,"date":"2026-04-07T12:15:42","date_gmt":"2026-04-07T15:15:42","guid":{"rendered":"https:\/\/www.ufsm.br\/pro-reitorias\/proplan\/?page_id=7277"},"modified":"2026-04-07T12:15:55","modified_gmt":"2026-04-07T15:15:55","slug":"instrucao-normativa-progep-ufsm-n-001-de-6-de-abril-de-2026","status":"publish","type":"page","link":"https:\/\/www.ufsm.br\/pro-reitorias\/proplan\/instrucao-normativa-progep-ufsm-n-001-de-6-de-abril-de-2026","title":{"rendered":"INSTRU\u00c7\u00c3O NORMATIVA PROGEP\/UFSM N\u00b0 001, DE 6 DE ABRIL DE 2026"},"content":{"rendered":"\t\t<div data-elementor-type=\"wp-page\" data-elementor-id=\"7277\" class=\"elementor elementor-7277\">\n\t\t\t\t\t\t<section class=\"elementor-section elementor-top-section elementor-element elementor-element-d659490 elementor-section-boxed elementor-section-height-default elementor-section-height-default\" data-id=\"d659490\" data-element_type=\"section\">\n\t\t\t\t\t\t<div class=\"elementor-container elementor-column-gap-default\">\n\t\t\t\t\t<div class=\"elementor-column elementor-col-100 elementor-top-column elementor-element elementor-element-dc75615\" data-id=\"dc75615\" data-element_type=\"column\">\n\t\t\t<div class=\"elementor-widget-wrap elementor-element-populated\">\n\t\t\t\t\t\t<div class=\"elementor-element elementor-element-901d495 elementor-widget elementor-widget-html\" data-id=\"901d495\" data-element_type=\"widget\" data-widget_type=\"html.default\">\n\t\t\t\t<div class=\"elementor-widget-container\">\n\t\t\t<br><div align=\"justify\"><font color=\"black\">\r\n<div align=\"center\">\r\n<img decoding=\"async\" src=\"https:\/\/www.ufsm.br\/pro-reitorias\/proplan\/wp-content\/uploads\/sites\/344\/2019\/09\/brasao-da-republica-do-brasil-logo.png\" alt=\"Bras\u00e3o Rep\u00fablica Federativa do Brasil\" width=\"6%\" height=\"6%\">\r\n<\/div>\r\n<h4>\r\n<font color=\"blue\">\r\n<font size=\"5\">\r\n<\/font>\r\n<\/font>\r\n<div align=\"center\">\r\n<font color=\"blue\">\r\n<font size=\"5\">MINIST\u00c9RIO DA EDUCA\u00c7\u00c3O<\/font>\r\n<\/font>\r\n<\/div>\r\n<\/h4>\r\n<p>\r\n<b>\r\n<font color=\"0000blue\">\r\n<\/font>\r\n<\/b>\r\n<\/p>\r\n<div align=\"center\">\r\n<b>\r\n<font color=\"0000blue\">UNIVERSIDADE FEDERAL DE SANTA MARIA<\/font>\r\n<\/b>\r\n<\/div>\r\n<p>\r\n<\/p>\r\n<!--StartFragment-->\r\n<span id=\"docs-internal-guid-53a93217-7fff-8e4e-fa62-691b85d66d91\">\r\n<p dir=\"ltr\" style=\"text-align: center\">\r\n<a href=\"https:\/\/portal.ufsm.br\/documentos\/publico\/documento.html?idDocumento=15783153\" style=\"color: blue !important;text-decoration: underline !important\" data-elementor-preserved=\"true\">\r\n<b>INSTRU\u00c7\u00c3O NORMATIVA PROGEP\/UFSM N\u00b0 001, DE 6 DE ABRIL DE 2026<\/b>\r\n<\/a>\r\n<\/p>\r\n<br>\r\n<p dir=\"ltr\">\r\n    <div style=\"color: #800000;width: 60%;margin-left: auto;margin-right: 0;text-align: justify;font-weight: normal\">\r\n      Estabelece os requisitos referentes \u00e0 redistribui\u00e7\u00e3o de servidores(as), no \u00e2mbito da Universidade Federal de Santa Maria (UFSM), de acordo com o que estabelece a Portaria Normativa UFSM n\u00b0 061, de 14 de abril de 2023.\r\n    <\/div>\r\n<\/p>\r\n<br>\r\n<p dir=\"ltr\">O PR\u00d3-REITOR DE GEST\u00c3O DE PESSOAS DA UNIVERSIDADE FEDERAL DE SANTA MARIA, no uso de suas atribui\u00e7\u00f5es legais que lhe confere o art. 23 do <a href=\"https:\/\/www.ufsm.br\/pro-reitorias\/proplan\/regimento-geral-da-ufsm-com-alteracoes-compiladas-pela-resolucao-n-016-2019\" style=\"color: blue !important;text-decoration: underline !important\" data-elementor-preserved=\"true\">Regimento Geral da UFSM<\/a>, tendo em vista o que consta na <a href=\"https:\/\/www.planalto.gov.br\/ccivil_03\/leis\/l8112cons.htm\" style=\"color: blue !important;text-decoration: underline !important\" data-elementor-preserved=\"true\">Lei n\u00b0 8.112, de 11 de dezembro de 1990<\/a>, na <a href=\"https:\/\/www.ufsm.br\/pro-reitorias\/proplan\/portaria-normativa-ufsm-n-061-2023\" style=\"color: blue !important;text-decoration: underline !important\" data-elementor-preserved=\"true\">Portaria Normativa UFSM n\u00b0 061, de 14 de abril de 2023<\/a>, na Nota T\u00e9cnica SEI n\u00b0 24307\/2025\/MGI, e no Processo n\u00b0 <a href=\"https:\/\/portal.ufsm.br\/documentos\/publico\/processo\/documento.html?idDocumento=15774712\" style=\"color: blue !important;text-decoration: underline !important\" data-elementor-preserved=\"true\">23081.043708\/2026-45<\/a>, resolve:<\/p>\r\n<br>\r\n<p dir=\"ltr\">Art. 1\u00b0 Estabelecer os requisitos referentes \u00e0 redistribui\u00e7\u00e3o de servidores(as), no \u00e2mbito da Universidade Federal de Santa Maria (UFSM), de acordo com o que estabelece a <a href=\"https:\/\/www.ufsm.br\/pro-reitorias\/proplan\/portaria-normativa-ufsm-n-061-2023\" style=\"color: blue !important;text-decoration: underline !important\" data-elementor-preserved=\"true\">Portaria Normativa UFSM n\u00b0 061, de 14 de abril de 2023<\/a>.<\/p>\r\n<p dir=\"ltr\">Art. 2\u00b0 A partir da vig\u00eancia desta Instru\u00e7\u00e3o Normativa, no \u00e2mbito da UFSM, a redistribui\u00e7\u00e3o de cargos efetivos ocupados e vagos poder\u00e1 ocorrer, observadas as modalidades previstas na Portaria 061\/2023, nas seguintes situa\u00e7\u00f5es:<\/p>\r\n<p dir=\"ltr\">I - movimenta\u00e7\u00e3o de servidor(a) da UFSM para outra institui\u00e7\u00e3o tendo como contrapartida, \u00e0 UFSM, um c\u00f3digo de vaga desocupado, resguardado o interesse da administra\u00e7\u00e3o;&nbsp;<\/p>\r\n<p dir=\"ltr\">II - movimenta\u00e7\u00e3o de servidor(a) para a UFSM em raz\u00e3o de sua forma\u00e7\u00e3o, experi\u00eancia ou \u00e1rea de atua\u00e7\u00e3o, devidamente motivada e justificada, nos casos oriundos de determina\u00e7\u00e3o expressa de \u00f3rg\u00e3os p\u00fablicos de controle; ou<\/p>\r\n<p dir=\"ltr\">III - movimenta\u00e7\u00e3o de servidor(a) para a UFSM quando o(a) interessado(a) tiver resid\u00eancia permanente na cidade onde se localiza o Campus de destino, de maneira devidamente comprovada, raz\u00e3o pela qual n\u00e3o haver\u00e1 despesas de ajuda de custo por parte desta institui\u00e7\u00e3o.<\/p>\r\n<p dir=\"ltr\">Par\u00e1grafo \u00fanico. Todas as modalidades de redistribui\u00e7\u00e3o necessitar\u00e3o da aprova\u00e7\u00e3o pr\u00e9via da outra institui\u00e7\u00e3o antes do envio ao Minist\u00e9rio da Educa\u00e7\u00e3o.<\/p>\r\n<p dir=\"ltr\">Art. 3\u00b0 Em todos os casos em que seja dado andamento ao processo de redistribui\u00e7\u00e3o, ser\u00e3o observadas as demais regras estabelecidas pela <a href=\"https:\/\/www.ufsm.br\/pro-reitorias\/proplan\/portaria-normativa-ufsm-n-061-2023\" style=\"color: blue !important;text-decoration: underline !important\" data-elementor-preserved=\"true\">Portaria Normativa UFSM N\u00b0 061, de 14 de abril de 2023<\/a> e pelas legisla\u00e7\u00f5es federais vigentes.<\/p>\r\n<p dir=\"ltr\">Art. 4\u00b0 A inobserv\u00e2ncia ao disposto nesta Instru\u00e7\u00e3o Normativa n\u00e3o constitui escusa v\u00e1lida para o descumprimento da norma nem resulta em sua invalidade.<\/p>\r\n<p dir=\"ltr\">Art. 5\u00b0 Esta Instru\u00e7\u00e3o Normativa entra em vig\u00eancia na data de sua publica\u00e7\u00e3o, de acordo com o que prev\u00ea o <a href=\"https:\/\/www.planalto.gov.br\/ccivil_03\/_ato2023-2026\/2024\/decreto\/d12002.htm\" style=\"color: blue !important;text-decoration: underline !important\" data-elementor-preserved=\"true\">Decreto n\u00b0 12.002, de 22 de abril de 2024<\/a>, art. 18, IV.<\/p>\r\n<p dir=\"ltr\">\r\n<br>\r\n<\/p>\r\n<p dir=\"ltr\" style=\"text-align: right\">Frank Leonardo Casado&nbsp;<\/p>\r\n<p dir=\"ltr\" style=\"text-align: right\">Pr\u00f3-Reitor de Gest\u00e3o de Pessoas<\/p>\r\n<p dir=\"ltr\" style=\"text-align: right\">\r\n<br>\r\n<\/p>\r\n<p>\r\n<span style=\"color: red\">Este texto n\u00e3o substitui o documento original, publicado no Portal de Documentos.<\/span> Dispon\u00edvel em <a href=\"https:\/\/portal.ufsm.br\/documentos\/publico\/documento.html?idDocumento=15783153\" style=\"color: blue !important;text-decoration: underline !important\" data-elementor-preserved=\"true\">https:\/\/portal.ufsm.br\/documentos\/publico\/documento.html?idDocumento=15783153<\/a>\r\n<\/p>\r\n<\/span>\r\n<br>\r\n<!--EndFragment-->\r\n<div class=\"normal-text\" style=\"text-align: center\">\r\n<\/div>\r\n<div class=\"normal-text\" style=\"text-align: center\">\r\n<\/div>\r\n<\/font><\/div>\t\t<\/div>\n\t\t\t\t<\/div>\n\t\t\t\t\t<\/div>\n\t\t<\/div>\n\t\t\t\t\t<\/div>\n\t\t<\/section>\n\t\t\t\t<\/div>\n\t\t","protected":false},"excerpt":{"rendered":"<p>MINIST\u00c9RIO DA EDUCA\u00c7\u00c3O UNIVERSIDADE FEDERAL DE SANTA MARIA INSTRU\u00c7\u00c3O NORMATIVA PROGEP\/UFSM N\u00b0 001, DE 6 DE ABRIL DE 2026 Estabelece os requisitos referentes \u00e0 redistribui\u00e7\u00e3o de servidores(as), no \u00e2mbito da Universidade Federal de Santa Maria (UFSM), de acordo com o que estabelece a Portaria Normativa UFSM n\u00b0 061, de 14 de abril de 2023. O [&hellip;]<\/p>\n","protected":false},"author":1466,"featured_media":0,"parent":0,"menu_order":0,"comment_status":"closed","ping_status":"closed","template":"","meta":{"footnotes":""},"categories":[],"tags":[],"class_list":["post-7277","page","type-page","status-publish","hentry"],"acf":[],"_links":{"self":[{"href":"https:\/\/www.ufsm.br\/pro-reitorias\/proplan\/wp-json\/wp\/v2\/pages\/7277","targetHints":{"allow":["GET"]}}],"collection":[{"href":"https:\/\/www.ufsm.br\/pro-reitorias\/proplan\/wp-json\/wp\/v2\/pages"}],"about":[{"href":"https:\/\/www.ufsm.br\/pro-reitorias\/proplan\/wp-json\/wp\/v2\/types\/page"}],"author":[{"embeddable":true,"href":"https:\/\/www.ufsm.br\/pro-reitorias\/proplan\/wp-json\/wp\/v2\/users\/1466"}],"replies":[{"embeddable":true,"href":"https:\/\/www.ufsm.br\/pro-reitorias\/proplan\/wp-json\/wp\/v2\/comments?post=7277"}],"version-history":[{"count":0,"href":"https:\/\/www.ufsm.br\/pro-reitorias\/proplan\/wp-json\/wp\/v2\/pages\/7277\/revisions"}],"wp:attachment":[{"href":"https:\/\/www.ufsm.br\/pro-reitorias\/proplan\/wp-json\/wp\/v2\/media?parent=7277"}],"wp:term":[{"taxonomy":"category","embeddable":true,"href":"https:\/\/www.ufsm.br\/pro-reitorias\/proplan\/wp-json\/wp\/v2\/categories?post=7277"},{"taxonomy":"post_tag","embeddable":true,"href":"https:\/\/www.ufsm.br\/pro-reitorias\/proplan\/wp-json\/wp\/v2\/tags?post=7277"}],"curies":[{"name":"wp","href":"https:\/\/api.w.org\/{rel}","templated":true}]}}