{"id":104,"date":"2019-06-25T14:27:41","date_gmt":"2019-06-25T17:27:41","guid":{"rendered":"https:\/\/www.ufsm.br\/pro-reitorias\/prpgp\/jai\/?page_id=104"},"modified":"2019-06-25T14:27:43","modified_gmt":"2019-06-25T17:27:43","slug":"cerimonia-de-abertura","status":"publish","type":"page","link":"https:\/\/www.ufsm.br\/pro-reitorias\/prpgp\/jai\/cerimonia-de-abertura","title":{"rendered":"Cerim\u00f4nia de Abertura"},"content":{"rendered":"\n<p><strong>LOCAL: <\/strong>Audit\u00f3rio do Centro de Conven\u00e7\u00f5es<\/p>\n\n\n\n<p><strong>HOR\u00c1RIO DE IN\u00cdCIO:<\/strong> 9:00h<\/p>\n\n\n\n<p><strong>DATA:<\/strong> 22 de outubro de 2018<\/p>\n\n\n\n<p><strong>Entrega do Pr\u00eamio Pesquisador Destaque UFSM 2018<\/strong>: Professor Bernardo Baldisserotto<\/p>\n\n\n\n<p><strong>Entrega do Pr\u00eamio Professor Destaque UFSM 2018: <\/strong>Professor Frederico Menine Shaf<\/p>\n\n\n\n<p><strong>Entrega do Pr\u00eamio Destaque Extensionista (TAE e Docente) 2018: <\/strong>Professora Ana Primavesi e TAE Venice Terezinha Grings<\/p>\n\n\n\n<p><strong>PALESTRA DE ABERTURA:<\/strong><\/p>\n\n\n\n<p><strong>Prof. Dr. Jos\u00e9 Motta<\/strong><\/p>\n\n\n\n<p><strong>T\u00edtulo:&nbsp;<\/strong>&nbsp;A Educa\u00e7\u00e3o para um Mundo Exponencial<\/p>\n\n\n\n<p><strong><a href=\"http:\/\/www.youtube.com\/watch?v=t2V6pT0pk2U\" target=\"_blank\" rel=\"noreferrer noopener\">www.youtube.com\/watch?v=t2V6pT0pk2U<\/a><\/strong><\/p>\n","protected":false},"excerpt":{"rendered":"<p>LOCAL: Audit\u00f3rio do Centro de Conven\u00e7\u00f5es HOR\u00c1RIO DE IN\u00cdCIO: 9:00h DATA: 22 de outubro de 2018 Entrega do Pr\u00eamio Pesquisador Destaque UFSM 2018: Professor Bernardo Baldisserotto Entrega do Pr\u00eamio Professor Destaque UFSM 2018: Professor Frederico Menine Shaf Entrega do Pr\u00eamio Destaque Extensionista (TAE e Docente) 2018: Professora Ana Primavesi e TAE Venice Terezinha Grings PALESTRA [&hellip;]<\/p>\n","protected":false},"author":723,"featured_media":0,"parent":0,"menu_order":0,"comment_status":"closed","ping_status":"closed","template":"","meta":{"footnotes":""},"categories":[],"tags":[],"class_list":["post-104","page","type-page","status-publish","hentry"],"acf":[],"_links":{"self":[{"href":"https:\/\/www.ufsm.br\/pro-reitorias\/prpgp\/jai\/wp-json\/wp\/v2\/pages\/104","targetHints":{"allow":["GET"]}}],"collection":[{"href":"https:\/\/www.ufsm.br\/pro-reitorias\/prpgp\/jai\/wp-json\/wp\/v2\/pages"}],"about":[{"href":"https:\/\/www.ufsm.br\/pro-reitorias\/prpgp\/jai\/wp-json\/wp\/v2\/types\/page"}],"author":[{"embeddable":true,"href":"https:\/\/www.ufsm.br\/pro-reitorias\/prpgp\/jai\/wp-json\/wp\/v2\/users\/723"}],"replies":[{"embeddable":true,"href":"https:\/\/www.ufsm.br\/pro-reitorias\/prpgp\/jai\/wp-json\/wp\/v2\/comments?post=104"}],"version-history":[{"count":0,"href":"https:\/\/www.ufsm.br\/pro-reitorias\/prpgp\/jai\/wp-json\/wp\/v2\/pages\/104\/revisions"}],"wp:attachment":[{"href":"https:\/\/www.ufsm.br\/pro-reitorias\/prpgp\/jai\/wp-json\/wp\/v2\/media?parent=104"}],"wp:term":[{"taxonomy":"category","embeddable":true,"href":"https:\/\/www.ufsm.br\/pro-reitorias\/prpgp\/jai\/wp-json\/wp\/v2\/categories?post=104"},{"taxonomy":"post_tag","embeddable":true,"href":"https:\/\/www.ufsm.br\/pro-reitorias\/prpgp\/jai\/wp-json\/wp\/v2\/tags?post=104"}],"curies":[{"name":"wp","href":"https:\/\/api.w.org\/{rel}","templated":true}]}}