{"id":106,"date":"2019-06-25T14:42:44","date_gmt":"2019-06-25T17:42:44","guid":{"rendered":"https:\/\/www.ufsm.br\/pro-reitorias\/prpgp\/jai\/?page_id=106"},"modified":"2019-06-25T14:48:56","modified_gmt":"2019-06-25T17:48:56","slug":"palestras","status":"publish","type":"page","link":"https:\/\/www.ufsm.br\/pro-reitorias\/prpgp\/jai\/palestras","title":{"rendered":"Palestras"},"content":{"rendered":"\n<p>Palestras da 33\u00aa Jornada Acad\u00eamica Integrada:<\/p>\n\n\n\n<h3 class=\"wp-block-heading\"><strong>Dia 22 de outubro de 2018\u00a0<\/strong><\/h3>\n\n\n\n<p><\/p>\n\n\n\n<ul class=\"wp-block-list\"><li><strong>Dr\u00aa. Fernanda Silveira Flores Vogel\u00a0<a href=\"http:\/\/lattes.cnpq.br\/9676833435314493\">(Curr\u00edculo)<\/a><\/strong><\/li><\/ul>\n\n\n\n<p>Medicina Veterin\u00e1ria &#8211;&nbsp;Pr\u00e9dio 74 A &#8211; Sala 2264 &#8211; 16 horas<\/p>\n\n\n\n<p><strong><em>Toxoplasmose em Santa Maria<\/em><\/strong><\/p>\n\n\n\n<p><em>(<a href=\"https:\/\/www.ufsm.br\/pro-reitorias\/prpgp\/jai\/wp-content\/uploads\/sites\/681\/2019\/06\/Fernanda_Vogel.pdf\">Resumo<\/a>)<\/em><\/p>\n\n\n\n<ul class=\"wp-block-list\"><li><strong>Dr. Ricardo Bergamo Schenato<\/strong>&nbsp;<a href=\"http:\/\/lattes.cnpq.br\/4043277579467500\">(Curr\u00edculo)<\/a><\/li><\/ul>\n\n\n\n<p>Ci\u00eancia dos Solos &#8211;&nbsp;Pr\u00e9dio 74 A &#8211; Sala 2265 &#8211; 16 horas<\/p>\n\n\n\n<p><strong><em>Realidade Virtual como instrumento de ensino: a experi\u00eancia no Museu de Solos do Rio Grande do Sul<\/em><\/strong><\/p>\n\n\n\n<p>&nbsp;<em>(<a href=\"https:\/\/www.ufsm.br\/pro-reitorias\/prpgp\/jai\/wp-content\/uploads\/sites\/681\/2019\/06\/Dr_Ricardo_Bergamo_Schenato.pdf\">Resumo<\/a>)<\/em><\/p>\n\n\n\n<ul class=\"wp-block-list\"><li><strong>Dr\u00aa. Sabrina Somacal&nbsp;<\/strong><a href=\"http:\/\/lattes.cnpq.br\/2034988951511299\">(Curr\u00edculo)<\/a><\/li><\/ul>\n\n\n\n<p>Ci\u00eancia e Tecnologia dos Alimentos &#8211;&nbsp;Pr\u00e9dio 74 A &#8211; Sala 2274 &#8211; 16 horas<\/p>\n\n\n\n<p><strong><em>Modelos experimentais para avalia\u00e7\u00e3o de efeitos bioativos de caroten\u00f3ides<\/em><\/strong><\/p>\n\n\n\n<p><em>(<a href=\"https:\/\/www.ufsm.br\/pro-reitorias\/prpgp\/jai\/wp-content\/uploads\/sites\/681\/2019\/06\/Resumo_palestra_JAI_2018___Sabrina_Somacal.pdf\">Resumo<\/a>)&nbsp;<\/em>&nbsp;<\/p>\n\n\n\n<h2 class=\"wp-block-heading\"><strong>Dia 23 de outubro de 2018\u00a0<\/strong><\/h2>\n\n\n\n<p><\/p>\n\n\n\n<ul class=\"wp-block-list\"><li><strong>Dr. Jos\u00e9 Carlos Merino Mombach&nbsp;<a href=\"http:\/\/lattes.cnpq.br\/7661373078999069\">(Curr\u00edculo)<\/a><\/strong><\/li><\/ul>\n\n\n\n<p>Biof\u00edsica &#8211;&nbsp;Pr\u00e9dio 74 A &#8211; Sala 2264 &#8211; 16 horas<\/p>\n\n\n\n<p><strong><em>Usando bioinform\u00e1tica para entender o controle do destino celular entre apoptose ou senesc\u00eancia<\/em><\/strong><\/p>\n\n\n\n<p>(<em><a href=\"https:\/\/www.ufsm.br\/pro-reitorias\/prpgp\/jai\/wp-content\/uploads\/sites\/681\/2019\/06\/Resumo_-_JCM_Mombach.pdf\">Resumo<\/a>)<\/em><\/p>\n\n\n\n<ul class=\"wp-block-list\"><li><strong>Ms. Eduardo Almeida da Silveira&nbsp;(Curr\u00edculo)<\/strong><\/li><\/ul>\n\n\n\n<p>&nbsp;Medicina Veterin\u00e1ria &#8211;&nbsp;Pr\u00e9dio 74 A &#8211; Sala 2274 &#8211; 16 horas<\/p>\n\n\n\n<p>&nbsp;<strong><em>Bem estar de equinos &#8211; O dif\u00edcil papel do M\u00e9dico Veterin\u00e1rio<\/em><\/strong><\/p>\n\n\n\n<p>&nbsp;<em>(<a href=\"https:\/\/www.ufsm.br\/pro-reitorias\/prpgp\/jai\/wp-content\/uploads\/sites\/681\/2019\/06\/Eduardo_Almeida_da_Silveira.pdf\">Resumo<\/a>)<\/em><\/p>\n\n\n\n<ul class=\"wp-block-list\"><li><strong>Dr. Marcelo Silveira de Farias&nbsp;(Curr\u00edculo)<\/strong><\/li><\/ul>\n\n\n\n<p>&nbsp;Engenharia Agr\u00edcola &#8211;&nbsp;Pr\u00e9dio 74 A &#8211; Sala 2275 &#8211; 16 horas<\/p>\n\n\n\n<p>&nbsp;<strong><em>Dinanometria Aplicada &#8211; Pesquisa e Extens\u00e3o<\/em><\/strong><\/p>\n\n\n\n<p><em>&nbsp;<em>(<a href=\"https:\/\/www.ufsm.br\/pro-reitorias\/prpgp\/jai\/wp-content\/uploads\/sites\/681\/2019\/06\/Dr_Marcelo_Silveira_de_Farias.pdf\">Resumo<\/a>)<\/em><\/em><\/p>\n\n\n\n<h2 class=\"wp-block-heading\"><strong>Dia 24 de outubro de 2018\u00a0<\/strong><\/h2>\n\n\n\n<p><\/p>\n\n\n\n<ul class=\"wp-block-list\"><li><strong>Dr. Felipe Garcia Ribeiro&nbsp;(Curr\u00edculo)<\/strong><\/li><\/ul>\n\n\n\n<p>&nbsp;Economia &#8211;&nbsp;Pr\u00e9dio 74 A &#8211; Sala 2274 &#8211; 16 horas<\/p>\n\n\n\n<p>&nbsp;<em><strong>Pol\u00edticas P\u00fablicas de Desenvolvimento e Programas Sociais: Consequ\u00eancias sobre a Economia Brasileira<\/strong><\/em><\/p>\n\n\n\n<p>&nbsp;<em>(<a href=\"https:\/\/www.ufsm.br\/pro-reitorias\/prpgp\/jai\/wp-content\/uploads\/sites\/681\/2019\/06\/Felipe_Garcia_Ribeiro.pdf\">Resumo<\/a>)<\/em><\/p>\n\n\n\n<ul class=\"wp-block-list\"><li><strong>Dr. Felipe Klein Ricachenevsky&nbsp;(Curr\u00edculo)<\/strong><\/li><\/ul>\n\n\n\n<p>&nbsp;Biologia &#8211;&nbsp;Pr\u00e9dio 74 A &#8211; Sala 2275 &#8211; 16 horas<\/p>\n\n\n\n<p>&nbsp;<strong><em>Playing with MAGIC: entendendo o ionoma das plantas<\/em><\/strong><strong><em><br><\/em><\/strong><\/p>\n\n\n\n<ul class=\"wp-block-list\"><li><strong>Dr. Fl\u00e1vio Williges&nbsp;(Curr\u00edculo)<\/strong><\/li><\/ul>\n\n\n\n<p>&nbsp;Filosofia &#8211;&nbsp;Pr\u00e9dio 74 A &#8211; Sala 2335 &#8211; 16 horas<\/p>\n\n\n\n<p>&nbsp;<em><strong>O papel das emo\u00e7\u00f5es no comportamento moral<\/strong><\/em><\/p>\n\n\n\n<p>&nbsp;<em>(<a href=\"https:\/\/www.ufsm.br\/pro-reitorias\/prpgp\/jai\/wp-content\/uploads\/sites\/681\/2019\/06\/Flavio_Williges.pdf\">Resumo<\/a>)<\/em><\/p>\n\n\n\n<ul class=\"wp-block-list\"><li><strong>Ms. Ariani Avozani Oliveira&nbsp;(Curr\u00edculo)<\/strong><\/li><\/ul>\n\n\n\n<p>&nbsp;Direito &#8211;&nbsp;Pr\u00e9dio 74 A &#8211; Sala 2343 &#8211; 16 horas<\/p>\n\n\n\n<p>&nbsp;<em><strong>Reforma Trabalhista: Aspectos pol\u00eamicos<\/strong><\/em><\/p>\n\n\n\n<p><em>&nbsp;(<a href=\"https:\/\/www.ufsm.br\/pro-reitorias\/prpgp\/jai\/wp-content\/uploads\/sites\/681\/2019\/06\/Ms_Ariani_Avozani_Oliveira.pdf\">Resumo<\/a>)<\/em><\/p>\n\n\n\n<h2 class=\"wp-block-heading\"><strong>Dia 25 de outubro de 2018\u00a0<\/strong><\/h2>\n\n\n\n<p><\/p>\n\n\n\n<ul class=\"wp-block-list\"><li><strong>Dr. Adenauer Girardi Casali&nbsp;(Curr\u00edculo)<\/strong><\/li><\/ul>\n\n\n\n<p><em>&nbsp;<\/em>Engenharia Biom\u00e9dica &#8211;&nbsp;Pr\u00e9dio 74 A &#8211; Sala 2264 &#8211; 16 horas<\/p>\n\n\n\n<p><em>&nbsp;<\/em><em><strong>Complexidade Cerebral e Consci\u00eancia<\/strong><\/em><\/p>\n\n\n\n<p><em>&nbsp;<em>(<a href=\"https:\/\/www.ufsm.br\/pro-reitorias\/prpgp\/jai\/wp-content\/uploads\/sites\/681\/2019\/06\/AbstractJAI_AGC.pdf\">Resumo<\/a>)<\/em><\/em><\/p>\n\n\n\n<ul class=\"wp-block-list\"><li><strong>Dr\u00aa. Daiana Silva \u00c1vila&nbsp;(Curr\u00edculo)<\/strong><\/li><\/ul>\n\n\n\n<p>&nbsp;Bioqu\u00edmica &#8211;&nbsp;Pr\u00e9dio 74 A &#8211; Sala 2265 &#8211; 16 horas<\/p>\n\n\n\n<p>&nbsp;<em><strong>Nanotoxicologia em Caenorhabditis elegans: Avan\u00e7os e desafios no uso deste modelo alternativo para determinar a seguran\u00e7a de nanopart\u00edculas org\u00e2nicas<\/strong><\/em><\/p>\n\n\n\n<p>&nbsp;<em>(<a href=\"https:\/\/www.ufsm.br\/pro-reitorias\/prpgp\/jai\/wp-content\/uploads\/sites\/681\/2019\/06\/Daiana_da_Silva_Avila.pdf\">Resumo<\/a>)<\/em><\/p>\n\n\n\n<h2 class=\"wp-block-heading\"><strong>Dia 26 de outubro de 2018\u00a0<\/strong><\/h2>\n\n\n\n<p><\/p>\n\n\n\n<ul class=\"wp-block-list\"><li><strong>Dr. Marcos Vin\u00edcio Thomas Heckler&nbsp;(Curr\u00edculo)<\/strong><\/li><\/ul>\n\n\n\n<p>&nbsp;Engenharia El\u00e9trica &#8211;&nbsp;Pr\u00e9dio 74 A &#8211; Sala 2264 &#8211; 16 horas<\/p>\n\n\n\n<p><strong><em>Antenas para Nanossat\u00e9lites no Padr\u00e3o CubeSat&nbsp;<\/em><\/strong><em>&nbsp;<\/em><\/p>\n\n\n\n<p>&nbsp;<em>(<a href=\"https:\/\/www.ufsm.br\/pro-reitorias\/prpgp\/jai\/wp-content\/uploads\/sites\/681\/2019\/06\/Resumo_JAI_Marcos_Vinicio.pdf\">Resumo<\/a>)<\/em><\/p>\n\n\n\n<ul class=\"wp-block-list\"><li><strong>Dr. Thiago Augusto de Lima Burgo&nbsp;(Curr\u00edculo)<\/strong><\/li><\/ul>\n\n\n\n<p>&nbsp;Qu\u00edmica &#8211;&nbsp;Pr\u00e9dio 74 A &#8211; Sala 2265 &#8211; 16 horas<\/p>\n\n\n\n<p>&nbsp;<em><strong>Materiais Funcionais e a Interdisciplinaridade para um Futuro Melhor<\/strong><\/em><em>&nbsp;<\/em><\/p>\n\n\n\n<p>&nbsp;<em>(<a href=\"https:\/\/www.ufsm.br\/pro-reitorias\/prpgp\/jai\/wp-content\/uploads\/sites\/681\/2019\/06\/Thiago_Burgo_Resumo_JAI.pdf\">Resumo<\/a>)<\/em><\/p>\n\n\n\n<ul class=\"wp-block-list\"><li><strong>Dr. Luiz Felipe Valter de Oliveira&nbsp;(Curr\u00edculo)<\/strong><\/li><\/ul>\n\n\n\n<p>&nbsp;Bioinform\u00e1tica &#8211;&nbsp;Pr\u00e9dio 74 A &#8211; Sala 2274 &#8211; 16 horas<\/p>\n\n\n\n<p>&nbsp;<em><strong>Bioempreendedorismo: Como uma trajet\u00f3ris acad\u00eamica pode gerar um empreendimento<\/strong><\/em><em>&nbsp;<br><\/em><\/p>\n\n\n\n<ul class=\"wp-block-list\"><li><strong>Dr. Geilson Loureiro&nbsp;(Curr\u00edculo)<\/strong><\/li><\/ul>\n\n\n\n<p>Engenharia Aeroespacial &#8211;&nbsp;Pr\u00e9dio 74 A &#8211; Sala 2253 &#8211; 16 horas<\/p>\n\n\n\n<p><em><strong>A Engenharia de Sistemas e o Laborat\u00f3rio de Integra\u00e7\u00e3o e Testes (LIT) do INPE como instrumentos para o desenvolvimento tecnol\u00f3gico e inova\u00e7\u00e3o<\/strong><\/em><\/p>\n\n\n\n<p>(<a href=\"https:\/\/www.ufsm.br\/pro-reitorias\/prpgp\/jai\/wp-content\/uploads\/sites\/681\/2019\/06\/Dr_Geilson_Loureiro.pdf\">Resumo<\/a>)<\/p>\n","protected":false},"excerpt":{"rendered":"<p>Palestras da 33\u00aa Jornada Acad\u00eamica Integrada: Dia 22 de outubro de 2018\u00a0 Dr\u00aa. Fernanda Silveira Flores Vogel\u00a0(Curr\u00edculo) Medicina Veterin\u00e1ria &#8211;&nbsp;Pr\u00e9dio 74 A &#8211; Sala 2264 &#8211; 16 horas Toxoplasmose em Santa Maria (Resumo) Dr. Ricardo Bergamo Schenato&nbsp;(Curr\u00edculo) Ci\u00eancia dos Solos &#8211;&nbsp;Pr\u00e9dio 74 A &#8211; Sala 2265 &#8211; 16 horas Realidade Virtual como instrumento de ensino: [&hellip;]<\/p>\n","protected":false},"author":723,"featured_media":0,"parent":0,"menu_order":0,"comment_status":"closed","ping_status":"closed","template":"","meta":{"footnotes":""},"categories":[],"tags":[],"class_list":["post-106","page","type-page","status-publish","hentry"],"acf":[],"_links":{"self":[{"href":"https:\/\/www.ufsm.br\/pro-reitorias\/prpgp\/jai\/wp-json\/wp\/v2\/pages\/106","targetHints":{"allow":["GET"]}}],"collection":[{"href":"https:\/\/www.ufsm.br\/pro-reitorias\/prpgp\/jai\/wp-json\/wp\/v2\/pages"}],"about":[{"href":"https:\/\/www.ufsm.br\/pro-reitorias\/prpgp\/jai\/wp-json\/wp\/v2\/types\/page"}],"author":[{"embeddable":true,"href":"https:\/\/www.ufsm.br\/pro-reitorias\/prpgp\/jai\/wp-json\/wp\/v2\/users\/723"}],"replies":[{"embeddable":true,"href":"https:\/\/www.ufsm.br\/pro-reitorias\/prpgp\/jai\/wp-json\/wp\/v2\/comments?post=106"}],"version-history":[{"count":0,"href":"https:\/\/www.ufsm.br\/pro-reitorias\/prpgp\/jai\/wp-json\/wp\/v2\/pages\/106\/revisions"}],"wp:attachment":[{"href":"https:\/\/www.ufsm.br\/pro-reitorias\/prpgp\/jai\/wp-json\/wp\/v2\/media?parent=106"}],"wp:term":[{"taxonomy":"category","embeddable":true,"href":"https:\/\/www.ufsm.br\/pro-reitorias\/prpgp\/jai\/wp-json\/wp\/v2\/categories?post=106"},{"taxonomy":"post_tag","embeddable":true,"href":"https:\/\/www.ufsm.br\/pro-reitorias\/prpgp\/jai\/wp-json\/wp\/v2\/tags?post=106"}],"curies":[{"name":"wp","href":"https:\/\/api.w.org\/{rel}","templated":true}]}}