{"id":1214,"date":"2019-10-01T09:41:22","date_gmt":"2019-10-01T12:41:22","guid":{"rendered":"https:\/\/www.ufsm.br\/pro-reitorias\/prpgp\/jai\/?page_id=1214"},"modified":"2020-07-31T10:40:39","modified_gmt":"2020-07-31T13:40:39","slug":"modulos-banner","status":"publish","type":"page","link":"https:\/\/www.ufsm.br\/pro-reitorias\/prpgp\/jai\/modulos-banner","title":{"rendered":"M\u00f3dulos Banner"},"content":{"rendered":"\n<p><strong>Neste ano de 2020 as apresenta\u00e7\u00f5es da 35\u00aa Jornada Acad\u00eamica Integrada ser\u00e3o por v\u00eddeo confer\u00eancia, portanto, n\u00e3o existe a modalidade banner nesta edi\u00e7\u00e3o.<\/strong><\/p>\n\n\n\n<p>Todas as inscri\u00e7\u00f5es aprovadas, que solicitaram apresenta\u00e7\u00e3o em painel, tiveram sua escolha mantida. Estas apresenta\u00e7\u00f5es acontecem no Centro de Conven\u00e7\u00f5es da UFSM. Consulte seu dia e hora de apresenta\u00e7\u00e3o no arquivo anexo. <\/p>\n\n\n\n<p>Tamb\u00e9m estamos disponibilizando a listagem dos avaliadores envolvidos no processo de avalia\u00e7\u00e3o presencial da 34\u00aa JAI. Informamos aos avaliadores que estiverem impedidos, por qualquer raz\u00e3o, que enviem um substituto (docente da mesma \u00e1rea ou aluno doutorando).<\/p>\n","protected":false},"excerpt":{"rendered":"<p>Neste ano de 2020 as apresenta\u00e7\u00f5es da 35\u00aa Jornada Acad\u00eamica Integrada ser\u00e3o por v\u00eddeo confer\u00eancia, portanto, n\u00e3o existe a modalidade banner nesta edi\u00e7\u00e3o. Todas as inscri\u00e7\u00f5es aprovadas, que solicitaram apresenta\u00e7\u00e3o em painel, tiveram sua escolha mantida. Estas apresenta\u00e7\u00f5es acontecem no Centro de Conven\u00e7\u00f5es da UFSM. Consulte seu dia e hora de apresenta\u00e7\u00e3o no arquivo anexo. [&hellip;]<\/p>\n","protected":false},"author":743,"featured_media":0,"parent":0,"menu_order":0,"comment_status":"closed","ping_status":"closed","template":"","meta":{"footnotes":""},"categories":[],"tags":[],"class_list":["post-1214","page","type-page","status-publish","hentry"],"acf":[],"_links":{"self":[{"href":"https:\/\/www.ufsm.br\/pro-reitorias\/prpgp\/jai\/wp-json\/wp\/v2\/pages\/1214","targetHints":{"allow":["GET"]}}],"collection":[{"href":"https:\/\/www.ufsm.br\/pro-reitorias\/prpgp\/jai\/wp-json\/wp\/v2\/pages"}],"about":[{"href":"https:\/\/www.ufsm.br\/pro-reitorias\/prpgp\/jai\/wp-json\/wp\/v2\/types\/page"}],"author":[{"embeddable":true,"href":"https:\/\/www.ufsm.br\/pro-reitorias\/prpgp\/jai\/wp-json\/wp\/v2\/users\/743"}],"replies":[{"embeddable":true,"href":"https:\/\/www.ufsm.br\/pro-reitorias\/prpgp\/jai\/wp-json\/wp\/v2\/comments?post=1214"}],"version-history":[{"count":0,"href":"https:\/\/www.ufsm.br\/pro-reitorias\/prpgp\/jai\/wp-json\/wp\/v2\/pages\/1214\/revisions"}],"wp:attachment":[{"href":"https:\/\/www.ufsm.br\/pro-reitorias\/prpgp\/jai\/wp-json\/wp\/v2\/media?parent=1214"}],"wp:term":[{"taxonomy":"category","embeddable":true,"href":"https:\/\/www.ufsm.br\/pro-reitorias\/prpgp\/jai\/wp-json\/wp\/v2\/categories?post=1214"},{"taxonomy":"post_tag","embeddable":true,"href":"https:\/\/www.ufsm.br\/pro-reitorias\/prpgp\/jai\/wp-json\/wp\/v2\/tags?post=1214"}],"curies":[{"name":"wp","href":"https:\/\/api.w.org\/{rel}","templated":true}]}}