{"id":1236,"date":"2019-10-01T17:05:04","date_gmt":"2019-10-01T20:05:04","guid":{"rendered":"https:\/\/www.ufsm.br\/pro-reitorias\/prpgp\/jai\/?page_id=1236"},"modified":"2019-10-01T17:05:07","modified_gmt":"2019-10-01T20:05:07","slug":"relatorios-jai-jovem-2018-19","status":"publish","type":"page","link":"https:\/\/www.ufsm.br\/pro-reitorias\/prpgp\/jai\/relatorios-jai-jovem-2018-19","title":{"rendered":"Relat\u00f3rios JAI JOVEM 2018\/19"},"content":{"rendered":"\n<p>Os alunos bolsistas premiados na 3\u00aa JAI JOVEM 2018, foram convidados a apresentarem um relato de suas experi\u00eancias. Este evento acontecer\u00e1 dia 22 de outubro, 16 horas, logo ap\u00f3s as apresenta\u00e7\u00f5es da JAI JOVEM 2019, no palco principal do Centro de Conven\u00e7\u00f5es da UFSM,<\/p>\n","protected":false},"excerpt":{"rendered":"<p>Os alunos bolsistas premiados na 3\u00aa JAI JOVEM 2018, foram convidados a apresentarem um relato de suas experi\u00eancias. Este evento acontecer\u00e1 dia 22 de outubro, 16 horas, logo ap\u00f3s as apresenta\u00e7\u00f5es da JAI JOVEM 2019, no palco principal do Centro de Conven\u00e7\u00f5es da UFSM,<\/p>\n","protected":false},"author":743,"featured_media":0,"parent":0,"menu_order":0,"comment_status":"closed","ping_status":"closed","template":"","meta":{"footnotes":""},"categories":[],"tags":[],"class_list":["post-1236","page","type-page","status-publish","hentry"],"acf":[],"_links":{"self":[{"href":"https:\/\/www.ufsm.br\/pro-reitorias\/prpgp\/jai\/wp-json\/wp\/v2\/pages\/1236","targetHints":{"allow":["GET"]}}],"collection":[{"href":"https:\/\/www.ufsm.br\/pro-reitorias\/prpgp\/jai\/wp-json\/wp\/v2\/pages"}],"about":[{"href":"https:\/\/www.ufsm.br\/pro-reitorias\/prpgp\/jai\/wp-json\/wp\/v2\/types\/page"}],"author":[{"embeddable":true,"href":"https:\/\/www.ufsm.br\/pro-reitorias\/prpgp\/jai\/wp-json\/wp\/v2\/users\/743"}],"replies":[{"embeddable":true,"href":"https:\/\/www.ufsm.br\/pro-reitorias\/prpgp\/jai\/wp-json\/wp\/v2\/comments?post=1236"}],"version-history":[{"count":0,"href":"https:\/\/www.ufsm.br\/pro-reitorias\/prpgp\/jai\/wp-json\/wp\/v2\/pages\/1236\/revisions"}],"wp:attachment":[{"href":"https:\/\/www.ufsm.br\/pro-reitorias\/prpgp\/jai\/wp-json\/wp\/v2\/media?parent=1236"}],"wp:term":[{"taxonomy":"category","embeddable":true,"href":"https:\/\/www.ufsm.br\/pro-reitorias\/prpgp\/jai\/wp-json\/wp\/v2\/categories?post=1236"},{"taxonomy":"post_tag","embeddable":true,"href":"https:\/\/www.ufsm.br\/pro-reitorias\/prpgp\/jai\/wp-json\/wp\/v2\/tags?post=1236"}],"curies":[{"name":"wp","href":"https:\/\/api.w.org\/{rel}","templated":true}]}}