{"id":1946,"date":"2023-08-03T08:39:58","date_gmt":"2023-08-03T11:39:58","guid":{"rendered":"https:\/\/www.ufsm.br\/pro-reitorias\/prpgp\/jai\/?page_id=1946"},"modified":"2025-08-25T14:31:34","modified_gmt":"2025-08-25T17:31:34","slug":"eventos-satelites-menu","status":"publish","type":"page","link":"https:\/\/www.ufsm.br\/pro-reitorias\/prpgp\/jai\/eventos-satelites-menu","title":{"rendered":"Eventos Sat\u00e9lites"},"content":{"rendered":"\t\t<div data-elementor-type=\"wp-page\" data-elementor-id=\"1946\" class=\"elementor elementor-1946\">\n\t\t\t\t\t\t<section class=\"elementor-section elementor-top-section elementor-element elementor-element-3eaf34c2 elementor-section-boxed elementor-section-height-default elementor-section-height-default\" data-id=\"3eaf34c2\" data-element_type=\"section\">\n\t\t\t\t\t\t<div class=\"elementor-container elementor-column-gap-default\">\n\t\t\t\t\t<div class=\"elementor-column elementor-col-100 elementor-top-column elementor-element elementor-element-3b0c8abc\" data-id=\"3b0c8abc\" data-element_type=\"column\">\n\t\t\t<div class=\"elementor-widget-wrap elementor-element-populated\">\n\t\t\t\t\t\t<div class=\"elementor-element elementor-element-d9fcc8e elementor-widget elementor-widget-text-editor\" data-id=\"d9fcc8e\" data-element_type=\"widget\" data-widget_type=\"text-editor.default\">\n\t\t\t\t<div class=\"elementor-widget-container\">\n\t\t\t\t\t\t\t<!-- wp:paragraph {\"align\":\"left\",\"textColor\":\"black\"} -->\n<p class=\"has-text-align-left has-black-color has-text-color\">Os eventos sat\u00e9lites s\u00e3o atividades independentes com programa\u00e7\u00e3o pr\u00f3pria que enriquecem a experi\u00eancia da 40\u00aa Jornada Acad\u00eamica Integrada (JAI). Acontecendo simultaneamente de 3 a 7 de novembro de 2025, esses eventos s\u00e3o promovidos por Unidades e Subunidades de Ensino (Centros\/Cursos\/Departamentos\/Programas de P\u00f3s-gradua\u00e7\u00e3o) e\/ou N\u00facleos\/Laborat\u00f3rios\/Grupos de Pesquisa e\/ou Associa\u00e7\u00f5es de docentes, discentes e\/ou TAEs. Para se integrarem \u00e0 JAI, os eventos devem ser registrados junto ao N\u00facleo de Ger\u00eancia de Inicia\u00e7\u00e3o Cient\u00edfica (NGIC) da Pr\u00f3-reitoria de P\u00f3s-gradua\u00e7\u00e3o e Pesquisa (PRPGP), atrav\u00e9s do <a href=\"https:\/\/www.ufsm.br\/app\/uploads\/sites\/681\/2025\/08\/Formulario-para-Registro-de-Evento-Satelite-2025.docx\"><strong>formul\u00e1rio pr\u00f3prio<\/strong><\/a> e prazos indicados no <a href=\"https:\/\/www.ufsm.br\/pro-reitorias\/prpgp\/editais\/028-2025\"><strong>edital<\/strong><\/a>. Ao realizar o registro, esses eventos passam a compor oficialmente a programa\u00e7\u00e3o da JAI.<\/p>\n<!-- \/wp:paragraph --><!-- wp:list -->\n<ul class=\"wp-block-list\"><!-- wp:list-item -->\n<li><a href=\"https:\/\/www.ufsm.br\/pro-reitorias\/prpgp\/jai\/eventos-satelites-40a-jai\">40\u00aa JORNADA ACAD\u00caMICA INTEGRADA DA UFSM &#8211; 2025<\/a><\/li>\n<li><a href=\"https:\/\/www.ufsm.br\/pro-reitorias\/prpgp\/jai\/eventos-satelites-39a-jai\">39\u00aa JORNADA ACAD\u00caMICA INTEGRADA DA UFSM &#8211; 2024<\/a><\/li>\n<!-- \/wp:list-item --><!-- wp:list-item -->\n<li><a href=\"https:\/\/www.ufsm.br\/pro-reitorias\/prpgp\/jai\/eventos-satelite-38a-jai\" target=\"_blank\" rel=\"noreferrer noopener\" data-type=\"URL\" data-id=\"https:\/\/www.ufsm.br\/pro-reitorias\/prpgp\/jai\/eventos-satelite-38a-jai\">38\u00aa JORNADA ACAD\u00caMICA INTEGRADA DA UFSM &#8211; 2023<\/a><\/li>\n<!-- \/wp:list-item --><!-- wp:list-item -->\n<li><a href=\"https:\/\/www.ufsm.br\/pro-reitorias\/prpgp\/jai\/eventos-satelite-37a-jai\" target=\"_blank\" rel=\"noreferrer noopener\" data-type=\"URL\" data-id=\"https:\/\/www.ufsm.br\/pro-reitorias\/prpgp\/jai\/eventos-satelite-37a-jai\">37\u00aa JORNADA ACAD\u00caMICA INTEGRADA DA UFSM &#8211; 2022<\/a><\/li>\n<!-- \/wp:list-item --><\/ul>\n<!-- \/wp:list --><!-- wp:tadv\/classic-paragraph \/-->\t\t\t\t\t\t<\/div>\n\t\t\t\t<\/div>\n\t\t\t\t\t<\/div>\n\t\t<\/div>\n\t\t\t\t\t<\/div>\n\t\t<\/section>\n\t\t\t\t<\/div>\n\t\t","protected":false},"excerpt":{"rendered":"<p>Os eventos sat\u00e9lites s\u00e3o atividades independentes com programa\u00e7\u00e3o pr\u00f3pria que enriquecem a experi\u00eancia da 40\u00aa Jornada Acad\u00eamica Integrada (JAI). Acontecendo simultaneamente de 3 a 7 de novembro de 2025, esses eventos s\u00e3o promovidos por Unidades e Subunidades de Ensino (Centros\/Cursos\/Departamentos\/Programas de P\u00f3s-gradua\u00e7\u00e3o) e\/ou N\u00facleos\/Laborat\u00f3rios\/Grupos de Pesquisa e\/ou Associa\u00e7\u00f5es de docentes, discentes e\/ou TAEs. Para se [&hellip;]<\/p>\n","protected":false},"author":7016,"featured_media":0,"parent":0,"menu_order":0,"comment_status":"closed","ping_status":"closed","template":"","meta":{"footnotes":""},"categories":[],"tags":[],"class_list":["post-1946","page","type-page","status-publish","hentry"],"acf":[],"_links":{"self":[{"href":"https:\/\/www.ufsm.br\/pro-reitorias\/prpgp\/jai\/wp-json\/wp\/v2\/pages\/1946","targetHints":{"allow":["GET"]}}],"collection":[{"href":"https:\/\/www.ufsm.br\/pro-reitorias\/prpgp\/jai\/wp-json\/wp\/v2\/pages"}],"about":[{"href":"https:\/\/www.ufsm.br\/pro-reitorias\/prpgp\/jai\/wp-json\/wp\/v2\/types\/page"}],"author":[{"embeddable":true,"href":"https:\/\/www.ufsm.br\/pro-reitorias\/prpgp\/jai\/wp-json\/wp\/v2\/users\/7016"}],"replies":[{"embeddable":true,"href":"https:\/\/www.ufsm.br\/pro-reitorias\/prpgp\/jai\/wp-json\/wp\/v2\/comments?post=1946"}],"version-history":[{"count":0,"href":"https:\/\/www.ufsm.br\/pro-reitorias\/prpgp\/jai\/wp-json\/wp\/v2\/pages\/1946\/revisions"}],"wp:attachment":[{"href":"https:\/\/www.ufsm.br\/pro-reitorias\/prpgp\/jai\/wp-json\/wp\/v2\/media?parent=1946"}],"wp:term":[{"taxonomy":"category","embeddable":true,"href":"https:\/\/www.ufsm.br\/pro-reitorias\/prpgp\/jai\/wp-json\/wp\/v2\/categories?post=1946"},{"taxonomy":"post_tag","embeddable":true,"href":"https:\/\/www.ufsm.br\/pro-reitorias\/prpgp\/jai\/wp-json\/wp\/v2\/tags?post=1946"}],"curies":[{"name":"wp","href":"https:\/\/api.w.org\/{rel}","templated":true}]}}