{"id":1991,"date":"2023-09-15T11:35:56","date_gmt":"2023-09-15T14:35:56","guid":{"rendered":"https:\/\/www.ufsm.br\/pro-reitorias\/prpgp\/jai\/?page_id=1991"},"modified":"2023-10-18T14:59:13","modified_gmt":"2023-10-18T17:59:13","slug":"apresentacoes-banners","status":"publish","type":"page","link":"https:\/\/www.ufsm.br\/pro-reitorias\/prpgp\/jai\/apresentacoes-banners","title":{"rendered":"Apresenta\u00e7\u00f5es Banners"},"content":{"rendered":"\t\t<div data-elementor-type=\"wp-page\" data-elementor-id=\"1991\" class=\"elementor elementor-1991\">\n\t\t\t\t\t\t<section class=\"elementor-section elementor-top-section elementor-element elementor-element-9442817 elementor-section-boxed elementor-section-height-default elementor-section-height-default\" data-id=\"9442817\" data-element_type=\"section\">\n\t\t\t\t\t\t<div class=\"elementor-container elementor-column-gap-default\">\n\t\t\t\t\t<div class=\"elementor-column elementor-col-100 elementor-top-column elementor-element elementor-element-3c5adfa\" data-id=\"3c5adfa\" data-element_type=\"column\">\n\t\t\t<div class=\"elementor-widget-wrap elementor-element-populated\">\n\t\t\t\t\t\t<div class=\"elementor-element elementor-element-a8db7c6 elementor-widget elementor-widget-accordion\" data-id=\"a8db7c6\" data-element_type=\"widget\" data-widget_type=\"accordion.default\">\n\t\t\t\t<div class=\"elementor-widget-container\">\n\t\t\t\t\t<div class=\"elementor-accordion\">\n\t\t\t\t\t\t\t<div class=\"elementor-accordion-item\">\n\t\t\t\t\t<div id=\"elementor-tab-title-1771\" class=\"elementor-tab-title\" data-tab=\"1\" role=\"button\" aria-controls=\"elementor-tab-content-1771\" aria-expanded=\"false\">\n\t\t\t\t\t\t\t\t\t\t\t\t\t<span class=\"elementor-accordion-icon elementor-accordion-icon-left\" aria-hidden=\"true\">\n\t\t\t\t\t\t\t\t\t\t\t\t\t\t\t<span class=\"elementor-accordion-icon-closed\"><i class=\"fas fa-plus\"><\/i><\/span>\n\t\t\t\t\t\t\t\t<span class=\"elementor-accordion-icon-opened\"><i class=\"fas fa-minus\"><\/i><\/span>\n\t\t\t\t\t\t\t\t\t\t\t\t\t\t<\/span>\n\t\t\t\t\t\t\t\t\t\t\t\t<a class=\"elementor-accordion-title\" tabindex=\"0\">BANNERS<\/a>\n\t\t\t\t\t<\/div>\n\t\t\t\t\t<div id=\"elementor-tab-content-1771\" class=\"elementor-tab-content elementor-clearfix\" data-tab=\"1\" role=\"region\" aria-labelledby=\"elementor-tab-title-1771\"><p><strong>Segunda-feira (13:30 &#8211; 15:30)<\/strong><\/p>\n<table style=\"width: 100%;border-collapse: collapse;border-style: solid;border-color: #000000\">\n<tbody>\n<tr>\n<td style=\"width: 100%;border-style: solid;border-color: #000000\"><a href=\"https:\/\/www.ufsm.br\/app\/uploads\/sites\/681\/2023\/10\/SEGUNDA-TARDE_Hall_Agrarias.pdf\" target=\"_blank\" rel=\"noopener\">Hall &#8211; Ci\u00eancias Agr\u00e1rias&nbsp;(Agronomia\/Recursos Pesqueiros)<\/a><\/td>\n<\/tr>\n<tr>\n<td style=\"width: 100%;border-style: solid;border-color: #000000\"><a href=\"https:\/\/www.ufsm.br\/app\/uploads\/sites\/681\/2023\/10\/SEGUNDA-TARDE_Mezanino_Agrarias.pdf\" target=\"_blank\" rel=\"noopener\">Mezanino &#8211; Ci\u00eancias Agr\u00e1rias&nbsp;(Eng. Agr\u00edcola\/Gest\u00e3o ambiental\/Florestal\/Zootecnia\/Alimentos)<\/a><\/td>\n<\/tr>\n<\/tbody>\n<\/table>\n<p><strong>Ter\u00e7a-feira (08:00 &#8211; 10:00)<\/strong><\/p>\n<table style=\"width: 100%;border-collapse: collapse;border-style: solid;border-color: #000000\">\n<tbody>\n<tr>\n<td style=\"width: 100%;border-style: solid;border-color: #000000\"><a href=\"https:\/\/www.ufsm.br\/app\/uploads\/sites\/681\/2023\/10\/TERCA-MANHA_hall.pdf\">Hall &#8211; Lingu\u00edstica, Letras e Artes<\/a><\/td>\n<\/tr>\n<tr>\n<td style=\"width: 100%;border-style: solid;border-color: #000000\"><a href=\"https:\/\/www.ufsm.br\/app\/uploads\/sites\/681\/2023\/10\/TERCA-MANHA-MEZANINO.pdf\">Mezanino &#8211; Agr\u00e1rias (Medicina Veterin\u00e1ria)<\/a><\/td>\n<\/tr>\n<\/tbody>\n<\/table>\n<p><strong>Ter\u00e7a-feira (13:30 &#8211; 15:30)<\/strong><\/p>\n<table style=\"width: 100%;border-collapse: collapse;border-style: solid;border-color: #000000\">\n<tbody>\n<tr>\n<td style=\"width: 100%;border-style: solid;border-color: #000000\"><a href=\"https:\/\/www.ufsm.br\/app\/uploads\/sites\/681\/2023\/10\/JAI-JOVEM-e-PIBIC-EM-2.pdf\" target=\"_blank\" rel=\"noopener\">Hall &#8211; JAI JOVEM + PIBIC EM<\/a><\/td>\n<\/tr>\n<tr>\n<td style=\"width: 100%;border-style: solid;border-color: #000000\"><a href=\"https:\/\/www.ufsm.br\/app\/uploads\/sites\/681\/2023\/10\/TERCA-TARDE_mezanino.pdf\">Mezanino &#8211; Ci\u00eancias Humanas (Educa\u00e7\u00e3o)<\/a><\/td>\n<\/tr>\n<\/tbody>\n<\/table>\n<p><strong>Quarta-feira (08:00 &#8211; 10:00)<\/strong><\/p>\n<table style=\"width: 100%;border-collapse: collapse;border-style: solid;border-color: #000000\">\n<tbody>\n<tr>\n<td style=\"width: 100%;border-style: solid;border-color: #000000\"><a href=\"https:\/\/www.ufsm.br\/app\/uploads\/sites\/681\/2023\/10\/QUARTA-MANHA_hall.pdf\">Hall &#8211; Humanas (Antropologia\/Filosofia\/Geografia\/Hist\u00f3ria\/Psicologia)<\/a><\/td>\n<\/tr>\n<tr>\n<td style=\"width: 100%;border-style: solid;border-color: #000000\"><a href=\"https:\/\/www.ufsm.br\/app\/uploads\/sites\/681\/2023\/10\/QUARTA-MANHA-1.pdf\">Mezanino &#8211; Ci\u00eancias Sociais Aplicadas (Ci\u00eancias da Informa\u00e7\u00e3o\/Cont\u00e1beis\/Direito\/Rel. Internacionais\/Serv. Social\/Arquivologia)<\/a><\/td>\n<\/tr>\n<\/tbody>\n<\/table>\n<p><strong>Quarta-feira (13:30 &#8211; 15:30)<\/strong><\/p>\n<table style=\"width: 100%;border-collapse: collapse;border-style: solid;border-color: #000000\">\n<tbody>\n<tr>\n<td style=\"width: 100%;border-style: solid;border-color: #000000\"><a href=\"https:\/\/www.ufsm.br\/app\/uploads\/sites\/681\/2023\/10\/QUARTA-TARDE_hall.pdf\">Hall &#8211; Ci\u00eancias Sociais Aplicadas (Administra\u00e7\u00e3o\/Arquit. Urbanismo\/Economia\/Planejamento\/Turismo\/Desenho industrial)<\/a><\/td>\n<\/tr>\n<tr>\n<td style=\"width: 100%;border-style: solid;border-color: #000000\"><a href=\"https:\/\/www.ufsm.br\/app\/uploads\/sites\/681\/2023\/10\/QUARTA-TARDE_Mezanino_SociaisAplicadas.pdf\" target=\"_blank\" rel=\"noopener\">Mezanino &#8211; Ci\u00eancias Sociais Aplicadas (Comunica\u00e7\u00e3o)<\/a><\/td>\n<\/tr>\n<\/tbody>\n<\/table>\n<p><strong>Quarta-feira (19:00 &#8211; 20:30)<\/strong><a style=\"font-weight: var( --e-global-typography-text-font-weight )\" href=\"https:\/\/www.ufsm.br\/app\/uploads\/sites\/681\/2023\/10\/QUARTA-NOITE_Hall_VariasAreas.pdf\" target=\"_blank\" rel=\"noopener\">&nbsp;<\/a><\/p>\n<table style=\"width: 100%;border-collapse: collapse;border-style: solid;border-color: #000000\">\n<tbody>\n<tr>\n<td style=\"width: 100%;border-style: solid;border-color: #000000\"><font color=\"#204c90\"><a href=\"https:\/\/www.ufsm.br\/app\/uploads\/sites\/681\/2023\/10\/QUARTA-NOITE_hall.pdf\">Hall &#8211; \u00c1reas diversas &#8211; NOTURNO<\/a><\/font><\/td>\n<\/tr>\n<tr>\n<td style=\"width: 100%;border-style: solid;border-color: #000000\"><a href=\"https:\/\/www.ufsm.br\/app\/uploads\/sites\/681\/2023\/10\/QUARTA-NOITE_Mezanino_VariasAreas.pdf\" target=\"_blank\" rel=\"noopener\">Mezanino &#8211; \u00c1reas diversas &#8211; NOTURNO<\/a><\/td>\n<\/tr>\n<\/tbody>\n<\/table>\n<p><strong>Quinta-feira (08:00 &#8211; 10:00)<\/strong><\/p>\n<table style=\"width: 100%;border-collapse: collapse;border-style: solid;border-color: #000000\">\n<tbody>\n<tr>\n<td style=\"width: 100%;border-style: solid;border-color: #000000\"><a href=\"https:\/\/www.ufsm.br\/app\/uploads\/sites\/681\/2023\/10\/QUINTA-MANHA_Hall_Saude.pdf\" target=\"_blank\" rel=\"noopener\">Hall &#8211; Ci\u00eancias da Sa\u00fade (Educ. F\u00edsica\/Farm\u00e1cia\/Fisioterapia\/Fonoaudiologia)<\/a><\/td>\n<\/tr>\n<tr>\n<td style=\"width: 100%;border-style: solid;border-color: #000000\"><a href=\"https:\/\/www.ufsm.br\/app\/uploads\/sites\/681\/2023\/10\/QUINTA-MANHA_Mezanino_Saude.pdf\" target=\"_blank\" rel=\"noopener\">Mezanino &#8211; Ci\u00eancias da Sa\u00fade (Medicina)<\/a><\/td>\n<\/tr>\n<\/tbody>\n<\/table>\n<p><strong>Quinta-feira (13:30 &#8211; 15:30)<\/strong><\/p>\n<p><a href=\"https:\/\/www.ufsm.br\/app\/uploads\/sites\/681\/2023\/10\/QUINTA-TARDE_painel_hall.pdf\" target=\"_blank\">&nbsp;Hall &#8211; Ci\u00eancias da Sa\u00fade&nbsp;(Enfermagem\/Nutri\u00e7\u00e3o\/Sa\u00fade coletiva)<\/a><\/p>\n<table style=\"width: 100%;border-collapse: collapse;border-style: solid;border-color: #000000\">\n<tbody>\n<tr>\n<td style=\"width: 100%;border-style: solid;border-color: #000000\"><a href=\"https:\/\/www.ufsm.br\/app\/uploads\/sites\/681\/2023\/10\/QUINTA-TARDE_Mezanino_Saude.pdf\" target=\"_blank\" rel=\"noopener\">Mezanino &#8211; Ci\u00eancias da Sa\u00fade&nbsp;&nbsp;(Odontologia)<\/a><\/td>\n<\/tr>\n<\/tbody>\n<\/table>\n<p><strong>Sexta-feira (08:00 &#8211; 10:00)<\/strong><\/p>\n<table style=\"width: 100%;border-collapse: collapse;border-style: solid;border-color: #000000\">\n<tbody>\n<tr>\n<td style=\"width: 100%;border-style: solid;border-color: #000000\"><a href=\"https:\/\/www.ufsm.br\/app\/uploads\/sites\/681\/2023\/10\/SEXTA-MANHA_Hall_Exatas.pdf\" target=\"_blank\" rel=\"noopener\">Hall &#8211; Ci\u00eancias Naturais e Exatas<\/a><\/td>\n<\/tr>\n<tr>\n<td style=\"width: 100%;border-style: solid;border-color: #000000\"><a href=\"https:\/\/www.ufsm.br\/app\/uploads\/sites\/681\/2023\/10\/SEXTA-MANHA_Mezanino_Biologicas.pdf\" target=\"_blank\" rel=\"noopener\">Mezanino &#8211; Ci\u00eancias Biol\u00f3gicas<\/a><\/td>\n<\/tr>\n<\/tbody>\n<\/table>\n<p><strong>Sexta-feira (13:30 &#8211; 15:30)<\/strong><\/p>\n<table style=\"width: 100%;border-collapse: collapse;border-style: solid;border-color: #000000\">\n<tbody>\n<tr>\n<td style=\"width: 100%;border-style: solid;border-color: #000000\"><a href=\"https:\/\/www.ufsm.br\/app\/uploads\/sites\/681\/2023\/10\/SEXTA-TARDE_hall.pdf\">Hall &#8211; Engenharias<\/a><\/td>\n<\/tr>\n<tr>\n<td style=\"width: 100%;border-style: solid;border-color: #000000\"><a href=\"https:\/\/www.ufsm.br\/app\/uploads\/sites\/681\/2023\/10\/SEXTA-TARDE_Mezanino_Engenharias.pdf\" target=\"_blank\" rel=\"noopener\">Mezanino &#8211; Engenharias<\/a><\/td>\n<\/tr>\n<\/tbody>\n<\/table><\/div>\n\t\t\t\t<\/div>\n\t\t\t\t\t\t\t\t<\/div>\n\t\t\t\t<\/div>\n\t\t\t\t<\/div>\n\t\t\t\t\t<\/div>\n\t\t<\/div>\n\t\t\t\t\t<\/div>\n\t\t<\/section>\n\t\t\t\t<\/div>\n\t\t","protected":false},"excerpt":{"rendered":"<p>BANNERS Segunda-feira (13:30 &#8211; 15:30) Hall &#8211; Ci\u00eancias Agr\u00e1rias&nbsp;(Agronomia\/Recursos Pesqueiros) Mezanino &#8211; Ci\u00eancias Agr\u00e1rias&nbsp;(Eng. Agr\u00edcola\/Gest\u00e3o ambiental\/Florestal\/Zootecnia\/Alimentos) Ter\u00e7a-feira (08:00 &#8211; 10:00) Hall &#8211; Lingu\u00edstica, Letras e Artes Mezanino &#8211; Agr\u00e1rias (Medicina Veterin\u00e1ria) Ter\u00e7a-feira (13:30 &#8211; 15:30) Hall &#8211; JAI JOVEM + PIBIC EM Mezanino &#8211; Ci\u00eancias Humanas (Educa\u00e7\u00e3o) Quarta-feira (08:00 &#8211; 10:00) Hall &#8211; Humanas (Antropologia\/Filosofia\/Geografia\/Hist\u00f3ria\/Psicologia) [&hellip;]<\/p>\n","protected":false},"author":7016,"featured_media":0,"parent":0,"menu_order":0,"comment_status":"closed","ping_status":"closed","template":"","meta":{"footnotes":""},"categories":[],"tags":[],"class_list":["post-1991","page","type-page","status-publish","hentry"],"acf":[],"_links":{"self":[{"href":"https:\/\/www.ufsm.br\/pro-reitorias\/prpgp\/jai\/wp-json\/wp\/v2\/pages\/1991","targetHints":{"allow":["GET"]}}],"collection":[{"href":"https:\/\/www.ufsm.br\/pro-reitorias\/prpgp\/jai\/wp-json\/wp\/v2\/pages"}],"about":[{"href":"https:\/\/www.ufsm.br\/pro-reitorias\/prpgp\/jai\/wp-json\/wp\/v2\/types\/page"}],"author":[{"embeddable":true,"href":"https:\/\/www.ufsm.br\/pro-reitorias\/prpgp\/jai\/wp-json\/wp\/v2\/users\/7016"}],"replies":[{"embeddable":true,"href":"https:\/\/www.ufsm.br\/pro-reitorias\/prpgp\/jai\/wp-json\/wp\/v2\/comments?post=1991"}],"version-history":[{"count":0,"href":"https:\/\/www.ufsm.br\/pro-reitorias\/prpgp\/jai\/wp-json\/wp\/v2\/pages\/1991\/revisions"}],"wp:attachment":[{"href":"https:\/\/www.ufsm.br\/pro-reitorias\/prpgp\/jai\/wp-json\/wp\/v2\/media?parent=1991"}],"wp:term":[{"taxonomy":"category","embeddable":true,"href":"https:\/\/www.ufsm.br\/pro-reitorias\/prpgp\/jai\/wp-json\/wp\/v2\/categories?post=1991"},{"taxonomy":"post_tag","embeddable":true,"href":"https:\/\/www.ufsm.br\/pro-reitorias\/prpgp\/jai\/wp-json\/wp\/v2\/tags?post=1991"}],"curies":[{"name":"wp","href":"https:\/\/api.w.org\/{rel}","templated":true}]}}