{"id":2314,"date":"2024-10-21T09:39:41","date_gmt":"2024-10-21T12:39:41","guid":{"rendered":"https:\/\/www.ufsm.br\/pro-reitorias\/prpgp\/jai\/?page_id=2314"},"modified":"2024-11-21T17:05:42","modified_gmt":"2024-11-21T20:05:42","slug":"apresentacoes-banners-2","status":"publish","type":"page","link":"https:\/\/www.ufsm.br\/pro-reitorias\/prpgp\/jai\/apresentacoes-banners-2","title":{"rendered":"Apresenta\u00e7\u00f5es Banners"},"content":{"rendered":"\t\t<div data-elementor-type=\"wp-page\" data-elementor-id=\"2314\" class=\"elementor elementor-2314\">\n\t\t\t\t\t\t<section class=\"elementor-section elementor-top-section elementor-element elementor-element-2958b9b elementor-section-boxed elementor-section-height-default elementor-section-height-default\" data-id=\"2958b9b\" data-element_type=\"section\">\n\t\t\t\t\t\t<div class=\"elementor-container elementor-column-gap-default\">\n\t\t\t\t\t<div class=\"elementor-column elementor-col-100 elementor-top-column elementor-element elementor-element-a622702\" data-id=\"a622702\" data-element_type=\"column\">\n\t\t\t<div class=\"elementor-widget-wrap elementor-element-populated\">\n\t\t\t\t\t\t<div class=\"elementor-element elementor-element-750aa0b elementor-widget elementor-widget-accordion\" data-id=\"750aa0b\" data-element_type=\"widget\" data-widget_type=\"accordion.default\">\n\t\t\t\t<div class=\"elementor-widget-container\">\n\t\t\t\t\t<div class=\"elementor-accordion\">\n\t\t\t\t\t\t\t<div class=\"elementor-accordion-item\">\n\t\t\t\t\t<div id=\"elementor-tab-title-1221\" class=\"elementor-tab-title\" data-tab=\"1\" role=\"button\" aria-controls=\"elementor-tab-content-1221\" aria-expanded=\"false\">\n\t\t\t\t\t\t\t\t\t\t\t\t\t<span class=\"elementor-accordion-icon elementor-accordion-icon-left\" aria-hidden=\"true\">\n\t\t\t\t\t\t\t\t\t\t\t\t\t\t\t<span class=\"elementor-accordion-icon-closed\"><i class=\"fas fa-plus\"><\/i><\/span>\n\t\t\t\t\t\t\t\t<span class=\"elementor-accordion-icon-opened\"><i class=\"fas fa-minus\"><\/i><\/span>\n\t\t\t\t\t\t\t\t\t\t\t\t\t\t<\/span>\n\t\t\t\t\t\t\t\t\t\t\t\t<a class=\"elementor-accordion-title\" tabindex=\"0\">BANNERS<\/a>\n\t\t\t\t\t<\/div>\n\t\t\t\t\t<div id=\"elementor-tab-content-1221\" class=\"elementor-tab-content elementor-clearfix\" data-tab=\"1\" role=\"region\" aria-labelledby=\"elementor-tab-title-1221\"><p><strong>Segunda-feira (13:30 &#8211; 15:30)<\/strong><\/p><table style=\"border-color: #000000;width: 100%;height: 72px\"><tbody><tr style=\"height: 48px\"><td style=\"width: 100%;border-color: #000000;height: 48px\"><a href=\"https:\/\/www.ufsm.br\/app\/uploads\/sites\/681\/2024\/11\/SEGUNDA-TARDE.pdf\">Hall &#8211; Ci\u00eancias Agr\u00e1rias (Agronomia \/ Eng. Agr\u00edcola \/ Gest\u00e3o Ambiental \/ Eng. Florestal)<\/a><\/td><\/tr><tr style=\"height: 24px\"><td style=\"width: 100%;border-color: #000000;height: 24px\"><a href=\"https:\/\/www.ufsm.br\/app\/uploads\/sites\/681\/2024\/11\/SEGUNDA-TARDE-Mezanino-NOVO-DE-NOVO.pdf\">Mezanino &#8211; Ci\u00eancias Agr\u00e1rias (Agronomia \/ Recursos Pesqueiros \/ Zootecnia)<\/a><\/td><\/tr><\/tbody><\/table><p><strong>Ter\u00e7a-feira (08:00 &#8211; 10:00)<\/strong><\/p><table style=\"border-color: #000000\"><tbody><tr><td style=\"width: 100%;border-color: #000000\"><a href=\"https:\/\/www.ufsm.br\/app\/uploads\/sites\/681\/2024\/11\/TERCA-MANHA-hall.pdf\">Hall &#8211; Medicina Veterin\u00e1ria \/ Ci\u00eancia dos Alimentos<\/a><\/td><\/tr><tr><td style=\"width: 100%;border-color: #000000\"><a href=\"https:\/\/www.ufsm.br\/app\/uploads\/sites\/681\/2024\/11\/TERCA-MANHA-mezanino.pdf\">Mezanino &#8211; Lingu\u00edstica, Letras e Artes (Artes Pl\u00e1sticas \/ Dan\u00e7a \/ M\u00fasica \/ Teatro \/ Letras \/ Lingu\u00edstica)<\/a><\/td><\/tr><\/tbody><\/table><p><strong>Ter\u00e7a-feira (13:30 &#8211; 15:30)<\/strong><\/p><table style=\"border-color: #000000\"><tbody><tr><td style=\"width: 100%;border-color: #000000\"><a href=\"https:\/\/www.ufsm.br\/app\/uploads\/sites\/681\/2024\/11\/TERCA-TARDE-Hall-NOVO-NOVO.pdf\">Hall &#8211; Ci\u00eancias Humanas (Educa\u00e7\u00e3o)<\/a><\/td><\/tr><tr><td style=\"width: 100%;border-color: #000000\"><a href=\"https:\/\/www.ufsm.br\/app\/uploads\/sites\/681\/2024\/11\/TERCA-TARDE-Mezzanino-NOVO.pdf\">Mezanino &#8211; Ci\u00eancias Humanas (Antropologia \/ Ci\u00eancia Pol\u00edtica \/ Filosofia \/ Geografia \/ Hist\u00f3ria \/ Psicologia \/ Sociologia)\u00a0<\/a><\/td><\/tr><\/tbody><\/table><p><strong>Quarta-feira (13:30 &#8211; 15:30)<\/strong><\/p><table style=\"border-color: #000000\"><tbody><tr><td style=\"width: 100%;border-color: #000000\"><a href=\"https:\/\/www.ufsm.br\/app\/uploads\/sites\/681\/2024\/11\/QUARTA-TARDE-Hall-1.pdf\">Hall &#8211; Ci\u00eancias Sociais Aplicadas (Administra\u00e7\u00e3o \/ Arquitetura e Urbanismo \/ Arquivologia \/ Ci\u00eancias da Informa\u00e7\u00e3o \/ Ci\u00eancias Cont\u00e1beis \/ Desenho Industrial \/ Economia \/ Planej. Urbano Regional \/ Rela\u00e7\u00f5es Internacionais \/ Servi\u00e7o Social \/ Turismo)<\/a><\/td><\/tr><tr><td style=\"width: 100%;border-color: #000000\"><p><a href=\"https:\/\/www.ufsm.br\/app\/uploads\/sites\/681\/2024\/11\/QUARTA-TARDE-Mezanino.pdf\">Mezanino &#8211; Ci\u00eancias Sociais Aplicadas (Comunica\u00e7\u00e3o \/ Direito)<\/a><\/p><\/td><\/tr><\/tbody><\/table><p><strong>Quarta-feira (19:00 &#8211; 20:30)<\/strong><a style=\"font-weight: var( --e-global-typography-text-font-weight )\" href=\"https:\/\/www.ufsm.br\/app\/uploads\/sites\/681\/2023\/10\/QUARTA-NOITE_Hall_VariasAreas.pdf\" target=\"_blank\" rel=\"noopener\">\u00a0<\/a><\/p><table style=\"border-color: #000000;width: 100.591%;height: 24px\"><tbody><tr><td style=\"width: 100%;border-color: #000000\"><a href=\"https:\/\/www.ufsm.br\/app\/uploads\/sites\/681\/2024\/11\/QUARTA-NOITE-NOVO.pdf\">Hall &#8211; \u00c1reas Diversas (NOTURNO) &#8211; Cursos Noturnos, Externos com op\u00e7\u00e3o noturno<\/a><\/td><\/tr><\/tbody><\/table><p><strong>Quinta-feira (08:00 &#8211; 10:00)<\/strong><\/p><table style=\"border-color: #000000;width: 100.592%;height: 48px\"><tbody><tr style=\"height: 24px\"><td style=\"width: 100%;border-color: #000000;height: 24px\"><a href=\"https:\/\/www.ufsm.br\/app\/uploads\/sites\/681\/2024\/11\/QUINTA-MANHA-Hall.pdf\">Hall &#8211; Ci\u00eancias da Sa\u00fade (Odontologia \/ Fonoaudiologia)<\/a><\/td><\/tr><tr style=\"height: 24px\"><td style=\"width: 100%;border-color: #000000;height: 24px\"><a href=\"https:\/\/www.ufsm.br\/app\/uploads\/sites\/681\/2024\/11\/QUINTA-MANHA-modificado-1.pdf\">Mezanino &#8211; Ci\u00eancias da Sa\u00fade (Fisioterapia\/Terapia Ocupacional\/Medicina)<\/a><\/td><\/tr><\/tbody><\/table><p><strong>Quinta-feira (13:30 &#8211; 15:30)<\/strong><\/p><table style=\"border-color: #000000;width: 100.267%;height: 48px\"><tbody><tr style=\"height: 24px\"><td style=\"width: 100%;border-color: #000000;height: 24px\"><a href=\"https:\/\/www.ufsm.br\/app\/uploads\/sites\/681\/2024\/11\/QUINTA-TARDE-Hall.pdf\">\u00a0Hall &#8211; Ci\u00eancias da Sa\u00fade (Enfermagem\/ Farm\u00e1cia)<\/a><\/td><\/tr><tr style=\"height: 24px\"><td style=\"width: 100%;border-color: #000000;height: 24px\"><a href=\"https:\/\/www.ufsm.br\/app\/uploads\/sites\/681\/2024\/11\/QUINTA-TARDE-Mezanino-1.pdf\">Mezanino &#8211; Ci\u00eancias da Sa\u00fade\u00a0\u00a0(Nutri\u00e7\u00e3o \/ Sa\u00fade Coletiva\/Educa\u00e7\u00e3o F\u00edsica)<\/a><\/td><\/tr><\/tbody><\/table><p><strong>Sexta-feira (08:00 &#8211; 10:00)<\/strong><\/p><table style=\"border-color: #000000;width: 99.9419%;height: 46px\"><tbody><tr style=\"height: 22px\"><td style=\"width: 100%;border-color: #000000;height: 22px\"><a href=\"https:\/\/www.ufsm.br\/app\/uploads\/sites\/681\/2024\/11\/SEXTA-MANHA-Hall.pdf\">Hall &#8211; Ci\u00eancias exatas e da Terra<\/a><\/td><\/tr><tr style=\"height: 24px\"><td style=\"width: 100%;border-color: #000000;height: 24px\"><a href=\"https:\/\/www.ufsm.br\/app\/uploads\/sites\/681\/2024\/11\/SEXTA-MANHA-mezanino.pdf\">Mezanino &#8211; Ci\u00eancias Biol\u00f3gicas<\/a><\/td><\/tr><\/tbody><\/table><p><strong>Sexta-feira (13:30 &#8211; 15:30)<\/strong><\/p><table style=\"border-color: #000000;width: 99.2247%\"><tbody><tr><td style=\"width: 100%;border-color: #000000\"><a href=\"https:\/\/www.ufsm.br\/app\/uploads\/sites\/681\/2024\/11\/SEXTA-TARDE-Hall.pdf\">Hall &#8211; Engenharias (Espacial \/ Civil \/ Telecomunica\u00e7\u00f5es \/ Transportes \/ El\u00e9trica)<\/a><\/td><\/tr><tr><td style=\"width: 100%;border-color: #000000\"><a href=\"https:\/\/www.ufsm.br\/app\/uploads\/sites\/681\/2024\/11\/SEXTA-TARDE-Mezanino.pdf\">Mezanino &#8211; Engenharias (Mec\u00e2nica \/ Qu\u00edmica \/ Sanit\u00e1ria \/ Computa\u00e7\u00e3o \/ Metalurgia \/ Produ\u00e7\u00e3o)<\/a><\/td><\/tr><\/tbody><\/table><\/div>\n\t\t\t\t<\/div>\n\t\t\t\t\t\t\t\t<\/div>\n\t\t\t\t<\/div>\n\t\t\t\t<\/div>\n\t\t\t\t\t<\/div>\n\t\t<\/div>\n\t\t\t\t\t<\/div>\n\t\t<\/section>\n\t\t\t\t<\/div>\n\t\t","protected":false},"excerpt":{"rendered":"<p>BANNERS Segunda-feira (13:30 &#8211; 15:30) Hall &#8211; Ci\u00eancias Agr\u00e1rias (Agronomia \/ Eng. Agr\u00edcola \/ Gest\u00e3o Ambiental \/ Eng. Florestal) Mezanino &#8211; Ci\u00eancias Agr\u00e1rias (Agronomia \/ Recursos Pesqueiros \/ Zootecnia) Ter\u00e7a-feira (08:00 &#8211; 10:00) Hall &#8211; Medicina Veterin\u00e1ria \/ Ci\u00eancia dos Alimentos Mezanino &#8211; Lingu\u00edstica, Letras e Artes (Artes Pl\u00e1sticas \/ Dan\u00e7a \/ M\u00fasica \/ Teatro [&hellip;]<\/p>\n","protected":false},"author":8259,"featured_media":0,"parent":0,"menu_order":0,"comment_status":"closed","ping_status":"closed","template":"","meta":{"footnotes":""},"categories":[],"tags":[],"class_list":["post-2314","page","type-page","status-publish","hentry"],"acf":[],"_links":{"self":[{"href":"https:\/\/www.ufsm.br\/pro-reitorias\/prpgp\/jai\/wp-json\/wp\/v2\/pages\/2314","targetHints":{"allow":["GET"]}}],"collection":[{"href":"https:\/\/www.ufsm.br\/pro-reitorias\/prpgp\/jai\/wp-json\/wp\/v2\/pages"}],"about":[{"href":"https:\/\/www.ufsm.br\/pro-reitorias\/prpgp\/jai\/wp-json\/wp\/v2\/types\/page"}],"author":[{"embeddable":true,"href":"https:\/\/www.ufsm.br\/pro-reitorias\/prpgp\/jai\/wp-json\/wp\/v2\/users\/8259"}],"replies":[{"embeddable":true,"href":"https:\/\/www.ufsm.br\/pro-reitorias\/prpgp\/jai\/wp-json\/wp\/v2\/comments?post=2314"}],"version-history":[{"count":0,"href":"https:\/\/www.ufsm.br\/pro-reitorias\/prpgp\/jai\/wp-json\/wp\/v2\/pages\/2314\/revisions"}],"wp:attachment":[{"href":"https:\/\/www.ufsm.br\/pro-reitorias\/prpgp\/jai\/wp-json\/wp\/v2\/media?parent=2314"}],"wp:term":[{"taxonomy":"category","embeddable":true,"href":"https:\/\/www.ufsm.br\/pro-reitorias\/prpgp\/jai\/wp-json\/wp\/v2\/categories?post=2314"},{"taxonomy":"post_tag","embeddable":true,"href":"https:\/\/www.ufsm.br\/pro-reitorias\/prpgp\/jai\/wp-json\/wp\/v2\/tags?post=2314"}],"curies":[{"name":"wp","href":"https:\/\/api.w.org\/{rel}","templated":true}]}}