{"id":239,"date":"2019-06-27T15:12:52","date_gmt":"2019-06-27T18:12:52","guid":{"rendered":"https:\/\/www.ufsm.br\/pro-reitorias\/prpgp\/jai\/?page_id=239"},"modified":"2019-06-27T15:12:55","modified_gmt":"2019-06-27T18:12:55","slug":"cerimonia-de-abertura-2","status":"publish","type":"page","link":"https:\/\/www.ufsm.br\/pro-reitorias\/prpgp\/jai\/cerimonia-de-abertura-2","title":{"rendered":"Cerim\u00f4nia de abertura\u00a0"},"content":{"rendered":"\n<p><strong>LOCAL: <\/strong>Audit\u00f3rio do Centro de Conven\u00e7\u00f5es<\/p>\n\n\n\n<p><strong>HOR\u00c1RIO DE IN\u00cdCIO: <\/strong>9:00h<\/p>\n\n\n\n<p><strong>DATA: <\/strong>23 de outubro de 2017<\/p>\n\n\n\n<p><\/p>\n\n\n\n<p><strong>Entrega do Pr\u00eamio Pesquisador Destaque UFSM 2017<\/strong><\/p>\n\n\n\n<p>PROFA. DRA. CRISTINA WAYNE NOGUEIRA<\/p>\n\n\n\n<p><strong>Entrega do Pr\u00eamio Professor Destaque UFSM 2017<\/strong><\/p>\n\n\n\n<p>PROFA. DRA. JULIANA PETERMANN<\/p>\n","protected":false},"excerpt":{"rendered":"<p>LOCAL: Audit\u00f3rio do Centro de Conven\u00e7\u00f5es HOR\u00c1RIO DE IN\u00cdCIO: 9:00h DATA: 23 de outubro de 2017 Entrega do Pr\u00eamio Pesquisador Destaque UFSM 2017 PROFA. DRA. CRISTINA WAYNE NOGUEIRA Entrega do Pr\u00eamio Professor Destaque UFSM 2017 PROFA. DRA. JULIANA PETERMANN<\/p>\n","protected":false},"author":723,"featured_media":0,"parent":0,"menu_order":0,"comment_status":"closed","ping_status":"closed","template":"","meta":{"footnotes":""},"categories":[],"tags":[],"class_list":["post-239","page","type-page","status-publish","hentry"],"acf":[],"_links":{"self":[{"href":"https:\/\/www.ufsm.br\/pro-reitorias\/prpgp\/jai\/wp-json\/wp\/v2\/pages\/239","targetHints":{"allow":["GET"]}}],"collection":[{"href":"https:\/\/www.ufsm.br\/pro-reitorias\/prpgp\/jai\/wp-json\/wp\/v2\/pages"}],"about":[{"href":"https:\/\/www.ufsm.br\/pro-reitorias\/prpgp\/jai\/wp-json\/wp\/v2\/types\/page"}],"author":[{"embeddable":true,"href":"https:\/\/www.ufsm.br\/pro-reitorias\/prpgp\/jai\/wp-json\/wp\/v2\/users\/723"}],"replies":[{"embeddable":true,"href":"https:\/\/www.ufsm.br\/pro-reitorias\/prpgp\/jai\/wp-json\/wp\/v2\/comments?post=239"}],"version-history":[{"count":0,"href":"https:\/\/www.ufsm.br\/pro-reitorias\/prpgp\/jai\/wp-json\/wp\/v2\/pages\/239\/revisions"}],"wp:attachment":[{"href":"https:\/\/www.ufsm.br\/pro-reitorias\/prpgp\/jai\/wp-json\/wp\/v2\/media?parent=239"}],"wp:term":[{"taxonomy":"category","embeddable":true,"href":"https:\/\/www.ufsm.br\/pro-reitorias\/prpgp\/jai\/wp-json\/wp\/v2\/categories?post=239"},{"taxonomy":"post_tag","embeddable":true,"href":"https:\/\/www.ufsm.br\/pro-reitorias\/prpgp\/jai\/wp-json\/wp\/v2\/tags?post=239"}],"curies":[{"name":"wp","href":"https:\/\/api.w.org\/{rel}","templated":true}]}}