{"id":2600,"date":"2025-07-14T14:26:38","date_gmt":"2025-07-14T17:26:38","guid":{"rendered":"https:\/\/www.ufsm.br\/pro-reitorias\/prpgp\/jai\/?page_id=2600"},"modified":"2025-07-14T15:48:28","modified_gmt":"2025-07-14T18:48:28","slug":"maratona-de-inovacao","status":"publish","type":"page","link":"https:\/\/www.ufsm.br\/pro-reitorias\/prpgp\/jai\/maratona-de-inovacao","title":{"rendered":"Maratona de Inova\u00e7\u00e3o"},"content":{"rendered":"\t\t<div data-elementor-type=\"wp-page\" data-elementor-id=\"2600\" class=\"elementor elementor-2600\">\n\t\t\t\t\t\t<section class=\"elementor-section elementor-top-section elementor-element elementor-element-99fc539 elementor-section-boxed elementor-section-height-default elementor-section-height-default\" data-id=\"99fc539\" data-element_type=\"section\">\n\t\t\t\t\t\t<div class=\"elementor-container elementor-column-gap-default\">\n\t\t\t\t\t<div class=\"elementor-column elementor-col-100 elementor-top-column elementor-element elementor-element-c788006\" data-id=\"c788006\" data-element_type=\"column\">\n\t\t\t<div class=\"elementor-widget-wrap elementor-element-populated\">\n\t\t\t\t\t\t<div class=\"elementor-element elementor-element-0d2c351 elementor-widget elementor-widget-heading\" data-id=\"0d2c351\" data-element_type=\"widget\" data-widget_type=\"heading.default\">\n\t\t\t\t<div class=\"elementor-widget-container\">\n\t\t\t<h5 class=\"elementor-heading-title elementor-size-default\">Maratona de Inova\u00e7\u00e3o<\/h5>\t\t<\/div>\n\t\t\t\t<\/div>\n\t\t\t\t<div class=\"elementor-element elementor-element-2fba01f elementor-widget elementor-widget-text-editor\" data-id=\"2fba01f\" data-element_type=\"widget\" data-widget_type=\"text-editor.default\">\n\t\t\t\t<div class=\"elementor-widget-container\">\n\t\t\t\t\t\t\t<p align=\"justify\"><span style=\"font-family: 'Times New Roman', serif;font-size: 12pt\"><span style=\"font-family: Calibri, serif\">A Maratona de Inova\u00e7\u00e3o \u00e9 uma atividade promovida pela Pr\u00f3-Reitoria de Inova\u00e7\u00e3o e Empreendedorismo (PROINOVA) com o objetivo de aproximar a comunidade acad\u00eamica do ecossistema de inova\u00e7\u00e3o da UFSM, por meio de experi\u00eancias pr\u00e1ticas, reflexivas e inspiradoras.<\/span><\/span><\/p>\t\t\t\t\t\t<\/div>\n\t\t\t\t<\/div>\n\t\t\t\t\t<\/div>\n\t\t<\/div>\n\t\t\t\t\t<\/div>\n\t\t<\/section>\n\t\t\t\t<section class=\"elementor-section elementor-top-section elementor-element elementor-element-1bd5c84 elementor-section-boxed elementor-section-height-default elementor-section-height-default\" data-id=\"1bd5c84\" data-element_type=\"section\">\n\t\t\t\t\t\t<div class=\"elementor-container elementor-column-gap-default\">\n\t\t\t\t\t<div class=\"elementor-column elementor-col-100 elementor-top-column elementor-element elementor-element-cf07fd8\" data-id=\"cf07fd8\" data-element_type=\"column\">\n\t\t\t<div class=\"elementor-widget-wrap elementor-element-populated\">\n\t\t\t\t\t\t<div class=\"elementor-element elementor-element-a76a57f elementor-widget elementor-widget-heading\" data-id=\"a76a57f\" data-element_type=\"widget\" data-widget_type=\"heading.default\">\n\t\t\t\t<div class=\"elementor-widget-container\">\n\t\t\t<h5 class=\"elementor-heading-title elementor-size-default\">4\u00aa Maratona de Inova\u00e7\u00e3o (Edi\u00e7\u00e3o 2025)<\/h5>\t\t<\/div>\n\t\t\t\t<\/div>\n\t\t\t\t<div class=\"elementor-element elementor-element-db18146 elementor-widget elementor-widget-text-editor\" data-id=\"db18146\" data-element_type=\"widget\" data-widget_type=\"text-editor.default\">\n\t\t\t\t<div class=\"elementor-widget-container\">\n\t\t\t\t\t\t\t<p><span style=\"font-family: 'Times New Roman', serif;font-size: 12pt\"><span style=\"font-family: Calibri, serif\">Em 2025, a 4\u00aa edi\u00e7\u00e3o da Maratona de Inova\u00e7\u00e3o traz um novo formato, voltado \u00e0\u00a0<\/span><strong><span style=\"font-family: Calibri, serif\">imers\u00e3o em ambientes e pr\u00e1ticas de inova\u00e7\u00e3o<\/span><\/strong><span style=\"font-family: Calibri, serif\">.<\/span><\/span><\/p><p><span style=\"font-family: 'Times New Roman', serif;font-size: 12pt\"><span style=\"font-family: Calibri, serif\">A atividade acontecer\u00e1 no dia 06\/11\/25 e ser\u00e1 composta por:<\/span><\/span><\/p><ul><li><p><span style=\"font-family: 'Times New Roman', serif;font-size: 12pt\"><strong><span style=\"font-family: Calibri, serif\">Din\u00e2mica interativa sobre Habilidades Empreendedoras (HE)<\/span><\/strong><span style=\"font-family: Calibri, serif\">;<\/span><\/span><\/p><\/li><li><p><span style=\"font-family: 'Times New Roman', serif;font-size: 12pt\"><strong><span style=\"font-family: Calibri, serif\">Visita ao INOVATEC \u2013 Parque de Inova\u00e7\u00e3o, Ci\u00eancia e Tecnologia da UFSM<\/span><\/strong><span style=\"font-family: Calibri, serif\">;<\/span><\/span><\/p><\/li><li><p><span style=\"font-family: 'Times New Roman', serif;font-size: 12pt\"><strong><span style=\"font-family: Calibri, serif\">Explora\u00e7\u00e3o do Laborat\u00f3rio de Prototipagem da Universidade<\/span><\/strong><span style=\"font-family: Calibri, serif\">, com demonstra\u00e7\u00f5es de tecnologias e processos criativos.<\/span><\/span><\/p><\/li><\/ul><p><span style=\"font-family: 'Times New Roman', serif;font-size: 12pt\"><span style=\"font-family: Calibri, serif\">Ser\u00e3o disponibilizadas <\/span><strong><span style=\"font-family: Calibri, serif\">20 vagas<\/span><\/strong><span style=\"font-family: Calibri, serif\"> para estudantes de gradua\u00e7\u00e3o ou p\u00f3s-gradua\u00e7\u00e3o que tenham interesse em conhecer mais de perto os espa\u00e7os, recursos e oportunidades que a UFSM oferece no campo da inova\u00e7\u00e3o e do empreendedorismo.<\/span><\/span><\/p><p><span style=\"font-family: 'Times New Roman', serif;font-size: 12pt\"><span style=\"font-family: Calibri, serif\">Mais informa\u00e7\u00f5es e formul\u00e1rio de inscri\u00e7\u00e3o ser\u00e3o divulgados em breve: <\/span><span style=\"font-size: 24pt\"><strong><span style=\"color: #ff0000\"><span style=\"font-family: Calibri, serif\">AGUARDE<\/span><\/span><\/strong><\/span><span style=\"font-family: Calibri, serif\"><br \/><\/span><\/span><\/p><p><span style=\"font-family: 'Times New Roman', serif;font-size: 12pt\"><span style=\"font-family: Calibri, serif\">D\u00favidas podem ser encaminhadas para o e-mail: <\/span><strong><span style=\"font-family: Calibri, serif\">proinova.ce@ufsm.br<\/span><\/strong><span style=\"font-family: Calibri, serif\">, com o assunto <\/span><strong><span style=\"font-family: Calibri, serif\">Maratona de Inova\u00e7\u00e3o JAI 2025<\/span><\/strong><span style=\"font-family: Calibri, serif\">.<\/span><\/span><\/p>\t\t\t\t\t\t<\/div>\n\t\t\t\t<\/div>\n\t\t\t\t\t<\/div>\n\t\t<\/div>\n\t\t\t\t\t<\/div>\n\t\t<\/section>\n\t\t\t\t<\/div>\n\t\t","protected":false},"excerpt":{"rendered":"<p>Maratona de Inova\u00e7\u00e3o A Maratona de Inova\u00e7\u00e3o \u00e9 uma atividade promovida pela Pr\u00f3-Reitoria de Inova\u00e7\u00e3o e Empreendedorismo (PROINOVA) com o objetivo de aproximar a comunidade acad\u00eamica do ecossistema de inova\u00e7\u00e3o da UFSM, por meio de experi\u00eancias pr\u00e1ticas, reflexivas e inspiradoras. 4\u00aa Maratona de Inova\u00e7\u00e3o (Edi\u00e7\u00e3o 2025) Em 2025, a 4\u00aa edi\u00e7\u00e3o da Maratona de Inova\u00e7\u00e3o [&hellip;]<\/p>\n","protected":false},"author":8259,"featured_media":0,"parent":0,"menu_order":0,"comment_status":"closed","ping_status":"closed","template":"","meta":{"footnotes":""},"categories":[],"tags":[],"class_list":["post-2600","page","type-page","status-publish","hentry"],"acf":[],"_links":{"self":[{"href":"https:\/\/www.ufsm.br\/pro-reitorias\/prpgp\/jai\/wp-json\/wp\/v2\/pages\/2600","targetHints":{"allow":["GET"]}}],"collection":[{"href":"https:\/\/www.ufsm.br\/pro-reitorias\/prpgp\/jai\/wp-json\/wp\/v2\/pages"}],"about":[{"href":"https:\/\/www.ufsm.br\/pro-reitorias\/prpgp\/jai\/wp-json\/wp\/v2\/types\/page"}],"author":[{"embeddable":true,"href":"https:\/\/www.ufsm.br\/pro-reitorias\/prpgp\/jai\/wp-json\/wp\/v2\/users\/8259"}],"replies":[{"embeddable":true,"href":"https:\/\/www.ufsm.br\/pro-reitorias\/prpgp\/jai\/wp-json\/wp\/v2\/comments?post=2600"}],"version-history":[{"count":0,"href":"https:\/\/www.ufsm.br\/pro-reitorias\/prpgp\/jai\/wp-json\/wp\/v2\/pages\/2600\/revisions"}],"wp:attachment":[{"href":"https:\/\/www.ufsm.br\/pro-reitorias\/prpgp\/jai\/wp-json\/wp\/v2\/media?parent=2600"}],"wp:term":[{"taxonomy":"category","embeddable":true,"href":"https:\/\/www.ufsm.br\/pro-reitorias\/prpgp\/jai\/wp-json\/wp\/v2\/categories?post=2600"},{"taxonomy":"post_tag","embeddable":true,"href":"https:\/\/www.ufsm.br\/pro-reitorias\/prpgp\/jai\/wp-json\/wp\/v2\/tags?post=2600"}],"curies":[{"name":"wp","href":"https:\/\/api.w.org\/{rel}","templated":true}]}}