{"id":2639,"date":"2025-09-16T09:57:25","date_gmt":"2025-09-16T12:57:25","guid":{"rendered":"https:\/\/www.ufsm.br\/pro-reitorias\/prpgp\/jai\/?page_id=2639"},"modified":"2025-10-29T20:45:22","modified_gmt":"2025-10-29T23:45:22","slug":"jai-mirim","status":"publish","type":"page","link":"https:\/\/www.ufsm.br\/pro-reitorias\/prpgp\/jai\/jai-mirim","title":{"rendered":"JAI Mirim"},"content":{"rendered":"\t\t<div data-elementor-type=\"wp-page\" data-elementor-id=\"2639\" class=\"elementor elementor-2639\">\n\t\t\t\t\t\t<section class=\"elementor-section elementor-top-section elementor-element elementor-element-172e1f0 elementor-section-boxed elementor-section-height-default elementor-section-height-default\" data-id=\"172e1f0\" data-element_type=\"section\">\n\t\t\t\t\t\t<div class=\"elementor-container elementor-column-gap-default\">\n\t\t\t\t\t<div class=\"elementor-column elementor-col-100 elementor-top-column elementor-element elementor-element-42feb75\" data-id=\"42feb75\" data-element_type=\"column\">\n\t\t\t<div class=\"elementor-widget-wrap elementor-element-populated\">\n\t\t\t\t\t\t<div class=\"elementor-element elementor-element-3ab1fdf elementor-widget elementor-widget-image\" data-id=\"3ab1fdf\" data-element_type=\"widget\" data-widget_type=\"image.default\">\n\t\t\t\t<div class=\"elementor-widget-container\">\n\t\t\t\t\t\t\t\t\t\t\t\t\t<img fetchpriority=\"high\" decoding=\"async\" width=\"1920\" height=\"515\" src=\"https:\/\/www.ufsm.br\/app\/uploads\/sites\/681\/2025\/09\/BANNER-JAI-MIRIM.jpg\" class=\"attachment-full size-full wp-image-2647\" alt=\"\" srcset=\"https:\/\/www.ufsm.br\/app\/uploads\/sites\/681\/2025\/09\/BANNER-JAI-MIRIM.jpg 1920w, https:\/\/www.ufsm.br\/app\/uploads\/sites\/681\/2025\/09\/BANNER-JAI-MIRIM-300x80.jpg 300w, https:\/\/www.ufsm.br\/app\/uploads\/sites\/681\/2025\/09\/BANNER-JAI-MIRIM-1024x275.jpg 1024w, https:\/\/www.ufsm.br\/app\/uploads\/sites\/681\/2025\/09\/BANNER-JAI-MIRIM-768x206.jpg 768w, https:\/\/www.ufsm.br\/app\/uploads\/sites\/681\/2025\/09\/BANNER-JAI-MIRIM-1536x412.jpg 1536w\" sizes=\"(max-width: 1920px) 100vw, 1920px\" \/>\t\t\t\t\t\t\t\t\t\t\t\t\t<\/div>\n\t\t\t\t<\/div>\n\t\t\t\t\t<\/div>\n\t\t<\/div>\n\t\t\t\t\t<\/div>\n\t\t<\/section>\n\t\t\t\t<section class=\"elementor-section elementor-top-section elementor-element elementor-element-f3071ce elementor-section-boxed elementor-section-height-default elementor-section-height-default\" data-id=\"f3071ce\" data-element_type=\"section\">\n\t\t\t\t\t\t<div class=\"elementor-container elementor-column-gap-default\">\n\t\t\t\t\t<div class=\"elementor-column elementor-col-100 elementor-top-column elementor-element elementor-element-08e9ae4\" data-id=\"08e9ae4\" data-element_type=\"column\">\n\t\t\t<div class=\"elementor-widget-wrap elementor-element-populated\">\n\t\t\t\t\t\t<div class=\"elementor-element elementor-element-33aa7b2 elementor-widget elementor-widget-heading\" data-id=\"33aa7b2\" data-element_type=\"widget\" data-widget_type=\"heading.default\">\n\t\t\t\t<div class=\"elementor-widget-container\">\n\t\t\t<h5 class=\"elementor-heading-title elementor-size-default\">JAI Mirim<\/h5>\t\t<\/div>\n\t\t\t\t<\/div>\n\t\t\t\t<div class=\"elementor-element elementor-element-18b2119 elementor-widget elementor-widget-text-editor\" data-id=\"18b2119\" data-element_type=\"widget\" data-widget_type=\"text-editor.default\">\n\t\t\t\t<div class=\"elementor-widget-container\">\n\t\t\t\t\t\t\t<p align=\"left\"><span style=\"font-size: medium\">A Jornada Acad\u00eamica Integrada (JAI) da Universidade Federal de Santa Maria (UFSM) \u00e9 um evento de apresenta\u00e7\u00e3o de trabalhos de pesquisa, de inova\u00e7\u00e3o, de extens\u00e3o e de ensino realizada por discentes da UFSM. A participa\u00e7\u00e3o \u00e9 aberta a estudantes vinculados (as) a institui\u00e7\u00e3o de ensino superior, em qualquer n\u00edvel.<\/span><\/p><p align=\"left\"><span style=\"font-size: medium\">A Jornada Acad\u00eamica Integrada (JAI) Mirim busca oferecer aos(\u00e0s) estudantes e professores(as)\u00a0<b>da educa\u00e7\u00e3o infantil e<\/b>\u00a0dos anos iniciais e finais do ensino fundamental (1\u00b0 ao 9\u00b0 ano) um canal de aproxima\u00e7\u00e3o com a UFSM, disponibilizando um espa\u00e7o onde as crian\u00e7as possam mostrar novas ideias, os resultados de explora\u00e7\u00f5es cient\u00edficas e o impacto de a\u00e7\u00f5es de extens\u00e3o desenvolvidas em suas comunidades.<\/span><\/p><p align=\"left\"><span style=\"color: #202124\"><span style=\"font-size: medium\"><b>A JAI Mirim \u00e9 uma iniciativa da Coordenadoria de Desenvolvimento Regional da Pr\u00f3-Reitoria de Extens\u00e3o (PRE\/UFSM) em parceria com a Pr\u00f3-Reitoria de P\u00f3s-Gradua\u00e7\u00e3o e Pesquisa (PRPGP\/UFSM). <\/b><\/span><\/span><\/p>\t\t\t\t\t\t<\/div>\n\t\t\t\t<\/div>\n\t\t\t\t\t<\/div>\n\t\t<\/div>\n\t\t\t\t\t<\/div>\n\t\t<\/section>\n\t\t\t\t<section class=\"elementor-section elementor-top-section elementor-element elementor-element-58c4c58 elementor-section-boxed elementor-section-height-default elementor-section-height-default\" data-id=\"58c4c58\" data-element_type=\"section\">\n\t\t\t\t\t\t<div class=\"elementor-container elementor-column-gap-default\">\n\t\t\t\t\t<div class=\"elementor-column elementor-col-100 elementor-top-column elementor-element elementor-element-b2bb25b\" data-id=\"b2bb25b\" data-element_type=\"column\">\n\t\t\t<div class=\"elementor-widget-wrap elementor-element-populated\">\n\t\t\t\t\t\t<div class=\"elementor-element elementor-element-7f3d253 elementor-widget elementor-widget-heading\" data-id=\"7f3d253\" data-element_type=\"widget\" data-widget_type=\"heading.default\">\n\t\t\t\t<div class=\"elementor-widget-container\">\n\t\t\t<h5 class=\"elementor-heading-title elementor-size-default\">4\u00aa JAI Mirim (edi\u00e7\u00e3o 2025)<\/h5>\t\t<\/div>\n\t\t\t\t<\/div>\n\t\t\t\t<div class=\"elementor-element elementor-element-86c99aa elementor-widget elementor-widget-text-editor\" data-id=\"86c99aa\" data-element_type=\"widget\" data-widget_type=\"text-editor.default\">\n\t\t\t\t<div class=\"elementor-widget-container\">\n\t\t\t\t\t\t\t<p align=\"left\"><span style=\"font-size: medium\">Na 4\u00aa edi\u00e7\u00e3o da JAI Mirim, o evento ocorrer\u00e1 dia <\/span><span style=\"font-size: medium\"><b>05 de novembro de 2025<\/b><\/span><span style=\"font-size: medium\">, concomitante \u00e0 JAI da UFSM, no<\/span><span style=\"font-size: medium\"><b> Museu do Conhecimento, das 08h30 \u00e0s 17h<\/b><\/span><span style=\"font-size: medium\">.<\/span><\/p><p align=\"left\"><span style=\"font-size: medium\">Professores(as) podem inscrever trabalhos, realizados nas escolas junto aos(\u00e0s) estudantes, at\u00e9 \u00e0s 14h do dia 15\/10\/2025. Para saber mais, leia o edital e acesse o formul\u00e1rio eletr\u00f4nico (links abaixo).<\/span><\/p><p align=\"left\"><span style=\"font-size: medium\">A UFSM aguarda as escolas para um dia de trocas, aprendizagem e muita divers\u00e3o!<\/span><\/p><p align=\"left\"><a href=\"https:\/\/www.ufsm.br\/pro-reitorias\/pre\/editais\/090-2025\"><span style=\"font-size: medium\"><u>Edital da 4\u00aa JAI Mirim<\/u><\/span><span style=\"font-size: medium\">\u00a0<\/span><\/a><\/p><p align=\"left\"><a href=\"https:\/\/docs.google.com\/forms\/d\/e\/1FAIpQLSefB8_NfSj1NiVIlQxcshCzkpETrKo9ahftepFnM9E4VSvtgg\/viewform\"><span style=\"font-size: medium\"><u>Formul\u00e1rio de inscri\u00e7\u00e3o para a 4\u00aa JAI Mirim<\/u><\/span><\/a><span style=\"font-size: medium\">\u00a0<\/span><\/p><p align=\"left\"><a href=\"https:\/\/www.ufsm.br\/app\/uploads\/sites\/681\/2025\/09\/090-2025-PRE-Modelo-do-RESUMO-JAI-Mirim-2025.docx\"><span style=\"font-size: medium\"><u>Modelo de resumo<\/u><\/span><\/a><\/p><p align=\"left\"><a href=\"https:\/\/www.ufsm.br\/app\/uploads\/sites\/681\/2025\/09\/090-2025-PRE-Modelo-de-banner-JAI-Mirim-2025.pptx\"><span style=\"font-size: medium\"><u>Modelo de banner<\/u><\/span><\/a><\/p>\t\t\t\t\t\t<\/div>\n\t\t\t\t<\/div>\n\t\t\t\t\t<\/div>\n\t\t<\/div>\n\t\t\t\t\t<\/div>\n\t\t<\/section>\n\t\t\t\t<section class=\"elementor-section elementor-top-section elementor-element elementor-element-ab0b159 elementor-section-boxed elementor-section-height-default elementor-section-height-default\" data-id=\"ab0b159\" data-element_type=\"section\">\n\t\t\t\t\t\t<div class=\"elementor-container elementor-column-gap-default\">\n\t\t\t\t\t<div class=\"elementor-column elementor-col-100 elementor-top-column elementor-element elementor-element-0d932dc\" data-id=\"0d932dc\" data-element_type=\"column\">\n\t\t\t<div class=\"elementor-widget-wrap elementor-element-populated\">\n\t\t\t\t\t\t<div class=\"elementor-element elementor-element-7030fb6 elementor-widget elementor-widget-heading\" data-id=\"7030fb6\" data-element_type=\"widget\" data-widget_type=\"heading.default\">\n\t\t\t\t<div class=\"elementor-widget-container\">\n\t\t\t<h5 class=\"elementor-heading-title elementor-size-default\">Sele\u00e7\u00e3o de trabalhos<\/h5>\t\t<\/div>\n\t\t\t\t<\/div>\n\t\t\t\t<div class=\"elementor-element elementor-element-d9c645b elementor-widget elementor-widget-text-editor\" data-id=\"d9c645b\" data-element_type=\"widget\" data-widget_type=\"text-editor.default\">\n\t\t\t\t<div class=\"elementor-widget-container\">\n\t\t\t\t\t\t\t<p><a href=\"https:\/\/www.ufsm.br\/app\/uploads\/sites\/681\/2025\/10\/Resultado-Definitivo-JAI-Mirim-2025.pdf\">Resultado Definitivo<\/a><\/p>\t\t\t\t\t\t<\/div>\n\t\t\t\t<\/div>\n\t\t\t\t\t<\/div>\n\t\t<\/div>\n\t\t\t\t\t<\/div>\n\t\t<\/section>\n\t\t\t\t<section class=\"elementor-section elementor-top-section elementor-element elementor-element-2895ada elementor-section-boxed elementor-section-height-default elementor-section-height-default\" data-id=\"2895ada\" data-element_type=\"section\">\n\t\t\t\t\t\t<div class=\"elementor-container elementor-column-gap-default\">\n\t\t\t\t\t<div class=\"elementor-column elementor-col-100 elementor-top-column elementor-element elementor-element-fce2f56\" data-id=\"fce2f56\" data-element_type=\"column\">\n\t\t\t<div class=\"elementor-widget-wrap elementor-element-populated\">\n\t\t\t\t\t\t<div class=\"elementor-element elementor-element-58ac6d7 elementor-widget elementor-widget-heading\" data-id=\"58ac6d7\" data-element_type=\"widget\" data-widget_type=\"heading.default\">\n\t\t\t\t<div class=\"elementor-widget-container\">\n\t\t\t<h5 class=\"elementor-heading-title elementor-size-default\">Contato<\/h5>\t\t<\/div>\n\t\t\t\t<\/div>\n\t\t\t\t<div class=\"elementor-element elementor-element-c5b25fe elementor-widget elementor-widget-text-editor\" data-id=\"c5b25fe\" data-element_type=\"widget\" data-widget_type=\"text-editor.default\">\n\t\t\t\t<div class=\"elementor-widget-container\">\n\t\t\t\t\t\t\t<p>E-mail geral:\u00a0<a class=\"notranslate\" href=\"mailto:geoparques.pre@ufsm.br\">coder.pre@ufsm.br<\/a><\/p><p>Telefones: 55 3220 9412<\/p><p><em>Programa Progredir Geoparques:<\/em>\u00a0<a class=\"notranslate\" href=\"mailto:progredir.pre@ufsm.br\">progredir.pre@ufsm.br<\/a><\/p>\t\t\t\t\t\t<\/div>\n\t\t\t\t<\/div>\n\t\t\t\t\t<\/div>\n\t\t<\/div>\n\t\t\t\t\t<\/div>\n\t\t<\/section>\n\t\t\t\t<\/div>\n\t\t","protected":false},"excerpt":{"rendered":"<p>JAI Mirim A Jornada Acad\u00eamica Integrada (JAI) da Universidade Federal de Santa Maria (UFSM) \u00e9 um evento de apresenta\u00e7\u00e3o de trabalhos de pesquisa, de inova\u00e7\u00e3o, de extens\u00e3o e de ensino realizada por discentes da UFSM. A participa\u00e7\u00e3o \u00e9 aberta a estudantes vinculados (as) a institui\u00e7\u00e3o de ensino superior, em qualquer n\u00edvel. A Jornada Acad\u00eamica Integrada [&hellip;]<\/p>\n","protected":false},"author":8259,"featured_media":0,"parent":0,"menu_order":0,"comment_status":"closed","ping_status":"closed","template":"","meta":{"footnotes":""},"categories":[24,17],"tags":[80,34,51],"class_list":["post-2639","page","type-page","status-publish","hentry","category-banner","category-evento","tag-eventos","tag-jai","tag-prpgp"],"acf":[],"_links":{"self":[{"href":"https:\/\/www.ufsm.br\/pro-reitorias\/prpgp\/jai\/wp-json\/wp\/v2\/pages\/2639","targetHints":{"allow":["GET"]}}],"collection":[{"href":"https:\/\/www.ufsm.br\/pro-reitorias\/prpgp\/jai\/wp-json\/wp\/v2\/pages"}],"about":[{"href":"https:\/\/www.ufsm.br\/pro-reitorias\/prpgp\/jai\/wp-json\/wp\/v2\/types\/page"}],"author":[{"embeddable":true,"href":"https:\/\/www.ufsm.br\/pro-reitorias\/prpgp\/jai\/wp-json\/wp\/v2\/users\/8259"}],"replies":[{"embeddable":true,"href":"https:\/\/www.ufsm.br\/pro-reitorias\/prpgp\/jai\/wp-json\/wp\/v2\/comments?post=2639"}],"version-history":[{"count":0,"href":"https:\/\/www.ufsm.br\/pro-reitorias\/prpgp\/jai\/wp-json\/wp\/v2\/pages\/2639\/revisions"}],"wp:attachment":[{"href":"https:\/\/www.ufsm.br\/pro-reitorias\/prpgp\/jai\/wp-json\/wp\/v2\/media?parent=2639"}],"wp:term":[{"taxonomy":"category","embeddable":true,"href":"https:\/\/www.ufsm.br\/pro-reitorias\/prpgp\/jai\/wp-json\/wp\/v2\/categories?post=2639"},{"taxonomy":"post_tag","embeddable":true,"href":"https:\/\/www.ufsm.br\/pro-reitorias\/prpgp\/jai\/wp-json\/wp\/v2\/tags?post=2639"}],"curies":[{"name":"wp","href":"https:\/\/api.w.org\/{rel}","templated":true}]}}