{"id":2654,"date":"2025-10-01T09:20:09","date_gmt":"2025-10-01T12:20:09","guid":{"rendered":"https:\/\/www.ufsm.br\/pro-reitorias\/prpgp\/jai\/?page_id=2654"},"modified":"2025-10-06T09:34:46","modified_gmt":"2025-10-06T12:34:46","slug":"apresentacoes-banners-3","status":"publish","type":"page","link":"https:\/\/www.ufsm.br\/pro-reitorias\/prpgp\/jai\/apresentacoes-banners-3","title":{"rendered":"Apresenta\u00e7\u00f5es Banners"},"content":{"rendered":"\t\t<div data-elementor-type=\"wp-page\" data-elementor-id=\"2654\" class=\"elementor elementor-2654\">\n\t\t\t\t\t\t<section class=\"elementor-section elementor-top-section elementor-element elementor-element-1ee3cb5 elementor-section-boxed elementor-section-height-default elementor-section-height-default\" data-id=\"1ee3cb5\" data-element_type=\"section\">\n\t\t\t\t\t\t<div class=\"elementor-container elementor-column-gap-default\">\n\t\t\t\t\t<div class=\"elementor-column elementor-col-100 elementor-top-column elementor-element elementor-element-869f071\" data-id=\"869f071\" data-element_type=\"column\">\n\t\t\t<div class=\"elementor-widget-wrap elementor-element-populated\">\n\t\t\t\t\t\t<div class=\"elementor-element elementor-element-2ecc20a elementor-widget elementor-widget-accordion\" data-id=\"2ecc20a\" data-element_type=\"widget\" data-widget_type=\"accordion.default\">\n\t\t\t\t<div class=\"elementor-widget-container\">\n\t\t\t\t\t<div class=\"elementor-accordion\">\n\t\t\t\t\t\t\t<div class=\"elementor-accordion-item\">\n\t\t\t\t\t<div id=\"elementor-tab-title-4901\" class=\"elementor-tab-title\" data-tab=\"1\" role=\"button\" aria-controls=\"elementor-tab-content-4901\" aria-expanded=\"false\">\n\t\t\t\t\t\t\t\t\t\t\t\t\t<span class=\"elementor-accordion-icon elementor-accordion-icon-left\" aria-hidden=\"true\">\n\t\t\t\t\t\t\t\t\t\t\t\t\t\t\t<span class=\"elementor-accordion-icon-closed\"><i class=\"fas fa-plus\"><\/i><\/span>\n\t\t\t\t\t\t\t\t<span class=\"elementor-accordion-icon-opened\"><i class=\"fas fa-minus\"><\/i><\/span>\n\t\t\t\t\t\t\t\t\t\t\t\t\t\t<\/span>\n\t\t\t\t\t\t\t\t\t\t\t\t<a class=\"elementor-accordion-title\" tabindex=\"0\">BANNERS<\/a>\n\t\t\t\t\t<\/div>\n\t\t\t\t\t<div id=\"elementor-tab-content-4901\" class=\"elementor-tab-content elementor-clearfix\" data-tab=\"1\" role=\"region\" aria-labelledby=\"elementor-tab-title-4901\"><p><strong>Segunda-feira (13:30 &#8211; 15:30)<\/strong><\/p><table style=\"border-color: #000000;width: 100%;height: 72px\"><tbody><tr style=\"height: 48px\"><td style=\"width: 100%;border-color: #000000;height: 48px\"><a href=\"https:\/\/www.ufsm.br\/app\/uploads\/sites\/681\/2025\/10\/2a-T-Hall.pdf\">Hall &#8211; Ci\u00eancias Agr\u00e1rias (Agrometeorologia \/ Gest\u00e3o Ambiental \/ Recursos Florestais e Engenharia Florestal \/ Recursos Pesqueira e Engenharia de Pesca\/ Zootecnia)<\/a><\/td><\/tr><tr style=\"height: 24px\"><td style=\"width: 100%;border-color: #000000;height: 24px\"><a href=\"https:\/\/www.ufsm.br\/app\/uploads\/sites\/681\/2025\/10\/2a-T-Mezanino.pdf\">Mezanino &#8211; Ci\u00eancias Agr\u00e1rias (Agronomia \/ Eng. Agr\u00edcola )<\/a><\/td><\/tr><\/tbody><\/table><p><strong><br \/>Ter\u00e7a-feira (08:00 &#8211; 10:00)<\/strong><\/p><table style=\"border-color: #000000\"><tbody><tr><td style=\"width: 100%;border-color: #000000\"><a href=\"https:\/\/www.ufsm.br\/app\/uploads\/sites\/681\/2025\/10\/3a-M-Hall.pdf\">Hall &#8211; Ci\u00eancias Agr\u00e1rias\u00a0 (Medicina Veterin\u00e1ria \/ Ci\u00eancia e tecnologia dos Alimentos)<\/a><\/td><\/tr><tr><td style=\"width: 100%;border-color: #000000\"><a href=\"https:\/\/www.ufsm.br\/app\/uploads\/sites\/681\/2025\/10\/3a-M-Mezanino-1.pdf\">Mezanino &#8211; Lingu\u00edstica, Letras e Artes<\/a><\/td><\/tr><\/tbody><\/table><p><strong><br \/>Ter\u00e7a-feira (13:30 &#8211; 15:30)<\/strong><\/p><table style=\"border-color: #000000\"><tbody><tr><td style=\"width: 100%;border-color: #000000\"><a href=\"https:\/\/www.ufsm.br\/app\/uploads\/sites\/681\/2025\/10\/3a-T-Hall.pdf\">Hall &#8211; Ci\u00eancias Humanas (Educa\u00e7\u00e3o)<\/a><\/td><\/tr><tr><td style=\"width: 100%;border-color: #000000\"><a href=\"https:\/\/www.ufsm.br\/app\/uploads\/sites\/681\/2025\/10\/3a-T-Mezanino.pdf\">Mezanino &#8211; Ci\u00eancias Humanas (Antropologia \/ Ci\u00eancia Pol\u00edtica \/ Filosofia \/ Hist\u00f3ria \/ Psicologia \/ Sociologia)<\/a>\u00a0<\/td><\/tr><\/tbody><\/table><p><strong><br \/>Quarta-feira (8:00 &#8211; 10:00)<\/strong><\/p><table style=\"border-color: #000000\"><tbody><tr><td style=\"width: 100%;border-color: #000000\"><a href=\"https:\/\/www.ufsm.br\/app\/uploads\/sites\/681\/2025\/10\/4a-M-Hall.pdf\">Hall &#8211; Ci\u00eancias Sociais Aplicadas (Direito \/ Arquitetura e Urbanismo \/ Arquivologia \/ Ci\u00eancias da Informa\u00e7\u00e3o \/ Ci\u00eancias Cont\u00e1beis)<\/a><\/td><\/tr><tr><td style=\"width: 100%;border-color: #000000\"><p><a href=\"https:\/\/www.ufsm.br\/app\/uploads\/sites\/681\/2025\/10\/4a-M-Mezanino.pdf\">Mezanino &#8211; Ci\u00eancias Sociais Aplicadas (Desenho industrial)<\/a><br \/>\u00a0 \u00a0 \u00a0 \u00a0 \u00a0 \u00a0 \u00a0 \u00a0 \u00a0 \u00a0 \u00a0 <a href=\"https:\/\/www.ufsm.br\/app\/uploads\/sites\/681\/2025\/10\/4a-M-Mezanino.pdf\">Ci\u00eancias Humanas (Geografia)<\/a><\/p><\/td><\/tr><\/tbody><\/table><p><strong><br \/>Quarta-feira (13:30 &#8211; 15:30)<\/strong><\/p><table style=\"width: 100%;border-collapse: collapse;border-color: #000000\"><tbody><tr><td style=\"width: 100%;border-color: #000000\"><a href=\"https:\/\/www.ufsm.br\/app\/uploads\/sites\/681\/2025\/10\/4a-T-Hall.pdf\">Hall &#8211; Ci\u00eancias Sociais Aplicadas (Administra\u00e7\u00e3o \/ Comunica\u00e7\u00e3o)<\/a><\/td><\/tr><tr><td style=\"width: 100%;border-color: #000000\"><a href=\"https:\/\/www.ufsm.br\/app\/uploads\/sites\/681\/2025\/10\/4a-T-Mezanino.pdf\">Mezanino &#8211;\u00a0 Ci\u00eancias Sociais Aplicadas (Economia \/ Rela\u00e7\u00f5es Internacionais \/ Servi\u00e7o Social \/ Turismo)<\/a><\/td><\/tr><\/tbody><\/table><p><strong><br \/>Quarta-feira (19:00 &#8211; 20:30)<\/strong>\u00a0<\/p><table style=\"border-color: #000000;width: 100.591%;height: 24px\"><tbody><tr><td style=\"width: 100%;border-color: #000000\"><a href=\"https:\/\/www.ufsm.br\/app\/uploads\/sites\/681\/2025\/10\/4a-N-Hall.pdf\">Hall &#8211; \u00c1reas Diversas (NOTURNO) &#8211; Cursos Noturnos, Externos com op\u00e7\u00e3o noturno<\/a><\/td><\/tr><tr><td style=\"width: 100%;border-color: #000000\"><a href=\"https:\/\/www.ufsm.br\/app\/uploads\/sites\/681\/2025\/10\/4a-N-Mezanino.pdf\">Mezanino &#8211; \u00c1reas Diversas (NOTURNO) &#8211; Cursos Noturnos, Externos com op\u00e7\u00e3o noturno<\/a><\/td><\/tr><\/tbody><\/table><p><strong><br \/>Quinta-feira (08:00 &#8211; 10:00)<\/strong><\/p><table style=\"border-color: #000000;width: 100.592%;height: 48px\"><tbody><tr style=\"height: 24px\"><td style=\"width: 100%;border-color: #000000;height: 24px\"><a href=\"https:\/\/www.ufsm.br\/app\/uploads\/sites\/681\/2025\/10\/5a-M-Hall.pdf\">Hall &#8211; Ci\u00eancias da Sa\u00fade (Educa\u00e7\u00e3o F\u00edsica \/ Farm\u00e1cia \/ Fonoaudiologia)<\/a><\/td><\/tr><tr style=\"height: 24px\"><td style=\"width: 100%;border-color: #000000;height: 24px\"><a href=\"https:\/\/www.ufsm.br\/app\/uploads\/sites\/681\/2025\/10\/5a-M-Mezanino.pdf\">Mezanino &#8211; Ci\u00eancias da Sa\u00fade (Fisioterapia \/ Terapia Ocupacional \/ Medicina)<\/a><\/td><\/tr><\/tbody><\/table><p><strong><br \/>Quinta-feira (13:30 &#8211; 15:30)<\/strong><\/p><table style=\"border-color: #000000;width: 100.267%;height: 48px\"><tbody><tr style=\"height: 24px\"><td style=\"width: 100%;border-color: #000000;height: 24px\">\u00a0<a href=\"https:\/\/www.ufsm.br\/app\/uploads\/sites\/681\/2025\/10\/5a-T-Hall.pdf\">Hall &#8211; Ci\u00eancias da Sa\u00fade (Odontologia \/ Sa\u00fade Coletiva)<\/a><\/td><\/tr><tr style=\"height: 24px\"><td style=\"width: 100%;border-color: #000000;height: 24px\"><a href=\"https:\/\/www.ufsm.br\/app\/uploads\/sites\/681\/2025\/10\/5a-T-Mezanino.pdf\">Mezanino &#8211; Ci\u00eancias da Sa\u00fade\u00a0\u00a0(Enfermagem \/ Nutri\u00e7\u00e3o)<\/a><\/td><\/tr><\/tbody><\/table><p><strong><br \/>Sexta-feira (08:00 &#8211; 10:00)<\/strong><\/p><table style=\"border-color: #000000;width: 99.9419%;height: 46px\"><tbody><tr style=\"height: 22px\"><td style=\"width: 100%;border-color: #000000;height: 22px\"><a href=\"https:\/\/www.ufsm.br\/app\/uploads\/sites\/681\/2025\/10\/6a-M-Hall.pdf\">Hall &#8211; Ci\u00eancias Biol\u00f3gicas<\/a><\/td><\/tr><tr style=\"height: 24px\"><td style=\"width: 100%;border-color: #000000;height: 24px\"><a href=\"https:\/\/www.ufsm.br\/app\/uploads\/sites\/681\/2025\/10\/6a-M-Mezanino.pdf\">Mezanino &#8211; Ci\u00eancias exatas e da Terra<\/a><\/td><\/tr><\/tbody><\/table><p><strong><br \/>Sexta-feira (13:30 &#8211; 15:30)<\/strong><\/p><table style=\"border-color: #000000;width: 99.2247%;height: 72px\"><tbody><tr style=\"height: 48px\"><td style=\"width: 100%;border-color: #000000;height: 48px\"><a href=\"https:\/\/www.ufsm.br\/app\/uploads\/sites\/681\/2025\/10\/6a-T-Hall-1.pdf\">Hall &#8211; Engenharias (Ac\u00fastica \/ Aeroespacial \/ Biom\u00e9dica\/ Civil \/ Computa\u00e7\u00e3o \/ Produ\u00e7\u00e3o \/ Telecomunica\u00e7\u00f5es )<\/a><\/td><\/tr><tr style=\"height: 24px\"><td style=\"width: 100%;border-color: #000000;height: 24px\"><a href=\"https:\/\/www.ufsm.br\/app\/uploads\/sites\/681\/2025\/10\/6a-T-Mezanino.pdf\">Mezanino &#8211; Engenharias (El\u00e9trica \/ Mec\u00e2nica \/ Qu\u00edmica \/ Sanit\u00e1ria)<\/a><\/td><\/tr><\/tbody><\/table><\/div>\n\t\t\t\t<\/div>\n\t\t\t\t\t\t\t\t<\/div>\n\t\t\t\t<\/div>\n\t\t\t\t<\/div>\n\t\t\t\t\t<\/div>\n\t\t<\/div>\n\t\t\t\t\t<\/div>\n\t\t<\/section>\n\t\t\t\t<\/div>\n\t\t","protected":false},"excerpt":{"rendered":"<p>BANNERS Segunda-feira (13:30 &#8211; 15:30) Hall &#8211; Ci\u00eancias Agr\u00e1rias (Agrometeorologia \/ Gest\u00e3o Ambiental \/ Recursos Florestais e Engenharia Florestal \/ Recursos Pesqueira e Engenharia de Pesca\/ Zootecnia) Mezanino &#8211; Ci\u00eancias Agr\u00e1rias (Agronomia \/ Eng. Agr\u00edcola ) Ter\u00e7a-feira (08:00 &#8211; 10:00) Hall &#8211; Ci\u00eancias Agr\u00e1rias\u00a0 (Medicina Veterin\u00e1ria \/ Ci\u00eancia e tecnologia dos Alimentos) Mezanino &#8211; Lingu\u00edstica, [&hellip;]<\/p>\n","protected":false},"author":8259,"featured_media":0,"parent":0,"menu_order":0,"comment_status":"closed","ping_status":"closed","template":"","meta":{"footnotes":""},"categories":[],"tags":[],"class_list":["post-2654","page","type-page","status-publish","hentry"],"acf":[],"_links":{"self":[{"href":"https:\/\/www.ufsm.br\/pro-reitorias\/prpgp\/jai\/wp-json\/wp\/v2\/pages\/2654","targetHints":{"allow":["GET"]}}],"collection":[{"href":"https:\/\/www.ufsm.br\/pro-reitorias\/prpgp\/jai\/wp-json\/wp\/v2\/pages"}],"about":[{"href":"https:\/\/www.ufsm.br\/pro-reitorias\/prpgp\/jai\/wp-json\/wp\/v2\/types\/page"}],"author":[{"embeddable":true,"href":"https:\/\/www.ufsm.br\/pro-reitorias\/prpgp\/jai\/wp-json\/wp\/v2\/users\/8259"}],"replies":[{"embeddable":true,"href":"https:\/\/www.ufsm.br\/pro-reitorias\/prpgp\/jai\/wp-json\/wp\/v2\/comments?post=2654"}],"version-history":[{"count":0,"href":"https:\/\/www.ufsm.br\/pro-reitorias\/prpgp\/jai\/wp-json\/wp\/v2\/pages\/2654\/revisions"}],"wp:attachment":[{"href":"https:\/\/www.ufsm.br\/pro-reitorias\/prpgp\/jai\/wp-json\/wp\/v2\/media?parent=2654"}],"wp:term":[{"taxonomy":"category","embeddable":true,"href":"https:\/\/www.ufsm.br\/pro-reitorias\/prpgp\/jai\/wp-json\/wp\/v2\/categories?post=2654"},{"taxonomy":"post_tag","embeddable":true,"href":"https:\/\/www.ufsm.br\/pro-reitorias\/prpgp\/jai\/wp-json\/wp\/v2\/tags?post=2654"}],"curies":[{"name":"wp","href":"https:\/\/api.w.org\/{rel}","templated":true}]}}