{"id":2832,"date":"2025-10-23T10:04:30","date_gmt":"2025-10-23T13:04:30","guid":{"rendered":"https:\/\/www.ufsm.br\/pro-reitorias\/prpgp\/jai\/?page_id=2832"},"modified":"2025-10-23T10:49:15","modified_gmt":"2025-10-23T13:49:15","slug":"apresentacoes-cachoeira-do-sul","status":"publish","type":"page","link":"https:\/\/www.ufsm.br\/pro-reitorias\/prpgp\/jai\/apresentacoes-cachoeira-do-sul","title":{"rendered":"Apresenta\u00e7\u00f5es Cachoeira do Sul"},"content":{"rendered":"\t\t<div data-elementor-type=\"wp-page\" data-elementor-id=\"2832\" class=\"elementor elementor-2832\">\n\t\t\t\t\t\t<section class=\"elementor-section elementor-top-section elementor-element elementor-element-251b7f3 elementor-section-boxed elementor-section-height-default elementor-section-height-default\" data-id=\"251b7f3\" data-element_type=\"section\">\n\t\t\t\t\t\t<div class=\"elementor-container elementor-column-gap-default\">\n\t\t\t\t\t<div class=\"elementor-column elementor-col-100 elementor-top-column elementor-element elementor-element-32957f8\" data-id=\"32957f8\" data-element_type=\"column\">\n\t\t\t<div class=\"elementor-widget-wrap elementor-element-populated\">\n\t\t\t\t\t\t<div class=\"elementor-element elementor-element-b3b91e7 elementor-widget elementor-widget-accordion\" data-id=\"b3b91e7\" data-element_type=\"widget\" data-widget_type=\"accordion.default\">\n\t\t\t\t<div class=\"elementor-widget-container\">\n\t\t\t\t\t<div class=\"elementor-accordion\">\n\t\t\t\t\t\t\t<div class=\"elementor-accordion-item\">\n\t\t\t\t\t<div id=\"elementor-tab-title-1881\" class=\"elementor-tab-title\" data-tab=\"1\" role=\"button\" aria-controls=\"elementor-tab-content-1881\" aria-expanded=\"false\">\n\t\t\t\t\t\t\t\t\t\t\t\t\t<span class=\"elementor-accordion-icon elementor-accordion-icon-left\" aria-hidden=\"true\">\n\t\t\t\t\t\t\t\t\t\t\t\t\t\t\t<span class=\"elementor-accordion-icon-closed\"><i class=\"fas fa-plus\"><\/i><\/span>\n\t\t\t\t\t\t\t\t<span class=\"elementor-accordion-icon-opened\"><i class=\"fas fa-minus\"><\/i><\/span>\n\t\t\t\t\t\t\t\t\t\t\t\t\t\t<\/span>\n\t\t\t\t\t\t\t\t\t\t\t\t<a class=\"elementor-accordion-title\" tabindex=\"0\">Painel<\/a>\n\t\t\t\t\t<\/div>\n\t\t\t\t\t<div id=\"elementor-tab-content-1881\" class=\"elementor-tab-content elementor-clearfix\" data-tab=\"1\" role=\"region\" aria-labelledby=\"elementor-tab-title-1881\"><table style=\"width: 100%;border-collapse: collapse;border-color: #000000\"><tbody><tr><td style=\"width: 100%;border-color: #000000\"><a href=\"https:\/\/www.ufsm.br\/app\/uploads\/sites\/681\/2025\/10\/Segunda-Feira-TARDE-1.pdf\">Segunda-Feira (TARDE)<\/a><\/td><\/tr><tr><td style=\"width: 100%;border-color: #000000\"><a href=\"https:\/\/www.ufsm.br\/app\/uploads\/sites\/681\/2025\/10\/Terca-Feira-TARDE-1.pdf\">Ter\u00e7a-Feira (TARDE)<\/a><\/td><\/tr><tr><td style=\"width: 100%;border-color: #000000\"><a href=\"https:\/\/www.ufsm.br\/app\/uploads\/sites\/681\/2025\/10\/Terca-Feira-NOITE-1.pdf\">Ter\u00e7a-Feira (NOITE)<\/a><\/td><\/tr><\/tbody><\/table><\/div>\n\t\t\t\t<\/div>\n\t\t\t\t\t\t\t\t<\/div>\n\t\t\t\t<\/div>\n\t\t\t\t<\/div>\n\t\t\t\t\t<\/div>\n\t\t<\/div>\n\t\t\t\t\t<\/div>\n\t\t<\/section>\n\t\t\t\t<section class=\"elementor-section elementor-top-section elementor-element elementor-element-2011c6a elementor-section-boxed elementor-section-height-default elementor-section-height-default\" data-id=\"2011c6a\" data-element_type=\"section\">\n\t\t\t\t\t\t<div class=\"elementor-container elementor-column-gap-default\">\n\t\t\t\t\t<div class=\"elementor-column elementor-col-100 elementor-top-column elementor-element elementor-element-d954d53\" data-id=\"d954d53\" data-element_type=\"column\">\n\t\t\t<div class=\"elementor-widget-wrap elementor-element-populated\">\n\t\t\t\t\t\t<div class=\"elementor-element elementor-element-c1db42f elementor-widget elementor-widget-accordion\" data-id=\"c1db42f\" data-element_type=\"widget\" data-widget_type=\"accordion.default\">\n\t\t\t\t<div class=\"elementor-widget-container\">\n\t\t\t\t\t<div class=\"elementor-accordion\">\n\t\t\t\t\t\t\t<div class=\"elementor-accordion-item\">\n\t\t\t\t\t<div id=\"elementor-tab-title-2031\" class=\"elementor-tab-title\" data-tab=\"1\" role=\"button\" aria-controls=\"elementor-tab-content-2031\" aria-expanded=\"false\">\n\t\t\t\t\t\t\t\t\t\t\t\t\t<span class=\"elementor-accordion-icon elementor-accordion-icon-left\" aria-hidden=\"true\">\n\t\t\t\t\t\t\t\t\t\t\t\t\t\t\t<span class=\"elementor-accordion-icon-closed\"><i class=\"fas fa-plus\"><\/i><\/span>\n\t\t\t\t\t\t\t\t<span class=\"elementor-accordion-icon-opened\"><i class=\"fas fa-minus\"><\/i><\/span>\n\t\t\t\t\t\t\t\t\t\t\t\t\t\t<\/span>\n\t\t\t\t\t\t\t\t\t\t\t\t<a class=\"elementor-accordion-title\" tabindex=\"0\">Oral<\/a>\n\t\t\t\t\t<\/div>\n\t\t\t\t\t<div id=\"elementor-tab-content-2031\" class=\"elementor-tab-content elementor-clearfix\" data-tab=\"1\" role=\"region\" aria-labelledby=\"elementor-tab-title-2031\"><table style=\"width: 100%;border-collapse: collapse;border-color: #000000\"><tbody><tr><td style=\"width: 100%;border-color: #000000\"><a href=\"https:\/\/www.ufsm.br\/app\/uploads\/sites\/681\/2025\/10\/Segunda-Feira-TARDE.pdf\">Segunda-Feira (TARDE)<\/a><\/td><\/tr><tr><td style=\"width: 100%;border-color: #000000\"><a href=\"https:\/\/www.ufsm.br\/app\/uploads\/sites\/681\/2025\/10\/Terca-Feira-TARDE.pdf\">Ter\u00e7a-Feira (TARDE)<\/a><\/td><\/tr><tr><td style=\"width: 100%;border-color: #000000\"><a href=\"https:\/\/www.ufsm.br\/app\/uploads\/sites\/681\/2025\/10\/Terca-Feira-NOITE.pdf\">Ter\u00e7a-Feira (NOITE)<\/a><\/td><\/tr><tr><td style=\"width: 100%;border-color: #000000\"><a href=\"https:\/\/www.ufsm.br\/app\/uploads\/sites\/681\/2025\/10\/Quarta-Feira-NOITE.pdf\">Quarta-Feira (NOITE)<\/a><\/td><\/tr><\/tbody><\/table><\/div>\n\t\t\t\t<\/div>\n\t\t\t\t\t\t\t\t<\/div>\n\t\t\t\t<\/div>\n\t\t\t\t<\/div>\n\t\t\t\t\t<\/div>\n\t\t<\/div>\n\t\t\t\t\t<\/div>\n\t\t<\/section>\n\t\t\t\t<\/div>\n\t\t","protected":false},"excerpt":{"rendered":"<p>Painel Segunda-Feira (TARDE) Ter\u00e7a-Feira (TARDE) Ter\u00e7a-Feira (NOITE) Oral Segunda-Feira (TARDE) Ter\u00e7a-Feira (TARDE) Ter\u00e7a-Feira (NOITE) Quarta-Feira (NOITE)<\/p>\n","protected":false},"author":8259,"featured_media":0,"parent":0,"menu_order":0,"comment_status":"closed","ping_status":"closed","template":"","meta":{"footnotes":""},"categories":[],"tags":[],"class_list":["post-2832","page","type-page","status-publish","hentry"],"acf":[],"_links":{"self":[{"href":"https:\/\/www.ufsm.br\/pro-reitorias\/prpgp\/jai\/wp-json\/wp\/v2\/pages\/2832","targetHints":{"allow":["GET"]}}],"collection":[{"href":"https:\/\/www.ufsm.br\/pro-reitorias\/prpgp\/jai\/wp-json\/wp\/v2\/pages"}],"about":[{"href":"https:\/\/www.ufsm.br\/pro-reitorias\/prpgp\/jai\/wp-json\/wp\/v2\/types\/page"}],"author":[{"embeddable":true,"href":"https:\/\/www.ufsm.br\/pro-reitorias\/prpgp\/jai\/wp-json\/wp\/v2\/users\/8259"}],"replies":[{"embeddable":true,"href":"https:\/\/www.ufsm.br\/pro-reitorias\/prpgp\/jai\/wp-json\/wp\/v2\/comments?post=2832"}],"version-history":[{"count":0,"href":"https:\/\/www.ufsm.br\/pro-reitorias\/prpgp\/jai\/wp-json\/wp\/v2\/pages\/2832\/revisions"}],"wp:attachment":[{"href":"https:\/\/www.ufsm.br\/pro-reitorias\/prpgp\/jai\/wp-json\/wp\/v2\/media?parent=2832"}],"wp:term":[{"taxonomy":"category","embeddable":true,"href":"https:\/\/www.ufsm.br\/pro-reitorias\/prpgp\/jai\/wp-json\/wp\/v2\/categories?post=2832"},{"taxonomy":"post_tag","embeddable":true,"href":"https:\/\/www.ufsm.br\/pro-reitorias\/prpgp\/jai\/wp-json\/wp\/v2\/tags?post=2832"}],"curies":[{"name":"wp","href":"https:\/\/api.w.org\/{rel}","templated":true}]}}