{"id":34,"date":"2019-06-13T14:18:56","date_gmt":"2019-06-13T17:18:56","guid":{"rendered":"https:\/\/www.ufsm.br\/pro-reitorias\/prpgp\/jai\/?page_id=34"},"modified":"2022-07-23T22:35:15","modified_gmt":"2022-07-24T01:35:15","slug":"modulos-tematicos","status":"publish","type":"page","link":"https:\/\/www.ufsm.br\/pro-reitorias\/prpgp\/jai\/modulos-tematicos","title":{"rendered":"M\u00f3dulos Tem\u00e1ticos"},"content":{"rendered":"\t\t<div data-elementor-type=\"wp-page\" data-elementor-id=\"34\" class=\"elementor elementor-34\">\n\t\t\t\t\t\t<section class=\"elementor-section elementor-top-section elementor-element elementor-element-15a61fe8 elementor-section-boxed elementor-section-height-default elementor-section-height-default\" data-id=\"15a61fe8\" data-element_type=\"section\">\n\t\t\t\t\t\t<div class=\"elementor-container elementor-column-gap-default\">\n\t\t\t\t\t<div class=\"elementor-column elementor-col-100 elementor-top-column elementor-element elementor-element-f310a58\" data-id=\"f310a58\" data-element_type=\"column\">\n\t\t\t<div class=\"elementor-widget-wrap elementor-element-populated\">\n\t\t\t\t\t\t<div class=\"elementor-element elementor-element-119b0c99 elementor-widget elementor-widget-text-editor\" data-id=\"119b0c99\" data-element_type=\"widget\" data-widget_type=\"text-editor.default\">\n\t\t\t\t<div class=\"elementor-widget-container\">\n\t\t\t\t\t\t\t<!-- wp:paragraph -->\n<p>&#8211; Abaixo voc\u00ea encontra a lista de m\u00f3dulos tem\u00e1ticos<\/p>\n<!-- \/wp:paragraph --><!-- wp:paragraph -->\n<p>&#8211; No ambiente de submiss\u00e3o de trabalhos voc\u00ea ir\u00e1 selecionar somente um destes m\u00f3dulos\u00a0<\/p>\n<!-- \/wp:paragraph --><!-- wp:paragraph -->\n<p>&#8211; Converse com seu orientador e escolha previamente o m\u00f3dulo adequado ao seu trabalho\u00a0<\/p>\n<!-- \/wp:paragraph --><!-- wp:paragraph -->\n<p>&#8211; Os m\u00f3dulos s\u00e3o divididos por Grandes \u00c1reas do Conhecimento.<\/p>\n<!-- \/wp:paragraph --><!-- wp:paragraph \/--><!-- wp:paragraph -->\n<p>&#8211; As Grandes \u00c1reas n\u00e3o s\u00e3o m\u00f3dulos selecion\u00e1veis<\/p>\n<!-- \/wp:paragraph --><!-- wp:paragraph -->\n<p>&#8211; Dependendo do n\u00famero de trabalhos inscritos em cada m\u00f3dulo, poder\u00e1 haver a jun\u00e7\u00e3o de\u00a0dois ou mais m\u00f3dulos em somente um.<\/p>\n<!-- \/wp:paragraph --><!-- wp:paragraph \/-->\t\t\t\t\t\t<\/div>\n\t\t\t\t<\/div>\n\t\t\t\t<section class=\"elementor-section elementor-inner-section elementor-element elementor-element-014d3c6 elementor-section-boxed elementor-section-height-default elementor-section-height-default\" data-id=\"014d3c6\" data-element_type=\"section\">\n\t\t\t\t\t\t<div class=\"elementor-container elementor-column-gap-default\">\n\t\t\t\t\t<div class=\"elementor-column elementor-col-100 elementor-inner-column elementor-element elementor-element-e9d1b77\" data-id=\"e9d1b77\" data-element_type=\"column\">\n\t\t\t<div class=\"elementor-widget-wrap elementor-element-populated\">\n\t\t\t\t\t\t<div class=\"elementor-element elementor-element-d147607 elementor-widget elementor-widget-accordion\" data-id=\"d147607\" data-element_type=\"widget\" data-widget_type=\"accordion.default\">\n\t\t\t\t<div class=\"elementor-widget-container\">\n\t\t\t\t\t<div class=\"elementor-accordion\">\n\t\t\t\t\t\t\t<div class=\"elementor-accordion-item\">\n\t\t\t\t\t<div id=\"elementor-tab-title-2191\" class=\"elementor-tab-title\" data-tab=\"1\" role=\"button\" aria-controls=\"elementor-tab-content-2191\" aria-expanded=\"false\">\n\t\t\t\t\t\t\t\t\t\t\t\t\t<span class=\"elementor-accordion-icon elementor-accordion-icon-left\" aria-hidden=\"true\">\n\t\t\t\t\t\t\t\t\t\t\t\t\t\t\t<span class=\"elementor-accordion-icon-closed\"><i class=\"fas fa-caret-right\"><\/i><\/span>\n\t\t\t\t\t\t\t\t<span class=\"elementor-accordion-icon-opened\"><i class=\"fas fa-caret-down\"><\/i><\/span>\n\t\t\t\t\t\t\t\t\t\t\t\t\t\t<\/span>\n\t\t\t\t\t\t\t\t\t\t\t\t<a class=\"elementor-accordion-title\" tabindex=\"0\">CI\u00caNCIAS EXATAS E DA TERRA<\/a>\n\t\t\t\t\t<\/div>\n\t\t\t\t\t<div id=\"elementor-tab-content-2191\" class=\"elementor-tab-content elementor-clearfix\" data-tab=\"1\" role=\"region\" aria-labelledby=\"elementor-tab-title-2191\"><ul>\n<li>ASTRONOMIA<\/li>\n<li>CI\u00caNCIA DA COMPUTA\u00c7\u00c3O<\/li>\n<li>F\u00cdSICA<\/li>\n<li>GEOCI\u00caNCIAS<\/li>\n<li>MATEM\u00c1TICA<\/li>\n<li>OCEANOGRAFIA<\/li>\n<li>PROBABILIDADE E ESTAT\u00cdSTICA<\/li>\n<li>QU\u00cdMICA<\/li>\n<\/ul><\/div>\n\t\t\t\t<\/div>\n\t\t\t\t\t\t\t<div class=\"elementor-accordion-item\">\n\t\t\t\t\t<div id=\"elementor-tab-title-2192\" class=\"elementor-tab-title\" data-tab=\"2\" role=\"button\" aria-controls=\"elementor-tab-content-2192\" aria-expanded=\"false\">\n\t\t\t\t\t\t\t\t\t\t\t\t\t<span class=\"elementor-accordion-icon elementor-accordion-icon-left\" aria-hidden=\"true\">\n\t\t\t\t\t\t\t\t\t\t\t\t\t\t\t<span class=\"elementor-accordion-icon-closed\"><i class=\"fas fa-caret-right\"><\/i><\/span>\n\t\t\t\t\t\t\t\t<span class=\"elementor-accordion-icon-opened\"><i class=\"fas fa-caret-down\"><\/i><\/span>\n\t\t\t\t\t\t\t\t\t\t\t\t\t\t<\/span>\n\t\t\t\t\t\t\t\t\t\t\t\t<a class=\"elementor-accordion-title\" tabindex=\"0\">CI\u00caNCIAS AGR\u00c1RIAS<\/a>\n\t\t\t\t\t<\/div>\n\t\t\t\t\t<div id=\"elementor-tab-content-2192\" class=\"elementor-tab-content elementor-clearfix\" data-tab=\"2\" role=\"region\" aria-labelledby=\"elementor-tab-title-2192\"><ul>\n<li>AGRONOMIA\/AGROMETEOROLOGIA<\/li>\n<li>AGRONOMIA\/CI\u00caNCIA DO SOLO<\/li>\n<li>AGRONOMIA\/EXTENS\u00c3O RURAL<\/li>\n<li>AGRONOMIA\/FITOSSANIDADE<\/li>\n<li>AGRONOMIA\/FITOTECNIA<\/li>\n<li>AGRONOMIA\/FLORICULTURA, PARQUES E JARDINS<\/li>\n<li>CI\u00caNCIA E TECNOLOGIA DE ALIMENTOS\/CI\u00caNCIA DE ALIMENTOS<\/li>\n<li>CI\u00caNCIA E TECNOLOGIA DE ALIMENTOS\/ENGENHARIA DE ALIMENTOS<\/li>\n<li>CI\u00caNCIA E TECNOLOGIA DE ALIMENTOS\/TECNOLOGIA DE ALIMENTOS<\/li>\n<li>ENGENHARIA AGR\u00cdCOLA<\/li>\n<li>MEDICINA VETERIN\u00c1RIA\/CLINICA E CIRURGIA ANIMAL<\/li>\n<li>MEDICINA VETERIN\u00c1RIA\/INSPE\u00c7\u00c3O DE PRODUTOS DE ORIGEM ANIMAL<\/li>\n<li>MEDICINA VETERIN\u00c1RIA\/MEDICINA VETERIN\u00c1RIA PREVENTIVA<\/li>\n<li>MEDICINA VETERIN\u00c1RIA\/PATOLOGIA ANIMAL<\/li>\n<li>MEDICINA VETERIN\u00c1RIA\/REPRODU\u00c7\u00c3O ANIMAL<\/li>\n<li>RECURSOS FLORESTAIS E ENGENHARIA FLORESTAL<\/li>\n<li>RECURSOS PESQUEIRA E ENGENHARIA DE PESCA<\/li>\n<li>ZOOTECNIA\/ECOLOGIA DOS ANIMAIS DOM\u00c9STICOS E ETOLOGIA<\/li>\n<li>ZOOTECNIA\/GEN\u00c9TICA E MELHORAMENTO DOS ANIMAIS DOM\u00c9STICOS<\/li>\n<li>ZOOTECNIA\/NUTRI\u00c7\u00c3O E ALIMENTA\u00c7\u00c3O ANIMAL<\/li>\n<li>ZOOTECNIA\/PASTAGEM E FORRAGICULTURA<\/li>\n<li>ZOOTECNIA\/PRODU\u00c7\u00c3O ANIMAL<\/li>\n<\/ul><\/div>\n\t\t\t\t<\/div>\n\t\t\t\t\t\t\t<div class=\"elementor-accordion-item\">\n\t\t\t\t\t<div id=\"elementor-tab-title-2193\" class=\"elementor-tab-title\" data-tab=\"3\" role=\"button\" aria-controls=\"elementor-tab-content-2193\" aria-expanded=\"false\">\n\t\t\t\t\t\t\t\t\t\t\t\t\t<span class=\"elementor-accordion-icon elementor-accordion-icon-left\" aria-hidden=\"true\">\n\t\t\t\t\t\t\t\t\t\t\t\t\t\t\t<span class=\"elementor-accordion-icon-closed\"><i class=\"fas fa-caret-right\"><\/i><\/span>\n\t\t\t\t\t\t\t\t<span class=\"elementor-accordion-icon-opened\"><i class=\"fas fa-caret-down\"><\/i><\/span>\n\t\t\t\t\t\t\t\t\t\t\t\t\t\t<\/span>\n\t\t\t\t\t\t\t\t\t\t\t\t<a class=\"elementor-accordion-title\" tabindex=\"0\">CI\u00caNCIAS BIOL\u00d3GICAS<\/a>\n\t\t\t\t\t<\/div>\n\t\t\t\t\t<div id=\"elementor-tab-content-2193\" class=\"elementor-tab-content elementor-clearfix\" data-tab=\"3\" role=\"region\" aria-labelledby=\"elementor-tab-title-2193\"><ul>\n<li>BIOF\u00cdSICA<\/li>\n<li>BIOLOGIA GERAL<\/li>\n<li>BIOQU\u00cdMICA<\/li>\n<li>BOT\u00c2NICA<\/li>\n<li>ECOLOGIA<\/li>\n<li>FARMACOLOGIA<\/li>\n<li>FISIOLOGIA<\/li>\n<li>GEN\u00c9TICA<\/li>\n<li>IMUNOLOGIA<\/li>\n<li>MICROBIOLOGIA<\/li>\n<li>MORFOLOGIA<\/li>\n<li>PARASITOLOGIA<\/li>\n<li>ZOOLOGIA<\/li>\n<\/ul><\/div>\n\t\t\t\t<\/div>\n\t\t\t\t\t\t\t<div class=\"elementor-accordion-item\">\n\t\t\t\t\t<div id=\"elementor-tab-title-2194\" class=\"elementor-tab-title\" data-tab=\"4\" role=\"button\" aria-controls=\"elementor-tab-content-2194\" aria-expanded=\"false\">\n\t\t\t\t\t\t\t\t\t\t\t\t\t<span class=\"elementor-accordion-icon elementor-accordion-icon-left\" aria-hidden=\"true\">\n\t\t\t\t\t\t\t\t\t\t\t\t\t\t\t<span class=\"elementor-accordion-icon-closed\"><i class=\"fas fa-caret-right\"><\/i><\/span>\n\t\t\t\t\t\t\t\t<span class=\"elementor-accordion-icon-opened\"><i class=\"fas fa-caret-down\"><\/i><\/span>\n\t\t\t\t\t\t\t\t\t\t\t\t\t\t<\/span>\n\t\t\t\t\t\t\t\t\t\t\t\t<a class=\"elementor-accordion-title\" tabindex=\"0\">CI\u00caNCIAS DA SA\u00daDE<\/a>\n\t\t\t\t\t<\/div>\n\t\t\t\t\t<div id=\"elementor-tab-content-2194\" class=\"elementor-tab-content elementor-clearfix\" data-tab=\"4\" role=\"region\" aria-labelledby=\"elementor-tab-title-2194\"><ul>\n<li>EDUCA\u00c7\u00c3O F\u00cdSICA<\/li>\n<li>ENFERMAGEM<\/li>\n<li>FARM\u00c1CIA<\/li>\n<li>FISIOTERAPIA E TERAPIA OCUPACIONAL<\/li>\n<li>FONOAUDIOLOGIA<\/li>\n<li>MEDICINA\/CL\u00cdNICA M\u00c9DICA<\/li>\n<li>MEDICINA\/CIRURGIA<\/li>\n<li>MEDICINA\/SA\u00daDE MATERNO-INFANTIIL<\/li>\n<li>MEDICINA\/PSIQUIATRIA<\/li>\n<li>MEDICINA\/ANATOMIA PATOL\u00d3GICA E PATOLOGIA CL\u00cdNICA<\/li>\n<li>MEDICINA\/RADIOLOGIA M\u00c9DICA<\/li>\n<li>MEDICINA\/MEDICINA LEGAL E<\/li>\n<li>DEONTOLOGIA<\/li>\n<li>NUTRI\u00c7\u00c3O<\/li>\n<li>ODONTOLOGIA<\/li>\n<li>SA\u00daDE COLETIVA<\/li>\n<\/ul><\/div>\n\t\t\t\t<\/div>\n\t\t\t\t\t\t\t<div class=\"elementor-accordion-item\">\n\t\t\t\t\t<div id=\"elementor-tab-title-2195\" class=\"elementor-tab-title\" data-tab=\"5\" role=\"button\" aria-controls=\"elementor-tab-content-2195\" aria-expanded=\"false\">\n\t\t\t\t\t\t\t\t\t\t\t\t\t<span class=\"elementor-accordion-icon elementor-accordion-icon-left\" aria-hidden=\"true\">\n\t\t\t\t\t\t\t\t\t\t\t\t\t\t\t<span class=\"elementor-accordion-icon-closed\"><i class=\"fas fa-caret-right\"><\/i><\/span>\n\t\t\t\t\t\t\t\t<span class=\"elementor-accordion-icon-opened\"><i class=\"fas fa-caret-down\"><\/i><\/span>\n\t\t\t\t\t\t\t\t\t\t\t\t\t\t<\/span>\n\t\t\t\t\t\t\t\t\t\t\t\t<a class=\"elementor-accordion-title\" tabindex=\"0\">CI\u00caNCIAS HUMANAS<\/a>\n\t\t\t\t\t<\/div>\n\t\t\t\t\t<div id=\"elementor-tab-content-2195\" class=\"elementor-tab-content elementor-clearfix\" data-tab=\"5\" role=\"region\" aria-labelledby=\"elementor-tab-title-2195\"><ul>\n<li>ANTROPOLOGIA<\/li>\n<li>ARQUEOLOGIA<\/li>\n<li>CI\u00caNCIA POL\u00cdTICA<\/li>\n<li>EDUCA\u00c7\u00c3O\/FUNDAMENTOS DA EDUCA\u00c7\u00c3O<\/li>\n<li>EDUCA\u00c7\u00c3O\/ADMINISTRA\u00c7\u00c3O EDUCACIONAL<\/li>\n<li>EDUCA\u00c7\u00c3O\/PLANEJAMENTO E AVALIA\u00c7\u00c3O EDUCACIONAL<\/li>\n<li>EDUCA\u00c7\u00c3O\/ENSINO-APRENDIZAGEM<\/li>\n<li>EDUCA\u00c7\u00c3O\/CURR\u00cdCULO<\/li>\n<li>EDUCA\u00c7\u00c3O\/ORIENTA\u00c7\u00c3O E ACONSELHAMENTO<\/li>\n<li>EDUCA\u00c7\u00c3O\/T\u00d3PICOS ESPECIAIS EM EDUCA\u00c7\u00c3O<\/li>\n<li>FILOSOFIA<\/li>\n<li>GEOGRAFIA<\/li>\n<li>HIST\u00d3RIA<\/li>\n<li>PSICOLOGIA<\/li>\n<li>SOCIOLOGIA<\/li>\n<\/ul><\/div>\n\t\t\t\t<\/div>\n\t\t\t\t\t\t\t<div class=\"elementor-accordion-item\">\n\t\t\t\t\t<div id=\"elementor-tab-title-2196\" class=\"elementor-tab-title\" data-tab=\"6\" role=\"button\" aria-controls=\"elementor-tab-content-2196\" aria-expanded=\"false\">\n\t\t\t\t\t\t\t\t\t\t\t\t\t<span class=\"elementor-accordion-icon elementor-accordion-icon-left\" aria-hidden=\"true\">\n\t\t\t\t\t\t\t\t\t\t\t\t\t\t\t<span class=\"elementor-accordion-icon-closed\"><i class=\"fas fa-caret-right\"><\/i><\/span>\n\t\t\t\t\t\t\t\t<span class=\"elementor-accordion-icon-opened\"><i class=\"fas fa-caret-down\"><\/i><\/span>\n\t\t\t\t\t\t\t\t\t\t\t\t\t\t<\/span>\n\t\t\t\t\t\t\t\t\t\t\t\t<a class=\"elementor-accordion-title\" tabindex=\"0\">CI\u00caNCIAS SOCIAIS APLICADAS<\/a>\n\t\t\t\t\t<\/div>\n\t\t\t\t\t<div id=\"elementor-tab-content-2196\" class=\"elementor-tab-content elementor-clearfix\" data-tab=\"6\" role=\"region\" aria-labelledby=\"elementor-tab-title-2196\"><ul>\n<li>ADMINISTRA\u00c7\u00c3O<\/li>\n<li>ARQUITETURA E URBANISMO<\/li>\n<li>ARQUIVOLOGIA<\/li>\n<li>COMUNICA\u00c7\u00c3O<\/li>\n<li>DEMOGRAFIA<\/li>\n<li>DESENHO INDUSTRIAL<\/li>\n<li>DIREITO<\/li>\n<li>ECONOMIA<\/li>\n<li>PLANEJAMENTO URBANO E REGIONAL<\/li>\n<li>SERVI\u00c7O SOCIAL<\/li>\n<li>TURISMO<\/li>\n<\/ul><\/div>\n\t\t\t\t<\/div>\n\t\t\t\t\t\t\t<div class=\"elementor-accordion-item\">\n\t\t\t\t\t<div id=\"elementor-tab-title-2197\" class=\"elementor-tab-title\" data-tab=\"7\" role=\"button\" aria-controls=\"elementor-tab-content-2197\" aria-expanded=\"false\">\n\t\t\t\t\t\t\t\t\t\t\t\t\t<span class=\"elementor-accordion-icon elementor-accordion-icon-left\" aria-hidden=\"true\">\n\t\t\t\t\t\t\t\t\t\t\t\t\t\t\t<span class=\"elementor-accordion-icon-closed\"><i class=\"fas fa-caret-right\"><\/i><\/span>\n\t\t\t\t\t\t\t\t<span class=\"elementor-accordion-icon-opened\"><i class=\"fas fa-caret-down\"><\/i><\/span>\n\t\t\t\t\t\t\t\t\t\t\t\t\t\t<\/span>\n\t\t\t\t\t\t\t\t\t\t\t\t<a class=\"elementor-accordion-title\" tabindex=\"0\">ENGENHARIAS<\/a>\n\t\t\t\t\t<\/div>\n\t\t\t\t\t<div id=\"elementor-tab-content-2197\" class=\"elementor-tab-content elementor-clearfix\" data-tab=\"7\" role=\"region\" aria-labelledby=\"elementor-tab-title-2197\"><ul>\n<li>ENGENHARIA AC\u00daSTICA<\/li>\n<li>ENGENHARIA AEROESPACIAL<\/li>\n<li>ENGENHARIA BIOM\u00c9DICA<\/li>\n<li>ENGENHARIA CIVIL<\/li>\n<li>ENGENHARIA DE MATERIAIS E METAL\u00daRGICA<\/li>\n<li>ENGENHARIA DE MINAS<\/li>\n<li>ENGENHARIA DE PRODU\u00c7\u00c3O<\/li>\n<li>ENGENHARIA DE TRANSPORTES<\/li>\n<li>ENGENHARIA EL\u00c9TRICA<\/li>\n<li>ENGENHARIA MEC\u00c2NICA<\/li>\n<li>ENGENHARIA NAVAL E OCE\u00c2NICA<\/li>\n<li>ENGENHARIA NUCLEAR<\/li>\n<li>ENGENHARIA QU\u00cdMICA<\/li>\n<li>ENGENHARIA SANIT\u00c1RIA<\/li>\n<\/ul><\/div>\n\t\t\t\t<\/div>\n\t\t\t\t\t\t\t<div class=\"elementor-accordion-item\">\n\t\t\t\t\t<div id=\"elementor-tab-title-2198\" class=\"elementor-tab-title\" data-tab=\"8\" role=\"button\" aria-controls=\"elementor-tab-content-2198\" aria-expanded=\"false\">\n\t\t\t\t\t\t\t\t\t\t\t\t\t<span class=\"elementor-accordion-icon elementor-accordion-icon-left\" aria-hidden=\"true\">\n\t\t\t\t\t\t\t\t\t\t\t\t\t\t\t<span class=\"elementor-accordion-icon-closed\"><i class=\"fas fa-caret-right\"><\/i><\/span>\n\t\t\t\t\t\t\t\t<span class=\"elementor-accordion-icon-opened\"><i class=\"fas fa-caret-down\"><\/i><\/span>\n\t\t\t\t\t\t\t\t\t\t\t\t\t\t<\/span>\n\t\t\t\t\t\t\t\t\t\t\t\t<a class=\"elementor-accordion-title\" tabindex=\"0\">LING\u00dc\u00cdSTICA, LETRAS E ARTES<\/a>\n\t\t\t\t\t<\/div>\n\t\t\t\t\t<div id=\"elementor-tab-content-2198\" class=\"elementor-tab-content elementor-clearfix\" data-tab=\"8\" role=\"region\" aria-labelledby=\"elementor-tab-title-2198\"><ul>\n<li>ARTES\/ARTES PL\u00c1STICAS<\/li>\n<li>ARTES\/DAN\u00c7A<\/li>\n<li>ARTES\/M\u00daSICA<\/li>\n<li>ARTES\/TEATRO<\/li>\n<li>LETRAS<\/li>\n<li>LING\u00dc\u00cdSTICA<\/li>\n<\/ul><\/div>\n\t\t\t\t<\/div>\n\t\t\t\t\t\t\t\t<\/div>\n\t\t\t\t<\/div>\n\t\t\t\t<\/div>\n\t\t\t\t\t<\/div>\n\t\t<\/div>\n\t\t\t\t\t<\/div>\n\t\t<\/section>\n\t\t\t\t\t<\/div>\n\t\t<\/div>\n\t\t\t\t\t<\/div>\n\t\t<\/section>\n\t\t\t\t<\/div>\n\t\t","protected":false},"excerpt":{"rendered":"<p>&#8211; Abaixo voc\u00ea encontra a lista de m\u00f3dulos tem\u00e1ticos &#8211; No ambiente de submiss\u00e3o de trabalhos voc\u00ea ir\u00e1 selecionar somente um destes m\u00f3dulos\u00a0 &#8211; Converse com seu orientador e escolha previamente o m\u00f3dulo adequado ao seu trabalho\u00a0 &#8211; Os m\u00f3dulos s\u00e3o divididos por Grandes \u00c1reas do Conhecimento. &#8211; As Grandes \u00c1reas n\u00e3o s\u00e3o m\u00f3dulos selecion\u00e1veis [&hellip;]<\/p>\n","protected":false},"author":723,"featured_media":0,"parent":0,"menu_order":0,"comment_status":"closed","ping_status":"closed","template":"","meta":{"footnotes":""},"categories":[],"tags":[],"class_list":["post-34","page","type-page","status-publish","hentry"],"acf":[],"_links":{"self":[{"href":"https:\/\/www.ufsm.br\/pro-reitorias\/prpgp\/jai\/wp-json\/wp\/v2\/pages\/34","targetHints":{"allow":["GET"]}}],"collection":[{"href":"https:\/\/www.ufsm.br\/pro-reitorias\/prpgp\/jai\/wp-json\/wp\/v2\/pages"}],"about":[{"href":"https:\/\/www.ufsm.br\/pro-reitorias\/prpgp\/jai\/wp-json\/wp\/v2\/types\/page"}],"author":[{"embeddable":true,"href":"https:\/\/www.ufsm.br\/pro-reitorias\/prpgp\/jai\/wp-json\/wp\/v2\/users\/723"}],"replies":[{"embeddable":true,"href":"https:\/\/www.ufsm.br\/pro-reitorias\/prpgp\/jai\/wp-json\/wp\/v2\/comments?post=34"}],"version-history":[{"count":0,"href":"https:\/\/www.ufsm.br\/pro-reitorias\/prpgp\/jai\/wp-json\/wp\/v2\/pages\/34\/revisions"}],"wp:attachment":[{"href":"https:\/\/www.ufsm.br\/pro-reitorias\/prpgp\/jai\/wp-json\/wp\/v2\/media?parent=34"}],"wp:term":[{"taxonomy":"category","embeddable":true,"href":"https:\/\/www.ufsm.br\/pro-reitorias\/prpgp\/jai\/wp-json\/wp\/v2\/categories?post=34"},{"taxonomy":"post_tag","embeddable":true,"href":"https:\/\/www.ufsm.br\/pro-reitorias\/prpgp\/jai\/wp-json\/wp\/v2\/tags?post=34"}],"curies":[{"name":"wp","href":"https:\/\/api.w.org\/{rel}","templated":true}]}}