{"id":35,"date":"2019-06-13T14:20:04","date_gmt":"2019-06-13T17:20:04","guid":{"rendered":"https:\/\/www.ufsm.br\/pro-reitorias\/prpgp\/jai\/?page_id=35"},"modified":"2020-07-31T10:36:39","modified_gmt":"2020-07-31T13:36:39","slug":"extensao-dados-adicionais","status":"publish","type":"page","link":"https:\/\/www.ufsm.br\/pro-reitorias\/prpgp\/jai\/extensao-dados-adicionais","title":{"rendered":"Extens\u00e3o &#8211; Dados Adicionais"},"content":{"rendered":"\n<p>Se o trabalho a ser inscrito ser\u00e1 submetido ao F\u00f3rum de Extens\u00e3o, alguns dados adicionais ser\u00e3o solicitados<\/p>\n\n\n\n<p>Estes dados adicionais s\u00e3o: <strong>(a) Tipo de A\u00e7\u00e3o; (b) \u00c1rea Tem\u00e1tica da Extens\u00e3o, e (c) N\u00famero do Projeto no SIE (para projetos registrados na UFSM)<\/strong>.<\/p>\n\n\n\n<p>As op\u00e7\u00f5es existentes s\u00e3o as seguintes:<\/p>\n\n\n\n<ul class=\"wp-block-list\"><li><strong>Tipo de A\u00e7\u00e3o<\/strong><ul><li>Curso<\/li><li>Evento<\/li><li>Presta\u00e7\u00e3o de Servi\u00e7os<\/li><li>Produto<\/li><li>Programa<\/li><li>Projeto<\/li><\/ul><\/li><li><strong>\u00c1rea Tem\u00e1tica da Extens\u00e3o<\/strong><ul><li>Artes e Letras<\/li><li>Comunica\u00e7\u00e3o<\/li><li>Cultura<\/li><li>Desenvolvimento Regional<\/li><li>Direitos Humanos e Justi\u00e7a<\/li><li>Educa\u00e7\u00e3o&nbsp;<\/li><li>Esportes<\/li><li>Meio Ambiente<\/li><li>Sa\u00fade<\/li><li>Tecnologia e Produ\u00e7\u00e3o<\/li><li>Trabalho<\/li><\/ul><\/li><li><strong>N\u00famero do Projeto no SIE<\/strong><ul><li>somente para aqueles projetos com registro na UFSM<\/li><\/ul><\/li><\/ul>\n","protected":false},"excerpt":{"rendered":"<p>Se o trabalho a ser inscrito ser\u00e1 submetido ao F\u00f3rum de Extens\u00e3o, alguns dados adicionais ser\u00e3o solicitados Estes dados adicionais s\u00e3o: (a) Tipo de A\u00e7\u00e3o; (b) \u00c1rea Tem\u00e1tica da Extens\u00e3o, e (c) N\u00famero do Projeto no SIE (para projetos registrados na UFSM). As op\u00e7\u00f5es existentes s\u00e3o as seguintes: Tipo de A\u00e7\u00e3o Curso Evento Presta\u00e7\u00e3o de [&hellip;]<\/p>\n","protected":false},"author":723,"featured_media":0,"parent":0,"menu_order":0,"comment_status":"closed","ping_status":"closed","template":"","meta":{"footnotes":""},"categories":[],"tags":[],"class_list":["post-35","page","type-page","status-publish","hentry"],"acf":[],"_links":{"self":[{"href":"https:\/\/www.ufsm.br\/pro-reitorias\/prpgp\/jai\/wp-json\/wp\/v2\/pages\/35","targetHints":{"allow":["GET"]}}],"collection":[{"href":"https:\/\/www.ufsm.br\/pro-reitorias\/prpgp\/jai\/wp-json\/wp\/v2\/pages"}],"about":[{"href":"https:\/\/www.ufsm.br\/pro-reitorias\/prpgp\/jai\/wp-json\/wp\/v2\/types\/page"}],"author":[{"embeddable":true,"href":"https:\/\/www.ufsm.br\/pro-reitorias\/prpgp\/jai\/wp-json\/wp\/v2\/users\/723"}],"replies":[{"embeddable":true,"href":"https:\/\/www.ufsm.br\/pro-reitorias\/prpgp\/jai\/wp-json\/wp\/v2\/comments?post=35"}],"version-history":[{"count":0,"href":"https:\/\/www.ufsm.br\/pro-reitorias\/prpgp\/jai\/wp-json\/wp\/v2\/pages\/35\/revisions"}],"wp:attachment":[{"href":"https:\/\/www.ufsm.br\/pro-reitorias\/prpgp\/jai\/wp-json\/wp\/v2\/media?parent=35"}],"wp:term":[{"taxonomy":"category","embeddable":true,"href":"https:\/\/www.ufsm.br\/pro-reitorias\/prpgp\/jai\/wp-json\/wp\/v2\/categories?post=35"},{"taxonomy":"post_tag","embeddable":true,"href":"https:\/\/www.ufsm.br\/pro-reitorias\/prpgp\/jai\/wp-json\/wp\/v2\/tags?post=35"}],"curies":[{"name":"wp","href":"https:\/\/api.w.org\/{rel}","templated":true}]}}