{"id":44,"date":"2019-06-17T14:11:14","date_gmt":"2019-06-17T17:11:14","guid":{"rendered":"https:\/\/www.ufsm.br\/pro-reitorias\/prpgp\/jai\/?page_id=44"},"modified":"2019-06-17T14:11:18","modified_gmt":"2019-06-17T17:11:18","slug":"contato","status":"publish","type":"page","link":"https:\/\/www.ufsm.br\/pro-reitorias\/prpgp\/jai\/contato","title":{"rendered":"Contato"},"content":{"rendered":"\n<p> A Coordenadoria de Inicia\u00e7\u00e3o Cient\u00edfica da Pr\u00f3-Reitoria de P\u00f3s-Gradua\u00e7\u00e3o e Pesquisa da UFSM \u00e9 a respons\u00e1vel pela realiza\u00e7\u00e3o da Jornada Acad\u00eamica Integrada. <\/p>\n\n\n\n<p>Pedimos que, antes de buscar contato conosco, voc\u00ea leia os Editais e visite o site, lendo com aten\u00e7\u00e3o todas as informa\u00e7\u00f5es nele contida.<\/p>\n\n\n\n<p>Entendemos que ainda assim voc\u00ea poder\u00e1 ficar com alguma d\u00favida. Neste caso, contate conosco.<\/p>\n\n\n\n<p><a href=\"mailto:jai@ufsm.br\"><strong>jai@ufsm.br<\/strong><\/a><\/p>\n\n\n\n<p><strong>(55) 3220-8082<\/strong><\/p>\n\n\n\n<p>Pr\u00e9dio da Administra\u00e7\u00e3o Central (Reitoria), 7\u00ba andar &#8211; Sala 709 &#8211; Campus Universit\u00e1rio &#8211; 97105-900 &#8211; Santa Maria &#8211; RS<\/p>\n","protected":false},"excerpt":{"rendered":"<p>A Coordenadoria de Inicia\u00e7\u00e3o Cient\u00edfica da Pr\u00f3-Reitoria de P\u00f3s-Gradua\u00e7\u00e3o e Pesquisa da UFSM \u00e9 a respons\u00e1vel pela realiza\u00e7\u00e3o da Jornada Acad\u00eamica Integrada. Pedimos que, antes de buscar contato conosco, voc\u00ea leia os Editais e visite o site, lendo com aten\u00e7\u00e3o todas as informa\u00e7\u00f5es nele contida. Entendemos que ainda assim voc\u00ea poder\u00e1 ficar com alguma d\u00favida. [&hellip;]<\/p>\n","protected":false},"author":723,"featured_media":0,"parent":0,"menu_order":0,"comment_status":"closed","ping_status":"closed","template":"","meta":{"footnotes":""},"categories":[],"tags":[],"class_list":["post-44","page","type-page","status-publish","hentry"],"acf":[],"_links":{"self":[{"href":"https:\/\/www.ufsm.br\/pro-reitorias\/prpgp\/jai\/wp-json\/wp\/v2\/pages\/44","targetHints":{"allow":["GET"]}}],"collection":[{"href":"https:\/\/www.ufsm.br\/pro-reitorias\/prpgp\/jai\/wp-json\/wp\/v2\/pages"}],"about":[{"href":"https:\/\/www.ufsm.br\/pro-reitorias\/prpgp\/jai\/wp-json\/wp\/v2\/types\/page"}],"author":[{"embeddable":true,"href":"https:\/\/www.ufsm.br\/pro-reitorias\/prpgp\/jai\/wp-json\/wp\/v2\/users\/723"}],"replies":[{"embeddable":true,"href":"https:\/\/www.ufsm.br\/pro-reitorias\/prpgp\/jai\/wp-json\/wp\/v2\/comments?post=44"}],"version-history":[{"count":0,"href":"https:\/\/www.ufsm.br\/pro-reitorias\/prpgp\/jai\/wp-json\/wp\/v2\/pages\/44\/revisions"}],"wp:attachment":[{"href":"https:\/\/www.ufsm.br\/pro-reitorias\/prpgp\/jai\/wp-json\/wp\/v2\/media?parent=44"}],"wp:term":[{"taxonomy":"category","embeddable":true,"href":"https:\/\/www.ufsm.br\/pro-reitorias\/prpgp\/jai\/wp-json\/wp\/v2\/categories?post=44"},{"taxonomy":"post_tag","embeddable":true,"href":"https:\/\/www.ufsm.br\/pro-reitorias\/prpgp\/jai\/wp-json\/wp\/v2\/tags?post=44"}],"curies":[{"name":"wp","href":"https:\/\/api.w.org\/{rel}","templated":true}]}}