{"id":463,"date":"2019-06-28T17:42:48","date_gmt":"2019-06-28T20:42:48","guid":{"rendered":"https:\/\/www.ufsm.br\/pro-reitorias\/prpgp\/jai\/?page_id=463"},"modified":"2019-06-28T17:42:59","modified_gmt":"2019-06-28T20:42:59","slug":"i-congresso-de-ensino-pesquisa-e-extensao-em-historia-da-ufsm-i-conepeh","status":"publish","type":"page","link":"https:\/\/www.ufsm.br\/pro-reitorias\/prpgp\/jai\/i-congresso-de-ensino-pesquisa-e-extensao-em-historia-da-ufsm-i-conepeh","title":{"rendered":"I Congresso de Ensino, Pesquisa e Extens\u00e3o em Hist\u00f3ria da UFSM \u2013 (I CONEPEH)"},"content":{"rendered":"\n<p>Data de Realiza\u00e7\u00e3o: Dias 23, 24 e 25 de Outubro<\/p>\n\n\n\n<p>Local: UFSM, Pr\u00e9dios 74-A e 67<\/p>\n\n\n\n<p>Inscri\u00e7\u00f5es: 25\/07\/17 at\u00e9 11\/09\/17<\/p>\n\n\n\n<p>Valor da&nbsp;Inscri\u00e7\u00e3o:&nbsp;R$ 5,00 para ouvintes ;&nbsp;R$ 10,00 emiss\u00e3o de trabalhos<\/p>\n\n\n\n<figure class=\"wp-block-embed-facebook wp-block-embed\"><div class=\"wp-block-embed__wrapper\">\nhttps:\/\/www.facebook.com\/ICONEPEHUFSM\/\n<\/div><\/figure>\n\n\n\n<p>Programa\u00e7\u00e3o:<\/p>\n\n\n\n<table class=\"wp-block-table\"><tbody><tr><td>&nbsp;<\/td><td>DIA 23\/10<\/td><td>DIA 24\/10<\/td><td>DIA 25\/10<\/td><\/tr><tr><td>08:30 &#8211; 11:00<\/td><td>Eixos Tem\u00e1ticos<\/td><td>Eixos Tem\u00e1ticos<\/td><td>Banners JAI<\/td><\/tr><tr><td>15:00 &#8211; 17:00<\/td><td>Confer\u00eancia de Jo\u00e3o Fragoso<\/td><td>OFICINAS<\/td><td>Eixos Tem\u00e1ticos<\/td><\/tr><tr><td>17:30 &#8211; 18:00<\/td><td>COFFEE BREAK<\/td><td>COFFEE BREAK<\/td><td>COFFEE BREAK<\/td><\/tr><tr><td>18:30 &#8211; 21:00<\/td><td>Mesa de abertura \u201cEscritas da Hist\u00f3ria e suas pr\u00e1ticas sociais\u201d<\/td><td>Eixos Tem\u00e1ticos<\/td><td>Mesa de encerramento \u201cExtens\u00f5es da Hist\u00f3ria: possibilidades de atua\u00e7\u00e3o do historiador\u201d<\/td><\/tr><\/tbody><\/table>\n\n\n\n<p>Palestrantes:<\/p>\n\n\n\n<p>1. Jo\u00e3o Luis Ribeiro Fragoso, Hist\u00f3ria, Rio de Janeiro (UFRJ)<\/p>\n\n\n\n<p>&nbsp;2. Fernando Felizardo Nicolazzi, Hist\u00f3ria, Porto Alegre (UFRGS)<\/p>\n\n\n\n<p>3. Ruth Maria Chitto Gauer, Hist\u00f3ria (PUC-RS), Porto Alegre<\/p>\n\n\n\n<p>4. Lorena Almeida Gill, Hist\u00f3ria (UFPEL), Pelotas<\/p>\n\n\n\n<p>&nbsp;5. Elaine Ignacio, Hist\u00f3ria, Santa Maria<\/p>\n","protected":false},"excerpt":{"rendered":"<p>Data de Realiza\u00e7\u00e3o: Dias 23, 24 e 25 de Outubro Local: UFSM, Pr\u00e9dios 74-A e 67 Inscri\u00e7\u00f5es: 25\/07\/17 at\u00e9 11\/09\/17 Valor da&nbsp;Inscri\u00e7\u00e3o:&nbsp;R$ 5,00 para ouvintes ;&nbsp;R$ 10,00 emiss\u00e3o de trabalhos Programa\u00e7\u00e3o: &nbsp; DIA 23\/10 DIA 24\/10 DIA 25\/10 08:30 &#8211; 11:00 Eixos Tem\u00e1ticos Eixos Tem\u00e1ticos Banners JAI 15:00 &#8211; 17:00 Confer\u00eancia de Jo\u00e3o Fragoso OFICINAS [&hellip;]<\/p>\n","protected":false},"author":723,"featured_media":0,"parent":0,"menu_order":0,"comment_status":"closed","ping_status":"closed","template":"","meta":{"footnotes":""},"categories":[],"tags":[],"class_list":["post-463","page","type-page","status-publish","hentry"],"acf":[],"_links":{"self":[{"href":"https:\/\/www.ufsm.br\/pro-reitorias\/prpgp\/jai\/wp-json\/wp\/v2\/pages\/463","targetHints":{"allow":["GET"]}}],"collection":[{"href":"https:\/\/www.ufsm.br\/pro-reitorias\/prpgp\/jai\/wp-json\/wp\/v2\/pages"}],"about":[{"href":"https:\/\/www.ufsm.br\/pro-reitorias\/prpgp\/jai\/wp-json\/wp\/v2\/types\/page"}],"author":[{"embeddable":true,"href":"https:\/\/www.ufsm.br\/pro-reitorias\/prpgp\/jai\/wp-json\/wp\/v2\/users\/723"}],"replies":[{"embeddable":true,"href":"https:\/\/www.ufsm.br\/pro-reitorias\/prpgp\/jai\/wp-json\/wp\/v2\/comments?post=463"}],"version-history":[{"count":0,"href":"https:\/\/www.ufsm.br\/pro-reitorias\/prpgp\/jai\/wp-json\/wp\/v2\/pages\/463\/revisions"}],"wp:attachment":[{"href":"https:\/\/www.ufsm.br\/pro-reitorias\/prpgp\/jai\/wp-json\/wp\/v2\/media?parent=463"}],"wp:term":[{"taxonomy":"category","embeddable":true,"href":"https:\/\/www.ufsm.br\/pro-reitorias\/prpgp\/jai\/wp-json\/wp\/v2\/categories?post=463"},{"taxonomy":"post_tag","embeddable":true,"href":"https:\/\/www.ufsm.br\/pro-reitorias\/prpgp\/jai\/wp-json\/wp\/v2\/tags?post=463"}],"curies":[{"name":"wp","href":"https:\/\/api.w.org\/{rel}","templated":true}]}}