{"id":465,"date":"2019-06-28T17:44:01","date_gmt":"2019-06-28T20:44:01","guid":{"rendered":"https:\/\/www.ufsm.br\/pro-reitorias\/prpgp\/jai\/?page_id=465"},"modified":"2019-06-28T17:44:02","modified_gmt":"2019-06-28T20:44:02","slug":"minicurso-literatura-e-erotismo-conceitos-chave","status":"publish","type":"page","link":"https:\/\/www.ufsm.br\/pro-reitorias\/prpgp\/jai\/minicurso-literatura-e-erotismo-conceitos-chave","title":{"rendered":"MINICURSO: LITERATURA E EROTISMO: Conceitos-chave"},"content":{"rendered":"\n<p>Ministrante:<\/p>\n\n\n\n<p>Prof. Me. Sueleny Ribeiro Carvalho<\/p>\n\n\n\n<p>Dias 26 e 27 de Outubro de 2017<\/p>\n\n\n\n<p>Local: &nbsp;\u2013 Miniaudit\u00f3rio do PPGL<\/p>\n\n\n\n<p>(Sala de 3223)<\/p>\n\n\n\n<p>LITERATURA E EROTISMO: conceitos-chave<\/p>\n\n\n\n<p>&nbsp;<br>APRESENTA\u00c7\u00c3O:<\/p>\n\n\n\n<p>Sabemos que o sexo faz parte da vida humana, sendo t\u00e3o necess\u00e1rio para a perpetua\u00e7\u00e3o da ra\u00e7a quanto o alimento e a bebida. No entanto, tamb\u00e9m como \u00e9 da natureza&nbsp;humana transformar o natural por meio da cultura, o ato sexual foi ressignificado pelo erotismo. Portanto, o erotismo \u00e9 uma met\u00e1fora da sexualidade assim como a poesia \u00e9 uma met\u00e1fora da linguagem. A rela\u00e7\u00e3o entre poesia e erotismo \u00e9 t\u00e3o antiga quanto a pr\u00f3pria cria\u00e7\u00e3o da linguagem po\u00e9tica. \u00c9 poss\u00edvel identificar, ao longo da hist\u00f3ria da humanidade in\u00fameros textos po\u00e9ticos de cunho er\u00f3tico que v\u00e3o do mito de Eros e Psiqu\u00ea aos contos modernos e contempor\u00e2neos. Por ser constantemente retomada na literatura, a tem\u00e1tica do erotismo n\u00e3o esgota as possibilidades de an\u00e1lise e discuss\u00e3o a respeito. Neste sentido, este minicurso pretende.<\/p>\n\n\n\n<p>OBJETIVOS:<\/p>\n\n\n\n<ul class=\"wp-block-list\"><li>Promover o acesso a conceitos b\u00e1sicos sobre a teoria do erotismo e sua rela\u00e7\u00e3o com a literatura;<\/li><li>Proporcionar discuss\u00e3o acerca do tema.<\/li><li>Analisar textos liter\u00e1rios<\/li><\/ul>\n\n\n\n<p>PROGRAMA\u00c7\u00c3O:<\/p>\n\n\n\n<ul class=\"wp-block-list\"><li>26\/08 das 14 as 18<ul><li>Conceitos-chave<ul><li>Amor e erotismo<\/li><li>Poesia er\u00f3tica em hipo<\/li><li>Poesia er\u00f3tica em hiper<\/li><li>Texto fescenino<\/li><li>Erotismo x pornografia<\/li><\/ul><\/li><\/ul><\/li><li>27\/08 das 14 as 18<ul><li>Leitura e an\u00e1lise de textos liter\u00e1rios<ul><li>Poesia e Proza er\u00f3tica<\/li><\/ul><\/li><\/ul><\/li><\/ul>\n","protected":false},"excerpt":{"rendered":"<p>Ministrante: Prof. Me. Sueleny Ribeiro Carvalho Dias 26 e 27 de Outubro de 2017 Local: &nbsp;\u2013 Miniaudit\u00f3rio do PPGL (Sala de 3223) LITERATURA E EROTISMO: conceitos-chave &nbsp;APRESENTA\u00c7\u00c3O: Sabemos que o sexo faz parte da vida humana, sendo t\u00e3o necess\u00e1rio para a perpetua\u00e7\u00e3o da ra\u00e7a quanto o alimento e a bebida. No entanto, tamb\u00e9m como \u00e9 [&hellip;]<\/p>\n","protected":false},"author":723,"featured_media":0,"parent":0,"menu_order":0,"comment_status":"closed","ping_status":"closed","template":"","meta":{"footnotes":""},"categories":[],"tags":[],"class_list":["post-465","page","type-page","status-publish","hentry"],"acf":[],"_links":{"self":[{"href":"https:\/\/www.ufsm.br\/pro-reitorias\/prpgp\/jai\/wp-json\/wp\/v2\/pages\/465","targetHints":{"allow":["GET"]}}],"collection":[{"href":"https:\/\/www.ufsm.br\/pro-reitorias\/prpgp\/jai\/wp-json\/wp\/v2\/pages"}],"about":[{"href":"https:\/\/www.ufsm.br\/pro-reitorias\/prpgp\/jai\/wp-json\/wp\/v2\/types\/page"}],"author":[{"embeddable":true,"href":"https:\/\/www.ufsm.br\/pro-reitorias\/prpgp\/jai\/wp-json\/wp\/v2\/users\/723"}],"replies":[{"embeddable":true,"href":"https:\/\/www.ufsm.br\/pro-reitorias\/prpgp\/jai\/wp-json\/wp\/v2\/comments?post=465"}],"version-history":[{"count":0,"href":"https:\/\/www.ufsm.br\/pro-reitorias\/prpgp\/jai\/wp-json\/wp\/v2\/pages\/465\/revisions"}],"wp:attachment":[{"href":"https:\/\/www.ufsm.br\/pro-reitorias\/prpgp\/jai\/wp-json\/wp\/v2\/media?parent=465"}],"wp:term":[{"taxonomy":"category","embeddable":true,"href":"https:\/\/www.ufsm.br\/pro-reitorias\/prpgp\/jai\/wp-json\/wp\/v2\/categories?post=465"},{"taxonomy":"post_tag","embeddable":true,"href":"https:\/\/www.ufsm.br\/pro-reitorias\/prpgp\/jai\/wp-json\/wp\/v2\/tags?post=465"}],"curies":[{"name":"wp","href":"https:\/\/api.w.org\/{rel}","templated":true}]}}