{"id":467,"date":"2019-06-28T17:46:37","date_gmt":"2019-06-28T20:46:37","guid":{"rendered":"https:\/\/www.ufsm.br\/pro-reitorias\/prpgp\/jai\/?page_id=467"},"modified":"2019-06-28T17:46:39","modified_gmt":"2019-06-28T20:46:39","slug":"dia-de-pe-novos-espacos-para-a-producao-editorial","status":"publish","type":"page","link":"https:\/\/www.ufsm.br\/pro-reitorias\/prpgp\/jai\/dia-de-pe-novos-espacos-para-a-producao-editorial","title":{"rendered":"DIA DE PE: Novos espa\u00e7os para a Produ\u00e7\u00e3o Editorial"},"content":{"rendered":"\n<p>Data de Realiza\u00e7\u00e3o:&nbsp; 24 de outubro de 2017&nbsp; &nbsp; &nbsp; &nbsp; &nbsp; &nbsp; &nbsp; &nbsp; &nbsp; &nbsp; &nbsp; &nbsp; &nbsp; &nbsp; &nbsp; &nbsp; &nbsp; &nbsp; &nbsp; &nbsp; &nbsp; &nbsp; &nbsp; &nbsp; &nbsp; &nbsp; &nbsp; &nbsp; &nbsp; &nbsp; &nbsp; &nbsp; &nbsp; &nbsp; &nbsp; &nbsp; &nbsp; &nbsp; &nbsp; &nbsp; &nbsp; &nbsp; &nbsp; &nbsp; &nbsp; &nbsp; &nbsp; &nbsp; &nbsp; &nbsp; &nbsp; &nbsp; &nbsp; &nbsp; &nbsp;<\/p>\n\n\n\n<p>Local:&nbsp; 8h30 \u00e0s 12h \u2013 Audit\u00f3rio do CCSH (2\u00ba andar, pr\u00e9dio 74C) ;&nbsp;13h30 \u00e0s 18h30 \u2013 Espa\u00e7o Multiuso<\/p>\n\n\n\n<p>Inscri\u00e7\u00f5es:&nbsp; de&nbsp;&nbsp;01\/10\/2017&nbsp; a&nbsp; 23\/10\/2017<\/p>\n\n\n\n<p>E-mail:<a href=\"mailto:coordenacaope.ufsm@gmail.com\">coordenacaope.ufsm@gmail.com<\/a>&nbsp; &nbsp; &nbsp; &nbsp;&nbsp;&nbsp;&nbsp;&nbsp;&nbsp;&nbsp;&nbsp;&nbsp;&nbsp;&nbsp;&nbsp;&nbsp;&nbsp;&nbsp;&nbsp;&nbsp;&nbsp;&nbsp;&nbsp;&nbsp;&nbsp;&nbsp;&nbsp;&nbsp;&nbsp;&nbsp;&nbsp;&nbsp;&nbsp;&nbsp;&nbsp;&nbsp;&nbsp; &nbsp;&nbsp;&nbsp;&nbsp;&nbsp;&nbsp;&nbsp;&nbsp;&nbsp;&nbsp;&nbsp;&nbsp;&nbsp;&nbsp;&nbsp;&nbsp;<\/p>\n\n\n\n<p>Telefone:&nbsp;&nbsp;3220-8811<\/p>\n\n\n\n<p>Programa\u00e7\u00e3o (preliminar):<\/p>\n\n\n\n<p><strong>Dia 24 de outubro de 2017<\/strong><\/p>\n\n\n\n<p>Manh\u00e3<\/p>\n\n\n\n<ul class=\"wp-block-list\"><li>8h30 \u2013&nbsp;<strong>Abertura<\/strong><\/li><li>9h \u2013&nbsp;<strong>Mesa tem\u00e1tica&nbsp;<\/strong>\u201cNovos espa\u00e7os para a Produ\u00e7\u00e3o Editorial\u201d<\/li><\/ul>\n\n\n\n<ul class=\"wp-block-list\"><li><strong>Palestrante 1<\/strong>&nbsp;\u2013 Gabriela Tonelli (Companhia das Letras \u2013 S\u00e3o Paulo &#8211; SP)<ul><li>Formada em Editora\u00e7\u00e3o pela Escola de Comunica\u00e7\u00f5es e Artes da USP, desde 2014 integra a equipe editorial dos selos Seguinte e Companhia das Letrinhas, respectivamente os selos juvenil e infantil do Grupo Companhia das Letras. Al\u00e9m de trabalhar com edi\u00e7\u00e3o de texto, tamb\u00e9m \u00e9 uma das respons\u00e1veis pelo canal do Youtube e pelo Instagram da Seguinte, e colaboradora do Blog da Letrinhas.<\/li><\/ul><\/li><\/ul>\n\n\n\n<ul class=\"wp-block-list\"><li><strong>Palestrante 2<\/strong>&nbsp;\u2013 Giovanna Alvarenga (Cuentos y Circo \u2013 Porto Alegre \u2013 RS)<ul><li>Diretora de Conte\u00fado Multiplataforma na Cuentos y Circo -Conte\u00fado Audiovisual. S\u00f3cia propriet\u00e1ria da ag\u00eancia de conte\u00fados audiovisuais Cuentos y Circo. Jornalista (UFSM)<\/li><\/ul><\/li><\/ul>\n\n\n\n<ul class=\"wp-block-list\"><li><strong>Palestrante 3<\/strong>&nbsp;\u2013 Fabiano Denardim (Galeria Hipot\u00e9tica &#8211; Porto Alegre \u2013 RS)<ul><li>Editor de HQs e um dos criadores da galeria hipot\u00e9tica, espa\u00e7o cultural dedicado aos universos da ilustra\u00e7\u00e3o, da fotografia e das hist\u00f3rias em quadrinhos.<\/li><\/ul><\/li><\/ul>\n\n\n\n<p>Tarde<\/p>\n\n\n\n<ul class=\"wp-block-list\"><li>13h30 \u2013&nbsp;<strong>Mesa PET CiSA<\/strong>: relatos de experi\u00eancias de acad\u00eamicos vinculados ao PET Ci\u00eancias Sociais Aplicadas (PET CiSA), formado pelos cursos de gradua\u00e7\u00e3o &#8211; Comunica\u00e7\u00e3o Social &#8211; Produ\u00e7\u00e3o Editorial, Meteorologia e Hist\u00f3ria da UFSM<\/li><li>14h &#8211;&nbsp;<strong>Mesa \u201cEstudos Editoriais\u201d<\/strong>: autores da publica\u00e7\u00e3o discutem os resultados das suas pesquisas e \u201c<strong>Relatos de pesquisa<\/strong>\u201d: relato de experi\u00eancia em Inicia\u00e7\u00e3o Cient\u00edfica \u2013 Jean Rossi.<\/li><li>15h &#8211;&nbsp;<strong>Mostra de trabalhos<\/strong>: exposi\u00e7\u00e3o de livros e revistas, exibi\u00e7\u00e3o de audiovisuais, fotografias, publica\u00e7\u00f5es para web e outros formatos.<\/li><li>16h \u2013&nbsp;<strong>Lan\u00e7amentos<\/strong>&nbsp;da revista OQi e do livro \u201cDesafios da editora\u00e7\u00e3o em tempos de converg\u00eancia<\/li><li>17h &#8211;&nbsp;<strong>Talentos culturais<\/strong>: m\u00fasica, interven\u00e7\u00f5es e poesia produzidas por acad\u00eamicos da Facos<\/li><li>18h \u2013&nbsp;<strong>Confraterniza\u00e7\u00e3o de encerramento<\/strong><\/li><\/ul>\n","protected":false},"excerpt":{"rendered":"<p>Data de Realiza\u00e7\u00e3o:&nbsp; 24 de outubro de 2017&nbsp; &nbsp; &nbsp; &nbsp; &nbsp; &nbsp; &nbsp; &nbsp; &nbsp; &nbsp; &nbsp; &nbsp; &nbsp; &nbsp; &nbsp; &nbsp; &nbsp; &nbsp; &nbsp; &nbsp; &nbsp; &nbsp; &nbsp; &nbsp; &nbsp; &nbsp; &nbsp; &nbsp; &nbsp; &nbsp; &nbsp; &nbsp; &nbsp; &nbsp; &nbsp; &nbsp; &nbsp; &nbsp; &nbsp; &nbsp; &nbsp; &nbsp; &nbsp; &nbsp; &nbsp; &nbsp; &nbsp; &nbsp; [&hellip;]<\/p>\n","protected":false},"author":723,"featured_media":0,"parent":0,"menu_order":0,"comment_status":"closed","ping_status":"closed","template":"","meta":{"footnotes":""},"categories":[],"tags":[],"class_list":["post-467","page","type-page","status-publish","hentry"],"acf":[],"_links":{"self":[{"href":"https:\/\/www.ufsm.br\/pro-reitorias\/prpgp\/jai\/wp-json\/wp\/v2\/pages\/467","targetHints":{"allow":["GET"]}}],"collection":[{"href":"https:\/\/www.ufsm.br\/pro-reitorias\/prpgp\/jai\/wp-json\/wp\/v2\/pages"}],"about":[{"href":"https:\/\/www.ufsm.br\/pro-reitorias\/prpgp\/jai\/wp-json\/wp\/v2\/types\/page"}],"author":[{"embeddable":true,"href":"https:\/\/www.ufsm.br\/pro-reitorias\/prpgp\/jai\/wp-json\/wp\/v2\/users\/723"}],"replies":[{"embeddable":true,"href":"https:\/\/www.ufsm.br\/pro-reitorias\/prpgp\/jai\/wp-json\/wp\/v2\/comments?post=467"}],"version-history":[{"count":0,"href":"https:\/\/www.ufsm.br\/pro-reitorias\/prpgp\/jai\/wp-json\/wp\/v2\/pages\/467\/revisions"}],"wp:attachment":[{"href":"https:\/\/www.ufsm.br\/pro-reitorias\/prpgp\/jai\/wp-json\/wp\/v2\/media?parent=467"}],"wp:term":[{"taxonomy":"category","embeddable":true,"href":"https:\/\/www.ufsm.br\/pro-reitorias\/prpgp\/jai\/wp-json\/wp\/v2\/categories?post=467"},{"taxonomy":"post_tag","embeddable":true,"href":"https:\/\/www.ufsm.br\/pro-reitorias\/prpgp\/jai\/wp-json\/wp\/v2\/tags?post=467"}],"curies":[{"name":"wp","href":"https:\/\/api.w.org\/{rel}","templated":true}]}}