{"id":66,"date":"2019-06-17T16:12:43","date_gmt":"2019-06-17T19:12:43","guid":{"rendered":"https:\/\/www.ufsm.br\/pro-reitorias\/prpgp\/jai\/?page_id=66"},"modified":"2025-08-22T16:28:54","modified_gmt":"2025-08-22T19:28:54","slug":"certificados","status":"publish","type":"page","link":"https:\/\/www.ufsm.br\/pro-reitorias\/prpgp\/jai\/certificados","title":{"rendered":"Certificados"},"content":{"rendered":"\n<p><strong>PARA OBTER SEU CERTIFICADO DE APRESENTADOR, CO-AUTOR OU ORIENTADOR<\/strong><\/p>\n\n\n\n<p>A Comiss\u00e3o Organizadora da 39\u00aa JAI informa que foram disponibilizados os certificados desta edi\u00e7\u00e3o de nosso evento.<\/p>\n\n\n\n<p>Dentro do ambiente de <strong><a href=\"https:\/\/portal.ufsm.br\/jai\/mainMenu.html\">sistemas da JAI<\/a><\/strong>, opte por:<\/p>\n\n\n\n<p>&#8220;Trabalhos&#8221; ou &#8220;Ouvintes&#8221; e clique em &#8220;PESQUISAR&#8221;.<\/p>\n\n\n\n<p>Selecione a &#8220;Edi\u00e7\u00e3o&#8221; e a &#8220;Fun\u00e7\u00e3o do Participante&#8221;. Coloque um &#8220;nome&#8221; para busca.<\/p>\n\n\n\n<p>O sistema listar\u00e1 as ocorr\u00eancias para o nome solicitado. Selecione o que corresponde ao certificado que voc\u00ea quer.<\/p>\n\n\n\n<p>Clique em Certificado\/Imprimir.<\/p>\n\n\n\n<p>O sistema vai gerar um arquivo PDF contendo os certificados de todos os inscritos no trabalho.<\/p>\n\n\n\n<p>N\u00c3O \u00e9 necess\u00e1rio login e senha. Voc\u00ea entra no ambiente p\u00fablico, como &#8220;An\u00f4nimo&#8221;.<\/p>\n\n\n\n<p><strong>PROFESSORES AVALIADORES<\/strong><\/p>\n\n\n\n<p>No menu suspenso do ambiente de <strong><a href=\"https:\/\/portal.ufsm.br\/jai\/mainMenu.html\">sistemas da JAI<\/a><\/strong> voc\u00ea encontra a palavra &#8220;an\u00f4nimo&#8221;. Clique para logar. Seu nome do&nbsp;<strong>usu\u00e1rio e senha<\/strong>&nbsp;s\u00e3o os mesmos dos demais portais institucionais.<\/p>\n\n\n\n<p>Voc\u00ea entrar\u00e1 diretamente no ambiente do avaliador, onde poder\u00e1 imprimir seu certificado. O certificado dos avaliadores n\u00e3o considera n\u00famero de trabalhos avaliados.<\/p>\n","protected":false},"excerpt":{"rendered":"<p>PARA OBTER SEU CERTIFICADO DE APRESENTADOR, CO-AUTOR OU ORIENTADOR A Comiss\u00e3o Organizadora da 39\u00aa JAI informa que foram disponibilizados os certificados desta edi\u00e7\u00e3o de nosso evento. Dentro do ambiente de sistemas da JAI, opte por: &#8220;Trabalhos&#8221; ou &#8220;Ouvintes&#8221; e clique em &#8220;PESQUISAR&#8221;. Selecione a &#8220;Edi\u00e7\u00e3o&#8221; e a &#8220;Fun\u00e7\u00e3o do Participante&#8221;. Coloque um &#8220;nome&#8221; para busca. [&hellip;]<\/p>\n","protected":false},"author":723,"featured_media":0,"parent":0,"menu_order":0,"comment_status":"closed","ping_status":"closed","template":"","meta":{"footnotes":""},"categories":[],"tags":[],"class_list":["post-66","page","type-page","status-publish","hentry"],"acf":[],"_links":{"self":[{"href":"https:\/\/www.ufsm.br\/pro-reitorias\/prpgp\/jai\/wp-json\/wp\/v2\/pages\/66","targetHints":{"allow":["GET"]}}],"collection":[{"href":"https:\/\/www.ufsm.br\/pro-reitorias\/prpgp\/jai\/wp-json\/wp\/v2\/pages"}],"about":[{"href":"https:\/\/www.ufsm.br\/pro-reitorias\/prpgp\/jai\/wp-json\/wp\/v2\/types\/page"}],"author":[{"embeddable":true,"href":"https:\/\/www.ufsm.br\/pro-reitorias\/prpgp\/jai\/wp-json\/wp\/v2\/users\/723"}],"replies":[{"embeddable":true,"href":"https:\/\/www.ufsm.br\/pro-reitorias\/prpgp\/jai\/wp-json\/wp\/v2\/comments?post=66"}],"version-history":[{"count":0,"href":"https:\/\/www.ufsm.br\/pro-reitorias\/prpgp\/jai\/wp-json\/wp\/v2\/pages\/66\/revisions"}],"wp:attachment":[{"href":"https:\/\/www.ufsm.br\/pro-reitorias\/prpgp\/jai\/wp-json\/wp\/v2\/media?parent=66"}],"wp:term":[{"taxonomy":"category","embeddable":true,"href":"https:\/\/www.ufsm.br\/pro-reitorias\/prpgp\/jai\/wp-json\/wp\/v2\/categories?post=66"},{"taxonomy":"post_tag","embeddable":true,"href":"https:\/\/www.ufsm.br\/pro-reitorias\/prpgp\/jai\/wp-json\/wp\/v2\/tags?post=66"}],"curies":[{"name":"wp","href":"https:\/\/api.w.org\/{rel}","templated":true}]}}