{"id":872,"date":"2019-07-09T11:50:22","date_gmt":"2019-07-09T14:50:22","guid":{"rendered":"https:\/\/www.ufsm.br\/pro-reitorias\/prpgp\/jai\/?page_id=872"},"modified":"2020-07-29T00:27:53","modified_gmt":"2020-07-29T03:27:53","slug":"normas-para-banners","status":"publish","type":"page","link":"https:\/\/www.ufsm.br\/pro-reitorias\/prpgp\/jai\/normas-para-banners","title":{"rendered":"Normas para Banners"},"content":{"rendered":"\n<p><strong>APRESENTA\u00c7\u00c3O EM BANNERS<\/strong>&nbsp;<\/p>\n\n\n\n<p><strong>Neste ano de 2020 as apresenta\u00e7\u00f5es da 35\u00aa Jornada Acad\u00eamica Integrada ser\u00e3o por v\u00eddeo confer\u00eancia, portanto, n\u00e3o existe a modalidade banner nesta edi\u00e7\u00e3o.<\/strong><\/p>\n\n\n\n<p><\/p>\n\n\n\n<p>Esta forma de apresenta\u00e7\u00e3o consiste na exposi\u00e7\u00e3o de um\u00a0<em>banner,\u00a0<\/em>conforme detalhamento abaixo:<\/p>\n\n\n\n<p>a) \u00c9 obrigat\u00f3rio que o&nbsp;<em>banner<\/em>&nbsp;seja confeccionado com cord\u00e3o para pendurar.<\/p>\n\n\n\n<p>b) Dimens\u00f5es do&nbsp;<em>banner<\/em>&nbsp;&#8211; sugerimos aten\u00e7\u00e3o:<\/p>\n\n\n\n<p><strong>Largura<\/strong>: m\u00ednima 50cm e m\u00e1xima 90cm<\/p>\n\n\n\n<p><strong>Altura<\/strong>: m\u00ednima 80cm e m\u00e1xima 120cm<\/p>\n\n\n\n<p>c) Dever\u00e1 constar no&nbsp;<em>banner<\/em>:<\/p>\n\n\n\n<ul class=\"wp-block-list\"><li>\u00e1rea do conhecimento<\/li><li>t\u00edtulo id\u00eantico ao do resumo aceito<\/li><li>nomes e institui\u00e7\u00f5es dos autores<\/li><li>Identificador do sub-evento (ensino, extens\u00e3o, pesquisa ou p\u00f3s-gradua\u00e7\u00e3o) exceto para JAI EXTERNOS.<\/li><\/ul>\n\n\n\n<p>d) Utilizar adequadamente os elementos texto, figuras, fotos, tabelas e recursos gr\u00e1ficos, de modo a tornar a apreens\u00e3o das informa\u00e7\u00f5es transmitidas a mais agrad\u00e1vel e efetiva poss\u00edvel<\/p>\n\n\n\n<p>e) Organizar as informa\u00e7\u00f5es de modo que as id\u00e9ias centrais do trabalho sejam facilmente compreendidas.<\/p>\n\n\n\n<p><strong>f) Considerando os aspectos t\u00e9cnicos, or\u00e7ament\u00e1rios e de sustentabilidade os&nbsp;<em>banners<\/em>&nbsp;a serem impressos na Imprensa Universit\u00e1ria da UFSM dever\u00e3o possuir obrigatoriamente o FUNDO BRANCO (Sem preenchimento) e dever\u00e3o atender ao cronograma deste edital.<\/strong><\/p>\n","protected":false},"excerpt":{"rendered":"<p>APRESENTA\u00c7\u00c3O EM BANNERS&nbsp; Neste ano de 2020 as apresenta\u00e7\u00f5es da 35\u00aa Jornada Acad\u00eamica Integrada ser\u00e3o por v\u00eddeo confer\u00eancia, portanto, n\u00e3o existe a modalidade banner nesta edi\u00e7\u00e3o. Esta forma de apresenta\u00e7\u00e3o consiste na exposi\u00e7\u00e3o de um\u00a0banner,\u00a0conforme detalhamento abaixo: a) \u00c9 obrigat\u00f3rio que o&nbsp;banner&nbsp;seja confeccionado com cord\u00e3o para pendurar. b) Dimens\u00f5es do&nbsp;banner&nbsp;&#8211; sugerimos aten\u00e7\u00e3o: Largura: m\u00ednima 50cm [&hellip;]<\/p>\n","protected":false},"author":723,"featured_media":0,"parent":0,"menu_order":0,"comment_status":"closed","ping_status":"closed","template":"","meta":{"footnotes":""},"categories":[],"tags":[],"class_list":["post-872","page","type-page","status-publish","hentry"],"acf":[],"_links":{"self":[{"href":"https:\/\/www.ufsm.br\/pro-reitorias\/prpgp\/jai\/wp-json\/wp\/v2\/pages\/872","targetHints":{"allow":["GET"]}}],"collection":[{"href":"https:\/\/www.ufsm.br\/pro-reitorias\/prpgp\/jai\/wp-json\/wp\/v2\/pages"}],"about":[{"href":"https:\/\/www.ufsm.br\/pro-reitorias\/prpgp\/jai\/wp-json\/wp\/v2\/types\/page"}],"author":[{"embeddable":true,"href":"https:\/\/www.ufsm.br\/pro-reitorias\/prpgp\/jai\/wp-json\/wp\/v2\/users\/723"}],"replies":[{"embeddable":true,"href":"https:\/\/www.ufsm.br\/pro-reitorias\/prpgp\/jai\/wp-json\/wp\/v2\/comments?post=872"}],"version-history":[{"count":0,"href":"https:\/\/www.ufsm.br\/pro-reitorias\/prpgp\/jai\/wp-json\/wp\/v2\/pages\/872\/revisions"}],"wp:attachment":[{"href":"https:\/\/www.ufsm.br\/pro-reitorias\/prpgp\/jai\/wp-json\/wp\/v2\/media?parent=872"}],"wp:term":[{"taxonomy":"category","embeddable":true,"href":"https:\/\/www.ufsm.br\/pro-reitorias\/prpgp\/jai\/wp-json\/wp\/v2\/categories?post=872"},{"taxonomy":"post_tag","embeddable":true,"href":"https:\/\/www.ufsm.br\/pro-reitorias\/prpgp\/jai\/wp-json\/wp\/v2\/tags?post=872"}],"curies":[{"name":"wp","href":"https:\/\/api.w.org\/{rel}","templated":true}]}}