{"id":836,"date":"2020-12-21T15:55:09","date_gmt":"2020-12-21T18:55:09","guid":{"rendered":"https:\/\/www.ufsm.br\/pro-reitorias\/prpgp\/multiusuario\/?page_id=836"},"modified":"2021-12-09T08:43:47","modified_gmt":"2021-12-09T11:43:47","slug":"capes-aux-pe","status":"publish","type":"page","link":"https:\/\/www.ufsm.br\/pro-reitorias\/prpgp\/multiusuario\/capes-aux-pe","title":{"rendered":"Outras Fontes"},"content":{"rendered":"\t\t<div data-elementor-type=\"wp-page\" data-elementor-id=\"836\" class=\"elementor elementor-836\">\n\t\t\t\t\t\t<section class=\"elementor-section elementor-top-section elementor-element elementor-element-d769a5c elementor-section-boxed elementor-section-height-default elementor-section-height-default\" data-id=\"d769a5c\" data-element_type=\"section\">\n\t\t\t\t\t\t<div class=\"elementor-container elementor-column-gap-default\">\n\t\t\t\t\t<div class=\"elementor-column elementor-col-100 elementor-top-column elementor-element elementor-element-fe8b77d\" data-id=\"fe8b77d\" data-element_type=\"column\">\n\t\t\t<div class=\"elementor-widget-wrap elementor-element-populated\">\n\t\t\t\t\t\t<div class=\"elementor-element elementor-element-ffc0d3d elementor-widget elementor-widget-wp-widget-ufsm_noticias_widget\" data-id=\"ffc0d3d\" data-element_type=\"widget\" data-widget_type=\"wp-widget-ufsm_noticias_widget.default\">\n\t\t\t\t<div class=\"elementor-widget-container\">\n\t\t\t<h5 class='titulo-conteudos'>Not\u00edcias<\/h5><div class='widget-noticias-inside'>\n                        <div class=\"row\">\n                                    <div class=\"col-12 col-lg-6 pb-4\">\n                                        \n                                        \n                    \n                    <a class=\"noticias-widget-title d-block \"  title=\"Cromat\u00f3grafo a l\u00edquido com detec\u00e7\u00e3o por espectrometria de massa alta resolu\u00e7\u00e3o (q-TOF) com ioniza\u00e7\u00e3o por ESI, APCI e APPI (Waters)\" href=\"https:\/\/www.ufsm.br\/pro-reitorias\/prpgp\/multiusuario\/2021\/12\/09\/cromatografo-a-liquido-com-deteccao-por-espectrometria-de-massa-alta-resolucao-q-tof-com-ionizacao-por-esi-apci-e-appi-waters\">\n                                                Cromat\u00f3grafo a l\u00edquido com detec\u00e7\u00e3o por espectrometria de massa alta resolu\u00e7\u00e3o (q-TOF) com ioniza\u00e7\u00e3o por ESI, APCI e APPI (Waters)                    <\/a>\n                    \n                    \n                                        \n                                        \n                                        <\/div>\n                                    <div class=\"col-12 col-lg-6 pb-4\">\n                                        \n                                        \n                    \n                    <a class=\"noticias-widget-title d-block \"  title=\"Espectr\u00f4metro de Resson\u00e2ncia Magn\u00e9tica Multi- Nuclear Bruker DPX200\" href=\"https:\/\/www.ufsm.br\/pro-reitorias\/prpgp\/multiusuario\/2021\/03\/15\/espectrometro-de-ressonancia-magnetica-multi-nuclear-bruker-dpx200\">\n                                                Espectr\u00f4metro de Resson\u00e2ncia Magn\u00e9tica Multi- Nuclear Bruker DPX200                    <\/a>\n                    \n                    \n                                        \n                                        \n                                        <\/div>\n                            <\/div>\n                    <div class=\"row\">\n                                    <div class=\"col-12 col-lg-6 pb-4\">\n                                        \n                                        \n                    \n                    <a class=\"noticias-widget-title d-block \"  title=\"Espectr\u00f4metro de Resson\u00e2ncia Magn\u00e9tica Multi- Nuclear Bruker DPX400\" href=\"https:\/\/www.ufsm.br\/pro-reitorias\/prpgp\/multiusuario\/2021\/03\/15\/espectrometro-de-ressonancia-magnetica-multi-nuclear-bruker-dpx400\">\n                                                Espectr\u00f4metro de Resson\u00e2ncia Magn\u00e9tica Multi- Nuclear Bruker DPX400                    <\/a>\n                    \n                    \n                                        \n                                        \n                                        <\/div>\n                                    <div class=\"col-12 col-lg-6 pb-4\">\n                                        \n                                        \n                    \n                    <a class=\"noticias-widget-title d-block \"  title=\"Microsc\u00f3pico eletr\u00f4nica de varredura, modelo Sigma 300 VP (Carl Zeiss, Inglaterra)\" href=\"https:\/\/www.ufsm.br\/pro-reitorias\/prpgp\/multiusuario\/2021\/12\/09\/microscopico-eletronica-de-varredura-modelo-sigma-300-vp-carl-zeiss-inglaterra\">\n                                                Microsc\u00f3pico eletr\u00f4nica de varredura, modelo Sigma 300 VP (Carl Zeiss, Inglaterra)                    <\/a>\n                    \n                    \n                                        \n                                        \n                                        <\/div>\n                            <\/div>\n            <\/div>\n\t\t<\/div>\n\t\t\t\t<\/div>\n\t\t\t\t\t<\/div>\n\t\t<\/div>\n\t\t\t\t\t<\/div>\n\t\t<\/section>\n\t\t\t\t<\/div>\n\t\t","protected":false},"excerpt":{"rendered":"","protected":false},"author":8,"featured_media":0,"parent":0,"menu_order":0,"comment_status":"closed","ping_status":"closed","template":"","meta":{"footnotes":""},"categories":[],"tags":[],"class_list":["post-836","page","type-page","status-publish","hentry"],"acf":[],"_links":{"self":[{"href":"https:\/\/www.ufsm.br\/pro-reitorias\/prpgp\/multiusuario\/wp-json\/wp\/v2\/pages\/836","targetHints":{"allow":["GET"]}}],"collection":[{"href":"https:\/\/www.ufsm.br\/pro-reitorias\/prpgp\/multiusuario\/wp-json\/wp\/v2\/pages"}],"about":[{"href":"https:\/\/www.ufsm.br\/pro-reitorias\/prpgp\/multiusuario\/wp-json\/wp\/v2\/types\/page"}],"author":[{"embeddable":true,"href":"https:\/\/www.ufsm.br\/pro-reitorias\/prpgp\/multiusuario\/wp-json\/wp\/v2\/users\/8"}],"replies":[{"embeddable":true,"href":"https:\/\/www.ufsm.br\/pro-reitorias\/prpgp\/multiusuario\/wp-json\/wp\/v2\/comments?post=836"}],"version-history":[{"count":0,"href":"https:\/\/www.ufsm.br\/pro-reitorias\/prpgp\/multiusuario\/wp-json\/wp\/v2\/pages\/836\/revisions"}],"wp:attachment":[{"href":"https:\/\/www.ufsm.br\/pro-reitorias\/prpgp\/multiusuario\/wp-json\/wp\/v2\/media?parent=836"}],"wp:term":[{"taxonomy":"category","embeddable":true,"href":"https:\/\/www.ufsm.br\/pro-reitorias\/prpgp\/multiusuario\/wp-json\/wp\/v2\/categories?post=836"},{"taxonomy":"post_tag","embeddable":true,"href":"https:\/\/www.ufsm.br\/pro-reitorias\/prpgp\/multiusuario\/wp-json\/wp\/v2\/tags?post=836"}],"curies":[{"name":"wp","href":"https:\/\/api.w.org\/{rel}","templated":true}]}}