{"id":10792,"date":"2021-05-11T15:40:39","date_gmt":"2021-05-11T18:40:39","guid":{"rendered":"https:\/\/www.ufsm.br\/pro-reitorias\/prpgp\/?page_id=10792"},"modified":"2025-08-29T11:48:48","modified_gmt":"2025-08-29T14:48:48","slug":"disciplinas-ofertadas-em-lingua-estrangeira","status":"publish","type":"page","link":"https:\/\/www.ufsm.br\/pro-reitorias\/prpgp\/disciplinas-ofertadas-em-lingua-estrangeira","title":{"rendered":"Disciplinas Ofertadas em L\u00edngua Estrangeira"},"content":{"rendered":"\t\t<div data-elementor-type=\"wp-page\" data-elementor-id=\"10792\" class=\"elementor elementor-10792\">\n\t\t\t\t\t\t<section class=\"elementor-section elementor-top-section elementor-element elementor-element-a5ebe21 elementor-section-boxed elementor-section-height-default elementor-section-height-default\" data-id=\"a5ebe21\" data-element_type=\"section\">\n\t\t\t\t\t\t<div class=\"elementor-container elementor-column-gap-default\">\n\t\t\t\t\t<div class=\"elementor-column elementor-col-100 elementor-top-column elementor-element elementor-element-0c49807\" data-id=\"0c49807\" data-element_type=\"column\">\n\t\t\t<div class=\"elementor-widget-wrap elementor-element-populated\">\n\t\t\t\t\t\t<div class=\"elementor-element elementor-element-a201f03 elementor-widget elementor-widget-text-editor\" data-id=\"a201f03\" data-element_type=\"widget\" data-widget_type=\"text-editor.default\">\n\t\t\t\t<div class=\"elementor-widget-container\">\n\t\t\t\t\t\t\t<p>As disciplinas ofertas em l\u00edngua estrangeira pela PRPGP s\u00e3o disciplinas planejadas em comum acordo com docentes credenciados em um PPG da UFSM e ofertadas para todos(as) discentes da p\u00f3s-gradua\u00e7\u00e3o da UFSM.<\/p>\t\t\t\t\t\t<\/div>\n\t\t\t\t<\/div>\n\t\t\t\t<div class=\"elementor-element elementor-element-d008a8f elementor-widget elementor-widget-heading\" data-id=\"d008a8f\" data-element_type=\"widget\" data-widget_type=\"heading.default\">\n\t\t\t\t<div class=\"elementor-widget-container\">\n\t\t\t<h5 class=\"elementor-heading-title elementor-size-default\">Disciplinas PRPGP<\/h5>\t\t<\/div>\n\t\t\t\t<\/div>\n\t\t\t\t<section class=\"elementor-section elementor-inner-section elementor-element elementor-element-ce88361 elementor-section-boxed elementor-section-height-default elementor-section-height-default\" data-id=\"ce88361\" data-element_type=\"section\">\n\t\t\t\t\t\t<div class=\"elementor-container elementor-column-gap-default\">\n\t\t\t\t\t<div class=\"elementor-column elementor-col-50 elementor-inner-column elementor-element elementor-element-d575bd5\" data-id=\"d575bd5\" data-element_type=\"column\">\n\t\t\t<div class=\"elementor-widget-wrap elementor-element-populated\">\n\t\t\t\t\t\t<div class=\"elementor-element elementor-element-82459f2 elementor-icon-list--layout-traditional elementor-list-item-link-full_width elementor-widget elementor-widget-icon-list\" data-id=\"82459f2\" data-element_type=\"widget\" data-widget_type=\"icon-list.default\">\n\t\t\t\t<div class=\"elementor-widget-container\">\n\t\t\t\t\t<ul class=\"elementor-icon-list-items\">\n\t\t\t\t\t\t\t<li class=\"elementor-icon-list-item\">\n\t\t\t\t\t\t\t\t\t\t\t<a href=\"https:\/\/www.ufsm.br\/app\/uploads\/sites\/345\/2021\/05\/PRP800.pdf\" target=\"_blank\">\n\n\t\t\t\t\t\t\t\t\t\t\t\t<span class=\"elementor-icon-list-icon\">\n\t\t\t\t\t\t\t<i aria-hidden=\"true\" class=\"fas fa-check\"><\/i>\t\t\t\t\t\t<\/span>\n\t\t\t\t\t\t\t\t\t\t<span class=\"elementor-icon-list-text\">PRP800 - Introduction to the Philosophy of Science<\/span>\n\t\t\t\t\t\t\t\t\t\t\t<\/a>\n\t\t\t\t\t\t\t\t\t<\/li>\n\t\t\t\t\t\t\t\t<li class=\"elementor-icon-list-item\">\n\t\t\t\t\t\t\t\t\t\t\t<a href=\"https:\/\/www.ufsm.br\/app\/uploads\/sites\/345\/2021\/05\/PRP801.pdf\" target=\"_blank\">\n\n\t\t\t\t\t\t\t\t\t\t\t\t<span class=\"elementor-icon-list-icon\">\n\t\t\t\t\t\t\t<i aria-hidden=\"true\" class=\"fas fa-check\"><\/i>\t\t\t\t\t\t<\/span>\n\t\t\t\t\t\t\t\t\t\t<span class=\"elementor-icon-list-text\">PRP801 - Introduction to Academic Writing in English<\/span>\n\t\t\t\t\t\t\t\t\t\t\t<\/a>\n\t\t\t\t\t\t\t\t\t<\/li>\n\t\t\t\t\t\t\t\t<li class=\"elementor-icon-list-item\">\n\t\t\t\t\t\t\t\t\t\t\t<a href=\"https:\/\/www.ufsm.br\/app\/uploads\/sites\/345\/2021\/05\/PRP802.pdf\" target=\"_blank\">\n\n\t\t\t\t\t\t\t\t\t\t\t\t<span class=\"elementor-icon-list-icon\">\n\t\t\t\t\t\t\t<i aria-hidden=\"true\" class=\"fas fa-check\"><\/i>\t\t\t\t\t\t<\/span>\n\t\t\t\t\t\t\t\t\t\t<span class=\"elementor-icon-list-text\">PRP802 - Entrepreneurship and Innovative Business Models<\/span>\n\t\t\t\t\t\t\t\t\t\t\t<\/a>\n\t\t\t\t\t\t\t\t\t<\/li>\n\t\t\t\t\t\t<\/ul>\n\t\t\t\t<\/div>\n\t\t\t\t<\/div>\n\t\t\t\t\t<\/div>\n\t\t<\/div>\n\t\t\t\t<div class=\"elementor-column elementor-col-50 elementor-inner-column elementor-element elementor-element-602e002\" data-id=\"602e002\" data-element_type=\"column\">\n\t\t\t<div class=\"elementor-widget-wrap elementor-element-populated\">\n\t\t\t\t\t\t<div class=\"elementor-element elementor-element-d4169d7 elementor-icon-list--layout-traditional elementor-list-item-link-full_width elementor-widget elementor-widget-icon-list\" data-id=\"d4169d7\" data-element_type=\"widget\" data-widget_type=\"icon-list.default\">\n\t\t\t\t<div class=\"elementor-widget-container\">\n\t\t\t\t\t<ul class=\"elementor-icon-list-items\">\n\t\t\t\t\t\t\t<li class=\"elementor-icon-list-item\">\n\t\t\t\t\t\t\t\t\t\t\t<a href=\"https:\/\/www.ufsm.br\/app\/uploads\/sites\/345\/2021\/05\/PRP803.pdf\" target=\"_blank\">\n\n\t\t\t\t\t\t\t\t\t\t\t\t<span class=\"elementor-icon-list-icon\">\n\t\t\t\t\t\t\t<i aria-hidden=\"true\" class=\"fas fa-check\"><\/i>\t\t\t\t\t\t<\/span>\n\t\t\t\t\t\t\t\t\t\t<span class=\"elementor-icon-list-text\">PRP803 - Open Science<\/span>\n\t\t\t\t\t\t\t\t\t\t\t<\/a>\n\t\t\t\t\t\t\t\t\t<\/li>\n\t\t\t\t\t\t\t\t<li class=\"elementor-icon-list-item\">\n\t\t\t\t\t\t\t\t\t\t\t<a href=\"https:\/\/www.ufsm.br\/app\/uploads\/sites\/345\/2021\/05\/PRP804.pdf\" target=\"_blank\">\n\n\t\t\t\t\t\t\t\t\t\t\t\t<span class=\"elementor-icon-list-icon\">\n\t\t\t\t\t\t\t<i aria-hidden=\"true\" class=\"fas fa-check\"><\/i>\t\t\t\t\t\t<\/span>\n\t\t\t\t\t\t\t\t\t\t<span class=\"elementor-icon-list-text\">PRP804 - Research Seminars and Projects<\/span>\n\t\t\t\t\t\t\t\t\t\t\t<\/a>\n\t\t\t\t\t\t\t\t\t<\/li>\n\t\t\t\t\t\t\t\t<li class=\"elementor-icon-list-item\">\n\t\t\t\t\t\t\t\t\t\t\t<a href=\"https:\/\/portal.ufsm.br\/documentos\/download.html?action=componente&#038;download=false&#038;id=5772037\" target=\"_blank\">\n\n\t\t\t\t\t\t\t\t\t\t\t\t<span class=\"elementor-icon-list-icon\">\n\t\t\t\t\t\t\t<i aria-hidden=\"true\" class=\"fas fa-check\"><\/i>\t\t\t\t\t\t<\/span>\n\t\t\t\t\t\t\t\t\t\t<span class=\"elementor-icon-list-text\">PRP805 - Introduction to Writing Research Papers in English<\/span>\n\t\t\t\t\t\t\t\t\t\t\t<\/a>\n\t\t\t\t\t\t\t\t\t<\/li>\n\t\t\t\t\t\t<\/ul>\n\t\t\t\t<\/div>\n\t\t\t\t<\/div>\n\t\t\t\t\t<\/div>\n\t\t<\/div>\n\t\t\t\t\t<\/div>\n\t\t<\/section>\n\t\t\t\t\t<\/div>\n\t\t<\/div>\n\t\t\t\t\t<\/div>\n\t\t<\/section>\n\t\t\t\t<section class=\"elementor-section elementor-top-section elementor-element elementor-element-26812b5 elementor-section-boxed elementor-section-height-default elementor-section-height-default\" data-id=\"26812b5\" data-element_type=\"section\">\n\t\t\t\t\t\t<div class=\"elementor-container elementor-column-gap-default\">\n\t\t\t\t\t<div class=\"elementor-column elementor-col-100 elementor-top-column elementor-element elementor-element-35f27ce\" data-id=\"35f27ce\" data-element_type=\"column\">\n\t\t\t<div class=\"elementor-widget-wrap elementor-element-populated\">\n\t\t\t\t\t\t<div class=\"elementor-element elementor-element-1b9f381 elementor-widget elementor-widget-text-editor\" data-id=\"1b9f381\" data-element_type=\"widget\" data-widget_type=\"text-editor.default\">\n\t\t\t\t<div class=\"elementor-widget-container\">\n\t\t\t\t\t\t\t<p style=\"text-align: center\"><b>Classes taught in English in the 2nd semester of 2025<\/b><!--nextpage--><\/p><p style=\"color: #000000;font-size: 16px\">Available for enrollment for all regularly enrolled master&#8217;s and doctoral students:<\/p><p><b>PRP805 &#8211;\u00a0INTRODUCTION TO WRITING RESEARCH PAPERS IN ENGLISH<br \/><\/b><span style=\"font-family: arial, helvetica, sans-serif;color: #000000;font-size: 10pt\">Professor: Patricia Marcuzzo<br \/><\/span><span style=\"font-family: arial, helvetica, sans-serif;color: #000000;font-size: 10pt\">% of course load in foreign language: 100%.<\/span><br style=\"color: #000000;font-size: 16px\" \/><span style=\"font-family: arial, helvetica, sans-serif;color: #000000;font-size: 10pt\">Prerequisite:\u00a0<\/span>passing the English proficiency exam<br style=\"color: #000000;font-size: 16px\" \/><span style=\"font-family: arial, helvetica, sans-serif;color: #000000;font-size: 10pt\">Schedule: Tuesday 13:30 &#8211; 15:30<\/span><br style=\"color: #000000;font-size: 16px\" \/><span style=\"font-family: arial, helvetica, sans-serif;color: #000000;font-size: 10pt\">Student seats: 20<\/span><br style=\"color: #000000;font-size: 16px\" \/><span style=\"font-family: arial, helvetica, sans-serif;color: #000000;font-size: 10pt\">Place:\u00a0<\/span><\/p><p><b>\u00a0<\/b><\/p><p style=\"text-align: center\"><b>Classes taught in English in the 2nd semester of 2022<\/b><\/p><p>Available for enrollment for all regularly enrolled master&#8217;s and doctoral students:<\/p><p><strong>PRP801 INTRODUCTION TO ACADEMIC WRITING IN ENGLISH<br \/><\/strong><span style=\"font-size: 10pt;font-family: arial, helvetica, sans-serif\">Professor: Patricia Marcuzzo<\/span><br \/><span style=\"font-size: 10pt;font-family: arial, helvetica, sans-serif\">% of course load in foreign language: 100%.<\/span><br \/><span style=\"font-size: 10pt;font-family: arial, helvetica, sans-serif\">Prerequisite: having passed the English proficiency exam<\/span><br \/><span style=\"font-size: 10pt;font-family: arial, helvetica, sans-serif\">Schedule: Tuesday 14:00 &#8211; 15:00<\/span><br \/><span style=\"font-size: 10pt;font-family: arial, helvetica, sans-serif\">Student seats: 20<\/span><br \/><span style=\"font-size: 10pt;font-family: arial, helvetica, sans-serif\">Place: Room 3223 of Building 16<\/span><\/p><p style=\"margin: 0cm 0cm 0.0001pt;font-size: 11pt;line-height: normal;background-image: initial;background-position: initial;background-size: initial;font-family: Calibri, sans-serif\"><b style=\"color: #000000;font-size: 14.6667px;background-color: var(--bs-body-bg);text-align: var(--bs-body-text-align)\">PRP804\u00a0RESEARCH SEMINARS AND PROJECTS\u00a0\u00a0<\/b><\/p><div><p style=\"font-size: 11pt;margin: 0cm 0cm 0.0001pt;font-family: Calibri, sans-serif\">Docente: Paulo Cesar\u00a0Piquini<\/p><p style=\"font-size: 11pt;margin: 0cm 0cm 0.0001pt;font-family: Calibri, sans-serif\">\u00a0<span style=\"font-size: 11pt;color: #222222\">% da CH em l\u00edngua<\/span><span style=\"font-size: 11pt;color: #222222\">\u00a0<\/span><span style=\"font-size: 11pt;color: #222222\">estrangeira<\/span><span style=\"font-size: 11pt;color: #222222\">:\u00a0\u00a0100%<\/span><\/p><p style=\"font-size: 11pt;margin: 0cm 0cm 0.0001pt;font-family: Calibri, sans-serif\"><span style=\"font-family: Calibri, sans-serif;font-size: 14.6667px;background-color: var(--bs-body-bg);text-align: var(--bs-body-text-align)\">Pr\u00e9-requisito:\u00a0<\/span><span style=\"font-family: Calibri, sans-serif;font-size: 11pt;background-color: var(--bs-body-bg);text-align: var(--bs-body-text-align)\">\u00a0Listening, Speaking, Reading in English &#8211;\u00a0<\/span><span style=\"font-family: Calibri, sans-serif;background-color: var(--bs-body-bg);text-align: var(--bs-body-text-align)\">The students present the content of a research paper in their area of study and participate in the discussions concerning the presentations of their colleagues<\/span><\/p><p style=\"font-size: 11pt;margin: 0cm 0cm 0.0001pt;font-family: Calibri, sans-serif\">\u00a0<span style=\"font-size: 11pt\">Hor\u00e1rio: Segunda-feira 13:30 to 14:30\u00a0<\/span><\/p><p style=\"font-size: 11pt;margin: 0cm 0cm 0.0001pt;font-family: Calibri, sans-serif\">N\u00ba\u00a0<span style=\"font-size: 11pt\">Vagas: 15<\/span><\/p><p style=\"font-size: 11pt;margin: 0cm 0cm 0.0001pt;font-family: Calibri, sans-serif\"><span style=\"color: #000000;font-size: 1rem;background-color: var(--bs-body-bg);text-align: var(--bs-body-text-align)\">Local: Room 05 Building 16A<\/span><\/p><p style=\"font-size: 11pt;margin: 0cm 0cm 0.0001pt;font-family: Calibri, sans-serif\"><span style=\"color: #000000;font-size: 1rem;background-color: var(--bs-body-bg);text-align: var(--bs-body-text-align)\">\u00a0<\/span><\/p><p><b><span style=\"font-family: Calibri, sans-serif;font-size: 11pt\">DISCIPLINAS\u00a0<\/span><span style=\"font-size: small\">FSC851\u00a0e FSC852\u00a0SEMIN\u00c1RIOS\u00a0 (Oferta curso PPG em F\u00edsica)\u00a0<\/span><\/b><\/p><\/div><p style=\"margin: 0cm 0cm 0.0001pt;font-size: 11pt;line-height: normal;background-image: initial;background-position: initial;background-size: initial;font-family: Calibri, sans-serif\"><span style=\"font-size: 11pt\">Docente:\u00a0 Lucio Strazzabosco\u00a0 Dorneles<\/span><\/p><p style=\"margin: 0cm 0cm 0.0001pt;font-size: 11pt;line-height: normal;background-image: initial;background-position: initial;background-size: initial;font-family: Calibri, sans-serif\"><span style=\"font-size: 11pt\">% da CH em l\u00edngua<\/span><span style=\"font-size: 11pt\">\u00a0<\/span><span style=\"font-size: 11pt\">estrangeira<\/span><span style=\"font-size: 11pt\">:\u00a0\u00a0100%<\/span><span style=\"font-size: 11pt\"><br \/><\/span><\/p><p style=\"margin: 0cm 0cm 0.0001pt;font-size: 11pt;line-height: normal;background-image: initial;background-position: initial;background-size: initial;font-family: Calibri, sans-serif\"><span style=\"font-family: Arial, Helvetica, sans-serif;font-size: small\">Hor\u00e1rio: Segunda-feira, 11h-12h<\/span><\/p><p style=\"margin: 0cm 0cm 0.0001pt;font-size: 11pt;line-height: normal;background-image: initial;background-position: initial;background-size: initial;font-family: Calibri, sans-serif\"><span style=\"font-size: small;font-family: Arial, Helvetica, sans-serif\">Total de vagas: 45\u00a0<\/span><\/p><p style=\"margin: 0cm 0cm 0.0001pt;font-size: 11pt;line-height: normal;background-image: initial;background-position: initial;background-size: initial;font-family: Calibri, sans-serif\"><span style=\"font-size: small;font-family: Arial, Helvetica, sans-serif\">Local: CCNE Auditorium (room 1121, building 13)<\/span><\/p><p style=\"margin: 0cm 0cm 0.0001pt;font-size: 11pt;line-height: normal;background-image: initial;background-position: initial;background-size: initial;font-family: Calibri, sans-serif\"><span style=\"font-size: small;font-family: Arial, Helvetica, sans-serif\">\u00a0<\/span><\/p><p>\u00a0<strong>Classes offered in a foreign language that will be available for enrollment at the Graduate Program Offices listed below during the period stipulated in the academic calendar for EXTRACURRICULAR ENROLLMENT (MATR\u00cdCULA EXTRACURRICULAR- 09\/21 and 09\/22):<\/strong><\/p><p><strong>Classes given 100% in English Reading\/Writing\/Listening\/Speaking<\/strong><\/p><p style=\"margin: 0cm 0cm 0.0001pt;font-size: 11pt;line-height: normal;background-image: initial;background-position: initial;background-size: initial;font-family: Calibri, sans-serif\"><strong><span style=\"font-size: small;font-family: Arial, Helvetica, sans-serif\">\u00a0<\/span><\/strong><\/p><p><strong>Graduate Program in Agricultural Engineering<\/strong><\/p><p><strong>FTT 868-<\/strong>Crop Phenology<\/p><p>Wednesday, 8:30 -11:30<\/p><p><strong>Graduate Program in International Relations<\/strong><\/p><p><strong>ERI823- <\/strong>Advanced Seminar on Politics and International Society: (Re)Thinking International Relations<\/p><p>Thursday, 14:00 &#8211; 16:00 (face-to-face)<\/p><p><strong>ERI831- <\/strong>Advanced Seminar on International Security, Strategy and Defense: New Agendas in Security Studies<\/p><p>Friday, 14:00 &#8211; 16:00 (virtual)<\/p><p><strong>Graduate Program in Mechanical Engineering <\/strong><\/p><p><strong>DEM836 &#8211; <\/strong>Special Topics in Mechanical Engineering I: PVD (Physical Vapor Deposition)<\/p><p>Monday, 14:00 &#8211; 17:00\u00a0<\/p><p><strong>Graduate Program in Veterinary Medicine<\/strong><\/p><p><strong>MMV 809 &#8211; <\/strong>Research seminars and projects II<\/p><p>Tuesday, 9:30 &#8211; 10:30<\/p><p><strong>Graduate Program in Civil Engineering<\/strong><\/p><p><strong>ESA909<\/strong>&#8211; DIRECTED STUDY &#8211; Satellite-based rainfall data set survey<\/p><p>Monday, 16:30 &#8211; 19:30<\/p><p><strong>Classes given 100% in Spanish Reading\/Writing\/Listening\/Speaking<\/strong><\/p><p><strong>Graduate Program in Geography<\/strong><\/p><p><strong>GCC 929<\/strong> Dinamicas Territoriales y Geopoliticas en El Cono Sur<\/p><p>8:30 &#8211; 12:30<\/p><p>Intensive Course: November 21st to 25th<\/p><p><strong>GCC899<\/strong> Geografia del Cono Sur A<\/p><p>13:30 &#8211; 17:30<\/p><p>Intensive Course: November 21st to 25th<\/p><p><strong>Classes given 100% in French Reading\/Writing\/Listening\/Speaking<\/strong><\/p><p><strong>Graduate Program in Geography<\/strong><\/p><p><strong>GCC930<\/strong> Dynamiques des Campagnes: Paysagens et Ruralit\u00ea<\/p><p>Tuesday 08:30 &#8211; 12:30<\/p>\t\t\t\t\t\t<\/div>\n\t\t\t\t<\/div>\n\t\t\t\t\t<\/div>\n\t\t<\/div>\n\t\t\t\t\t<\/div>\n\t\t<\/section>\n\t\t\t\t<\/div>\n\t\t","protected":false},"excerpt":{"rendered":"<p>As disciplinas ofertas em l\u00edngua estrangeira pela PRPGP s\u00e3o disciplinas planejadas em comum acordo com docentes credenciados em um PPG da UFSM e ofertadas para todos(as) discentes da p\u00f3s-gradua\u00e7\u00e3o da UFSM. Disciplinas PRPGP PRP800 &#8211; Introduction to the Philosophy of Science PRP801 &#8211; Introduction to Academic Writing in English PRP802 &#8211; Entrepreneurship and Innovative Business [&hellip;]<\/p>\n","protected":false},"author":390,"featured_media":0,"parent":0,"menu_order":0,"comment_status":"closed","ping_status":"closed","template":"","meta":{"footnotes":""},"categories":[],"tags":[],"class_list":["post-10792","page","type-page","status-publish","hentry"],"acf":[],"_links":{"self":[{"href":"https:\/\/www.ufsm.br\/pro-reitorias\/prpgp\/wp-json\/wp\/v2\/pages\/10792","targetHints":{"allow":["GET"]}}],"collection":[{"href":"https:\/\/www.ufsm.br\/pro-reitorias\/prpgp\/wp-json\/wp\/v2\/pages"}],"about":[{"href":"https:\/\/www.ufsm.br\/pro-reitorias\/prpgp\/wp-json\/wp\/v2\/types\/page"}],"author":[{"embeddable":true,"href":"https:\/\/www.ufsm.br\/pro-reitorias\/prpgp\/wp-json\/wp\/v2\/users\/390"}],"replies":[{"embeddable":true,"href":"https:\/\/www.ufsm.br\/pro-reitorias\/prpgp\/wp-json\/wp\/v2\/comments?post=10792"}],"version-history":[{"count":0,"href":"https:\/\/www.ufsm.br\/pro-reitorias\/prpgp\/wp-json\/wp\/v2\/pages\/10792\/revisions"}],"wp:attachment":[{"href":"https:\/\/www.ufsm.br\/pro-reitorias\/prpgp\/wp-json\/wp\/v2\/media?parent=10792"}],"wp:term":[{"taxonomy":"category","embeddable":true,"href":"https:\/\/www.ufsm.br\/pro-reitorias\/prpgp\/wp-json\/wp\/v2\/categories?post=10792"},{"taxonomy":"post_tag","embeddable":true,"href":"https:\/\/www.ufsm.br\/pro-reitorias\/prpgp\/wp-json\/wp\/v2\/tags?post=10792"}],"curies":[{"name":"wp","href":"https:\/\/api.w.org\/{rel}","templated":true}]}}