{"id":10913,"date":"2021-06-15T17:02:24","date_gmt":"2021-06-15T20:02:24","guid":{"rendered":"https:\/\/www.ufsm.br\/pro-reitorias\/prpgp\/?page_id=10913"},"modified":"2025-12-18T08:48:29","modified_gmt":"2025-12-18T11:48:29","slug":"normativas","status":"publish","type":"page","link":"https:\/\/www.ufsm.br\/pro-reitorias\/prpgp\/bolsas\/normativas","title":{"rendered":"Normativas"},"content":{"rendered":"\t\t<div data-elementor-type=\"wp-page\" data-elementor-id=\"10913\" class=\"elementor elementor-10913\">\n\t\t\t\t\t\t<section class=\"elementor-section elementor-top-section elementor-element elementor-element-5f5f373 elementor-section-boxed elementor-section-height-default elementor-section-height-default\" data-id=\"5f5f373\" data-element_type=\"section\">\n\t\t\t\t\t\t<div class=\"elementor-container elementor-column-gap-default\">\n\t\t\t\t\t<div class=\"elementor-column elementor-col-100 elementor-top-column elementor-element elementor-element-e1d2f9c\" data-id=\"e1d2f9c\" data-element_type=\"column\">\n\t\t\t<div class=\"elementor-widget-wrap elementor-element-populated\">\n\t\t\t\t\t\t<section class=\"elementor-section elementor-inner-section elementor-element elementor-element-a3ec4c3 elementor-section-boxed elementor-section-height-default elementor-section-height-default\" data-id=\"a3ec4c3\" data-element_type=\"section\">\n\t\t\t\t\t\t<div class=\"elementor-container elementor-column-gap-default\">\n\t\t\t\t\t<div class=\"elementor-column elementor-col-50 elementor-inner-column elementor-element elementor-element-320ef18\" data-id=\"320ef18\" data-element_type=\"column\">\n\t\t\t<div class=\"elementor-widget-wrap elementor-element-populated\">\n\t\t\t\t\t\t<div class=\"elementor-element elementor-element-28328e6 elementor-tabs-view-horizontal elementor-widget elementor-widget-tabs\" data-id=\"28328e6\" data-element_type=\"widget\" data-widget_type=\"tabs.default\">\n\t\t\t\t<div class=\"elementor-widget-container\">\n\t\t\t\t\t<div class=\"elementor-tabs\">\n\t\t\t<div class=\"elementor-tabs-wrapper\" role=\"tablist\" >\n\t\t\t\t\t\t\t\t\t<div id=\"elementor-tab-title-4211\" class=\"elementor-tab-title elementor-tab-desktop-title\" aria-selected=\"true\" data-tab=\"1\" role=\"tab\" tabindex=\"0\" aria-controls=\"elementor-tab-content-4211\" aria-expanded=\"false\">Normativas UFSM<\/div>\n\t\t\t\t\t\t\t\t\t<div id=\"elementor-tab-title-4212\" class=\"elementor-tab-title elementor-tab-desktop-title\" aria-selected=\"false\" data-tab=\"2\" role=\"tab\" tabindex=\"-1\" aria-controls=\"elementor-tab-content-4212\" aria-expanded=\"false\">DS<\/div>\n\t\t\t\t\t\t\t\t\t<div id=\"elementor-tab-title-4213\" class=\"elementor-tab-title elementor-tab-desktop-title\" aria-selected=\"false\" data-tab=\"3\" role=\"tab\" tabindex=\"-1\" aria-controls=\"elementor-tab-content-4213\" aria-expanded=\"false\">PNPD<\/div>\n\t\t\t\t\t\t\t\t\t<div id=\"elementor-tab-title-4214\" class=\"elementor-tab-title elementor-tab-desktop-title\" aria-selected=\"false\" data-tab=\"4\" role=\"tab\" tabindex=\"-1\" aria-controls=\"elementor-tab-content-4214\" aria-expanded=\"false\">PEC-PG<\/div>\n\t\t\t\t\t\t\t\t\t<div id=\"elementor-tab-title-4215\" class=\"elementor-tab-title elementor-tab-desktop-title\" aria-selected=\"false\" data-tab=\"5\" role=\"tab\" tabindex=\"-1\" aria-controls=\"elementor-tab-content-4215\" aria-expanded=\"false\">CNPq<\/div>\n\t\t\t\t\t\t\t<\/div>\n\t\t\t<div class=\"elementor-tabs-content-wrapper\" role=\"tablist\" aria-orientation=\"vertical\">\n\t\t\t\t\t\t\t\t\t<div class=\"elementor-tab-title elementor-tab-mobile-title\" aria-selected=\"true\" data-tab=\"1\" role=\"tab\" tabindex=\"0\" aria-controls=\"elementor-tab-content-4211\" aria-expanded=\"false\">Normativas UFSM<\/div>\n\t\t\t\t\t<div id=\"elementor-tab-content-4211\" class=\"elementor-tab-content elementor-clearfix\" data-tab=\"1\" role=\"tabpanel\" aria-labelledby=\"elementor-tab-title-4211\" tabindex=\"0\" hidden=\"false\"><table style=\"border-collapse: collapse;width: 100%;height: 72px\"><tbody><tr style=\"height: 48px\"><td style=\"width: 17.366%;text-align: center;height: 48px\"><strong>TIPO<\/strong><\/td><td style=\"width: 52.836%;text-align: center;height: 48px\"><strong>ASSUNTO<\/strong><\/td><td style=\"width: 29.7979%;text-align: center;height: 48px\"><strong>ARQUIVO<\/strong><\/td><\/tr><tr><td style=\"width: 17.366%;text-align: center\">Portaria Normativa<\/td><td style=\"width: 52.836%\">Ac\u00famulo de bolsas de p\u00f3s-gradua\u00e7\u00e3o concedidas no pa\u00eds com atividade remunerada ou outros rendimentos, no \u00e2mbito da UFSM.<\/td><td style=\"width: 29.7979%\"><span style=\"text-decoration: underline\"><strong><a href=\"https:\/\/portal.ufsm.br\/documentos\/publico\/documento.html?id=14855493\" target=\"_blank\" rel=\"noopener\" data-saferedirecturl=\"https:\/\/www.google.com\/url?q=https:\/\/portal.ufsm.br\/documentos\/publico\/documento.html?id%3D14855493&amp;source=gmail&amp;ust=1696007996379000&amp;usg=AOvVaw2IywdZsi_XAp3lvPIMGI_9\">Portaria Normativa PRPGP\/UFSM N. 1\/2023<\/a><\/strong><\/span><\/td><\/tr><tr style=\"height: 24px\"><td style=\"width: 17.366%;height: 24px;text-align: center\" rowspan=\"2\">Resolu\u00e7\u00e3o<\/td><td style=\"width: 52.836%;height: 24px\">Aprova a recria\u00e7\u00e3o das Comiss\u00f5es de Bolsas dos PPGs e d\u00e1 outras instru\u00e7\u00f5es.<\/td><td style=\"width: 29.7979%;height: 24px\"><span style=\"text-decoration: underline\"><a href=\"http:\/\/ufsm.br\/pro-reitorias\/proplan\/resolucao-n-040-2019\/\"><strong>Resolu\u00e7\u00e3o <\/strong><strong>UFSM<\/strong><strong> n\u00ba 40\/2019<\/strong><\/a><a href=\"http:\/\/ufsm.br\/pro-reitorias\/proplan\/resolucao-n-040-2019\/\" target=\"_blank\" rel=\"noopener\"><strong><br \/><\/strong><\/a><\/span><\/td><\/tr><tr><td style=\"width: 52.836%\">Altera o Artigo 5\u00ba da Resolu\u00e7\u00e3o UFSM N. 040, de 02 de dezembro de 2019.<\/td><td style=\"width: 29.7979%\"><span style=\"text-decoration: underline\"><a href=\"https:\/\/www.ufsm.br\/pro-reitorias\/proplan\/resolucao-ufsm-n-092-2022\/\" target=\"_blank\" rel=\"noopener\"><strong>Resolu\u00e7\u00e3o UFSM n\u00ba 92\/2022<\/strong><\/a><\/span><\/td><\/tr><tr style=\"height: 24px\"><td style=\"width: 17.366%;height: 24px;text-align: center\" rowspan=\"2\">Memorando Circular<\/td><td style=\"width: 52.836%;height: 24px\">Divulga\u00e7\u00e3o de crit\u00e9rios de sele\u00e7\u00e3o, concess\u00e3o e manuten\u00e7\u00e3o de bolsas.<\/td><td style=\"width: 29.7979%;height: 24px\"><span style=\"text-decoration: underline\"><strong><a href=\"https:\/\/www.ufsm.br\/app\/uploads\/sites\/345\/2022\/01\/Memo-Circ-001-2022-Comissoes-de-Bolsas-divulgacao-de-criterios-de-selecao-concessao-e-manutencao-de-bolsas-1.pdf\">Memorando Circular n\u00ba 001\/2022<\/a><\/strong><\/span><\/td><\/tr><tr style=\"height: 24px\"><td style=\"width: 52.836%;height: 24px\">Desempenho acad\u00eamico insatisfat\u00f3rio e procedimentos para cancelamento de bolsas.<\/td><td style=\"width: 29.7979%;height: 24px\"><span style=\"text-decoration: underline\"><strong><a href=\"https:\/\/www.ufsm.br\/app\/uploads\/sites\/345\/2022\/10\/Memo-Circ-003-2022-Comissoes-de-Bolsas-cancelamento-de-bolsas.pdf\">Memorando<\/a><a href=\"https:\/\/www.ufsm.br\/app\/uploads\/sites\/345\/2022\/10\/Memo-Circ-003-2022-Comissoes-de-Bolsas-cancelamento-de-bolsas.pdf\"> Circular n\u00ba 003\/2022<\/a><\/strong><\/span><\/td><\/tr><\/tbody><\/table><\/div>\n\t\t\t\t\t\t\t\t\t<div class=\"elementor-tab-title elementor-tab-mobile-title\" aria-selected=\"false\" data-tab=\"2\" role=\"tab\" tabindex=\"-1\" aria-controls=\"elementor-tab-content-4212\" aria-expanded=\"false\">DS<\/div>\n\t\t\t\t\t<div id=\"elementor-tab-content-4212\" class=\"elementor-tab-content elementor-clearfix\" data-tab=\"2\" role=\"tabpanel\" aria-labelledby=\"elementor-tab-title-4212\" tabindex=\"0\" hidden=\"hidden\"><table style=\"width: 50.3922%\" width=\"1119\"><tbody><tr><td style=\"text-align: center;width: 16.196%\" width=\"141\"><strong>DEMANDA SOCIAL<\/strong><\/td><td style=\"text-align: center;width: 54.2741%\" width=\"729\"><strong>ASSUNTO<\/strong><\/td><td style=\"text-align: center;width: 28.7321%\" width=\"249\"><strong>ARQUIVO<\/strong><\/td><\/tr><tr><td style=\"width: 16.196%\" width=\"141\">Regulamento<\/td><td style=\"width: 54.2741%\" width=\"729\">Regulamento do Programa de Demanda Social<\/td><td style=\"width: 28.7321%\" width=\"249\"><span style=\"text-decoration: underline\"><strong><a href=\"http:\/\/cad.capes.gov.br\/ato-administrativo-detalhar?idAtoAdmElastic=741#anchor\">Portaria n\u00ba 76\/2010<\/a><\/strong><\/span><\/td><\/tr><tr><td style=\"width: 16.196%\" width=\"141\">Ac\u00famulo de bolsa com atividade remunerada<\/td><td style=\"width: 54.2741%\" width=\"729\">Regulamenta o ac\u00famulo de bolsas com atividade remunerada<\/td><td style=\"width: 28.7321%\" width=\"249\"><span style=\"text-decoration: underline\"><strong><a href=\"http:\/\/cad.capes.gov.br\/ato-administrativo-detalhar?idAtoAdmElastic=12302#anchor\">Portaria n\u00ba 133\/2023<\/a><\/strong><\/span><\/td><\/tr><tr><td style=\"width: 16.196%\" rowspan=\"5\" width=\"141\">Devolu\u00e7\u00e3o de bolsa<\/td><td style=\"width: 54.2741%\" rowspan=\"2\" width=\"729\">Instru\u00e7\u00f5es para solicita\u00e7\u00f5es de estorno e instru\u00e7\u00f5es para devolu\u00e7\u00e3o de bolsa via GRU simples.<\/td><td style=\"width: 28.7321%\" width=\"249\"><span style=\"text-decoration: underline\"><strong><a href=\"https:\/\/www.ufsm.br\/app\/uploads\/sites\/345\/2021\/06\/20190301-CAPES-OfC3-Instrucoes-estorno-de-bolsas-DS.pdf\">Of\u00edcio Circular n\u00ba 3\/2019<\/a><\/strong><\/span><\/td><\/tr><tr><td style=\"width: 28.7321%\" width=\"249\"><span style=\"text-decoration: underline\"><strong><a href=\"https:\/\/www.ufsm.br\/app\/uploads\/sites\/345\/2021\/06\/20190301-CAPES-OfC3-Instrucoes-estorno-de-bolsas-DS_anexo-instrucoes-GRU.pdf\">Anexo do Of\u00edcio Circular n\u00ba 3\/2019<\/a><\/strong><\/span><\/td><\/tr><tr><td style=\"width: 54.2741%\" rowspan=\"3\" width=\"729\">Disp\u00f5e sobre o parcelamento de cr\u00e9ditos n\u00e3o tribut\u00e1rios da Capes n\u00e3o inscritos em d\u00edvida ativa e d\u00e1 outras provid\u00eancias.<\/td><td style=\"width: 28.7321%\" width=\"249\"><span style=\"text-decoration: underline\"><strong><a href=\"https:\/\/www.ufsm.br\/app\/uploads\/sites\/345\/2021\/06\/20190828-CAPES-Portaria197-Parcelamento-de-creditos-nao-tributarios-nao-inscritos-em-divida-ativa.pdf\">Portaria n\u00ba 197\/2019<\/a><\/strong><\/span><\/td><\/tr><tr><td style=\"width: 28.7321%\" width=\"249\"><span style=\"text-decoration: underline\"><strong><a href=\"https:\/\/www.ufsm.br\/app\/uploads\/sites\/345\/2021\/06\/20190828-CAPES-Portaria197-Parcelamento-de-creditos-nao-tributarios-nao-inscritos-em-divida-ativa-anexo1.pdf\">Anexo 1<\/a><\/strong><\/span><\/td><\/tr><tr><td style=\"width: 28.7321%\" width=\"249\"><span style=\"text-decoration: underline\"><strong><a href=\"https:\/\/www.ufsm.br\/app\/uploads\/sites\/345\/2021\/06\/20190828-CAPES-Portaria197-Parcelamento-de-creditos-nao-tributarios-nao-inscritos-em-divida-ativa-anexo-2.pdf\">Anexo 2<\/a><\/strong><\/span><\/td><\/tr><tr><td style=\"width: 16.196%\" rowspan=\"4\" width=\"141\">Prorroga\u00e7\u00e3o de bolsa por maternidade<\/td><td style=\"width: 54.2741%\" width=\"729\"><del>Disp\u00f5e sobre a adequa\u00e7\u00e3o das normas de concess\u00e3o de bolsas de estudo \u00e0 prote\u00e7\u00e3o conferida por Lei \u00e0s mulheres, em fun\u00e7\u00e3o da maternidade<\/del><\/td><td style=\"width: 28.7321%\" width=\"249\"><del><span style=\"text-decoration: underline\"><strong><a href=\"https:\/\/www.ufsm.br\/app\/uploads\/sites\/345\/2021\/06\/20111219-CAPES-Portaria248-Prorrogacao-de-bolsa-por-maternidade.pdf\">Portaria n\u00ba 248\/2011<\/a><\/strong><\/span><\/del><\/td><\/tr><tr><td style=\"width: 54.2741%\" width=\"729\"><del>Disp\u00f5e sobre a prorroga\u00e7\u00e3o dos prazos de vig\u00eancia das bolsas de estudo concedidas por ag\u00eancias de fomento \u00e0 pesquisa nos casos de maternidade e de ado\u00e7\u00e3o<\/del>.<\/td><td style=\"width: 28.7321%\" width=\"249\"><span style=\"text-decoration: underline\"><strong><a href=\"https:\/\/www.planalto.gov.br\/ccivil_03\/_ato2015-2018\/2017\/lei\/l13536.htm\">Le<del>i n\u00ba 13.536\/2017<\/del><\/a><\/strong><\/span><\/td><\/tr><tr><td style=\"width: 54.2741%\"><p>Novas Regras para Prorroga\u00e7\u00e3o de Bolsas de Estudo em Caso de Licen\u00e7a Maternidade &#8211; janeiro\/2025<\/p><\/td><td style=\"width: 28.7321%\"><p><span style=\"text-decoration: underline\"><span style=\"text-decoration: underline\"><strong><a href=\"https:\/\/www.ufsm.br\/app\/uploads\/sites\/345\/2025\/01\/20250107-CAPES-novas-regras-prorrogacao-maternidade.pdf\" target=\"_blank\" rel=\"noopener\">Of\u00edcio Circular no 17\/2024-CBIP\/C<\/a><\/strong><\/span><\/span><\/p><hr \/><p><span style=\"text-decoration: underline\"><strong><a href=\"https:\/\/www.ufsm.br\/app\/uploads\/sites\/345\/2025\/01\/20250107-CAPES-novas-regras-prorrogacao-maternidade.pdf\" target=\"_blank\" rel=\"noopener\">GFIP\/DPB\/CAPES<\/a><\/strong><\/span><\/p><\/td><\/tr><tr><td style=\"width: 54.2741%\"><p>Novas Regras para Prorroga\u00e7\u00e3o de Bolsas de Estudo em Caso de Licen\u00e7a Maternidade &#8211; MAIO\/2025<\/p><\/td><td style=\"width: 28.7321%\"><span style=\"text-decoration: underline\"><span style=\"text-decoration: underline\"><strong><a href=\"https:\/\/www.ufsm.br\/app\/uploads\/sites\/345\/2025\/05\/Oficio_Circular_2604567.pdf\">Of\u00edcio Circular n\u00ba 15\/2025-CBIP\/CGFIP\/DPB\/CAPES<\/a><\/strong><\/span><\/span><\/td><\/tr><\/tbody><\/table><\/div>\n\t\t\t\t\t\t\t\t\t<div class=\"elementor-tab-title elementor-tab-mobile-title\" aria-selected=\"false\" data-tab=\"3\" role=\"tab\" tabindex=\"-1\" aria-controls=\"elementor-tab-content-4213\" aria-expanded=\"false\">PNPD<\/div>\n\t\t\t\t\t<div id=\"elementor-tab-content-4213\" class=\"elementor-tab-content elementor-clearfix\" data-tab=\"3\" role=\"tabpanel\" aria-labelledby=\"elementor-tab-title-4213\" tabindex=\"0\" hidden=\"hidden\"><table style=\"width: 100%\"><tbody><tr><td style=\"width: 22.2015%\" width=\"132\"><p style=\"text-align: center\"><strong>PNPD<\/strong><\/p><\/td><td style=\"text-align: center;width: 45.8956%\" width=\"397\"><p><strong>ASSUNTO<\/strong><\/p><\/td><td style=\"width: 30.0373%\" width=\"166\"><p style=\"text-align: center\"><strong>ARQUIVO<\/strong><\/p><\/td><\/tr><tr><td style=\"text-align: center;width: 22.2015%\" width=\"132\"><p>Regulamento<\/p><\/td><td style=\"width: 45.8956%\" width=\"397\"><p>Regulamento do Programa Nacional de P\u00f3s-Doutorado<\/p><\/td><td style=\"width: 30.0373%\" width=\"166\"><p><strong><a href=\"https:\/\/www.ufsm.br\/app\/uploads\/sites\/345\/2021\/06\/20130703-CAPES-Portaria86-Regulamento-PNPD.pdf\" target=\"_blank\" rel=\"noopener\">Portaria n\u00ba 86\/2013<\/a><\/strong><\/p><\/td><\/tr><tr><td style=\"text-align: center;width: 22.2015%\" width=\"132\">Revis\u00e3o<\/td><td style=\"width: 45.8956%\" width=\"397\"><p>Informa sobre revis\u00e3o do Programa e impossibilidade de novos cadastros<\/p><\/td><td style=\"width: 30.0373%\" width=\"166\"><p><strong><a href=\"https:\/\/www.ufsm.br\/app\/uploads\/sites\/345\/2021\/06\/20200330-CAPES-OfC5-PNPD-Revisao-do-programa-1.pdf\" target=\"_blank\" rel=\"noopener\">Of\u00edcio Circular n\u00ba 5\/2020<\/a><\/strong><\/p><\/td><\/tr><\/tbody><\/table><\/div>\n\t\t\t\t\t\t\t\t\t<div class=\"elementor-tab-title elementor-tab-mobile-title\" aria-selected=\"false\" data-tab=\"4\" role=\"tab\" tabindex=\"-1\" aria-controls=\"elementor-tab-content-4214\" aria-expanded=\"false\">PEC-PG<\/div>\n\t\t\t\t\t<div id=\"elementor-tab-content-4214\" class=\"elementor-tab-content elementor-clearfix\" data-tab=\"4\" role=\"tabpanel\" aria-labelledby=\"elementor-tab-title-4214\" tabindex=\"0\" hidden=\"hidden\"><table style=\"width: 100%\"><tbody><tr><td style=\"width: 40.4851%;text-align: center\" width=\"217\"><p><strong>ASSUNTO<\/strong><\/p><\/td><td style=\"width: 58.0224%;text-align: center\" width=\"480\"><p><strong>ARQUIVO<\/strong><\/p><\/td><\/tr><tr><td style=\"text-align: center;width: 40.4851%\" width=\"217\"><p>Informa\u00e7\u00f5es oficiais<\/p><\/td><td style=\"width: 58.0224%\" width=\"480\"><p><strong><a href=\"http:\/\/www.dce.mre.gov.br\/PEC\/PECPG.php\" target=\"_blank\" rel=\"noopener\">P\u00e1gina do Programa no Minist\u00e9rio das Rela\u00e7\u00f5es Exteriores<\/a><\/strong><\/p><\/td><\/tr><tr><td style=\"text-align: center;width: 40.4851%\" width=\"217\"><p>Doutorado \u2013 CAPES<\/p><\/td><td style=\"width: 58.0224%\" width=\"480\"><p><strong><a href=\"https:\/\/www.gov.br\/capes\/pt-br\/acesso-a-informacao\/acoes-e-programas\/bolsas\/bolsas-e-auxilios-internacionais\/encontre-aqui\/paises\/multinacional\/programa-de-estudantes-convenio-de-pos-graduacao-pec-pg\" target=\"_blank\" rel=\"noopener\">P\u00e1gina do Programa na CAPES<\/a><\/strong><\/p><p><strong><a href=\"https:\/\/www.gov.br\/capes\/pt-br\/centrais-de-conteudo\/10082017-faq-edital-pec-pg-pdf\" target=\"_blank\" rel=\"noopener\">FAQs &#8211; Perguntas Frequentes<\/a><\/strong><\/p><\/td><\/tr><tr><td style=\"text-align: center;width: 40.4851%\" width=\"217\"><p>Mestrado e Doutorado &#8211; CNPq<\/p><\/td><td style=\"width: 58.0224%\" width=\"480\"><p><strong><a href=\"http:\/\/memoria2.cnpq.br\/web\/guest\/chamadas-publicas?p_p_id=resultadosportlet_WAR_resultadoscnpqportlet_INSTANCE_0ZaM&amp;filtro=encerradas&amp;detalha=chamadaDivulgada&amp;idDivulgacao=7342\" target=\"_blank\" rel=\"noopener\">P\u00e1gina da \u00faltima chamada CNPq (2017)<\/a><\/strong><\/p><\/td><\/tr><\/tbody><\/table><\/div>\n\t\t\t\t\t\t\t\t\t<div class=\"elementor-tab-title elementor-tab-mobile-title\" aria-selected=\"false\" data-tab=\"5\" role=\"tab\" tabindex=\"-1\" aria-controls=\"elementor-tab-content-4215\" aria-expanded=\"false\">CNPq<\/div>\n\t\t\t\t\t<div id=\"elementor-tab-content-4215\" class=\"elementor-tab-content elementor-clearfix\" data-tab=\"5\" role=\"tabpanel\" aria-labelledby=\"elementor-tab-title-4215\" tabindex=\"0\" hidden=\"hidden\"><table style=\"width: 146%\" width=\"699\"><tbody><tr><td style=\"text-align: center;width: 40.8682%\" width=\"198\"><p><strong>ASSUNTO<\/strong><\/p><\/td><td style=\"text-align: center;width: 58.1101%\" width=\"501\"><p><strong>ARQUIVO<\/strong><\/p><\/td><\/tr><tr><td style=\"width: 40.8682%;text-align: center\" width=\"198\"><p>Bolsas individuais no pa\u00eds<\/p><\/td><td style=\"width: 58.1101%\" width=\"501\"><p><a href=\"http:\/\/www.cnpq.br\/web\/guest\/view\/-\/journal_content\/56_INSTANCE_0oED\/10157\/2958271\" target=\"_blank\" rel=\"noopener\"><strong>Resolu\u00e7\u00e3o Normativa n\u00ba 028\/2015<\/strong><\/a><\/p><\/td><\/tr><tr><td style=\"width: 40.8682%;text-align: center\" width=\"198\"><p>Bolsas por quotas no pa\u00eds<\/p><\/td><td style=\"width: 58.1101%\" width=\"501\"><p><strong><a href=\"http:\/\/www.cnpq.br\/web\/guest\/view\/-\/journal_content\/56_INSTANCE_0oED\/10157\/100352\" target=\"_blank\" rel=\"noopener\">Resolu\u00e7\u00e3o Normativa n\u00ba 017\/2006<\/a><\/strong><\/p><\/td><\/tr><tr><td style=\"width: 40.8682%;text-align: center\" width=\"198\"><p>Bolsas no exterior<\/p><\/td><td style=\"width: 58.1101%\" width=\"501\"><p><strong><a href=\"http:\/\/www.cnpq.br\/web\/guest\/view\/-\/journal_content\/56_INSTANCE_0oED\/10157\/6123307\" target=\"_blank\" rel=\"noopener\">Resolu\u00e7\u00e3o Normativa n\u00ba 07\/2018<\/a><\/strong><\/p><\/td><\/tr><tr><td style=\"width: 40.8682%;text-align: center\"><p>Ac\u00famulo de Bolsa CNPq com atividade remunerada<\/p><\/td><td style=\"width: 58.1101%\"><a href=\"http:\/\/memoria2.cnpq.br\/web\/guest\/view\/-\/journal_content\/56_INSTANCE_0oED\/10157\/22706767\"><strong>Portaria CNPq 2346\/2025, de 08 de agosto de 2025.<\/strong><\/a><\/td><\/tr><\/tbody><\/table><\/div>\n\t\t\t\t\t\t\t<\/div>\n\t\t<\/div>\n\t\t\t\t<\/div>\n\t\t\t\t<\/div>\n\t\t\t\t\t<\/div>\n\t\t<\/div>\n\t\t\t\t<div class=\"elementor-column elementor-col-50 elementor-inner-column elementor-element elementor-element-de7b6e9\" data-id=\"de7b6e9\" data-element_type=\"column\">\n\t\t\t<div class=\"elementor-widget-wrap elementor-element-populated\">\n\t\t\t\t\t\t<div class=\"elementor-element elementor-element-a2bc35b elementor-widget elementor-widget-image\" data-id=\"a2bc35b\" data-element_type=\"widget\" data-widget_type=\"image.default\">\n\t\t\t\t<div class=\"elementor-widget-container\">\n\t\t\t\t\t\t\t\t\t\t<figure class=\"wp-caption\">\n\t\t\t\t\t\t\t\t\t\t\t<a href=\"http:\/\/cad.capes.gov.br\/consulta\">\n\t\t\t\t\t\t\t<img fetchpriority=\"high\" decoding=\"async\" width=\"300\" height=\"300\" src=\"https:\/\/www.ufsm.br\/app\/uploads\/sites\/345\/2021\/06\/logo-original-fundo-claro-300x300.jpg\" class=\"attachment-medium size-medium wp-image-10915\" alt=\"\" srcset=\"https:\/\/www.ufsm.br\/app\/uploads\/sites\/345\/2021\/06\/logo-original-fundo-claro-300x300.jpg 300w, https:\/\/www.ufsm.br\/app\/uploads\/sites\/345\/2021\/06\/logo-original-fundo-claro-150x150.jpg 150w, https:\/\/www.ufsm.br\/app\/uploads\/sites\/345\/2021\/06\/logo-original-fundo-claro-768x766.jpg 768w, https:\/\/www.ufsm.br\/app\/uploads\/sites\/345\/2021\/06\/logo-original-fundo-claro.jpg 850w\" sizes=\"(max-width: 300px) 100vw, 300px\" \/>\t\t\t\t\t\t\t\t<\/a>\n\t\t\t\t\t\t\t\t\t\t\t<figcaption class=\"widget-image-caption wp-caption-text\">Cat\u00e1logo de Atos Administrativos<\/figcaption>\n\t\t\t\t\t\t\t\t\t\t<\/figure>\n\t\t\t\t\t\t\t<\/div>\n\t\t\t\t<\/div>\n\t\t\t\t<div class=\"elementor-element elementor-element-6e72e36 elementor-widget-divider--view-line elementor-widget elementor-widget-divider\" data-id=\"6e72e36\" data-element_type=\"widget\" data-widget_type=\"divider.default\">\n\t\t\t\t<div class=\"elementor-widget-container\">\n\t\t\t\t\t<div class=\"elementor-divider\">\n\t\t\t<span class=\"elementor-divider-separator\">\n\t\t\t\t\t\t<\/span>\n\t\t<\/div>\n\t\t\t\t<\/div>\n\t\t\t\t<\/div>\n\t\t\t\t<div class=\"elementor-element elementor-element-7ffd773 elementor-widget elementor-widget-image\" data-id=\"7ffd773\" data-element_type=\"widget\" data-widget_type=\"image.default\">\n\t\t\t\t<div class=\"elementor-widget-container\">\n\t\t\t\t\t\t\t\t\t\t<figure class=\"wp-caption\">\n\t\t\t\t\t\t\t\t\t\t\t<a href=\"http:\/\/memoria2.cnpq.br\/web\/guest\/normas?p_p_id=normascnpqportlet_WAR_normascnpqportlet_INSTANCE_yUx3jBhkd0TD&#038;p_p_lifecycle=0&#038;p_p_state=normal&#038;p_p_mode=view&#038;p_p_col_id=column-2&#038;p_p_col_pos=1&#038;p_p_col_count=2&#038;nomeCategoriaPai=inst_servicos&#038;codigoCategoriaPai=219452&#038;nomeCategoria=inst_servicos&#038;codigoCategoria=219452&#038;modo=pai\">\n\t\t\t\t\t\t\t<img decoding=\"async\" width=\"300\" height=\"133\" src=\"https:\/\/www.ufsm.br\/app\/uploads\/sites\/345\/2021\/06\/cnpq.jpg\" class=\"attachment-large size-large wp-image-10916\" alt=\"\" \/>\t\t\t\t\t\t\t\t<\/a>\n\t\t\t\t\t\t\t\t\t\t\t<figcaption class=\"widget-image-caption wp-caption-text\">Normas CNPq<\/figcaption>\n\t\t\t\t\t\t\t\t\t\t<\/figure>\n\t\t\t\t\t\t\t<\/div>\n\t\t\t\t<\/div>\n\t\t\t\t<div class=\"elementor-element elementor-element-36ea4e2 elementor-widget-divider--view-line elementor-widget elementor-widget-divider\" data-id=\"36ea4e2\" data-element_type=\"widget\" data-widget_type=\"divider.default\">\n\t\t\t\t<div class=\"elementor-widget-container\">\n\t\t\t\t\t<div class=\"elementor-divider\">\n\t\t\t<span class=\"elementor-divider-separator\">\n\t\t\t\t\t\t<\/span>\n\t\t<\/div>\n\t\t\t\t<\/div>\n\t\t\t\t<\/div>\n\t\t\t\t\t<\/div>\n\t\t<\/div>\n\t\t\t\t\t<\/div>\n\t\t<\/section>\n\t\t\t\t\t<\/div>\n\t\t<\/div>\n\t\t\t\t\t<\/div>\n\t\t<\/section>\n\t\t\t\t<\/div>\n\t\t","protected":false},"excerpt":{"rendered":"<p>Normativas UFSM DS PNPD PEC-PG CNPq Normativas UFSM TIPO ASSUNTO ARQUIVO Portaria Normativa Ac\u00famulo de bolsas de p\u00f3s-gradua\u00e7\u00e3o concedidas no pa\u00eds com atividade remunerada ou outros rendimentos, no \u00e2mbito da UFSM. Portaria Normativa PRPGP\/UFSM N. 1\/2023 Resolu\u00e7\u00e3o Aprova a recria\u00e7\u00e3o das Comiss\u00f5es de Bolsas dos PPGs e d\u00e1 outras instru\u00e7\u00f5es. Resolu\u00e7\u00e3o UFSM n\u00ba 40\/2019 Altera [&hellip;]<\/p>\n","protected":false},"author":301,"featured_media":0,"parent":10869,"menu_order":1,"comment_status":"closed","ping_status":"closed","template":"","meta":{"footnotes":""},"categories":[],"tags":[],"class_list":["post-10913","page","type-page","status-publish","hentry"],"acf":[],"_links":{"self":[{"href":"https:\/\/www.ufsm.br\/pro-reitorias\/prpgp\/wp-json\/wp\/v2\/pages\/10913","targetHints":{"allow":["GET"]}}],"collection":[{"href":"https:\/\/www.ufsm.br\/pro-reitorias\/prpgp\/wp-json\/wp\/v2\/pages"}],"about":[{"href":"https:\/\/www.ufsm.br\/pro-reitorias\/prpgp\/wp-json\/wp\/v2\/types\/page"}],"author":[{"embeddable":true,"href":"https:\/\/www.ufsm.br\/pro-reitorias\/prpgp\/wp-json\/wp\/v2\/users\/301"}],"replies":[{"embeddable":true,"href":"https:\/\/www.ufsm.br\/pro-reitorias\/prpgp\/wp-json\/wp\/v2\/comments?post=10913"}],"version-history":[{"count":0,"href":"https:\/\/www.ufsm.br\/pro-reitorias\/prpgp\/wp-json\/wp\/v2\/pages\/10913\/revisions"}],"up":[{"embeddable":true,"href":"https:\/\/www.ufsm.br\/pro-reitorias\/prpgp\/wp-json\/wp\/v2\/pages\/10869"}],"wp:attachment":[{"href":"https:\/\/www.ufsm.br\/pro-reitorias\/prpgp\/wp-json\/wp\/v2\/media?parent=10913"}],"wp:term":[{"taxonomy":"category","embeddable":true,"href":"https:\/\/www.ufsm.br\/pro-reitorias\/prpgp\/wp-json\/wp\/v2\/categories?post=10913"},{"taxonomy":"post_tag","embeddable":true,"href":"https:\/\/www.ufsm.br\/pro-reitorias\/prpgp\/wp-json\/wp\/v2\/tags?post=10913"}],"curies":[{"name":"wp","href":"https:\/\/api.w.org\/{rel}","templated":true}]}}