{"id":10962,"date":"2021-06-21T12:13:34","date_gmt":"2021-06-21T15:13:34","guid":{"rendered":"https:\/\/www.ufsm.br\/pro-reitorias\/prpgp\/?page_id=10962"},"modified":"2021-08-10T20:25:14","modified_gmt":"2021-08-10T23:25:14","slug":"links-uteis","status":"publish","type":"page","link":"https:\/\/www.ufsm.br\/pro-reitorias\/prpgp\/bolsas\/links-uteis","title":{"rendered":"Links \u00fateis"},"content":{"rendered":"\t\t<div data-elementor-type=\"wp-page\" data-elementor-id=\"10962\" class=\"elementor elementor-10962\">\n\t\t\t\t\t\t<section class=\"elementor-section elementor-top-section elementor-element elementor-element-bb86191 elementor-section-boxed elementor-section-height-default elementor-section-height-default\" data-id=\"bb86191\" data-element_type=\"section\">\n\t\t\t\t\t\t<div class=\"elementor-container elementor-column-gap-default\">\n\t\t\t\t\t<div class=\"elementor-column elementor-col-100 elementor-top-column elementor-element elementor-element-e54b132\" data-id=\"e54b132\" data-element_type=\"column\">\n\t\t\t<div class=\"elementor-widget-wrap elementor-element-populated\">\n\t\t\t\t\t\t<div class=\"elementor-element elementor-element-8b7ee40 elementor-widget elementor-widget-text-editor\" data-id=\"8b7ee40\" data-element_type=\"widget\" data-widget_type=\"text-editor.default\">\n\t\t\t\t<div class=\"elementor-widget-container\">\n\t\t\t\t\t\t\t<ul><li>Aplicativo Bolsista CAPES:<ul><li><span style=\"text-decoration: underline\"><a href=\"https:\/\/play.google.com\/store\/apps\/details?id=br.gov.capes.bolsista\" target=\"_blank\" rel=\"noopener\">Android<\/a><\/span><\/li><li><span style=\"text-decoration: underline\"><a href=\"https:\/\/apps.apple.com\/br\/app\/bolsistas-capes\/id1505617581\" target=\"_blank\" rel=\"noopener\">IOs<\/a><\/span><\/li><\/ul><\/li><li><span style=\"text-decoration: underline\"><a href=\"https:\/\/sso.capes.gov.br\/sso\/oauth?response_type=code&amp;client_id=informerendimentos.capes.gov.br&amp;redirect_uri=http:\/\/informerendimentos.capes.gov.br\/login\" target=\"_blank\" rel=\"noopener\">Informe de rendimentos para Imposto de Renda<\/a><\/span><\/li><li><span style=\"text-decoration: underline\"><a href=\"https:\/\/www.gov.br\/capes\/pt-br\/acesso-a-informacao\/sdi\" target=\"_blank\" rel=\"noopener\">Sistema de Dissemina\u00e7\u00e3o de Informa\u00e7\u00f5es CAPES<\/a><\/span><\/li><li><span style=\"text-decoration: underline\"><a href=\"http:\/\/memoria2.cnpq.br\/bolsistas-vigentes\" target=\"_blank\" rel=\"noopener\">Bolsista vigentes CNPq<\/a><\/span><\/li><li><span style=\"text-decoration: underline\"><a href=\"http:\/\/transparencia.capes.gov.br\/transparencia\/xhtml\/index.faces\" target=\"_blank\" rel=\"noopener\">Portal da Transpar\u00eancia CAPES<\/a><\/span><\/li><\/ul>\t\t\t\t\t\t<\/div>\n\t\t\t\t<\/div>\n\t\t\t\t\t<\/div>\n\t\t<\/div>\n\t\t\t\t\t<\/div>\n\t\t<\/section>\n\t\t\t\t<\/div>\n\t\t","protected":false},"excerpt":{"rendered":"<p>Aplicativo Bolsista CAPES: Android IOs Informe de rendimentos para Imposto de Renda Sistema de Dissemina\u00e7\u00e3o de Informa\u00e7\u00f5es CAPES Bolsista vigentes CNPq Portal da Transpar\u00eancia CAPES<\/p>\n","protected":false},"author":301,"featured_media":0,"parent":10869,"menu_order":8,"comment_status":"closed","ping_status":"closed","template":"","meta":{"footnotes":""},"categories":[],"tags":[],"class_list":["post-10962","page","type-page","status-publish","hentry"],"acf":[],"_links":{"self":[{"href":"https:\/\/www.ufsm.br\/pro-reitorias\/prpgp\/wp-json\/wp\/v2\/pages\/10962","targetHints":{"allow":["GET"]}}],"collection":[{"href":"https:\/\/www.ufsm.br\/pro-reitorias\/prpgp\/wp-json\/wp\/v2\/pages"}],"about":[{"href":"https:\/\/www.ufsm.br\/pro-reitorias\/prpgp\/wp-json\/wp\/v2\/types\/page"}],"author":[{"embeddable":true,"href":"https:\/\/www.ufsm.br\/pro-reitorias\/prpgp\/wp-json\/wp\/v2\/users\/301"}],"replies":[{"embeddable":true,"href":"https:\/\/www.ufsm.br\/pro-reitorias\/prpgp\/wp-json\/wp\/v2\/comments?post=10962"}],"version-history":[{"count":0,"href":"https:\/\/www.ufsm.br\/pro-reitorias\/prpgp\/wp-json\/wp\/v2\/pages\/10962\/revisions"}],"up":[{"embeddable":true,"href":"https:\/\/www.ufsm.br\/pro-reitorias\/prpgp\/wp-json\/wp\/v2\/pages\/10869"}],"wp:attachment":[{"href":"https:\/\/www.ufsm.br\/pro-reitorias\/prpgp\/wp-json\/wp\/v2\/media?parent=10962"}],"wp:term":[{"taxonomy":"category","embeddable":true,"href":"https:\/\/www.ufsm.br\/pro-reitorias\/prpgp\/wp-json\/wp\/v2\/categories?post=10962"},{"taxonomy":"post_tag","embeddable":true,"href":"https:\/\/www.ufsm.br\/pro-reitorias\/prpgp\/wp-json\/wp\/v2\/tags?post=10962"}],"curies":[{"name":"wp","href":"https:\/\/api.w.org\/{rel}","templated":true}]}}