{"id":11614,"date":"2022-01-27T10:58:23","date_gmt":"2022-01-27T13:58:23","guid":{"rendered":"https:\/\/www.ufsm.br\/pro-reitorias\/prpgp\/?page_id=11614"},"modified":"2022-07-21T11:06:18","modified_gmt":"2022-07-21T14:06:18","slug":"bioteriocentral","status":"publish","type":"page","link":"https:\/\/www.ufsm.br\/pro-reitorias\/prpgp\/coordenadoria-de-pesquisa-cp\/bioteriocentral","title":{"rendered":"Biot\u00e9rio Central"},"content":{"rendered":"\t\t<div data-elementor-type=\"wp-page\" data-elementor-id=\"11614\" class=\"elementor elementor-11614\">\n\t\t\t\t\t\t<section class=\"elementor-section elementor-top-section elementor-element elementor-element-7edaf3e8 elementor-section-boxed elementor-section-height-default elementor-section-height-default\" data-id=\"7edaf3e8\" data-element_type=\"section\">\n\t\t\t\t\t\t<div class=\"elementor-container elementor-column-gap-default\">\n\t\t\t\t\t<div class=\"elementor-column elementor-col-100 elementor-top-column elementor-element elementor-element-22cfa6dc\" data-id=\"22cfa6dc\" data-element_type=\"column\">\n\t\t\t<div class=\"elementor-widget-wrap elementor-element-populated\">\n\t\t\t\t\t\t<div class=\"elementor-element elementor-element-28d2657c elementor-widget elementor-widget-text-editor\" data-id=\"28d2657c\" data-element_type=\"widget\" data-widget_type=\"text-editor.default\">\n\t\t\t\t<div class=\"elementor-widget-container\">\n\t\t\t\t\t\t\t<!-- wp:tadv\/classic-paragraph -->\n<p>O Biot\u00e9rio Central da Universidade Federal de Santa Maria tem como principal finalidade a centraliza\u00e7\u00e3o da produ\u00e7\u00e3o, manuten\u00e7\u00e3o e experimenta\u00e7\u00e3o com modelos murinos para pesquisadores da \u00e1rea biom\u00e9dica da UFSM, bem como, para outras Institui\u00e7\u00f5es de ensino e pesquisa. Sua estrutura f\u00edsica est\u00e1 vinculada \u00e0 Pr\u00f3-Reitoria de P\u00f3s-Gradua\u00e7\u00e3o, atuando como um \u00f3rg\u00e3o auxiliar.<\/p>\n<!-- \/wp:tadv\/classic-paragraph -->\t\t\t\t\t\t<\/div>\n\t\t\t\t<\/div>\n\t\t\t\t\t<\/div>\n\t\t<\/div>\n\t\t\t\t\t<\/div>\n\t\t<\/section>\n\t\t\t\t<section class=\"elementor-section elementor-top-section elementor-element elementor-element-3cc94e2 elementor-section-boxed elementor-section-height-default elementor-section-height-default\" data-id=\"3cc94e2\" data-element_type=\"section\">\n\t\t\t\t\t\t<div class=\"elementor-container elementor-column-gap-default\">\n\t\t\t\t\t<div class=\"elementor-column elementor-col-100 elementor-top-column elementor-element elementor-element-e0cad1d\" data-id=\"e0cad1d\" data-element_type=\"column\">\n\t\t\t<div class=\"elementor-widget-wrap elementor-element-populated\">\n\t\t\t\t\t\t<div class=\"elementor-element elementor-element-6cba732 elementor-widget elementor-widget-heading\" data-id=\"6cba732\" data-element_type=\"widget\" data-widget_type=\"heading.default\">\n\t\t\t\t<div class=\"elementor-widget-container\">\n\t\t\t<h5 class=\"elementor-heading-title elementor-size-default\">Como solicitar animais<\/h5>\t\t<\/div>\n\t\t\t\t<\/div>\n\t\t\t\t<section class=\"elementor-section elementor-inner-section elementor-element elementor-element-a3dca9c elementor-section-boxed elementor-section-height-default elementor-section-height-default\" data-id=\"a3dca9c\" data-element_type=\"section\">\n\t\t\t\t\t\t<div class=\"elementor-container elementor-column-gap-default\">\n\t\t\t\t\t<div class=\"elementor-column elementor-col-100 elementor-inner-column elementor-element elementor-element-acd05ae\" data-id=\"acd05ae\" data-element_type=\"column\">\n\t\t\t<div class=\"elementor-widget-wrap elementor-element-populated\">\n\t\t\t\t\t\t<div class=\"elementor-element elementor-element-00ac0ac elementor-widget elementor-widget-text-editor\" data-id=\"00ac0ac\" data-element_type=\"widget\" data-widget_type=\"text-editor.default\">\n\t\t\t\t<div class=\"elementor-widget-container\">\n\t\t\t\t\t\t\t<p>Para fazer a solicita\u00e7\u00e3o de animais, o pesquisador dever\u00e1 acessar a p\u00e1gina do Biot\u00e9rio Central <a href=\"http:\/\/bioterioonline.ufsm.br\/\">http:\/\/bioterioonline.ufsm.br<\/a>, clicar em LOGIN PESQUISADOR e digitar o mesmo CPF e a mesma senha do Sistema CEUA\/UFSM (do projeto que deseja solicitar os animais). O pesquisador visualizar\u00e1 uma tela com todos os seus projetos aprovados e em andamento (com \u201cstatus\u201d ativo), devendo \u201cSOLICITAR\u201d (fazer o pedido) apenas do projeto que deseja receber os animais.<\/p>\n<p>Ap\u00f3s, dever\u00e1 preencher no campo \u201cN desejado\u201d o n\u00famero de animais que deseja receber e no campo \u201cAgendar para\u201d a data desejada. A data ser\u00e1 avaliada conforme a possibilidade de fornecimento dos animais, levando em considera\u00e7\u00e3o o tempo h\u00e1bil para \u00a0produ\u00e7\u00e3o (tempo de acasalamento, gesta\u00e7\u00e3o e crescimento) e a quantidade de pedidos j\u00e1 existentes. Est\u00e1 dispon\u00edvel no sistema, SIB, uma tabela com o tempo m\u00ednimo de anteced\u00eancia que os pedidos devem ser realizados, para todas as esp\u00e9cies e linhagens de roedores produzidos no Biot\u00e9rio Central da UFSM, a fim de auxiliar os pesquisadores na programa\u00e7\u00e3o dos seus pedidos.<\/p>\n<p>Para pesquisadores externos \u00e0 UFSM, o pedido de animais dever\u00e1 ser encaminhado para o e-mail\u00a0<a href=\"https:\/\/www.ufsm.br\/pro-reitorias\/prpgp\/coordenadoria-de-pesquisa-cp\/bioteriocentral\/bioterio@ufsm.br\">bioterio@ufsm.br<\/a>\u00a0acompanhado da carta de aprova\u00e7\u00e3o da CEUA de sua institui\u00e7\u00e3o. O fornecimento dos animais tamb\u00e9m seguir\u00e1 os mesmos prazos estipulados anteriormente. D\u00favidas tamb\u00e9m poder\u00e3o ser esclarecidas pelos telefones\u00a0(55) 3220-7966\u00a0ou\u00a03220-7965.<\/p>\t\t\t\t\t\t<\/div>\n\t\t\t\t<\/div>\n\t\t\t\t\t<\/div>\n\t\t<\/div>\n\t\t\t\t\t<\/div>\n\t\t<\/section>\n\t\t\t\t\t<\/div>\n\t\t<\/div>\n\t\t\t\t\t<\/div>\n\t\t<\/section>\n\t\t\t\t<\/div>\n\t\t","protected":false},"excerpt":{"rendered":"<p>O Biot\u00e9rio Central da Universidade Federal de Santa Maria tem como principal finalidade a centraliza\u00e7\u00e3o da produ\u00e7\u00e3o, manuten\u00e7\u00e3o e experimenta\u00e7\u00e3o com modelos murinos para pesquisadores da \u00e1rea biom\u00e9dica da UFSM, bem como, para outras Institui\u00e7\u00f5es de ensino e pesquisa. Sua estrutura f\u00edsica est\u00e1 vinculada \u00e0 Pr\u00f3-Reitoria de P\u00f3s-Gradua\u00e7\u00e3o, atuando como um \u00f3rg\u00e3o auxiliar. Como solicitar [&hellip;]<\/p>\n","protected":false},"author":301,"featured_media":0,"parent":7008,"menu_order":1,"comment_status":"closed","ping_status":"closed","template":"","meta":{"footnotes":""},"categories":[],"tags":[460,459,208],"class_list":["post-11614","page","type-page","status-publish","hentry","tag-bioterio","tag-pesquisa","tag-pos-graduacao"],"acf":[],"_links":{"self":[{"href":"https:\/\/www.ufsm.br\/pro-reitorias\/prpgp\/wp-json\/wp\/v2\/pages\/11614","targetHints":{"allow":["GET"]}}],"collection":[{"href":"https:\/\/www.ufsm.br\/pro-reitorias\/prpgp\/wp-json\/wp\/v2\/pages"}],"about":[{"href":"https:\/\/www.ufsm.br\/pro-reitorias\/prpgp\/wp-json\/wp\/v2\/types\/page"}],"author":[{"embeddable":true,"href":"https:\/\/www.ufsm.br\/pro-reitorias\/prpgp\/wp-json\/wp\/v2\/users\/301"}],"replies":[{"embeddable":true,"href":"https:\/\/www.ufsm.br\/pro-reitorias\/prpgp\/wp-json\/wp\/v2\/comments?post=11614"}],"version-history":[{"count":0,"href":"https:\/\/www.ufsm.br\/pro-reitorias\/prpgp\/wp-json\/wp\/v2\/pages\/11614\/revisions"}],"up":[{"embeddable":true,"href":"https:\/\/www.ufsm.br\/pro-reitorias\/prpgp\/wp-json\/wp\/v2\/pages\/7008"}],"wp:attachment":[{"href":"https:\/\/www.ufsm.br\/pro-reitorias\/prpgp\/wp-json\/wp\/v2\/media?parent=11614"}],"wp:term":[{"taxonomy":"category","embeddable":true,"href":"https:\/\/www.ufsm.br\/pro-reitorias\/prpgp\/wp-json\/wp\/v2\/categories?post=11614"},{"taxonomy":"post_tag","embeddable":true,"href":"https:\/\/www.ufsm.br\/pro-reitorias\/prpgp\/wp-json\/wp\/v2\/tags?post=11614"}],"curies":[{"name":"wp","href":"https:\/\/api.w.org\/{rel}","templated":true}]}}