{"id":12291,"date":"2022-07-21T11:44:50","date_gmt":"2022-07-21T14:44:50","guid":{"rendered":"https:\/\/www.ufsm.br\/pro-reitorias\/prpgp\/?page_id=12291"},"modified":"2023-12-21T12:01:21","modified_gmt":"2023-12-21T15:01:21","slug":"programas-de-bolsas","status":"publish","type":"page","link":"https:\/\/www.ufsm.br\/pro-reitorias\/prpgp\/programas-de-bolsas","title":{"rendered":"Programas de Bolsas"},"content":{"rendered":"<p><a>Fundo de Incentivo \u00e0 Pesquisa (FIPE)<\/a><\/p>\n<p>Programa de concess\u00e3o de bolsas de inicia\u00e7\u00e3o cient\u00edfica e aux\u00edlio \u00e0 pesquisa aos docentes e servidores da UFSM.<\/p>\n<p>O <strong>Fundo de Incentivo \u00e0 Pesquisa (FIPE)<\/strong> foi criado pela Resolu\u00e7\u00e3o n. 022\/1983 e aprovado na <strong>340\u00aa Sess\u00e3o do Egr\u00e9gio Conselho Universit\u00e1rio da UFSM<\/strong>. O FIPE tem por finalidade dar apoio financeiro aos Programas e Projetos Priorit\u00e1rios de Pesquisa na UFSM.<\/p>\n<p>Os recursos destinados a este programa s\u00e3o provenientes do or\u00e7amento da Institui\u00e7\u00e3o e s\u00e3o executados na forma de aux\u00edlio financeiro (capital, custeio ou bolsas). Estes recursos, ap\u00f3s o processo de sele\u00e7\u00e3o e concess\u00e3o, s\u00e3o distribu\u00eddos entre as unidades administrativas, as quais s\u00e3o respons\u00e1veis pela execu\u00e7\u00e3o, tanto dos recursos de custeio como pela folha de pagamento de bolsistas. O processo de sele\u00e7\u00e3o e a concess\u00e3o tamb\u00e9m est\u00e3o sob a responsabilidade dos Centros de Ensino.<\/p>\n<p>O FIPE possui tr\u00eas modalidades para solicita\u00e7\u00e3o, FIPE ARD (Enxoval), FIPE J\u00fanior e FIPE S\u00eanior. A propor\u00e7\u00e3o dos recursos destinados \u00e0s tr\u00eas modalidades \u00e9 de responsabilidade de cada Centro de Ensino.<\/p>\n<p>Na modalidade <strong>FIPE ARD (Enxoval)<\/strong> podem encaminhar solicita\u00e7\u00f5es os servidores que obtiveram titula\u00e7\u00e3o de doutor em at\u00e9 cinco anos anteriores ao lan\u00e7amento do edital. \u00c9 permitida a solicita\u00e7\u00e3o de recursos de capital, custeio ou bolsas de inicia\u00e7\u00e3o cient\u00edfica, com os limites financeiros definidos em edital.<\/p>\n<p>Na modalidade <strong>FIPE J\u00fanior<\/strong> podem encaminhar solicita\u00e7\u00f5es os docentes que obtiveram titula\u00e7\u00e3o de doutor em at\u00e9 cinco anos anteriores ao lan\u00e7amento do edital. \u00c9 permitida a solicita\u00e7\u00e3o de recursos de custeio e bolsa de inicia\u00e7\u00e3o cient\u00edfica, mas n\u00e3o ambos.<\/p>\n<p>Na modalidade <strong>FIPE S\u00eanior<\/strong> podem encaminhar solicita\u00e7\u00f5es os docentes que obtiveram titula\u00e7\u00e3o de doutor a mais de cinco anos ao lan\u00e7amento do edital. \u00c9 permitida a solicita\u00e7\u00e3o de recursos de custeio e bolsa de inicia\u00e7\u00e3o cient\u00edfica, mas n\u00e3o ambos.<\/p>\n<p>O solicitante deve possuir projeto registrado no SIE com data de encerramento a partir da data de relat\u00f3rio final do edital.<\/p>\n<p>\t\t\t\t\t\t\t\t\t\t\t\t<a>Programa Institucional de Bolsas de Inicia\u00e7\u00e3o Cient\u00edfica (PIBIC)<\/a><\/p>\n<p>Programa de concess\u00e3o de bolsas de inicia\u00e7\u00e3o cient\u00edfica vinculado ao CNPq, voltado para o desenvolvimento do pensamento cient\u00edfico e inicia\u00e7\u00e3o \u00e0 pesquisa de estudantes de gradua\u00e7\u00e3o do ensino superior.<\/p>\n<p>O <strong>Programa Institucional de Bolsas de Inicia\u00e7\u00e3o Cient\u00edfica (PIBIC)<\/strong>, regulamentado pela RN 017\/2006-CNPq, \u00e9 um programa de distribui\u00e7\u00e3o de bolsas do Conselho Nacional de Pesquisa \u2013 CNPq que adota o sistema de cotas institucionais e tem como um de seus objetivos despertar a voca\u00e7\u00e3o cient\u00edfica e incentivar novos talentos potenciais entre estudantes de gradua\u00e7\u00e3o. Este programa apresenta cotas distribu\u00eddas pelo <strong>PIBIC<\/strong> e pelo <strong>PIBIC<\/strong> <strong>\u2013 A\u00e7\u00f5es Afirmativas<\/strong>, o qual destina bolsas de <strong>Inicia\u00e7\u00e3o Cient\u00edfica (IC)<\/strong> para alunos que ingressaram na universidade atrav\u00e9s do sistema de cotas.<\/p>\n<p>O edital interno \u00e9 publicado anualmente e regula a solicita\u00e7\u00e3o, avalia\u00e7\u00e3o e concess\u00e3o das bolsas PIBIC. Os sistemas de solicita\u00e7\u00e3o, avalia\u00e7\u00e3o, solicita\u00e7\u00e3o de recursos e indica\u00e7\u00e3o e substitui\u00e7\u00e3o de bolsistas \u00e9 realizado na web, atrav\u00e9s do aplicativo Portal do Professor.<\/p>\n<p>O solicitante deve possuir titula\u00e7\u00e3o de doutor, ter v\u00ednculo institucional ativo de doc\u00eancia na gradua\u00e7\u00e3o ou p\u00f3s-gradua\u00e7\u00e3o, ou estar amparado pela resolu\u00e7\u00e3o 012\/2004, que compreenda o per\u00edodo integral da concess\u00e3o da cota de bolsa e possuir projeto registrado no SIE com data de encerramento a partir de agosto do ano subsequente ao lan\u00e7amento do edital.<\/p>\n<p><strong>\u00a0A UFSM distribui as cotas entre os Centros de Ensino, de acordo com crit\u00e9rios pr\u00e9-estabelecidos pelo Comit\u00ea Institucional:<\/strong><\/p>\n<ul>\n<li>N\u00famero de Doutores do Centro de Ensino ligados a Programas de P\u00f3s-Gradua\u00e7\u00e3o: 40%;<\/li>\n<li>N\u00famero de Docentes do Centro de Ensino Pesquisadores do CNPq: 40%;<\/li>\n<li>N\u00famero de Cursos de P\u00f3s-Gradua\u00e7\u00e3o Stricto Sensu do Centro de Ensino: 10%;<\/li>\n<li>Conceito m\u00e9dio dos Cursos de P\u00f3s-Gradua\u00e7\u00e3o Stricto Sensu do Centro de Ensino: 10%.<\/li>\n<\/ul>\n<p>\t\t\t\t\t\t\t\t\t\t\t\t<a>Programa Institucional de Bolsas de Inicia\u00e7\u00e3o Cient\u00edfica \u2013 Ensino M\u00e9dio (PIBIC-EM)<\/a><\/p>\n<p>Programa de concess\u00e3o de bolsas de inicia\u00e7\u00e3o cient\u00edfica vinculado ao CNPq, com objetivo de despertar a voca\u00e7\u00e3o cient\u00edfica e incentivar talentos potenciais entre estudantes do ensino m\u00e9dio e profissional.<\/p>\n<p>O <strong>Programa Institucional de Bolsas de Inicia\u00e7\u00e3o Cient\u00edfica \u2013 Ensino M\u00e9dio \u2013 (PIBIC-EM)<\/strong>, regulamentado tamb\u00e9m pela RN 017\/2006-CNPq,\u00a0 \u00e9 um programa de distribui\u00e7\u00e3o de bolsas do <strong>Conselho Nacional de Pesquisa (CNPq)<\/strong> que adota o sistema de cotas institucionais destinadas a fortalecer o processo de dissemina\u00e7\u00e3o das informa\u00e7\u00f5es e conhecimentos cient\u00edficos e tecnol\u00f3gicos b\u00e1sicos, bem como desenvolver as atitudes, habilidades e valores necess\u00e1rios \u00e0 educa\u00e7\u00e3o cient\u00edfica e tecnol\u00f3gica dos estudantes do ensino m\u00e9dio.<\/p>\n<p>O PIBIC-EM possui foco na cria\u00e7\u00e3o de uma cultura cient\u00edfica, j\u00e1 que os estudantes participar\u00e3o de atividades de educa\u00e7\u00e3o cient\u00edfica e\/ou tecnol\u00f3gica, orientadas por pesquisador qualificado. A UFSM distribui as cotas de acordo com a demanda e entre as escolas parceiras no programa.<\/p>\n<p>O edital interno \u00e9 publicado anualmente e regula a solicita\u00e7\u00e3o, avalia\u00e7\u00e3o e concess\u00e3o das bolsas PIBIC\/EM. Os sistemas de solicita\u00e7\u00e3o, avalia\u00e7\u00e3o, solicita\u00e7\u00e3o de recursos e indica\u00e7\u00e3o e substitui\u00e7\u00e3o de bolsistas \u00e9 realizado na web, atrav\u00e9s do aplicativo Portal do Professor.<\/p>\n<p>O solicitante deve possuir titula\u00e7\u00e3o de mestre ou doutor, ter v\u00ednculo institucional ativo de doc\u00eancia na gradua\u00e7\u00e3o ou p\u00f3s-gradua\u00e7\u00e3o, ou estar amparado pela resolu\u00e7\u00e3o 012\/2004, que compreenda o per\u00edodo integral da concess\u00e3o da cota de bolsa e possuir projeto registrado no SIE com data de encerramento dentro do per\u00edodo definido em edital.<\/p>\n<p><strong>Escolas atualmente vinculadas ao programa institucional:<\/strong><\/p>\n<ul>\n<li>Escola Estadual de Educa\u00e7\u00e3o B\u00e1sica Professora Margarida Lopes (Santa Maria);<\/li>\n<li>Escola Estadual de Ensino M\u00e9dio Professora Maria Rocha (Santa Maria);<\/li>\n<li>Escola Estadual T\u00e9cnica Celeste Gobbato (Palmeira das Miss\u00f5es);<\/li>\n<li>Col\u00e9gio Agr\u00edcola de Frederico Westphalen (Frederico Westphalen);<\/li>\n<li>Col\u00e9gio Estadual Professora Edna May Cardoso (Santa Maria);<\/li>\n<li>Col\u00e9gio Polit\u00e9cnico da Universidade Federal de Santa Maria (Santa Maria);<\/li>\n<li>Col\u00e9gio T\u00e9cnico Industrial de Santa Maria (Santa Maria).<\/li>\n<\/ul>\n<p>\t\t\t\t\t\t\t\t\t\t\t\t<a>Programa Institucional de Bolsas de Inicia\u00e7\u00e3o em Desenvolvimento Tecnol\u00f3gico e Inova\u00e7\u00e3o (PIBITI)<\/a><\/p>\n<p>Programa de concess\u00e3o de bolsas de inicia\u00e7\u00e3o em desenvolvimento tecnol\u00f3gico e inova\u00e7\u00e3o que visa estimular estudantes do ensino t\u00e9cnico e superior ao desenvolvimento e transfer\u00eancia de novas tecnologias e inova\u00e7\u00e3o.<\/p>\n<p>O <strong>Programa Institucional de Bolsas de Inicia\u00e7\u00e3o em Inova\u00e7\u00e3o Tecnol\u00f3gica e Inova\u00e7\u00e3o PIBITI<\/strong>, regulamentado pela RN 017\/2006 \u2013 CNPq, \u00e9 um programa de distribui\u00e7\u00e3o de bolsas do <strong>Conselho Nacional de Pesquisa (CNPq)<\/strong> e tem por objetivo estimular os jovens do ensino superior nas atividades, metodologias, conhecimentos e pr\u00e1ticas pr\u00f3prias ao desenvolvimento tecnol\u00f3gico e processos de inova\u00e7\u00e3o. O processo de avalia\u00e7\u00e3o contempla os solicitantes com maior pontua\u00e7\u00e3o, independente de seu Centro de Ensino de origem.<\/p>\n<p>O edital interno \u00e9 publicado anualmente e regula a solicita\u00e7\u00e3o, avalia\u00e7\u00e3o e concess\u00e3o das bolsas PIBITI. Os sistemas de solicita\u00e7\u00e3o, avalia\u00e7\u00e3o, solicita\u00e7\u00e3o de recursos e indica\u00e7\u00e3o e substitui\u00e7\u00e3o de bolsistas \u00e9 realizado na web, atrav\u00e9s do aplicativo Portal do Professor.<\/p>\n<p>O solicitante deve possuir titula\u00e7\u00e3o de doutor, ter v\u00ednculo institucional ativo de doc\u00eancia na gradua\u00e7\u00e3o ou p\u00f3s-gradua\u00e7\u00e3o, ou estar amparado pela resolu\u00e7\u00e3o n. 012\/2004, que compreenda o per\u00edodo integral da concess\u00e3o da cota de bolsa e possuir projeto registrado no SIE com data de encerramento a partir de agosto do ano subsequente ao lan\u00e7amento do edital.<\/p>\n<p>\t\t\t\t\t\t\t\t\t\t\t\t<a>Programa Institucional de Bolsas de Inicia\u00e7\u00e3o Cient\u00edfica (PROBIC)<\/a><\/p>\n<p>Programa de concess\u00e3o de bolsas de inicia\u00e7\u00e3o cient\u00edfica vinculado a FAPERGS, voltado para o desenvolvimento do pensamento cient\u00edfico e inicia\u00e7\u00e3o \u00e0 pesquisa de estudantes de gradua\u00e7\u00e3o do ensino superior do RS.<\/p>\n<p>O <strong>Programa Institucional de Bolsas de Inicia\u00e7\u00e3o Cient\u00edfica (PROBIC)<\/strong> \u00e9 um programa da <strong>Funda\u00e7\u00e3o de Amparo \u00e0 Pesquisa do Estado do Rio Grande do Sul (FAPERGS)<\/strong>, e \u00e9 destinado para estudantes de gradua\u00e7\u00e3o, visando promover o envolvimento destes no processo de investiga\u00e7\u00e3o cient\u00edfica, atrav\u00e9s do aprendizado de t\u00e9cnicas e m\u00e9todos de pesquisa. Isto resulta no desenvolvimento do pensamento cient\u00edfico e da criatividade decorrente das condi\u00e7\u00f5es criadas pelo confronto direto com os problemas da pesquisa. Desta forma, as institui\u00e7\u00f5es estar\u00e3o otimizando a forma\u00e7\u00e3o de profissionais altamente qualificados. O Programa ainda estimula a integra\u00e7\u00e3o entre <strong>Institui\u00e7\u00f5es de Ensino Superior e de Pesquisa do Estado do Rio Grande do Sul<\/strong> e a troca de experi\u00eancias entre elas.<\/p>\n<p>O edital interno \u00e9 publicado anualmente e regula a solicita\u00e7\u00e3o, avalia\u00e7\u00e3o e concess\u00e3o das bolsas PROBIC. Os sistemas de solicita\u00e7\u00e3o, avalia\u00e7\u00e3o, solicita\u00e7\u00e3o de recursos e indica\u00e7\u00e3o e substitui\u00e7\u00e3o de bolsistas \u00e9 realizado na web, atrav\u00e9s do aplicativo Portal do Professor.<\/p>\n<p>O solicitante deve possuir titula\u00e7\u00e3o de doutor, ter v\u00ednculo institucional ativo de doc\u00eancia na gradua\u00e7\u00e3o ou p\u00f3s-gradua\u00e7\u00e3o, ou estar amparado pela resolu\u00e7\u00e3o n. 012\/2004, que compreenda o per\u00edodo integral da concess\u00e3o da cota de bolsa e possuir projeto registrado no SIE com data de encerramento a partir de agosto do ano subsequente ao lan\u00e7amento do edital.<\/p>\n<p><strong>A UFSM distribui as cotas entre os Centros de Ensino, de acordo com crit\u00e9rios pr\u00e9-estabelecidos pelo Comit\u00ea Institucional:<\/strong><\/p>\n<ul>\n<li>N\u00famero de Doutores do Centro de Ensino ligados \u00e0 Programas de P\u00f3s-Gradua\u00e7\u00e3o: 40%;<\/li>\n<li>N\u00famero de Docentes do Centro de Ensino Pesquisadores do CNPq: 40%;<\/li>\n<li>N\u00famero de Cursos de P\u00f3s-Gradua\u00e7\u00e3o Stricto Sensu do Centro de Ensino: 10%;<\/li>\n<li>Conceito m\u00e9dio dos Cursos de P\u00f3s-Gradua\u00e7\u00e3o Stricto Sensu do Centro de Ensino: 10%.<\/li>\n<\/ul>\n","protected":false},"excerpt":{"rendered":"<p>Fundo de Incentivo \u00e0 Pesquisa (FIPE) Programa de concess\u00e3o de bolsas de inicia\u00e7\u00e3o cient\u00edfica e aux\u00edlio \u00e0 pesquisa aos docentes e servidores da UFSM. O Fundo de Incentivo \u00e0 Pesquisa (FIPE) foi criado pela Resolu\u00e7\u00e3o n. 022\/1983 e aprovado na 340\u00aa Sess\u00e3o do Egr\u00e9gio Conselho Universit\u00e1rio da UFSM. O FIPE tem por finalidade dar apoio [&hellip;]<\/p>\n","protected":false},"author":5463,"featured_media":0,"parent":0,"menu_order":0,"comment_status":"closed","ping_status":"closed","template":"","meta":{"footnotes":""},"categories":[],"tags":[],"class_list":["post-12291","page","type-page","status-publish","hentry"],"acf":[],"_links":{"self":[{"href":"https:\/\/www.ufsm.br\/pro-reitorias\/prpgp\/wp-json\/wp\/v2\/pages\/12291","targetHints":{"allow":["GET"]}}],"collection":[{"href":"https:\/\/www.ufsm.br\/pro-reitorias\/prpgp\/wp-json\/wp\/v2\/pages"}],"about":[{"href":"https:\/\/www.ufsm.br\/pro-reitorias\/prpgp\/wp-json\/wp\/v2\/types\/page"}],"author":[{"embeddable":true,"href":"https:\/\/www.ufsm.br\/pro-reitorias\/prpgp\/wp-json\/wp\/v2\/users\/5463"}],"replies":[{"embeddable":true,"href":"https:\/\/www.ufsm.br\/pro-reitorias\/prpgp\/wp-json\/wp\/v2\/comments?post=12291"}],"version-history":[{"count":0,"href":"https:\/\/www.ufsm.br\/pro-reitorias\/prpgp\/wp-json\/wp\/v2\/pages\/12291\/revisions"}],"wp:attachment":[{"href":"https:\/\/www.ufsm.br\/pro-reitorias\/prpgp\/wp-json\/wp\/v2\/media?parent=12291"}],"wp:term":[{"taxonomy":"category","embeddable":true,"href":"https:\/\/www.ufsm.br\/pro-reitorias\/prpgp\/wp-json\/wp\/v2\/categories?post=12291"},{"taxonomy":"post_tag","embeddable":true,"href":"https:\/\/www.ufsm.br\/pro-reitorias\/prpgp\/wp-json\/wp\/v2\/tags?post=12291"}],"curies":[{"name":"wp","href":"https:\/\/api.w.org\/{rel}","templated":true}]}}