{"id":12381,"date":"2022-08-10T14:40:57","date_gmt":"2022-08-10T17:40:57","guid":{"rendered":"https:\/\/www.ufsm.br\/pro-reitorias\/prpgp\/?page_id=12381"},"modified":"2024-11-01T11:43:56","modified_gmt":"2024-11-01T14:43:56","slug":"assistencia-estudantil-para-estudantes-de-pos-graduacao","status":"publish","type":"page","link":"https:\/\/www.ufsm.br\/pro-reitorias\/prpgp\/assistencia-estudantil-para-estudantes-de-pos-graduacao","title":{"rendered":"Assist\u00eancia estudantil para estudantes de P\u00f3s-gradua\u00e7\u00e3o"},"content":{"rendered":"\n<p>Os Programas de assist\u00eancia estudantil incluem moradia, alimenta\u00e7\u00e3o e aux\u00edlio transporte. Para ter acesso aos Programas de assist\u00eancia estudantil, voc\u00ea deve inicialmente solicitar <strong>Benef\u00edcio Socioecon\u00f4mico <\/strong>junto \u00e0 <a href=\"https:\/\/www.ufsm.br\/pro-reitorias\/prae\/\">Pr\u00f3-Reitoria de Assist\u00eancia Estudantil (PRAE)<\/a>, que \u00e9 o \u00f3rg\u00e3o respons\u00e1vel por coordenar os programas de assist\u00eancia estudantil da UFSM.<\/p>\n<p><strong>\u00a0<\/strong><\/p>\n<p><strong>Quem pode solicitar Benef\u00edcio Socioecon\u00f4mico (BSE) e como solicitar?<\/strong><\/p>\n<p>O BSE \u00e9 um direito do aluno da UFSM <strong>regularmente matriculado<\/strong> em cursos de p\u00f3s-gradua\u00e7\u00e3o <strong>presenciais<\/strong>, que se encontra em situa\u00e7\u00e3o de vulnerabilidade social. O Edital P\u00fablico \u00e9 aberto no in\u00edcio do semestre letivo. Voc\u00ea pode acompanhar junto a PRAE o lan\u00e7amento do <a href=\"https:\/\/www.ufsm.br\/pro-reitorias\/prae\/busca\/?q=&amp;sites%5B%5D=347&amp;area=editais&amp;orderby=modified&amp;order=DESC\">Edital<\/a> e os <a href=\"https:\/\/www.ufsm.br\/pro-reitorias\/prae\/setor-de-beneficio-socioeconomico-sbse\/\">requisitos necess\u00e1rios para aprova\u00e7\u00e3o do BSE<\/a>.<\/p>\n<p>\u00a0<\/p>\n<p><strong>Moradia estudantil <\/strong><\/p>\n<p>A <a href=\"https:\/\/www.ufsm.br\/pro-reitorias\/prae\/ceu\/2019\/11\/09\/assistencia-estudantil\/\">Casa do Estudante Universit\u00e1rio III<\/a> (CEU III) localizada no Campus Camobi (Santa Maria) destina-se aos alunos da p\u00f3s-gradua\u00e7\u00e3o que possuem BSE deferido pela PRAE e n\u00e3o possuem grupo familiar residente ou com im\u00f3vel residencial em Santa Maria.\u00a0<\/p>\n<p><br \/>Informamos que para ter acesso \u00e0 Moradia Estudantil da P\u00f3s-gradua\u00e7\u00e3o da UFSM \u00e9 necess\u00e1rio se inscrever em dois Editais:<br \/>1\u00ba &#8211; Edital do Benef\u00edcio Socioecon\u00f4mico (BSE): O Edital do BSE visa possibilitar condi\u00e7\u00f5es de ingresso e perman\u00eancia de estudantes em situa\u00e7\u00e3o de vulnerabilidade social na Institui\u00e7\u00e3o.<\/p>\n<p>O estudante precisa realizar a inscri\u00e7\u00e3o junto ao edital do Benef\u00edcio Socioecon\u00f4mico, que acontece a cada in\u00edcio de semestre pelo link: <a href=\"https:\/\/portal.ufsm.br\/prae\/bse\/aluno\/solicitacao\/index.html\">https:\/\/portal.ufsm.br\/prae\/bse\/aluno\/solicitacao\/index.html<\/a><br \/>Ao ter seu benef\u00edcio analisado e deferido (BSE), o estudante poder\u00e1 acessar o segundo edital referente a moradia estudantil da p\u00f3s-gradua\u00e7\u00e3o.<br \/>2\u00ba &#8211; Edital para ingresso na Moradia estudantil da P\u00f3s-gradua\u00e7\u00e3o: acesse o formul\u00e1rio <a href=\"https:\/\/portal.ufsm.br\/questionario\/\">https:\/\/portal.ufsm.br\/questionario\/<\/a>, insira sua matr\u00edcula e senha do Portal Estudantil.<br \/>O edital de Moradia da p\u00f3s-gradua\u00e7\u00e3o \u00e9 lan\u00e7ado semestral, se houver disponibilidade de vagas. Salientamos que n\u00e3o h\u00e1 vagas ociosas na moradia estudantil da p\u00f3sgradua\u00e7\u00e3o, a quantidade de candidatos \u00e0s vagas \u00e9 sempre maior que o n\u00famero de vagas dispon\u00edveis no edital. Portanto, n\u00e3o h\u00e1 garantia de o estudante acessar a moradia estudantil da UFSM.<br \/>Os editais podem ser acessados na p\u00e1gina da Pr\u00f3-Reitoria de Assuntos Estudantis, na aba \u201cEditais\u201d (<a href=\"https:\/\/www.ufsm.br\/pro-reitorias\/prae\">https:\/\/www.ufsm.br\/pro-reitorias\/prae<\/a>). Siga tamb\u00e9m o Instagram da PRAE (<a href=\"https:\/\/www.instagram.com\/praeufsm\/\">https:\/\/www.instagram.com\/praeufsm\/<\/a>) para mais informa\u00e7\u00f5es.<\/p>\n<p>\u00a0<\/p>\n<p><strong>Restaurante Universit\u00e1rio<\/strong><\/p>\n<p>A UFSM conta com <a href=\"https:\/\/www.ufsm.br\/orgaos-suplementares\/ru\/\">Restaurantes Universit\u00e1rios<\/a> nos campi de Camobi (Santa Maria), Frederico Westphalen, Palmeira das Miss\u00f5es e Cachoeira do Sul. S\u00e3o servidos caf\u00e9 da manh\u00e3, almo\u00e7o e janta. Todos os estudantes com matr\u00edcula ativa na UFSM, podem acessar o restaurante.<\/p>\n<p>VALOR DA REFEI\u00c7\u00c3O:<br \/>\uf0b7 Para estudantes com Beneficio Socioecon\u00f4mico, a refei\u00e7\u00e3o \u00e9 gratuita (caf\u00e9, almo\u00e7o e janta).<br \/>\uf0b7 Para estudantes sem Benef\u00edcio Socioecon\u00f4mico, mas com matr\u00edcula regular na institui\u00e7\u00e3o o valor da refei\u00e7\u00e3o \u00e9 R$ 2,50 (dois reais e cinquenta centavos) almo\u00e7o e jantar e R$ 1,00 (um real) caf\u00e9 da manh\u00e3.<br \/>Maiores informa\u00e7\u00f5es: <a href=\"https:\/\/www.ufsm.br\/orgaos-suplementares\/ru\">https:\/\/www.ufsm.br\/orgaos-suplementares\/ru<\/a><\/p>\n<p>\u00a0<\/p>\n<p><strong>Aux\u00edlio-transporte<\/strong><\/p>\n<p><strong>\u00a0<\/strong>O <a href=\"https:\/\/www.ufsm.br\/pro-reitorias\/prae\/ceu\/2019\/11\/09\/assistencia-estudantil\/\">aux\u00edlio transporte<\/a> consiste no custeio parcial do transporte urbano intramunicipal para estudantes regularmente matriculado em cursos de p\u00f3s-gradua\u00e7\u00e3o presenciais da UFSM. Para ter acesso ao aux\u00edlio \u00e9 necess\u00e1rio possuir BSE aprovado pela PRAE e comprovar a necessidade de deslocamento at\u00e9 a sede do curso e\/ ou onde s\u00e3o desenvolvidas as atividades curriculares por meio do uso do transporte urbano. O aux\u00edlio \u00e9 concedido atrav\u00e9s de <a href=\"https:\/\/www.ufsm.br\/pro-reitorias\/prae\/busca\/?q=&amp;sites%5B%5D=347&amp;area=editais&amp;orderby=modified&amp;order=DESC\">Edital<\/a> publicado pela PRAE.<\/p>\n<p>\u00a0<\/p>\n<p>\u00a0<\/p>\n<p>\u00a0<\/p>\n<p>\u00a0<\/p>\n","protected":false},"excerpt":{"rendered":"<p>Os Programas de assist\u00eancia estudantil incluem moradia, alimenta\u00e7\u00e3o e aux\u00edlio transporte. Para ter acesso aos Programas de assist\u00eancia estudantil, voc\u00ea deve inicialmente solicitar Benef\u00edcio Socioecon\u00f4mico junto \u00e0 Pr\u00f3-Reitoria de Assist\u00eancia Estudantil (PRAE), que \u00e9 o \u00f3rg\u00e3o respons\u00e1vel por coordenar os programas de assist\u00eancia estudantil da UFSM. \u00a0 Quem pode solicitar Benef\u00edcio Socioecon\u00f4mico (BSE) e como [&hellip;]<\/p>\n","protected":false},"author":99,"featured_media":0,"parent":0,"menu_order":0,"comment_status":"closed","ping_status":"closed","template":"","meta":{"footnotes":""},"categories":[],"tags":[],"class_list":["post-12381","page","type-page","status-publish","hentry"],"acf":[],"_links":{"self":[{"href":"https:\/\/www.ufsm.br\/pro-reitorias\/prpgp\/wp-json\/wp\/v2\/pages\/12381","targetHints":{"allow":["GET"]}}],"collection":[{"href":"https:\/\/www.ufsm.br\/pro-reitorias\/prpgp\/wp-json\/wp\/v2\/pages"}],"about":[{"href":"https:\/\/www.ufsm.br\/pro-reitorias\/prpgp\/wp-json\/wp\/v2\/types\/page"}],"author":[{"embeddable":true,"href":"https:\/\/www.ufsm.br\/pro-reitorias\/prpgp\/wp-json\/wp\/v2\/users\/99"}],"replies":[{"embeddable":true,"href":"https:\/\/www.ufsm.br\/pro-reitorias\/prpgp\/wp-json\/wp\/v2\/comments?post=12381"}],"version-history":[{"count":0,"href":"https:\/\/www.ufsm.br\/pro-reitorias\/prpgp\/wp-json\/wp\/v2\/pages\/12381\/revisions"}],"wp:attachment":[{"href":"https:\/\/www.ufsm.br\/pro-reitorias\/prpgp\/wp-json\/wp\/v2\/media?parent=12381"}],"wp:term":[{"taxonomy":"category","embeddable":true,"href":"https:\/\/www.ufsm.br\/pro-reitorias\/prpgp\/wp-json\/wp\/v2\/categories?post=12381"},{"taxonomy":"post_tag","embeddable":true,"href":"https:\/\/www.ufsm.br\/pro-reitorias\/prpgp\/wp-json\/wp\/v2\/tags?post=12381"}],"curies":[{"name":"wp","href":"https:\/\/api.w.org\/{rel}","templated":true}]}}