{"id":13025,"date":"2022-12-13T10:30:11","date_gmt":"2022-12-13T13:30:11","guid":{"rendered":"https:\/\/www.ufsm.br\/pro-reitorias\/prpgp\/?page_id=13025"},"modified":"2026-01-09T08:24:11","modified_gmt":"2026-01-09T11:24:11","slug":"coordenadoria-de-acoes-e-programas-estrategicos","status":"publish","type":"page","link":"https:\/\/www.ufsm.br\/pro-reitorias\/prpgp\/coordenadoria-de-acoes-e-programas-estrategicos","title":{"rendered":"Coordenadoria de A\u00e7\u00f5es e Programas Estrat\u00e9gicos"},"content":{"rendered":"\t\t<div data-elementor-type=\"wp-page\" data-elementor-id=\"13025\" class=\"elementor elementor-13025\">\n\t\t\t\t\t\t<section class=\"elementor-section elementor-top-section elementor-element elementor-element-c4213ab elementor-section-boxed elementor-section-height-default elementor-section-height-default\" data-id=\"c4213ab\" data-element_type=\"section\">\n\t\t\t\t\t\t<div class=\"elementor-container elementor-column-gap-default\">\n\t\t\t\t\t<div class=\"elementor-column elementor-col-100 elementor-top-column elementor-element elementor-element-ed0df99\" data-id=\"ed0df99\" data-element_type=\"column\">\n\t\t\t<div class=\"elementor-widget-wrap elementor-element-populated\">\n\t\t\t\t\t\t<div class=\"elementor-element elementor-element-3e9f451 elementor-widget elementor-widget-text-editor\" data-id=\"3e9f451\" data-element_type=\"widget\" data-widget_type=\"text-editor.default\">\n\t\t\t\t<div class=\"elementor-widget-container\">\n\t\t\t\t\t\t\t<p dir=\"ltr\" style=\"line-height: 1.2;text-align: justify;background-color: #ffffff;margin-top: 0pt;margin-bottom: 0pt;padding: 0pt 0pt 12pt 0pt\"><span style=\"font-size: 12pt;font-family: Arial;color: #000000;background-color: transparent;font-weight: 400;font-style: normal;font-variant: normal;text-decoration: none;vertical-align: baseline\">A <\/span><span style=\"font-size: 12pt;font-family: Arial;color: #000000;background-color: transparent;font-style: normal;font-variant: normal;text-decoration: none;vertical-align: baseline\"><b>Coordenadoria de A\u00e7\u00f5es e Programas Estrat\u00e9gicos (CAPR\/PRPGP)<\/b><\/span><span style=\"font-size: 12pt;font-family: Arial;color: #000000;background-color: transparent;font-weight: 400;font-style: normal;font-variant: normal;text-decoration: none;vertical-align: baseline\"> tem como compet\u00eancias:<\/span><\/p><p dir=\"ltr\" style=\"line-height: 1.2;text-align: justify;background-color: #ffffff;margin-top: 0pt;margin-bottom: 0pt;padding: 0pt 0pt 12pt 0pt\"><span style=\"font-size: 12pt;font-family: Arial;color: #000000;background-color: transparent;font-weight: 400;font-style: normal;font-variant: normal;text-decoration: none;vertical-align: baseline\">I \u2013 organizar e gerenciar propostas institucionais para consolida\u00e7\u00e3o e implanta\u00e7\u00e3o de infraestruturas de pesquisa;<\/span><\/p><p dir=\"ltr\" style=\"line-height: 1.2;text-align: justify;background-color: #ffffff;margin-top: 0pt;margin-bottom: 0pt;padding: 0pt 0pt 12pt 0pt\"><span style=\"font-size: 12pt;font-family: Arial;color: #000000;background-color: transparent;font-weight: 400;font-style: normal;font-variant: normal;text-decoration: none;vertical-align: baseline\">II \u2013 prospectar oportunidades de financiamento \u00e0 pesquisa oriundas dos setores p\u00fablico e privado, entre outras, e articular e assessorar os pesquisadores na elabora\u00e7\u00e3o de projetos competitivos; e,<\/span><\/p><p dir=\"ltr\" style=\"line-height: 1.2;text-align: justify;background-color: #ffffff;margin-top: 0pt;margin-bottom: 0pt;padding: 0pt 0pt 12pt 0pt\"><span style=\"background-color: transparent;color: #000000;font-family: Arial;font-size: 12pt\">III \u2013 acompanhar aspectos relacionados \u00e0 internacionaliza\u00e7\u00e3o da p\u00f3s-gradua\u00e7\u00e3o (cotutela, dupla-titula\u00e7\u00e3o, reconhecimento de diploma, entre outros) trabalhando de forma coordenada com a Secretaria de Apoio Internacional ou outra que venha a substitu\u00ed-la.<\/span><\/p><p dir=\"ltr\" style=\"line-height: 1.2;text-align: justify;background-color: #ffffff;margin-top: 0pt;margin-bottom: 0pt;padding: 0pt 0pt 12pt 0pt\"><span style=\"background-color: transparent;color: #000000;font-family: Arial;font-size: 12pt\">\u00a0<\/span><\/p><p dir=\"ltr\" style=\"line-height: 1.2;text-align: justify;background-color: #ffffff;margin-top: 0pt;margin-bottom: 0pt;padding: 0pt 0pt 12pt 0pt\"><span style=\"font-family: Arial;font-size: 16px;text-align: left;background-color: transparent;vertical-align: baseline\">O <b>N\u00facleo de Gest\u00e3o de Programas Estrat\u00e9gicos (NGPP\/PRPGP)<\/b> atua na gest\u00e3o e prospec\u00e7\u00e3o de propostas institucionais concernentes a investimentos em infraestruturas multiusu\u00e1rias. As ag\u00eancias de fomento (como FINEP, CAPES) lan\u00e7am editais para financiar projetos de pesquisa para aquisi\u00e7\u00e3o de equipamentos de pequeno, m\u00e9dio e grande porte, execu\u00e7\u00e3o de obras, contrata\u00e7\u00e3o de servi\u00e7os de Terceiros PJ e aquisi\u00e7\u00e3o de material de consumo para manuten\u00e7\u00e3o de equipamentos multiusu\u00e1rios. Ap\u00f3s a ag\u00eancia de fomento ter realizado o lan\u00e7amento do Edital, a <\/span><span style=\"font-family: Arial;font-size: 16px;text-align: left;background-color: transparent;font-weight: bold;vertical-align: baseline\">PRPGP \/ NGPP<\/span><span style=\"font-family: Arial;font-size: 16px;text-align: left;background-color: transparent;vertical-align: baseline\"> lan\u00e7a um Edital Interno para receber propostas de subprojetos a fim de compor a proposta institucional a ser submetida \u00e0 ag\u00eancia financiadora. Para o processo de avalia\u00e7\u00e3o, pesquisadores representativos de diversas \u00e1reas, com trajet\u00f3ria reconhecida na gest\u00e3o de projetos de pesquisa de grande porte e de infraestruturas multiusu\u00e1rias, s\u00e3o convidados para constituir Grupo de Trabalho com o objetivo de avaliar, selecionar e qualificar os subprojetos e a proposta institucional.<\/span><span style=\"background-color: transparent;color: #000000;font-family: Arial;font-size: 12pt\"><br \/><\/span><\/p>\t\t\t\t\t\t<\/div>\n\t\t\t\t<\/div>\n\t\t\t\t\t<\/div>\n\t\t<\/div>\n\t\t\t\t\t<\/div>\n\t\t<\/section>\n\t\t\t\t<section class=\"elementor-section elementor-top-section elementor-element elementor-element-9f1ee2f elementor-section-boxed elementor-section-height-default elementor-section-height-default\" data-id=\"9f1ee2f\" data-element_type=\"section\">\n\t\t\t\t\t\t<div class=\"elementor-container elementor-column-gap-default\">\n\t\t\t\t\t<div class=\"elementor-column elementor-col-50 elementor-top-column elementor-element elementor-element-fceedd1\" data-id=\"fceedd1\" data-element_type=\"column\">\n\t\t\t<div class=\"elementor-widget-wrap elementor-element-populated\">\n\t\t\t\t\t\t<div class=\"elementor-element elementor-element-c08a2da elementor-widget elementor-widget-heading\" data-id=\"c08a2da\" data-element_type=\"widget\" data-widget_type=\"heading.default\">\n\t\t\t\t<div class=\"elementor-widget-container\">\n\t\t\t<h5 class=\"elementor-heading-title elementor-size-default\">Equipe<\/h5>\t\t<\/div>\n\t\t\t\t<\/div>\n\t\t\t\t<section class=\"elementor-section elementor-inner-section elementor-element elementor-element-41c77af elementor-section-boxed elementor-section-height-default elementor-section-height-default\" data-id=\"41c77af\" data-element_type=\"section\">\n\t\t\t\t\t\t<div class=\"elementor-container elementor-column-gap-default\">\n\t\t\t\t\t<div class=\"elementor-column elementor-col-100 elementor-inner-column elementor-element elementor-element-625cddc\" data-id=\"625cddc\" data-element_type=\"column\">\n\t\t\t<div class=\"elementor-widget-wrap elementor-element-populated\">\n\t\t\t\t\t\t<div class=\"elementor-element elementor-element-ba82093 elementor-widget elementor-widget-text-editor\" data-id=\"ba82093\" data-element_type=\"widget\" data-widget_type=\"text-editor.default\">\n\t\t\t\t<div class=\"elementor-widget-container\">\n\t\t\t\t\t\t\t<p dir=\"ltr\" style=\"line-height: 1.2;text-align: justify;background-color: #ffffff;margin-top: 0pt;margin-bottom: 0pt;padding: 0pt 0pt 12pt 0pt\"><span style=\"font-size: 12pt;font-family: Arial;color: #000000;background-color: transparent;font-style: normal;font-variant: normal;text-decoration: none;vertical-align: baseline\"><b>Coordenador de A\u00e7\u00f5es e Programas Estrat\u00e9gicos<br><\/b><\/span><span style=\"font-size: 12pt;font-family: Arial;color: #000000;background-color: transparent;font-weight: 400;font-style: normal;font-variant: normal;text-decoration: none;vertical-align: baseline\">Prof.&nbsp;<\/span><span style=\"font-size: 16px;text-align: start\">Leandro Souza da Silva<\/span><\/p><p dir=\"ltr\" style=\"line-height: 1.2;text-align: justify;background-color: #ffffff;margin-top: 0pt;margin-bottom: 0pt;padding: 0pt 0pt 12pt 0pt\"><span style=\"font-size: 12pt;font-family: Arial;color: #000000;background-color: transparent;font-weight: 400;font-style: normal;font-variant: normal;text-decoration: none;vertical-align: baseline\">Bruna Kist Brusius<\/span><\/p>\n<ul style=\"margin-top: 0;margin-bottom: 0\">\n<li dir=\"ltr\" style=\"list-style-type: disc;font-size: 12pt;font-family: Arial;color: #000000;background-color: transparent;font-style: normal;font-variant: normal;text-decoration: none;vertical-align: baseline\">\n<p dir=\"ltr\" style=\"line-height: 1.2;background-color: #ffffff;margin-top: 0pt;margin-bottom: 12pt\" role=\"presentation\"><span style=\"font-size: 12pt;font-family: Arial;color: #000000;background-color: transparent;font-style: normal;font-variant: normal;text-decoration: none;vertical-align: baseline\"><b>N\u00facleo de Gest\u00e3o e Programas Estrat\u00e9gicos<\/b><\/span><span style=\"font-size: 12pt;font-family: Arial;color: #000000;background-color: transparent;font-style: normal;font-variant: normal;text-decoration: none;vertical-align: baseline\"><b><br><\/b><\/span><span style=\"background-color: transparent;font-size: 12pt\">Adriane Pilar Xhabiaras<\/span><\/p>\n<\/li>\n<\/ul>\t\t\t\t\t\t<\/div>\n\t\t\t\t<\/div>\n\t\t\t\t\t<\/div>\n\t\t<\/div>\n\t\t\t\t\t<\/div>\n\t\t<\/section>\n\t\t\t\t\t<\/div>\n\t\t<\/div>\n\t\t\t\t<div class=\"elementor-column elementor-col-50 elementor-top-column elementor-element elementor-element-ecd2f94\" data-id=\"ecd2f94\" data-element_type=\"column\">\n\t\t\t<div class=\"elementor-widget-wrap elementor-element-populated\">\n\t\t\t\t\t\t<div class=\"elementor-element elementor-element-fdbf8a3 elementor-widget elementor-widget-heading\" data-id=\"fdbf8a3\" data-element_type=\"widget\" data-widget_type=\"heading.default\">\n\t\t\t\t<div class=\"elementor-widget-container\">\n\t\t\t<h5 class=\"elementor-heading-title elementor-size-default\">Contato<\/h5>\t\t<\/div>\n\t\t\t\t<\/div>\n\t\t\t\t<div class=\"elementor-element elementor-element-05e1460 elementor-widget elementor-widget-text-editor\" data-id=\"05e1460\" data-element_type=\"widget\" data-widget_type=\"text-editor.default\">\n\t\t\t\t<div class=\"elementor-widget-container\">\n\t\t\t\t\t\t\t<p dir=\"ltr\" style=\"line-height: 1.2;text-align: justify;background-color: #ffffff;padding: 0pt 0pt 12pt 0pt;margin: 0pt 5pt 0pt 5pt\"><span style=\"font-family: arial, helvetica, sans-serif\"><span style=\"font-size: 12pt;color: #000000;background-color: #ffffff;font-style: normal;font-variant: normal;text-decoration: none;vertical-align: baseline\"><b>Email<\/b><\/span><span style=\"font-size: 12pt;color: #000000;background-color: #ffffff;font-weight: 400;font-style: normal;font-variant: normal;text-decoration: none;vertical-align: baseline\">: <\/span><a href=\"mailto:npe.prpe@ufsm.br\"><span style=\"font-size: 12pt;color: #1155cc;background-color: #ffffff;font-weight: 400;font-style: normal;font-variant: normal;text-decoration: underline;vertical-align: baseline\">npe.prpe@ufsm.b<\/span>r<\/a><\/span><\/p><p dir=\"ltr\" style=\"line-height: 1.2;text-align: justify;background-color: #ffffff;padding: 0pt 0pt 12pt 0pt;margin: 0pt 5pt 0pt 5pt\"><span style=\"font-family: arial, helvetica, sans-serif\"><strong>Email<\/strong>: <a href=\"mailto:nint.prpgp@ufsm.br\">nint.prpgp@ufsm.br<\/a><\/span><\/p><p dir=\"ltr\" style=\"line-height: 1.2;background-color: #ffffff;padding: 0pt 0pt 12pt 0pt;margin: 0pt 5pt 0pt 5pt\"><span style=\"color: #000000;font-family: Arial;font-size: 12pt;text-align: justify;vertical-align: baseline\"><b>Telefones<\/b><\/span><span style=\"color: #000000;font-family: Arial;font-size: 12pt;text-align: justify;vertical-align: baseline\">: <\/span><span style=\"color: #000000;font-family: Arial;font-size: 12pt;text-align: var(--bs-body-text-align)\">3220 9656\u00a0 |\u00a0 32220 8645<br \/><\/span><\/p>\t\t\t\t\t\t<\/div>\n\t\t\t\t<\/div>\n\t\t\t\t\t<\/div>\n\t\t<\/div>\n\t\t\t\t\t<\/div>\n\t\t<\/section>\n\t\t\t\t<\/div>\n\t\t","protected":false},"excerpt":{"rendered":"<p>A Coordenadoria de A\u00e7\u00f5es e Programas Estrat\u00e9gicos (CAPR\/PRPGP) tem como compet\u00eancias: I \u2013 organizar e gerenciar propostas institucionais para consolida\u00e7\u00e3o e implanta\u00e7\u00e3o de infraestruturas de pesquisa; II \u2013 prospectar oportunidades de financiamento \u00e0 pesquisa oriundas dos setores p\u00fablico e privado, entre outras, e articular e assessorar os pesquisadores na elabora\u00e7\u00e3o de projetos competitivos; e, III [&hellip;]<\/p>\n","protected":false},"author":743,"featured_media":0,"parent":0,"menu_order":0,"comment_status":"closed","ping_status":"closed","template":"","meta":{"footnotes":""},"categories":[],"tags":[],"class_list":["post-13025","page","type-page","status-publish","hentry"],"acf":[],"_links":{"self":[{"href":"https:\/\/www.ufsm.br\/pro-reitorias\/prpgp\/wp-json\/wp\/v2\/pages\/13025","targetHints":{"allow":["GET"]}}],"collection":[{"href":"https:\/\/www.ufsm.br\/pro-reitorias\/prpgp\/wp-json\/wp\/v2\/pages"}],"about":[{"href":"https:\/\/www.ufsm.br\/pro-reitorias\/prpgp\/wp-json\/wp\/v2\/types\/page"}],"author":[{"embeddable":true,"href":"https:\/\/www.ufsm.br\/pro-reitorias\/prpgp\/wp-json\/wp\/v2\/users\/743"}],"replies":[{"embeddable":true,"href":"https:\/\/www.ufsm.br\/pro-reitorias\/prpgp\/wp-json\/wp\/v2\/comments?post=13025"}],"version-history":[{"count":0,"href":"https:\/\/www.ufsm.br\/pro-reitorias\/prpgp\/wp-json\/wp\/v2\/pages\/13025\/revisions"}],"wp:attachment":[{"href":"https:\/\/www.ufsm.br\/pro-reitorias\/prpgp\/wp-json\/wp\/v2\/media?parent=13025"}],"wp:term":[{"taxonomy":"category","embeddable":true,"href":"https:\/\/www.ufsm.br\/pro-reitorias\/prpgp\/wp-json\/wp\/v2\/categories?post=13025"},{"taxonomy":"post_tag","embeddable":true,"href":"https:\/\/www.ufsm.br\/pro-reitorias\/prpgp\/wp-json\/wp\/v2\/tags?post=13025"}],"curies":[{"name":"wp","href":"https:\/\/api.w.org\/{rel}","templated":true}]}}