{"id":13763,"date":"2023-05-19T13:36:58","date_gmt":"2023-05-19T16:36:58","guid":{"rendered":"https:\/\/www.ufsm.br\/pro-reitorias\/prpgp\/?page_id=13763"},"modified":"2023-05-22T09:44:38","modified_gmt":"2023-05-22T12:44:38","slug":"fundo-de-incentivo-a-pesquisa","status":"publish","type":"page","link":"https:\/\/www.ufsm.br\/pro-reitorias\/prpgp\/fundo-de-incentivo-a-pesquisa","title":{"rendered":"Fundo de Incentivo \u00e0 Pesquisa"},"content":{"rendered":"\t\t<div data-elementor-type=\"wp-page\" data-elementor-id=\"13763\" class=\"elementor elementor-13763\">\n\t\t\t\t\t\t<section class=\"elementor-section elementor-top-section elementor-element elementor-element-2d9c0bb0 elementor-section-boxed elementor-section-height-default elementor-section-height-default\" data-id=\"2d9c0bb0\" data-element_type=\"section\">\n\t\t\t\t\t\t<div class=\"elementor-container elementor-column-gap-default\">\n\t\t\t\t\t<div class=\"elementor-column elementor-col-100 elementor-top-column elementor-element elementor-element-2e3528ff\" data-id=\"2e3528ff\" data-element_type=\"column\">\n\t\t\t<div class=\"elementor-widget-wrap elementor-element-populated\">\n\t\t\t\t\t\t<div class=\"elementor-element elementor-element-631a685b elementor-widget elementor-widget-text-editor\" data-id=\"631a685b\" data-element_type=\"widget\" data-widget_type=\"text-editor.default\">\n\t\t\t\t<div class=\"elementor-widget-container\">\n\t\t\t\t\t\t\t<p><!-- wp:tadv\/classic-paragraph --><\/p>\n<p><a href=\"https:\/\/www.ufsm.br\/unidades-universitarias\/ccne\/busca?q=&amp;sites%5B%5D=369&amp;area=editais&amp;orderby=modified&amp;order=DESC\">Centro de Ci\u00eancias Naturais e Exatas &#8211; CCNE<\/a><\/p>\n<p>Centro de Ci\u00eancias Rurais &#8211; CCR<\/p>\n<p><a href=\"https:\/\/www.ufsm.br\/pro-reitorias\/proplan\/gap\/editais-de-selecao-de-bolsistas-fipe-ccs-2023\" target=\"_blank\" rel=\"noopener\">Centro de Ci\u00eancias da Sa\u00fade &#8211; CCS<\/a><\/p>\n<p>Centro de Educa\u00e7\u00e3o &#8211; CE<\/p>\n<p><a href=\"https:\/\/www.ufsm.br\/unidades-universitarias\/ccsh\/2023\/04\/17\/oportunidade-de-bolsas-editais-fipe-ccsh-2023\" target=\"_blank\">Centro de Ci\u00eancias Sociais e Humanas &#8211; CCSH<\/a><br><\/p>\n<p><a href=\"http:\/\/Editais de sele\u00e7\u00e3o de alunos bolsistas \u2013 CT \u2013 Gabinetes de Projetos (ufsm.br)\" target=\"_blank\" rel=\"noopener\">Centro de Tecnologia &#8211; CT<\/a><\/p>\n<p><a href=\"https:\/\/www.ufsm.br\/unidades-universitarias\/cefd\/2023\/04\/14\/editais-fipe-2023\" target=\"_blank\">Centro de Educa\u00e7\u00e3o F\u00edsica e Desportos &#8211; CEFD<\/a><br><\/p>\n<p><a href=\"https:\/\/www.ufsm.br\/unidades-universitarias\/cal\/vagas-para-bolsas\">Centro de Artes e Letras &#8211; CAL<\/a><\/p>\n<p>Campus de Cachoeira do Sul &#8211; CS<\/p>\n<p><a href=\"https:\/\/www.ufsm.br\/unidades-universitarias\/palmeira-das-missoes\/editais\" target=\"_blank\" rel=\"noopener\">Campus de Palmeira das Miss\u00f5es &#8211; PM<\/a><\/p>\n<p><a href=\"https:\/\/www.ufsm.br\/unidades-universitarias\/frederico-westphalen\/editais\/\" target=\"_blank\">Campus de Frederico Westphalen &#8211; FW<\/a><br><\/p>\n<p><a href=\"https:\/\/www.ufsm.br\/unidades-universitarias\/politecnico\/category\/oportunidades\" target=\"_blank\">Col\u00e9gio Polit\u00e9cnico de Santa Maria &#8211; POLIT\u00c9CNICO<\/a><br><\/p>\n<p><a href=\"https:\/\/www.ufsm.br\/unidades-universitarias\/ctism\/busca?q=&amp;sites%5B%5D=360&amp;area=editais&amp;orderby=modified&amp;order=DESC\" target=\"_blank\" rel=\"noopener\">Col\u00e9gio T\u00e9cnico Industrial de Santa Maria &#8211; CTISM<\/a><\/p>\n<p><!-- \/wp:tadv\/classic-paragraph --><\/p>\t\t\t\t\t\t<\/div>\n\t\t\t\t<\/div>\n\t\t\t\t\t<\/div>\n\t\t<\/div>\n\t\t\t\t\t<\/div>\n\t\t<\/section>\n\t\t\t\t<\/div>\n\t\t","protected":false},"excerpt":{"rendered":"<p>Centro de Ci\u00eancias Naturais e Exatas &#8211; CCNE Centro de Ci\u00eancias Rurais &#8211; CCR Centro de Ci\u00eancias da Sa\u00fade &#8211; CCS Centro de Educa\u00e7\u00e3o &#8211; CE Centro de Ci\u00eancias Sociais e Humanas &#8211; CCSH Centro de Tecnologia &#8211; CT Centro de Educa\u00e7\u00e3o F\u00edsica e Desportos &#8211; CEFD Centro de Artes e Letras &#8211; CAL Campus [&hellip;]<\/p>\n","protected":false},"author":743,"featured_media":0,"parent":0,"menu_order":0,"comment_status":"closed","ping_status":"closed","template":"","meta":{"footnotes":""},"categories":[],"tags":[],"class_list":["post-13763","page","type-page","status-publish","hentry"],"acf":[],"_links":{"self":[{"href":"https:\/\/www.ufsm.br\/pro-reitorias\/prpgp\/wp-json\/wp\/v2\/pages\/13763","targetHints":{"allow":["GET"]}}],"collection":[{"href":"https:\/\/www.ufsm.br\/pro-reitorias\/prpgp\/wp-json\/wp\/v2\/pages"}],"about":[{"href":"https:\/\/www.ufsm.br\/pro-reitorias\/prpgp\/wp-json\/wp\/v2\/types\/page"}],"author":[{"embeddable":true,"href":"https:\/\/www.ufsm.br\/pro-reitorias\/prpgp\/wp-json\/wp\/v2\/users\/743"}],"replies":[{"embeddable":true,"href":"https:\/\/www.ufsm.br\/pro-reitorias\/prpgp\/wp-json\/wp\/v2\/comments?post=13763"}],"version-history":[{"count":0,"href":"https:\/\/www.ufsm.br\/pro-reitorias\/prpgp\/wp-json\/wp\/v2\/pages\/13763\/revisions"}],"wp:attachment":[{"href":"https:\/\/www.ufsm.br\/pro-reitorias\/prpgp\/wp-json\/wp\/v2\/media?parent=13763"}],"wp:term":[{"taxonomy":"category","embeddable":true,"href":"https:\/\/www.ufsm.br\/pro-reitorias\/prpgp\/wp-json\/wp\/v2\/categories?post=13763"},{"taxonomy":"post_tag","embeddable":true,"href":"https:\/\/www.ufsm.br\/pro-reitorias\/prpgp\/wp-json\/wp\/v2\/tags?post=13763"}],"curies":[{"name":"wp","href":"https:\/\/api.w.org\/{rel}","templated":true}]}}