{"id":13954,"date":"2023-06-30T17:42:50","date_gmt":"2023-06-30T20:42:50","guid":{"rendered":"https:\/\/www.ufsm.br\/pro-reitorias\/prpgp\/?page_id=13954"},"modified":"2023-07-02T21:59:07","modified_gmt":"2023-07-03T00:59:07","slug":"ciencias-sociais-aplicadas-escolher-sub-area","status":"publish","type":"page","link":"https:\/\/www.ufsm.br\/pro-reitorias\/prpgp\/ciencias-sociais-aplicadas-escolher-sub-area","title":{"rendered":"CI\u00caNCIAS SOCIAIS APLICADAS (Escolher sub-\u00e1rea)"},"content":{"rendered":"\n<p><a href=\"https:\/\/www.ufsm.br\/pro-reitorias\/prpgp\/adminstracao-ciencias-contabeis-e-turismo-escolha-o-edital\">ADMINISTRA\u00c7\u00c3O, CI\u00caNCIAS CONT\u00c1BEIS E TURISMO<\/a><\/p>\n<p><a href=\"https:\/\/www.ufsm.br\/pro-reitorias\/prpgp\/arquitetura-e-urbanismo\">ARQUITETURA E URBANISMO<\/a><\/p>\n<p><a href=\"https:\/\/www.ufsm.br\/pro-reitorias\/prpgp\/comunicacao-e-informacao\">COMUNICA\u00c7\u00c3O E INFORMA\u00c7\u00c3O<\/a><\/p>\n<p><a href=\"https:\/\/www.ufsm.br\/pro-reitorias\/prpgp\/economia-escolha-um-edital\">ECONOMIA<\/a><\/p>\n","protected":false},"excerpt":{"rendered":"<p>ADMINISTRA\u00c7\u00c3O, CI\u00caNCIAS CONT\u00c1BEIS E TURISMO ARQUITETURA E URBANISMO COMUNICA\u00c7\u00c3O E INFORMA\u00c7\u00c3O ECONOMIA<\/p>\n","protected":false},"author":743,"featured_media":0,"parent":0,"menu_order":0,"comment_status":"closed","ping_status":"closed","template":"","meta":{"footnotes":""},"categories":[],"tags":[],"class_list":["post-13954","page","type-page","status-publish","hentry"],"acf":[],"_links":{"self":[{"href":"https:\/\/www.ufsm.br\/pro-reitorias\/prpgp\/wp-json\/wp\/v2\/pages\/13954","targetHints":{"allow":["GET"]}}],"collection":[{"href":"https:\/\/www.ufsm.br\/pro-reitorias\/prpgp\/wp-json\/wp\/v2\/pages"}],"about":[{"href":"https:\/\/www.ufsm.br\/pro-reitorias\/prpgp\/wp-json\/wp\/v2\/types\/page"}],"author":[{"embeddable":true,"href":"https:\/\/www.ufsm.br\/pro-reitorias\/prpgp\/wp-json\/wp\/v2\/users\/743"}],"replies":[{"embeddable":true,"href":"https:\/\/www.ufsm.br\/pro-reitorias\/prpgp\/wp-json\/wp\/v2\/comments?post=13954"}],"version-history":[{"count":0,"href":"https:\/\/www.ufsm.br\/pro-reitorias\/prpgp\/wp-json\/wp\/v2\/pages\/13954\/revisions"}],"wp:attachment":[{"href":"https:\/\/www.ufsm.br\/pro-reitorias\/prpgp\/wp-json\/wp\/v2\/media?parent=13954"}],"wp:term":[{"taxonomy":"category","embeddable":true,"href":"https:\/\/www.ufsm.br\/pro-reitorias\/prpgp\/wp-json\/wp\/v2\/categories?post=13954"},{"taxonomy":"post_tag","embeddable":true,"href":"https:\/\/www.ufsm.br\/pro-reitorias\/prpgp\/wp-json\/wp\/v2\/tags?post=13954"}],"curies":[{"name":"wp","href":"https:\/\/api.w.org\/{rel}","templated":true}]}}