{"id":13962,"date":"2023-07-02T19:37:16","date_gmt":"2023-07-02T22:37:16","guid":{"rendered":"https:\/\/www.ufsm.br\/pro-reitorias\/prpgp\/?page_id=13962"},"modified":"2024-02-27T08:28:18","modified_gmt":"2024-02-27T11:28:18","slug":"adminstracao-ciencias-contabeis-e-turismo-escolha-o-edital","status":"publish","type":"page","link":"https:\/\/www.ufsm.br\/pro-reitorias\/prpgp\/adminstracao-ciencias-contabeis-e-turismo-escolha-o-edital","title":{"rendered":"ADMINISTRA\u00c7\u00c3O, CI\u00caNCIAS CONT\u00c1BEIS E TURISMO (Escolha um edital)"},"content":{"rendered":"\n<table style=\"width: 110.401%;height: 710px\" border=\"0\" cellspacing=\"0\"><colgroup width=\"229\"><\/colgroup> <colgroup width=\"42\"><\/colgroup> <colgroup width=\"58\"><\/colgroup> <colgroup width=\"50\"><\/colgroup> <colgroup width=\"44\"><\/colgroup> <colgroup width=\"58\"><\/colgroup> <colgroup width=\"319\"><\/colgroup> <colgroup width=\"85\"><\/colgroup> <colgroup width=\"91\"><\/colgroup>\n<tbody>\n<tr style=\"height: 24px\">\n<td style=\"height: 48px;width: 21.6706%\" rowspan=\"2\" align=\"center\" valign=\"middle\" height=\"43\"><b><span style=\"color: #000000;font-family: SansSerif\">Coordenador<\/span><\/b><\/td>\n<td style=\"height: 24px;width: 12.1355%\" colspan=\"2\" align=\"center\" valign=\"middle\" bgcolor=\"#FFCC00\"><b><span style=\"color: #000000;font-family: SansSerif\">IC UNIFICADO<\/span><\/b><\/td>\n<td style=\"height: 48px;width: 5.12214%\" rowspan=\"2\" align=\"center\" valign=\"middle\" bgcolor=\"#FFFF00\"><b><span style=\"color: #000000;font-family: SansSerif\">PIBIC AF<\/span><\/b><\/td>\n<td style=\"height: 24px;width: 13.2388%\" colspan=\"2\" align=\"center\" valign=\"middle\" bgcolor=\"#FFCC00\"><b><span style=\"color: #000000;font-family: SansSerif\">ITI UNIFICADO<\/span><\/b><\/td>\n<td style=\"height: 48px;width: 30.1024%\" rowspan=\"2\" align=\"center\" valign=\"middle\" bgcolor=\"#FFFF00\"><b><span style=\"color: #000000;font-family: SansSerif\">Nome da Unidade<\/span><\/b><\/td>\n<td style=\"height: 48px;width: 8.90465%\" rowspan=\"2\" align=\"center\" valign=\"middle\" bgcolor=\"#FFFF00\"><b><span style=\"color: #000000;font-family: SansSerif\">Link Edital<\/span><\/b><\/td>\n<td style=\"height: 48px;width: 18.9098%\" rowspan=\"2\" align=\"center\" valign=\"middle\" bgcolor=\"#FFFF00\"><b><span style=\"color: #000000;font-family: SansSerif\">Status<\/span><\/b><\/td>\n<\/tr>\n<tr style=\"height: 24px\">\n<td style=\"height: 24px;width: 5.12214%\" align=\"center\" valign=\"middle\" bgcolor=\"#CCCCFF\"><b><span style=\"color: #000000;font-family: SansSerif\">PIBIC<\/span><\/b><\/td>\n<td style=\"height: 24px;width: 7.0134%\" align=\"center\" valign=\"middle\" bgcolor=\"#CCFFCC\"><b><span style=\"color: #000000;font-family: SansSerif\">PROBIC<\/span><\/b><\/td>\n<td style=\"height: 24px;width: 5.67376%\" align=\"center\" valign=\"middle\" bgcolor=\"#CCCCFF\"><b><span style=\"color: #000000;font-family: SansSerif\">PIBITI<\/span><\/b><\/td>\n<td style=\"height: 24px;width: 7.56501%\" align=\"center\" valign=\"middle\" bgcolor=\"#CCFFCC\"><b><span style=\"color: #000000;font-family: SansSerif\">PROBITI<\/span><\/b><\/td>\n<\/tr>\n<tr style=\"height: 27px\">\n<td style=\"height: 27px;width: 21.6706%\" align=\"left\" height=\"27\"><span style=\"font-family: Calibri\">DEBORA BOBSIN<\/span><\/td>\n<td style=\"height: 27px;width: 5.12214%\" align=\"center\" bgcolor=\"#CCCCFF\"><span style=\"font-family: Calibri\">1<\/span><\/td>\n<td style=\"height: 27px;width: 7.0134%\" align=\"center\"><span style=\"font-family: Calibri\">0<\/span><\/td>\n<td style=\"height: 27px;width: 5.12214%\" align=\"center\"><span style=\"font-family: Calibri\">0<\/span><\/td>\n<td style=\"height: 27px;width: 5.67376%\" align=\"center\"><span style=\"font-family: Calibri\">0<\/span><\/td>\n<td style=\"height: 27px;width: 7.56501%\" align=\"center\"><span style=\"font-family: Calibri\">0<\/span><\/td>\n<td style=\"height: 27px;width: 30.1024%\" align=\"left\"><span style=\"font-family: Calibri\">DEPARTAMENTO DE CI\u00caNCIAS ADMINISTRATIVAS<\/span><\/td>\n<td style=\"height: 27px;width: 8.90465%\" align=\"left\"><a href=\"https:\/\/www.ufsm.br\/app\/uploads\/sites\/345\/2023\/07\/DEBORA-BOBSIN-1.pdf\"><span style=\"font-family: Calibri\">Edital<\/span><\/a><\/td>\n<td style=\"height: 27px;width: 18.9098%\" align=\"left\"><a href=\"https:\/\/www.ufsm.br\/app\/uploads\/sites\/345\/2023\/08\/DEBORA-BOBSIN.pdf\"><span style=\"font-family: Calibri\">Resultado<\/span><\/a><\/td>\n<\/tr>\n<tr style=\"height: 27px\">\n<td style=\"height: 27px;width: 21.6706%\" align=\"left\" height=\"27\"><span style=\"font-family: Calibri\">GILNEI LUIZ DE MOURA<\/span><\/td>\n<td style=\"height: 27px;width: 5.12214%\" align=\"center\" bgcolor=\"#CCCCFF\"><span style=\"font-family: Calibri\">1<\/span><\/td>\n<td style=\"height: 27px;width: 7.0134%\" align=\"center\" bgcolor=\"#CCFFCC\"><span style=\"font-family: Calibri\">1<\/span><\/td>\n<td style=\"height: 27px;width: 5.12214%\" align=\"center\"><span style=\"font-family: Calibri\">0<\/span><\/td>\n<td style=\"height: 27px;width: 5.67376%\" align=\"center\"><span style=\"font-family: Calibri\">0<\/span><\/td>\n<td style=\"height: 27px;width: 7.56501%\" align=\"center\"><span style=\"font-family: Calibri\">0<\/span><\/td>\n<td style=\"height: 27px;width: 30.1024%\" align=\"left\"><span style=\"font-family: Calibri\">DEPARTAMENTO DE CI\u00caNCIAS ADMINISTRATIVAS<\/span><\/td>\n<td style=\"height: 27px;width: 8.90465%\" align=\"left\"><a href=\"https:\/\/www.ufsm.br\/app\/uploads\/sites\/345\/2023\/07\/GILNEI-LUIZ-DE-MOURA.pdf\"><span style=\"font-family: Calibri\">Edital<\/span><\/a><\/td>\n<td style=\"height: 27px;width: 18.9098%\" align=\"left\"><a href=\"https:\/\/www.ufsm.br\/app\/uploads\/sites\/345\/2023\/07\/GILNEI-LUIZ.pdf\"><span style=\"font-family: Calibri\">Resultado<\/span><\/a><\/td>\n<\/tr>\n<tr style=\"height: 27px\">\n<td style=\"height: 44px;width: 21.6706%\" align=\"left\" height=\"27\"><span style=\"font-family: Calibri\">JORDANA MARQUES KNEIPP<\/span><\/td>\n<td style=\"height: 44px;width: 5.12214%\" align=\"center\" bgcolor=\"#CCCCFF\"><span style=\"font-family: Calibri\">1<\/span><\/td>\n<td style=\"height: 44px;width: 7.0134%\" align=\"center\" bgcolor=\"#CCFFCC\"><span style=\"font-family: Calibri\">1<\/span><\/td>\n<td style=\"height: 44px;width: 5.12214%\" align=\"center\"><span style=\"font-family: Calibri\">0<\/span><\/td>\n<td style=\"height: 44px;width: 5.67376%\" align=\"center\"><span style=\"font-family: Calibri\">0<\/span><\/td>\n<td style=\"height: 44px;width: 7.56501%\" align=\"center\"><span style=\"font-family: Calibri\">0<\/span><\/td>\n<td style=\"height: 44px;width: 30.1024%\" align=\"left\"><span style=\"font-family: Calibri\">DEPARTAMENTO DE CI\u00caNCIAS ADMINISTRATIVAS<\/span><\/td>\n<td style=\"height: 44px;width: 8.90465%\" align=\"left\"><a href=\"https:\/\/www.ufsm.br\/app\/uploads\/sites\/345\/2023\/07\/JORDANA-MARQUES-KNEIPP.pdf\"><span style=\"font-family: Calibri\">Edital<\/span><\/a><\/td>\n<td style=\"height: 44px;width: 18.9098%\" align=\"left\"><a href=\"https:\/\/www.ufsm.br\/app\/uploads\/sites\/345\/2023\/07\/JORDANA-MARQUES-KNEIPP-1.pdf\"><span style=\"font-family: Calibri\">Resultado<\/span><\/a><\/td>\n<\/tr>\n<tr style=\"height: 32px\">\n<td style=\"height: 234px;width: 21.6706%\" rowspan=\"9\" align=\"left\" height=\"27\">\n<p><span style=\"font-family: Calibri\">KELMARA MENDES VIEIRA<\/span><\/p>\n<\/td>\n<td style=\"height: 234px;width: 5.12214%\" rowspan=\"9\" align=\"center\" bgcolor=\"#CCCCFF\">\n<p><span style=\"font-family: Calibri\">2<\/span><\/p>\n<\/td>\n<td style=\"height: 234px;width: 7.0134%\" rowspan=\"9\" align=\"center\" bgcolor=\"#CCFFCC\">\n<p><span style=\"font-family: Calibri\">1<\/span><\/p>\n<\/td>\n<td style=\"height: 234px;width: 5.12214%\" rowspan=\"9\" align=\"center\" bgcolor=\"#FFFF00\">\n<p><span style=\"font-family: Calibri\">1<\/span><\/p>\n<\/td>\n<td style=\"height: 165px;width: 5.67376%\" rowspan=\"9\" align=\"center\" valign=\"middle\" bgcolor=\"#CCCCFF\">\n<p><span style=\"color: #000000;font-family: Calibri\">1<\/span><\/p>\n<\/td>\n<td style=\"height: 165px;width: 7.56501%\" rowspan=\"9\" align=\"center\" valign=\"middle\" bgcolor=\"#CCFFCC\">\n<p><span style=\"color: #000000;font-family: Calibri\">1<\/span><\/p>\n<\/td>\n<td style=\"height: 165px;width: 30.1024%\" rowspan=\"9\" align=\"left\">\n<p><span style=\"font-family: Calibri\">DEPARTAMENTO DE CI\u00caNCIAS ADMINISTRATIVAS<\/span><\/p>\n<\/td>\n<td style=\"height: 33px;width: 8.90465%\" align=\"left\"><a href=\"https:\/\/www.ufsm.br\/app\/uploads\/sites\/345\/2023\/07\/KELMARA-MENDES-VIEIRA-IC.pdf\"><span style=\"font-family: Calibri\">Edital PROBIC<\/span><\/a><\/td>\n<td style=\"height: 33px;width: 18.9098%\" align=\"left\"><a href=\"https:\/\/www.ufsm.br\/app\/uploads\/sites\/345\/2023\/08\/resultado_PROBIC_KELMARA_assinado.pdf\"><span style=\"font-family: Calibri\">Resultado<\/span><\/a><\/td>\n<\/tr>\n<tr style=\"height: 32px\">\n<td style=\"height: 10px;width: 8.90465%\"><span style=\"font-family: Calibri\"><a href=\"https:\/\/www.ufsm.br\/app\/uploads\/sites\/345\/2023\/07\/KELMARA-MENDES-VIEIRA-IT.pdf\">Edital PROBIT<\/a><\/span><\/td>\n<td style=\"height: 10px;width: 18.9098%\"><a href=\"https:\/\/www.ufsm.br\/app\/uploads\/sites\/345\/2023\/07\/resultado_PROBIT_KELMARA_assinado.pdf\"><span style=\"font-family: Calibri\">Resultado<\/span><\/a><\/td>\n<\/tr>\n<tr style=\"height: 26px\">\n<td style=\"width: 8.90465%;height: 26px\"><a href=\"https:\/\/www.ufsm.br\/app\/uploads\/sites\/345\/2023\/07\/KELMARA-PIBIC.pdf\"><span style=\"font-family: Calibri\">Edital PIBIC<\/span><\/a><\/td>\n<td style=\"width: 18.9098%;height: 26px\"><a href=\"https:\/\/www.ufsm.br\/app\/uploads\/sites\/345\/2023\/07\/KELMARA-PIBIC-1.pdf\"><span style=\"font-family: Calibri\">Resultado<\/span><\/a><\/td>\n<\/tr>\n<tr style=\"height: 28px\">\n<td style=\"width: 8.90465%;height: 28px\"><a href=\"https:\/\/www.ufsm.br\/app\/uploads\/sites\/345\/2023\/07\/KELMARA-PIBIC-AF.pdf\"><span style=\"font-family: Calibri\">Edital PIBIC AF<\/span><\/a><\/td>\n<td style=\"width: 18.9098%;height: 28px\"><a href=\"https:\/\/www.ufsm.br\/app\/uploads\/sites\/345\/2023\/07\/KELMARA-PIBIC-AF-1.pdf\"><span style=\"font-family: Calibri\">Resultado<\/span><\/a><\/td>\n<\/tr>\n<tr style=\"height: 25px\">\n<td style=\"width: 8.90465%;height: 25px\"><a href=\"https:\/\/www.ufsm.br\/app\/uploads\/sites\/345\/2023\/07\/KELMARA-PIBIT.pdf\"><span style=\"font-family: Calibri\">Edital PIBIT<\/span><\/a><\/td>\n<td style=\"width: 18.9098%;height: 25px\"><a href=\"https:\/\/www.ufsm.br\/app\/uploads\/sites\/345\/2023\/07\/KELMARA-PIBIT-1.pdf\"><span style=\"font-family: Calibri\">Resultado<\/span><\/a><\/td>\n<\/tr>\n<tr style=\"height: 19px\">\n<td style=\"width: 8.90465%;height: 19px\"><a href=\"https:\/\/www.ufsm.br\/app\/uploads\/sites\/345\/2024\/02\/KELMARA-PIBIC.pdf\"><span style=\"font-family: Calibri\">Edital PIBIC<\/span><\/a><\/td>\n<td style=\"width: 18.9098%;height: 19px\"><a href=\"https:\/\/www.ufsm.br\/app\/uploads\/sites\/345\/2024\/02\/KELMARA-RESULTADO-PIBIC.pdf\"><span style=\"font-family: Calibri\">Resultado<\/span><\/a><\/td>\n<\/tr>\n<tr style=\"height: 14px\">\n<td style=\"width: 8.90465%;height: 14px\"><a href=\"https:\/\/www.ufsm.br\/app\/uploads\/sites\/345\/2024\/02\/PIBIC-AF-KELMARA.pdf\"><span style=\"font-family: Calibri\">Edital PIBIC AF<\/span><\/a><\/td>\n<td style=\"width: 18.9098%;height: 14px\"><strong><span style=\"font-family: Calibri\">Aberto<\/span><\/strong><\/td>\n<\/tr>\n<tr style=\"height: 10px\">\n<td style=\"width: 8.90465%;height: 10px\"><a href=\"https:\/\/www.ufsm.br\/app\/uploads\/sites\/345\/2024\/02\/PROBIT-KELMARA.pdf\"><span style=\"font-family: Calibri\">Edital PROBIT<\/span><\/a><\/td>\n<td style=\"width: 18.9098%;height: 10px\"><a href=\"https:\/\/www.ufsm.br\/app\/uploads\/sites\/345\/2024\/02\/KELMARA-RESULTADO-PROBIT.pdf\"><span style=\"font-family: Calibri\">Resultado<\/span><\/a><\/td>\n<\/tr>\n<tr style=\"height: 69px\">\n<td style=\"width: 8.90465%;height: 69px\"><a href=\"https:\/\/www.ufsm.br\/app\/uploads\/sites\/345\/2024\/02\/KELMARA-PIBIC-AF.pdf\"><span style=\"font-family: Calibri\">Edital PIBIC AF<\/span><\/a><\/td>\n<td style=\"width: 18.9098%;height: 69px\"><a href=\"https:\/\/www.ufsm.br\/app\/uploads\/sites\/345\/2024\/02\/Resultado_PIBIC_AF_Kelmara_2_selecao.pdf\"><span style=\"font-family: Calibri\">Resultado<\/span><\/a><\/td>\n<\/tr>\n<tr style=\"height: 27px\">\n<td style=\"height: 51px;width: 21.6706%\" rowspan=\"2\" align=\"left\" height=\"27\"><span style=\"font-family: Calibri\">LEANDER LUIZ KLEIN<\/span><span style=\"font-family: Calibri\"><br \/><\/span><\/td>\n<td style=\"height: 51px;width: 5.12214%\" rowspan=\"2\" align=\"center\" bgcolor=\"#CCCCFF\"><span style=\"font-family: Calibri\">1<\/span><span style=\"font-family: Calibri\"><br \/><\/span><\/td>\n<td style=\"height: 51px;width: 7.0134%\" rowspan=\"2\" align=\"center\" bgcolor=\"#CCFFCC\"><span style=\"font-family: Calibri\">1<\/span><span style=\"font-family: Calibri\"><br \/><\/span><\/td>\n<td style=\"height: 51px;width: 5.12214%\" rowspan=\"2\" align=\"center\" bgcolor=\"#FFFF00\"><span style=\"font-family: Calibri\">1<\/span><span style=\"font-family: Calibri\"><br \/><\/span><\/td>\n<td style=\"height: 51px;width: 5.67376%\" rowspan=\"2\" align=\"center\"><span style=\"font-family: Calibri\">0<\/span><span style=\"font-family: Calibri\"><br \/><\/span><\/td>\n<td style=\"height: 51px;width: 7.56501%\" rowspan=\"2\" align=\"center\"><span style=\"font-family: Calibri\">0<\/span><span style=\"font-family: Calibri\"><br \/><\/span><\/td>\n<td style=\"height: 51px;width: 30.1024%\" rowspan=\"2\" align=\"left\"><span style=\"font-family: Calibri\">COORDENA\u00c7\u00c3O ACAD\u00caMICA &#8211; UFSM-CS<\/span><span style=\"font-family: Calibri\"><br \/><\/span><\/td>\n<td style=\"height: 27px;width: 8.90465%\" align=\"left\"><a href=\"https:\/\/www.ufsm.br\/app\/uploads\/sites\/345\/2023\/07\/LEANDER-LUIZ-KLEIN.pdf\"><span style=\"font-family: Calibri\">Edital<\/span><\/a><\/td>\n<td style=\"height: 27px;width: 18.9098%\" align=\"left\"><a href=\"https:\/\/www.ufsm.br\/app\/uploads\/sites\/345\/2023\/07\/LEANDER-LUIZ-KLEIN_Resultado.pdf\"><span style=\"font-family: Calibri\">Resultado<\/span><\/a><\/td>\n<\/tr>\n<tr style=\"height: 24px\">\n<td style=\"width: 8.90465%;height: 24px\"><span style=\"font-family: Calibri\"><a href=\"https:\/\/www.ufsm.br\/app\/uploads\/sites\/345\/2023\/07\/LEADER-LUIZ-KLEIN-AF.pdf\">Edital AF<\/a><\/span><\/td>\n<td style=\"width: 18.9098%;height: 24px\"><a href=\"https:\/\/www.ufsm.br\/app\/uploads\/sites\/345\/2023\/08\/LEANDER-LUIZ-KLEIN_PIBIC_AF.pdf\"><span style=\"font-family: Calibri\">Resultado<\/span><\/a><\/td>\n<\/tr>\n<tr style=\"height: 27px\">\n<td style=\"height: 54px;width: 21.6706%\" rowspan=\"2\" align=\"left\" height=\"27\"><span style=\"font-family: Calibri\">LUIS FELIPE DIAS LOPES<\/span><span style=\"font-family: Calibri\"><br \/><\/span><\/td>\n<td style=\"height: 54px;width: 5.12214%\" rowspan=\"2\" align=\"center\" bgcolor=\"#CCCCFF\"><span style=\"font-family: Calibri\">2<\/span><span style=\"font-family: Calibri\"><br \/><\/span><\/td>\n<td style=\"height: 54px;width: 7.0134%\" rowspan=\"2\" align=\"center\" bgcolor=\"#CCFFCC\"><span style=\"font-family: Calibri\">1<\/span><span style=\"font-family: Calibri\"><br \/><\/span><\/td>\n<td style=\"height: 54px;width: 5.12214%\" rowspan=\"2\" align=\"center\"><span style=\"font-family: Calibri\">0<\/span><span style=\"font-family: Calibri\"><br \/><\/span><\/td>\n<td style=\"height: 54px;width: 5.67376%\" rowspan=\"2\" align=\"center\" valign=\"middle\" bgcolor=\"#CCCCFF\"><span style=\"color: #000000;font-family: Calibri\">1<\/span><span style=\"color: #000000;font-family: Calibri\"><br \/><\/span><\/td>\n<td style=\"height: 54px;width: 7.56501%\" rowspan=\"2\" align=\"center\" valign=\"middle\" bgcolor=\"#CCFFCC\"><span style=\"color: #000000;font-family: Calibri\">1<\/span><span style=\"color: #000000;font-family: Calibri\"><br \/><\/span><\/td>\n<td style=\"height: 54px;width: 30.1024%\" rowspan=\"2\" align=\"left\"><span style=\"font-family: Calibri\">DEPARTAMENTO DE CI\u00caNCIAS ADMINISTRATIVAS<\/span><span style=\"font-family: Calibri\"><br \/><\/span><\/td>\n<td style=\"height: 30px;width: 8.90465%\" align=\"left\"><a href=\"https:\/\/www.ufsm.br\/app\/uploads\/sites\/345\/2023\/07\/LUIS-FELIPE-DIAS-LOPES_IC.pdf\"><span style=\"font-family: Calibri\">Edital_IC<\/span><\/a><\/td>\n<td style=\"height: 54px;width: 18.9098%\" rowspan=\"2\" align=\"left\"><a href=\"https:\/\/www.ufsm.br\/app\/uploads\/sites\/345\/2023\/07\/LUIS-FELIPE-DIAS-LOPES.pdf\">Resultado<\/a><\/td>\n<\/tr>\n<tr style=\"height: 24px\">\n<td style=\"width: 8.90465%;height: 24px\"><a href=\"https:\/\/www.ufsm.br\/app\/uploads\/sites\/345\/2023\/07\/LUIS-FELIPE-DIAS-LOPES_IT.pdf\"><span style=\"font-family: Calibri\">Edital_IT<\/span><\/a><\/td>\n<\/tr>\n<tr style=\"height: 48px\">\n<td style=\"height: 48px;width: 21.6706%\" align=\"left\" height=\"27\"><span style=\"font-family: Calibri\">MARTA OLIVIA ROVEDDER DE OLIVEIRA<\/span><\/td>\n<td style=\"height: 48px;width: 5.12214%\" align=\"center\" bgcolor=\"#CCCCFF\"><span style=\"font-family: Calibri\">1<\/span><\/td>\n<td style=\"height: 48px;width: 7.0134%\" align=\"center\"><span style=\"font-family: Calibri\">0<\/span><\/td>\n<td style=\"height: 48px;width: 5.12214%\" align=\"center\"><span style=\"font-family: Calibri\">0<\/span><\/td>\n<td style=\"height: 48px;width: 5.67376%\" align=\"center\"><span style=\"font-family: Calibri\">0<\/span><\/td>\n<td style=\"height: 48px;width: 7.56501%\" align=\"center\"><span style=\"font-family: Calibri\">0<\/span><\/td>\n<td style=\"height: 48px;width: 30.1024%\" align=\"left\"><span style=\"font-family: Calibri\">DEPARTAMENTO DE CI\u00caNCIAS ADMINISTRATIVAS<\/span><\/td>\n<td style=\"height: 48px;width: 8.90465%\" align=\"left\"><a href=\"https:\/\/www.ufsm.br\/app\/uploads\/sites\/345\/2023\/08\/MARTA-OLIVIA-ROVEDDER-DE-OLIVEIRA.pdf\"><span style=\"font-family: Calibri\">Edital<\/span><\/a><\/td>\n<td style=\"height: 48px;width: 18.9098%\" align=\"left\"><a href=\"https:\/\/www.ufsm.br\/app\/uploads\/sites\/345\/2023\/08\/MARTA-OLIVIA-ROVEDDER-DE-OLIVEIRA-1.pdf\"><span style=\"font-family: Calibri\">Resultado<\/span><\/a><\/td>\n<\/tr>\n<tr style=\"height: 44px\">\n<td style=\"height: 54px;width: 21.6706%\" rowspan=\"2\">\n<p><span style=\"font-family: Calibri\">NELSON GUILHERME MACHADO PINTO<\/span><\/p>\n<\/td>\n<td style=\"height: 54px;width: 5.12214%;background-color: #ccccff;text-align: center\" rowspan=\"2\">1<\/td>\n<td style=\"height: 54px;width: 7.0134%;background-color: #ccffcc;text-align: center\" rowspan=\"2\">\n<p><span style=\"font-family: Calibri\">1<\/span><\/p>\n<\/td>\n<td style=\"height: 54px;width: 5.12214%;text-align: center\" rowspan=\"2\">\n<p><span style=\"font-family: Calibri\">0<\/span><\/p>\n<\/td>\n<td style=\"height: 54px;width: 5.67376%;background-color: #ccccff;text-align: center\" rowspan=\"2\">\n<p><span style=\"color: #000000;font-family: Calibri\">1<\/span><\/p>\n<\/td>\n<td style=\"height: 54px;width: 7.56501%;background-color: #ccffcc;text-align: center\" rowspan=\"2\">\n<p><span style=\"color: #000000;font-family: Calibri\">1<\/span><\/p>\n<\/td>\n<td style=\"height: 54px;width: 30.1024%\" rowspan=\"2\"><span style=\"font-family: Calibri\">DEPARTAMENTO DE ADMINISTRA\u00c7\u00c3O &#8211; UFSM-PM<\/span><\/td>\n<td style=\"height: 44px;width: 8.90465%\"><a href=\"https:\/\/www.ufsm.br\/app\/uploads\/sites\/345\/2023\/07\/NELSON-GUILHERME-MACHADO-PINTO-IC.pdf\"><span style=\"font-family: Calibri\">Edital IC<\/span><\/a><\/td>\n<td style=\"height: 44px;width: 18.9098%\"><a href=\"https:\/\/www.ufsm.br\/app\/uploads\/sites\/345\/2023\/07\/NELSON-PIBIC.pdf\"><span style=\"font-family: Calibri\">Resultado<\/span><\/a><\/td>\n<\/tr>\n<tr style=\"height: 48px\">\n<td style=\"height: 10px;width: 8.90465%\" align=\"left\">\n<p><a href=\"https:\/\/www.ufsm.br\/app\/uploads\/sites\/345\/2023\/07\/NELSON-GUILHERME-MACHADO-PINTO-IT.pdf\"><span style=\"font-family: Calibri\">Edital IT<\/span><\/a><\/p>\n<\/td>\n<td style=\"height: 10px;width: 18.9098%\" align=\"left\"><a href=\"https:\/\/www.ufsm.br\/app\/uploads\/sites\/345\/2023\/07\/NELSON-PIBIT.pdf\"><span style=\"font-family: Calibri\">Resultado<\/span><\/a><\/td>\n<\/tr>\n<tr style=\"height: 27px\">\n<td style=\"height: 123px;width: 21.6706%\" rowspan=\"5\" align=\"left\" height=\"27\">\n<p><span style=\"font-family: Calibri\">VIN\u00cdCIUS COSTA DA SILVA ZONATTO<\/span><span style=\"font-family: Calibri\"><br \/><\/span><\/p>\n<\/td>\n<td style=\"height: 123px;width: 5.12214%\" rowspan=\"5\" align=\"center\" bgcolor=\"#CCCCFF\">\n<p><span style=\"font-family: Calibri\">2<\/span><span style=\"font-family: Calibri\"><br \/><\/span><\/p>\n<\/td>\n<td style=\"height: 123px;width: 7.0134%\" rowspan=\"5\" align=\"center\" bgcolor=\"#CCFFCC\">\n<p><span style=\"font-family: Calibri\">1<\/span><span style=\"font-family: Calibri\"><br \/><\/span><\/p>\n<\/td>\n<td style=\"height: 123px;width: 5.12214%\" rowspan=\"5\" align=\"center\" bgcolor=\"#FFFF00\">\n<p><span style=\"font-family: Calibri\">1<\/span><span style=\"font-family: Calibri\"><br \/><\/span><\/p>\n<\/td>\n<td style=\"height: 123px;width: 5.67376%\" rowspan=\"5\" align=\"center\" valign=\"middle\" bgcolor=\"#CCCCFF\">\n<p><span style=\"color: #000000;font-family: Calibri\">1<\/span><span style=\"color: #000000;font-family: Calibri\"><br \/><\/span><\/p>\n<\/td>\n<td style=\"height: 123px;width: 7.56501%\" rowspan=\"5\" align=\"center\" valign=\"middle\" bgcolor=\"#CCFFCC\">\n<p><span style=\"color: #000000;font-family: Calibri\"><br \/><\/span><span style=\"color: #000000;font-family: Calibri\">1<br \/><\/span><span style=\"color: #000000;font-family: Calibri\"><br \/><\/span><\/p>\n<\/td>\n<td style=\"height: 123px;width: 30.1024%\" rowspan=\"5\" align=\"left\">\n<p style=\"text-align: center\"><span style=\"font-family: Calibri\">DEPARTAMENTO DE CI\u00caNCIAS CONT\u00c1BEIS<\/span><span style=\"font-family: Calibri\"><br \/><\/span><\/p>\n<\/td>\n<td style=\"height: 27px;width: 8.90465%\" align=\"left\"><a href=\"https:\/\/www.ufsm.br\/app\/uploads\/sites\/345\/2023\/07\/VINICIUS-ZONATTO-PROBITI.pdf\"><span style=\"font-family: Calibri\">Edital PROBIT<\/span><\/a><\/td>\n<td style=\"height: 27px;width: 18.9098%\" align=\"left\"><a href=\"https:\/\/www.ufsm.br\/app\/uploads\/sites\/345\/2023\/07\/VINICIUS-ZONATTO-PROBITI-1.pdf\"><span style=\"font-family: Calibri\">Resultado<\/span><\/a><\/td>\n<\/tr>\n<tr style=\"height: 24px\">\n<td style=\"width: 8.90465%;height: 24px\"><a href=\"https:\/\/www.ufsm.br\/app\/uploads\/sites\/345\/2023\/07\/VINICIUS-ZONATTO-PROBIC.pdf\"><span style=\"font-family: Calibri\">Edital PROBIC<\/span><\/a><\/td>\n<td style=\"width: 18.9098%;height: 24px\"><a href=\"https:\/\/www.ufsm.br\/app\/uploads\/sites\/345\/2023\/07\/VINICIUS-ZONATTO-PROBIC-1.pdf\"><span style=\"font-family: Calibri\">Resultado<\/span><\/a><\/td>\n<\/tr>\n<tr style=\"height: 24px\">\n<td style=\"width: 8.90465%;height: 24px\"><a href=\"https:\/\/www.ufsm.br\/app\/uploads\/sites\/345\/2023\/07\/VINICIUS-ZONATTO-PIBITI.pdf\"><span style=\"font-family: Calibri\">Edital PIBITI<\/span><\/a><\/td>\n<td style=\"width: 18.9098%;height: 24px\"><a href=\"https:\/\/www.ufsm.br\/app\/uploads\/sites\/345\/2023\/07\/VINICIUS-ZONATTO-PIBITI-1.pdf\"><span style=\"font-family: Calibri\">Resultado<\/span><\/a><\/td>\n<\/tr>\n<tr style=\"height: 24px\">\n<td style=\"width: 8.90465%;height: 24px\"><a href=\"https:\/\/www.ufsm.br\/app\/uploads\/sites\/345\/2023\/08\/VINICIUS-COSTA-ZONATTOEdital_CNPQ-AF.pdf\"><span style=\"font-family: Calibri\">Edital PIBIC AF<\/span><\/a><\/td>\n<td style=\"width: 18.9098%;height: 24px\"><a href=\"https:\/\/www.ufsm.br\/app\/uploads\/sites\/345\/2023\/08\/VINICIUS-ZONATTO-PIBIC-AF-Res_Final.pdf\"><span style=\"font-family: Calibri\">Resultado<\/span><\/a><\/td>\n<\/tr>\n<tr style=\"height: 24px\">\n<td style=\"width: 8.90465%;height: 24px\"><a href=\"https:\/\/www.ufsm.br\/app\/uploads\/sites\/345\/2023\/07\/VINICIUS-ZONATTO-PIBIC.pdf\"><span style=\"font-family: Calibri\">Edital PIBIC<\/span><\/a><\/td>\n<td style=\"width: 18.9098%;height: 24px\"><a href=\"https:\/\/www.ufsm.br\/app\/uploads\/sites\/345\/2023\/07\/VINICIUS-ZONATTO-PIBIC-1.pdf\"><span style=\"font-family: Calibri\">Resultado<\/span><\/a><\/td>\n<\/tr>\n<\/tbody>\n<\/table>\n<p>\u00a0<\/p>\n","protected":false},"excerpt":{"rendered":"<p>Coordenador IC UNIFICADO PIBIC AF ITI UNIFICADO Nome da Unidade Link Edital Status PIBIC PROBIC PIBITI PROBITI DEBORA BOBSIN 1 0 0 0 0 DEPARTAMENTO DE CI\u00caNCIAS ADMINISTRATIVAS Edital Resultado GILNEI LUIZ DE MOURA 1 1 0 0 0 DEPARTAMENTO DE CI\u00caNCIAS ADMINISTRATIVAS Edital Resultado JORDANA MARQUES KNEIPP 1 1 0 0 0 DEPARTAMENTO DE [&hellip;]<\/p>\n","protected":false},"author":743,"featured_media":0,"parent":0,"menu_order":0,"comment_status":"closed","ping_status":"closed","template":"","meta":{"footnotes":""},"categories":[],"tags":[],"class_list":["post-13962","page","type-page","status-publish","hentry"],"acf":[],"_links":{"self":[{"href":"https:\/\/www.ufsm.br\/pro-reitorias\/prpgp\/wp-json\/wp\/v2\/pages\/13962","targetHints":{"allow":["GET"]}}],"collection":[{"href":"https:\/\/www.ufsm.br\/pro-reitorias\/prpgp\/wp-json\/wp\/v2\/pages"}],"about":[{"href":"https:\/\/www.ufsm.br\/pro-reitorias\/prpgp\/wp-json\/wp\/v2\/types\/page"}],"author":[{"embeddable":true,"href":"https:\/\/www.ufsm.br\/pro-reitorias\/prpgp\/wp-json\/wp\/v2\/users\/743"}],"replies":[{"embeddable":true,"href":"https:\/\/www.ufsm.br\/pro-reitorias\/prpgp\/wp-json\/wp\/v2\/comments?post=13962"}],"version-history":[{"count":0,"href":"https:\/\/www.ufsm.br\/pro-reitorias\/prpgp\/wp-json\/wp\/v2\/pages\/13962\/revisions"}],"wp:attachment":[{"href":"https:\/\/www.ufsm.br\/pro-reitorias\/prpgp\/wp-json\/wp\/v2\/media?parent=13962"}],"wp:term":[{"taxonomy":"category","embeddable":true,"href":"https:\/\/www.ufsm.br\/pro-reitorias\/prpgp\/wp-json\/wp\/v2\/categories?post=13962"},{"taxonomy":"post_tag","embeddable":true,"href":"https:\/\/www.ufsm.br\/pro-reitorias\/prpgp\/wp-json\/wp\/v2\/tags?post=13962"}],"curies":[{"name":"wp","href":"https:\/\/api.w.org\/{rel}","templated":true}]}}