{"id":13964,"date":"2023-07-02T19:48:09","date_gmt":"2023-07-02T22:48:09","guid":{"rendered":"https:\/\/www.ufsm.br\/pro-reitorias\/prpgp\/?page_id=13964"},"modified":"2023-08-17T15:20:37","modified_gmt":"2023-08-17T18:20:37","slug":"arquitetura-e-urbanismo","status":"publish","type":"page","link":"https:\/\/www.ufsm.br\/pro-reitorias\/prpgp\/arquitetura-e-urbanismo","title":{"rendered":"ARQUITETURA E URBANISMO (Escolha um edital)"},"content":{"rendered":"\n<table style=\"width: 100%;height: 126px\" border=\"0\" cellspacing=\"0\"><colgroup width=\"229\"><\/colgroup> <colgroup width=\"42\"><\/colgroup> <colgroup width=\"58\"><\/colgroup> <colgroup width=\"50\"><\/colgroup> <colgroup width=\"44\"><\/colgroup> <colgroup width=\"58\"><\/colgroup> <colgroup width=\"319\"><\/colgroup> <colgroup width=\"85\"><\/colgroup> <colgroup width=\"91\"><\/colgroup>\n<tbody>\n<tr style=\"height: 24px\">\n<td style=\"width: 21.668%;height: 48px\" rowspan=\"2\" align=\"center\" valign=\"middle\" height=\"43\"><b><span style=\"color: #000000;font-family: SansSerif\">Coordenador<\/span><\/b><\/td>\n<td style=\"width: 12.0811%;height: 24px\" colspan=\"2\" align=\"center\" valign=\"middle\" bgcolor=\"#FFCC00\"><b><span style=\"color: #000000;font-family: SansSerif\">IC UNIFICADO<\/span><\/b><\/td>\n<td style=\"width: 5.06625%;height: 48px\" rowspan=\"2\" align=\"center\" valign=\"middle\" bgcolor=\"#FFFF00\"><b><span style=\"color: #000000;font-family: SansSerif\">PIBIC AF<\/span><\/b><\/td>\n<td class=\"\" style=\"width: 13.2502%;height: 24px\" colspan=\"2\" align=\"center\" valign=\"middle\" bgcolor=\"#FFCC00\"><b><span style=\"color: #000000;font-family: SansSerif\">ITI UNIFICADO<\/span><\/b><\/td>\n<td class=\"\" style=\"width: 30.1637%;height: 48px\" rowspan=\"2\" align=\"center\" valign=\"middle\" bgcolor=\"#FFFF00\"><b><span style=\"color: #000000;font-family: SansSerif\">Nome da Unidade<\/span><\/b><\/td>\n<td style=\"width: 8.80748%;height: 48px\" rowspan=\"2\" align=\"center\" valign=\"middle\" bgcolor=\"#FFFF00\"><b><span style=\"color: #000000;font-family: SansSerif\">Link Edital<\/span><\/b><\/td>\n<td style=\"width: 8.80748%;height: 48px\" rowspan=\"2\" align=\"center\" valign=\"middle\" bgcolor=\"#FFFF00\"><b><span style=\"color: #000000;font-family: SansSerif\">Status<\/span><\/b><\/td>\n<\/tr>\n<tr style=\"height: 24px\">\n<td style=\"width: 5.06625%;height: 24px\" align=\"center\" valign=\"middle\" bgcolor=\"#CCCCFF\"><b><span style=\"color: #000000;font-family: SansSerif\">PIBIC<\/span><\/b><\/td>\n<td style=\"width: 7.01481%;height: 24px\" align=\"center\" valign=\"middle\" bgcolor=\"#CCFFCC\"><b><span style=\"color: #000000;font-family: SansSerif\">PROBIC<\/span><\/b><\/td>\n<td style=\"width: 5.68979%;height: 24px\" align=\"center\" valign=\"middle\" bgcolor=\"#CCCCFF\"><b><span style=\"color: #000000;font-family: SansSerif\">PIBITI<\/span><\/b><\/td>\n<td class=\"\" style=\"width: 7.56041%;height: 24px\" align=\"center\" valign=\"middle\" bgcolor=\"#CCFFCC\"><b><span style=\"color: #000000;font-family: SansSerif\">PROBITI<\/span><\/b><\/td>\n<\/tr>\n<tr style=\"height: 27px\">\n<td style=\"width: 21.668%;height: 27px\" align=\"left\" height=\"27\"><span style=\"font-family: Calibri\">GIANE DE CAMPOS GRIGOLETTI<\/span><\/td>\n<td style=\"width: 5.06625%;height: 27px\" align=\"center\" bgcolor=\"#CCCCFF\"><span style=\"font-family: Calibri\">1<\/span><\/td>\n<td style=\"width: 7.01481%;height: 27px\" align=\"center\"><span style=\"font-family: Calibri\">0<\/span><\/td>\n<td style=\"width: 5.06625%;height: 27px\" align=\"center\"><span style=\"font-family: Calibri\">0<\/span><\/td>\n<td style=\"width: 5.68979%;height: 27px\" align=\"center\"><span style=\"font-family: Calibri\">0<\/span><\/td>\n<td style=\"width: 7.56041%;height: 27px\" align=\"center\"><span style=\"font-family: Calibri\">0<\/span><\/td>\n<td style=\"width: 30.1637%;height: 27px\" align=\"left\"><span style=\"font-family: Calibri\">DEPARTAMENTO DE ARQUITETURA E URBANISMO<\/span><\/td>\n<td style=\"width: 8.80748%;height: 27px\" align=\"left\"><a href=\"https:\/\/www.ufsm.br\/app\/uploads\/sites\/345\/2023\/08\/GIANE-DE-CAMPOS-GRIGOLETTI-1.pdf\"><span style=\"font-family: Calibri\">Edital<\/span><\/a><\/td>\n<td style=\"width: 8.80748%;height: 27px\" align=\"left\"><a href=\"https:\/\/www.ufsm.br\/app\/uploads\/sites\/345\/2023\/08\/GIANE-DE-CAMPOS-GRIGOLETTI-2.pdf\"><span style=\"font-family: Calibri\">Resultado<\/span><\/a><\/td>\n<\/tr>\n<tr style=\"height: 24px\">\n<td style=\"width: 21.668%;height: 24px\"><span style=\"font-family: Calibri\">RAQUEL WEISS<\/span><\/td>\n<td style=\"width: 5.06625%;height: 24px;text-align: center\"><span style=\"font-family: Calibri\">\u00a00<\/span><\/td>\n<td style=\"width: 7.01481%;height: 24px;background-color: #ccffcc;text-align: center\"><span style=\"font-family: Calibri\">1<\/span><\/td>\n<td style=\"width: 5.06625%;height: 24px;text-align: center\"><span style=\"font-family: Calibri\">\u00a00<\/span><\/td>\n<td style=\"width: 5.68979%;height: 24px;text-align: center\"><span style=\"font-family: Calibri\">\u00a00<\/span><\/td>\n<td style=\"width: 7.56041%;height: 24px;text-align: center\"><span style=\"font-family: Calibri\">0<\/span><\/td>\n<td style=\"width: 30.1637%;height: 24px\"><span style=\"font-family: Calibri\">COORDENA\u00c7\u00c3O ACAD\u00caMICA &#8211; UFSM-CS<\/span><\/td>\n<td style=\"width: 8.80748%;height: 24px\"><a href=\"https:\/\/www.ufsm.br\/app\/uploads\/sites\/345\/2023\/07\/RAQUEL-WEISS.pdf\"><span style=\"font-family: Calibri\">Edital<\/span><\/a><\/td>\n<td style=\"width: 8.80748%;height: 24px\"><a href=\"https:\/\/www.ufsm.br\/app\/uploads\/sites\/345\/2023\/07\/RAQUEL-WEISS-1.pdf\"><span style=\"font-family: Calibri\">Resultado<\/span><\/a><\/td>\n<\/tr>\n<tr style=\"height: 27px\">\n<td style=\"width: 21.668%;height: 27px\" align=\"left\" height=\"27\"><span style=\"font-family: Calibri\">RICARDO DE SOUZA ROCHA<\/span><\/td>\n<td style=\"width: 5.06625%;height: 27px\" align=\"center\" bgcolor=\"#CCCCFF\"><span style=\"font-family: Calibri\">1<\/span><\/td>\n<td style=\"width: 7.01481%;height: 27px\" align=\"center\"><span style=\"font-family: Calibri\">0<\/span><\/td>\n<td style=\"width: 5.06625%;height: 27px\" align=\"center\"><span style=\"font-family: Calibri\">0<\/span><\/td>\n<td style=\"width: 5.68979%;height: 27px\" align=\"center\"><span style=\"font-family: Calibri\">0<\/span><\/td>\n<td style=\"width: 7.56041%;height: 27px;text-align: center\" align=\"center\"><span style=\"font-family: Calibri\">0<\/span><\/td>\n<td style=\"width: 30.1637%;height: 27px\" align=\"left\"><span style=\"font-family: Calibri\">COORDENA\u00c7\u00c3O ACAD\u00caMICA &#8211; UFSM-CS<\/span><\/td>\n<td style=\"width: 8.80748%;height: 27px\" align=\"left\"><a href=\"https:\/\/www.ufsm.br\/app\/uploads\/sites\/345\/2023\/07\/RICARDO-DE-SOUZA-ROCHA.pdf\"><span style=\"font-family: Calibri\">Edital<\/span><\/a><\/td>\n<td style=\"width: 8.80748%;height: 27px\" align=\"left\"><a href=\"https:\/\/www.ufsm.br\/app\/uploads\/sites\/345\/2023\/08\/RICARDO-DE-SOUZA-ROCHA.pdf\"><span style=\"font-family: Calibri\">Resultado<\/span><\/a><\/td>\n<\/tr>\n<\/tbody>\n<\/table>\n","protected":false},"excerpt":{"rendered":"<p>Coordenador IC UNIFICADO PIBIC AF ITI UNIFICADO Nome da Unidade Link Edital Status PIBIC PROBIC PIBITI PROBITI GIANE DE CAMPOS GRIGOLETTI 1 0 0 0 0 DEPARTAMENTO DE ARQUITETURA E URBANISMO Edital Resultado RAQUEL WEISS \u00a00 1 \u00a00 \u00a00 0 COORDENA\u00c7\u00c3O ACAD\u00caMICA &#8211; UFSM-CS Edital Resultado RICARDO DE SOUZA ROCHA 1 0 0 0 0 [&hellip;]<\/p>\n","protected":false},"author":743,"featured_media":0,"parent":0,"menu_order":0,"comment_status":"closed","ping_status":"closed","template":"","meta":{"footnotes":""},"categories":[],"tags":[],"class_list":["post-13964","page","type-page","status-publish","hentry"],"acf":[],"_links":{"self":[{"href":"https:\/\/www.ufsm.br\/pro-reitorias\/prpgp\/wp-json\/wp\/v2\/pages\/13964","targetHints":{"allow":["GET"]}}],"collection":[{"href":"https:\/\/www.ufsm.br\/pro-reitorias\/prpgp\/wp-json\/wp\/v2\/pages"}],"about":[{"href":"https:\/\/www.ufsm.br\/pro-reitorias\/prpgp\/wp-json\/wp\/v2\/types\/page"}],"author":[{"embeddable":true,"href":"https:\/\/www.ufsm.br\/pro-reitorias\/prpgp\/wp-json\/wp\/v2\/users\/743"}],"replies":[{"embeddable":true,"href":"https:\/\/www.ufsm.br\/pro-reitorias\/prpgp\/wp-json\/wp\/v2\/comments?post=13964"}],"version-history":[{"count":0,"href":"https:\/\/www.ufsm.br\/pro-reitorias\/prpgp\/wp-json\/wp\/v2\/pages\/13964\/revisions"}],"wp:attachment":[{"href":"https:\/\/www.ufsm.br\/pro-reitorias\/prpgp\/wp-json\/wp\/v2\/media?parent=13964"}],"wp:term":[{"taxonomy":"category","embeddable":true,"href":"https:\/\/www.ufsm.br\/pro-reitorias\/prpgp\/wp-json\/wp\/v2\/categories?post=13964"},{"taxonomy":"post_tag","embeddable":true,"href":"https:\/\/www.ufsm.br\/pro-reitorias\/prpgp\/wp-json\/wp\/v2\/tags?post=13964"}],"curies":[{"name":"wp","href":"https:\/\/api.w.org\/{rel}","templated":true}]}}