{"id":13970,"date":"2023-07-02T21:42:20","date_gmt":"2023-07-03T00:42:20","guid":{"rendered":"https:\/\/www.ufsm.br\/pro-reitorias\/prpgp\/?page_id=13970"},"modified":"2023-07-14T14:38:47","modified_gmt":"2023-07-14T17:38:47","slug":"ciencia-politica-e-relacoes-internacionais","status":"publish","type":"page","link":"https:\/\/www.ufsm.br\/pro-reitorias\/prpgp\/ciencia-politica-e-relacoes-internacionais","title":{"rendered":"CI\u00caNCIA POL\u00cdTICA E RELA\u00c7\u00d5ES INTERNACIONAIS (Clique no link do edital)"},"content":{"rendered":"\n<table border=\"0\" cellspacing=\"0\"><colgroup width=\"229\"><\/colgroup> <colgroup width=\"42\"><\/colgroup> <colgroup width=\"58\"><\/colgroup> <colgroup width=\"50\"><\/colgroup> <colgroup width=\"44\"><\/colgroup> <colgroup width=\"58\"><\/colgroup> <colgroup width=\"319\"><\/colgroup> <colgroup width=\"85\"><\/colgroup> <colgroup width=\"91\"><\/colgroup>\n<tbody>\n<tr>\n<td rowspan=\"2\" align=\"center\" valign=\"middle\" height=\"43\"><b><span style=\"color: #000000;font-family: SansSerif\">Coordenador<\/span><\/b><\/td>\n<td colspan=\"2\" align=\"center\" valign=\"middle\" bgcolor=\"#FFCC00\"><b><span style=\"color: #000000;font-family: SansSerif\">IC UNIFICADO<\/span><\/b><\/td>\n<td rowspan=\"2\" align=\"center\" valign=\"middle\" bgcolor=\"#FFFF00\"><b><span style=\"color: #000000;font-family: SansSerif\">PIBIC AF<\/span><\/b><\/td>\n<td colspan=\"2\" align=\"center\" valign=\"middle\" bgcolor=\"#FFCC00\"><b><span style=\"color: #000000;font-family: SansSerif\">ITI UNIFICADO<\/span><\/b><\/td>\n<td rowspan=\"2\" align=\"center\" valign=\"middle\" bgcolor=\"#FFFF00\"><b><span style=\"color: #000000;font-family: SansSerif\">Nome da Unidade<\/span><\/b><\/td>\n<td rowspan=\"2\" align=\"center\" valign=\"middle\" bgcolor=\"#FFFF00\"><b><span style=\"color: #000000;font-family: SansSerif\">Link Edital<\/span><\/b><\/td>\n<td rowspan=\"2\" align=\"center\" valign=\"middle\" bgcolor=\"#FFFF00\"><b><span style=\"color: #000000;font-family: SansSerif\">Status<\/span><\/b><\/td>\n<\/tr>\n<tr>\n<td align=\"center\" valign=\"middle\" bgcolor=\"#CCCCFF\"><b><span style=\"color: #000000;font-family: SansSerif\">PIBIC<\/span><\/b><\/td>\n<td align=\"center\" valign=\"middle\" bgcolor=\"#CCFFCC\"><b><span style=\"color: #000000;font-family: SansSerif\">PROBIC<\/span><\/b><\/td>\n<td align=\"center\" valign=\"middle\" bgcolor=\"#CCCCFF\"><b><span style=\"color: #000000;font-family: SansSerif\">PIBITI<\/span><\/b><\/td>\n<td align=\"center\" valign=\"middle\" bgcolor=\"#CCFFCC\"><b><span style=\"color: #000000;font-family: SansSerif\">PROBITI<\/span><\/b><\/td>\n<\/tr>\n<tr>\n<td align=\"left\" height=\"27\"><span style=\"font-family: Calibri\">IGOR CASTELLANO DA SILVA<\/span><\/td>\n<td align=\"center\" bgcolor=\"#CCCCFF\"><span style=\"font-family: Calibri\">1<\/span><\/td>\n<td align=\"center\" bgcolor=\"#CCFFCC\"><span style=\"font-family: Calibri\">1<\/span><\/td>\n<td align=\"center\"><span style=\"font-family: Calibri\">0<\/span><\/td>\n<td align=\"center\"><span style=\"font-family: Calibri\">0<\/span><\/td>\n<td align=\"center\"><span style=\"font-family: Calibri\">0<\/span><\/td>\n<td align=\"left\"><span style=\"font-family: Calibri\">DEPARTAMENTO DE ECONOMIA E RELA\u00c7\u00d5ES INTERNACIONAIS<\/span><\/td>\n<td align=\"left\"><a href=\"https:\/\/www.ufsm.br\/app\/uploads\/sites\/345\/2023\/07\/Igor-Castellano-da-Silva.pdf\"><span style=\"font-family: Calibri\">Edital<\/span><\/a><\/td>\n<td align=\"left\"><a href=\"https:\/\/www.ufsm.br\/app\/uploads\/sites\/345\/2023\/07\/IGOR-CASTELLANO-DA-SILVA.pdf\"><span style=\"font-family: Calibri\">Resultado<\/span><\/a><\/td>\n<\/tr>\n<\/tbody>\n<\/table>\n","protected":false},"excerpt":{"rendered":"<p>Coordenador IC UNIFICADO PIBIC AF ITI UNIFICADO Nome da Unidade Link Edital Status PIBIC PROBIC PIBITI PROBITI IGOR CASTELLANO DA SILVA 1 1 0 0 0 DEPARTAMENTO DE ECONOMIA E RELA\u00c7\u00d5ES INTERNACIONAIS Edital Resultado<\/p>\n","protected":false},"author":743,"featured_media":0,"parent":0,"menu_order":0,"comment_status":"closed","ping_status":"closed","template":"","meta":{"footnotes":""},"categories":[],"tags":[],"class_list":["post-13970","page","type-page","status-publish","hentry"],"acf":[],"_links":{"self":[{"href":"https:\/\/www.ufsm.br\/pro-reitorias\/prpgp\/wp-json\/wp\/v2\/pages\/13970","targetHints":{"allow":["GET"]}}],"collection":[{"href":"https:\/\/www.ufsm.br\/pro-reitorias\/prpgp\/wp-json\/wp\/v2\/pages"}],"about":[{"href":"https:\/\/www.ufsm.br\/pro-reitorias\/prpgp\/wp-json\/wp\/v2\/types\/page"}],"author":[{"embeddable":true,"href":"https:\/\/www.ufsm.br\/pro-reitorias\/prpgp\/wp-json\/wp\/v2\/users\/743"}],"replies":[{"embeddable":true,"href":"https:\/\/www.ufsm.br\/pro-reitorias\/prpgp\/wp-json\/wp\/v2\/comments?post=13970"}],"version-history":[{"count":0,"href":"https:\/\/www.ufsm.br\/pro-reitorias\/prpgp\/wp-json\/wp\/v2\/pages\/13970\/revisions"}],"wp:attachment":[{"href":"https:\/\/www.ufsm.br\/pro-reitorias\/prpgp\/wp-json\/wp\/v2\/media?parent=13970"}],"wp:term":[{"taxonomy":"category","embeddable":true,"href":"https:\/\/www.ufsm.br\/pro-reitorias\/prpgp\/wp-json\/wp\/v2\/categories?post=13970"},{"taxonomy":"post_tag","embeddable":true,"href":"https:\/\/www.ufsm.br\/pro-reitorias\/prpgp\/wp-json\/wp\/v2\/tags?post=13970"}],"curies":[{"name":"wp","href":"https:\/\/api.w.org\/{rel}","templated":true}]}}