{"id":13981,"date":"2023-07-02T22:33:22","date_gmt":"2023-07-03T01:33:22","guid":{"rendered":"https:\/\/www.ufsm.br\/pro-reitorias\/prpgp\/?page_id=13981"},"modified":"2023-09-01T08:45:11","modified_gmt":"2023-09-01T11:45:11","slug":"engenharias-iii-escolha-um-edital","status":"publish","type":"page","link":"https:\/\/www.ufsm.br\/pro-reitorias\/prpgp\/engenharias-iii-escolha-um-edital","title":{"rendered":"ENGENHARIAS III (Escolha um edital)"},"content":{"rendered":"\n<table border=\"0\" cellspacing=\"0\"><colgroup width=\"229\"><\/colgroup> <colgroup width=\"42\"><\/colgroup> <colgroup width=\"58\"><\/colgroup> <colgroup width=\"50\"><\/colgroup> <colgroup width=\"44\"><\/colgroup> <colgroup width=\"58\"><\/colgroup> <colgroup width=\"319\"><\/colgroup> <colgroup width=\"85\"><\/colgroup> <colgroup width=\"91\"><\/colgroup>\n<tbody>\n<tr>\n<td rowspan=\"2\" align=\"center\" valign=\"middle\" height=\"43\"><b><span style=\"color: #000000;font-family: SansSerif\">Coordenador<\/span><\/b><\/td>\n<td colspan=\"2\" align=\"center\" valign=\"middle\" bgcolor=\"#FFCC00\"><b><span style=\"color: #000000;font-family: SansSerif\">IC UNIFICADO<\/span><\/b><\/td>\n<td rowspan=\"2\" align=\"center\" valign=\"middle\" bgcolor=\"#FFFF00\"><b><span style=\"color: #000000;font-family: SansSerif\">PIBIC AF<\/span><\/b><\/td>\n<td colspan=\"2\" align=\"center\" valign=\"middle\" bgcolor=\"#FFCC00\"><b><span style=\"color: #000000;font-family: SansSerif\">ITI UNIFICADO<\/span><\/b><\/td>\n<td rowspan=\"2\" align=\"center\" valign=\"middle\" bgcolor=\"#FFFF00\"><b><span style=\"color: #000000;font-family: SansSerif\">Nome da Unidade<\/span><\/b><\/td>\n<td rowspan=\"2\" align=\"center\" valign=\"middle\" bgcolor=\"#FFFF00\"><b><span style=\"color: #000000;font-family: SansSerif\">Link Edital<\/span><\/b><\/td>\n<td rowspan=\"2\" align=\"center\" valign=\"middle\" bgcolor=\"#FFFF00\"><b><span style=\"color: #000000;font-family: SansSerif\">Status<\/span><\/b><\/td>\n<\/tr>\n<tr>\n<td align=\"center\" valign=\"middle\" bgcolor=\"#CCCCFF\"><b><span style=\"color: #000000;font-family: SansSerif\">PIBIC<\/span><\/b><\/td>\n<td align=\"center\" valign=\"middle\" bgcolor=\"#CCFFCC\"><b><span style=\"color: #000000;font-family: SansSerif\">PROBIC<\/span><\/b><\/td>\n<td align=\"center\" valign=\"middle\" bgcolor=\"#CCCCFF\"><b><span style=\"color: #000000;font-family: SansSerif\">PIBITI<\/span><\/b><\/td>\n<td align=\"center\" valign=\"middle\" bgcolor=\"#CCFFCC\"><b><span style=\"color: #000000;font-family: SansSerif\">PROBITI<\/span><\/b><\/td>\n<\/tr>\n<tr>\n<td align=\"left\" height=\"27\"><span style=\"font-family: Calibri\">ADRIANO MENDONCA SOUZA<\/span><\/td>\n<td align=\"center\" bgcolor=\"#CCCCFF\"><span style=\"font-family: Calibri\">1<\/span><\/td>\n<td align=\"center\"><span style=\"font-family: Calibri\">0<\/span><\/td>\n<td align=\"center\" bgcolor=\"#FFFF00\"><span style=\"font-family: Calibri\">1<\/span><\/td>\n<td align=\"center\"><span style=\"font-family: Calibri\">0<\/span><\/td>\n<td align=\"center\"><span style=\"font-family: Calibri\">0<\/span><\/td>\n<td align=\"left\"><span style=\"font-family: Calibri\">DEPARTAMENTO DE ESTAT\u00cdSTICA<\/span><\/td>\n<td align=\"left\"><a href=\"https:\/\/www.ufsm.br\/app\/uploads\/sites\/345\/2023\/07\/LUCIANE-FLORES-JACOBI.pdf\"><span style=\"font-family: Calibri\">Edital<\/span><\/a><\/td>\n<td align=\"left\"><a href=\"https:\/\/www.ufsm.br\/app\/uploads\/sites\/345\/2023\/08\/LUCIANE-FLORES-JACOBI.pdf\"><span style=\"font-family: Calibri\">Resultado<\/span><\/a><\/td>\n<\/tr>\n<tr>\n<td align=\"left\" height=\"27\"><span style=\"font-family: Calibri\">ALVARO LUIZ NEUENFELDT J\u00daNIOR<\/span><\/td>\n<td align=\"center\" bgcolor=\"#CCCCFF\"><span style=\"font-family: Calibri\">1<\/span><\/td>\n<td align=\"center\"><span style=\"font-family: Calibri\">0<\/span><\/td>\n<td align=\"center\"><span style=\"font-family: Calibri\">0<\/span><\/td>\n<td align=\"center\"><span style=\"font-family: Calibri\">0<\/span><\/td>\n<td align=\"center\"><span style=\"font-family: Calibri\">0<\/span><\/td>\n<td align=\"left\"><span style=\"font-family: Calibri\">DEPARTAMENTO DE ENGENHARIA DE PRODU\u00c7\u00c3O E SISTEMAS<\/span><\/td>\n<td align=\"left\"><a href=\"https:\/\/www.ufsm.br\/app\/uploads\/sites\/345\/2023\/07\/ALVARO-NEUENFELDT-JUNIOR.pdf\"><span style=\"font-family: Calibri\">Edital<\/span><\/a><\/td>\n<td align=\"left\"><a href=\"https:\/\/www.ufsm.br\/app\/uploads\/sites\/345\/2023\/07\/ALVARO-JUNIOR.pdf\"><span style=\"font-family: Calibri\">Resultado<\/span><\/a><\/td>\n<\/tr>\n<tr>\n<td align=\"left\" height=\"27\"><span style=\"font-family: Calibri\">CARMEN BRUM ROSA<\/span><\/td>\n<td align=\"center\" bgcolor=\"#CCCCFF\"><span style=\"font-family: Calibri\">1<\/span><\/td>\n<td align=\"center\" bgcolor=\"#CCFFCC\"><span style=\"font-family: Calibri\">1<\/span><\/td>\n<td align=\"center\"><span style=\"font-family: Calibri\">0<\/span><\/td>\n<td align=\"center\" valign=\"middle\" bgcolor=\"#CCCCFF\"><span style=\"color: #000000;font-family: Calibri\">1<\/span><\/td>\n<td align=\"center\" valign=\"middle\"><span style=\"color: #000000;font-family: Calibri\">0<\/span><\/td>\n<td align=\"left\"><span style=\"font-family: Calibri\">DEPARTAMENTO DE ENGENHARIA DE PRODU\u00c7\u00c3O E SISTEMAS<\/span><\/td>\n<td align=\"left\"><a href=\"https:\/\/www.ufsm.br\/app\/uploads\/sites\/345\/2023\/07\/CARMEN-BRUM-ROSA.pdf\"><span style=\"font-family: Calibri\">Edital<\/span><\/a><\/td>\n<td align=\"left\"><a href=\"https:\/\/www.ufsm.br\/app\/uploads\/sites\/345\/2023\/07\/CARMEN-ROSA.pdf\"><span style=\"font-family: Calibri\">Resultado<\/span><\/a><\/td>\n<\/tr>\n<tr>\n<td align=\"left\" height=\"27\"><span style=\"font-family: Calibri\">JULIO CEZAR MAIRESSE SILUK<\/span><\/td>\n<td align=\"center\" bgcolor=\"#CCCCFF\"><span style=\"font-family: Calibri\">1<\/span><\/td>\n<td align=\"center\" bgcolor=\"#CCFFCC\"><span style=\"font-family: Calibri\">1<\/span><\/td>\n<td align=\"center\"><span style=\"font-family: Calibri\">0<\/span><\/td>\n<td align=\"center\" valign=\"middle\" bgcolor=\"#CCCCFF\"><span style=\"color: #000000;font-family: Calibri\">1<\/span><\/td>\n<td align=\"center\" valign=\"middle\" bgcolor=\"#CCFFCC\"><span style=\"color: #000000;font-family: Calibri\">1<\/span><\/td>\n<td align=\"left\"><span style=\"font-family: Calibri\">DEPARTAMENTO DE ENGENHARIA DE PRODU\u00c7\u00c3O E SISTEMAS<\/span><\/td>\n<td align=\"left\"><a href=\"https:\/\/www.ufsm.br\/app\/uploads\/sites\/345\/2023\/07\/JULIO-CEZAR-MAIRESSE-SILUK.pdf\"><span style=\"font-family: Calibri\">Edital<\/span><\/a><\/td>\n<td align=\"left\"><a href=\"https:\/\/www.ufsm.br\/app\/uploads\/sites\/345\/2023\/07\/JULIO-CEZAR-MAIRESSE-SILUK-1.pdf\"><span style=\"font-family: Calibri\">Resultado<\/span><\/a><\/td>\n<\/tr>\n<tr>\n<td align=\"left\" height=\"27\"><span style=\"font-family: Calibri\">MAIKSON LUIZ PASSAIA TONATTO<\/span><\/td>\n<td align=\"center\" bgcolor=\"#CCCCFF\"><span style=\"font-family: Calibri\">1<\/span><\/td>\n<td align=\"center\"><span style=\"font-family: Calibri\">0<\/span><\/td>\n<td align=\"center\"><span style=\"font-family: Calibri\">0<\/span><\/td>\n<td align=\"center\"><span style=\"font-family: Calibri\">0<\/span><\/td>\n<td align=\"center\"><span style=\"font-family: Calibri\">0<\/span><\/td>\n<td align=\"left\"><span style=\"font-family: Calibri\">COORDENA\u00c7\u00c3O ACAD\u00caMICA &#8211; UFSM-CS<\/span><\/td>\n<td align=\"left\"><a href=\"https:\/\/www.ufsm.br\/app\/uploads\/sites\/345\/2023\/07\/MAIKSON-LUIZ-PASSAIA-TONATTO.pdf\"><span style=\"font-family: Calibri\">Edital<\/span><\/a><\/td>\n<td align=\"left\"><a href=\"https:\/\/www.ufsm.br\/app\/uploads\/sites\/345\/2023\/07\/MAIKSON-LUIZ-PASSAIA-TONATTO-1.pdf\"><span style=\"font-family: Calibri\">Resultado<\/span><\/a><\/td>\n<\/tr>\n<tr>\n<td rowspan=\"2\" align=\"left\" height=\"27\"><span style=\"font-family: Calibri\">MARIO EDUARDO SANTOS MARTINS<\/span><span style=\"font-family: Calibri\"><br \/><\/span><\/td>\n<td rowspan=\"2\" align=\"center\" bgcolor=\"#CCCCFF\">\n<p><span style=\"font-family: Calibri\">1<\/span><\/p>\n<\/td>\n<td rowspan=\"2\" align=\"center\" bgcolor=\"#CCFFCC\"><span style=\"font-family: Calibri\">1<\/span><span style=\"font-family: Calibri\"><br \/><\/span><\/td>\n<td rowspan=\"2\" align=\"center\"><span style=\"font-family: Calibri\">0<\/span><span style=\"font-family: Calibri\"><br \/><\/span><\/td>\n<td rowspan=\"2\" align=\"center\" valign=\"middle\" bgcolor=\"#CCCCFF\"><span style=\"color: #000000;font-family: Calibri\">1<\/span><span style=\"color: #000000;font-family: Calibri\"><br \/><\/span><\/td>\n<td rowspan=\"2\" align=\"center\" valign=\"middle\" bgcolor=\"#CCFFCC\"><span style=\"color: #000000;font-family: Calibri\">1<\/span><span style=\"color: #000000;font-family: Calibri\"><br \/><\/span><\/td>\n<td rowspan=\"2\" align=\"left\"><span style=\"font-family: Calibri\">DEPARTAMENTO DE ENGENHARIA MEC\u00c2NICA<\/span><span style=\"font-family: Calibri\"><br \/><\/span><\/td>\n<td align=\"left\"><a href=\"https:\/\/www.ufsm.br\/app\/uploads\/sites\/345\/2023\/07\/MARIO-EDUARDO-DOS-SANTOS-MARTINS_IC-1.pdf\">Edital_IC<\/a><\/td>\n<td rowspan=\"2\" align=\"left\"><a href=\"https:\/\/www.ufsm.br\/app\/uploads\/sites\/345\/2023\/07\/MARIO-EDUARDO-DOS-SANTOS-MARTINS.pdf\">Resultado<\/a><\/td>\n<\/tr>\n<tr>\n<td><a href=\"https:\/\/www.ufsm.br\/app\/uploads\/sites\/345\/2023\/07\/MARIO-EDUARDO-DOS-SANTOS-MARTINS_ITI-1.pdf\"><span style=\"font-family: Calibri\">Edital_IT<\/span><\/a><\/td>\n<\/tr>\n<tr>\n<td align=\"left\" height=\"27\"><span style=\"font-family: Calibri\">NAT\u00c1LIA DE FREITAS DAUDT<\/span><\/td>\n<td align=\"center\"><span style=\"font-family: Calibri\">0<\/span><\/td>\n<td align=\"center\"><span style=\"font-family: Calibri\">0<\/span><\/td>\n<td align=\"center\"><span style=\"font-family: Calibri\">0<\/span><\/td>\n<td align=\"center\" valign=\"middle\" bgcolor=\"#CCCCFF\"><span style=\"color: #000000;font-family: Calibri\">1<\/span><\/td>\n<td align=\"center\" valign=\"middle\"><span style=\"color: #000000;font-family: Calibri\">0<\/span><\/td>\n<td align=\"left\"><span style=\"font-family: Calibri\">DEPARTAMENTO DE ENGENHARIA MEC\u00c2NICA<\/span><\/td>\n<td align=\"left\"><a href=\"https:\/\/www.ufsm.br\/app\/uploads\/sites\/345\/2023\/07\/NATALIA-DE-FREITAS-DAUDT.pdf\"><span style=\"font-family: Calibri\">Edital<\/span><\/a><\/td>\n<td align=\"left\"><span style=\"font-family: Calibri\">Encerrado<\/span><\/td>\n<\/tr>\n<tr>\n<td rowspan=\"2\" align=\"left\" height=\"27\"><span style=\"font-family: Calibri\">THOMPSON DI\u00d3RDINIS METZKA LANZANOVA<\/span><span style=\"font-family: Calibri\"><br \/><\/span><\/td>\n<td rowspan=\"2\" align=\"center\" bgcolor=\"#CCCCFF\"><span style=\"font-family: Calibri\">1<\/span><span style=\"font-family: Calibri\"><br \/><\/span><\/td>\n<td rowspan=\"2\" align=\"center\" bgcolor=\"#CCFFCC\"><span style=\"font-family: Calibri\">1<\/span><span style=\"font-family: Calibri\"><br \/><\/span><\/td>\n<td rowspan=\"2\" align=\"center\"><span style=\"font-family: Calibri\">0<\/span><span style=\"font-family: Calibri\"><br \/><\/span><\/td>\n<td rowspan=\"2\" align=\"center\" valign=\"middle\" bgcolor=\"#CCCCFF\"><span style=\"color: #000000;font-family: Calibri\">1<\/span><span style=\"color: #000000;font-family: Calibri\"><br \/><\/span><\/td>\n<td rowspan=\"2\" align=\"center\" valign=\"middle\"><span style=\"color: #000000;font-family: Calibri\">0<\/span><span style=\"color: #000000;font-family: Calibri\"><br \/><\/span><\/td>\n<td rowspan=\"2\" align=\"left\"><span style=\"font-family: Calibri\">DEPARTAMENTO DE ENGENHARIA MEC\u00c2NICA<\/span><span style=\"font-family: Calibri\"><br \/><\/span><\/td>\n<td align=\"left\"><a href=\"https:\/\/www.ufsm.br\/app\/uploads\/sites\/345\/2023\/07\/THOMPSON-DIORDINIS-METZKA-LANZANOVA_IC.pdf\"><span style=\"font-family: Calibri\">Edital_IC<\/span><\/a><\/td>\n<td rowspan=\"2\" align=\"left\"><a href=\"https:\/\/www.ufsm.br\/app\/uploads\/sites\/345\/2023\/07\/Thompson.pdf\">Resultado<\/a><\/td>\n<\/tr>\n<tr>\n<td><a href=\"https:\/\/www.ufsm.br\/app\/uploads\/sites\/345\/2023\/07\/THOMPSON-DIORDINIS-METZKA-LANZANOVA_IT.pdf\"><span style=\"font-family: Calibri\">Edital_IT<\/span><\/a><\/td>\n<\/tr>\n<\/tbody>\n<\/table>\n","protected":false},"excerpt":{"rendered":"<p>Coordenador IC UNIFICADO PIBIC AF ITI UNIFICADO Nome da Unidade Link Edital Status PIBIC PROBIC PIBITI PROBITI ADRIANO MENDONCA SOUZA 1 0 1 0 0 DEPARTAMENTO DE ESTAT\u00cdSTICA Edital Resultado ALVARO LUIZ NEUENFELDT J\u00daNIOR 1 0 0 0 0 DEPARTAMENTO DE ENGENHARIA DE PRODU\u00c7\u00c3O E SISTEMAS Edital Resultado CARMEN BRUM ROSA 1 1 0 1 [&hellip;]<\/p>\n","protected":false},"author":743,"featured_media":0,"parent":0,"menu_order":0,"comment_status":"closed","ping_status":"closed","template":"","meta":{"footnotes":""},"categories":[],"tags":[],"class_list":["post-13981","page","type-page","status-publish","hentry"],"acf":[],"_links":{"self":[{"href":"https:\/\/www.ufsm.br\/pro-reitorias\/prpgp\/wp-json\/wp\/v2\/pages\/13981","targetHints":{"allow":["GET"]}}],"collection":[{"href":"https:\/\/www.ufsm.br\/pro-reitorias\/prpgp\/wp-json\/wp\/v2\/pages"}],"about":[{"href":"https:\/\/www.ufsm.br\/pro-reitorias\/prpgp\/wp-json\/wp\/v2\/types\/page"}],"author":[{"embeddable":true,"href":"https:\/\/www.ufsm.br\/pro-reitorias\/prpgp\/wp-json\/wp\/v2\/users\/743"}],"replies":[{"embeddable":true,"href":"https:\/\/www.ufsm.br\/pro-reitorias\/prpgp\/wp-json\/wp\/v2\/comments?post=13981"}],"version-history":[{"count":0,"href":"https:\/\/www.ufsm.br\/pro-reitorias\/prpgp\/wp-json\/wp\/v2\/pages\/13981\/revisions"}],"wp:attachment":[{"href":"https:\/\/www.ufsm.br\/pro-reitorias\/prpgp\/wp-json\/wp\/v2\/media?parent=13981"}],"wp:term":[{"taxonomy":"category","embeddable":true,"href":"https:\/\/www.ufsm.br\/pro-reitorias\/prpgp\/wp-json\/wp\/v2\/categories?post=13981"},{"taxonomy":"post_tag","embeddable":true,"href":"https:\/\/www.ufsm.br\/pro-reitorias\/prpgp\/wp-json\/wp\/v2\/tags?post=13981"}],"curies":[{"name":"wp","href":"https:\/\/api.w.org\/{rel}","templated":true}]}}