{"id":13988,"date":"2023-07-02T22:44:38","date_gmt":"2023-07-03T01:44:38","guid":{"rendered":"https:\/\/www.ufsm.br\/pro-reitorias\/prpgp\/?page_id=13988"},"modified":"2023-07-19T16:12:35","modified_gmt":"2023-07-19T19:12:35","slug":"historia-escolha-um-edital","status":"publish","type":"page","link":"https:\/\/www.ufsm.br\/pro-reitorias\/prpgp\/historia-escolha-um-edital","title":{"rendered":"HIST\u00d3RIA (Escolha um edital)"},"content":{"rendered":"\n<table border=\"0\" cellspacing=\"0\"><colgroup width=\"229\"><\/colgroup> <colgroup width=\"42\"><\/colgroup> <colgroup width=\"58\"><\/colgroup> <colgroup width=\"50\"><\/colgroup> <colgroup width=\"44\"><\/colgroup> <colgroup width=\"58\"><\/colgroup> <colgroup width=\"319\"><\/colgroup> <colgroup width=\"85\"><\/colgroup> <colgroup width=\"91\"><\/colgroup>\n<tbody>\n<tr>\n<td rowspan=\"2\" align=\"center\" valign=\"middle\" height=\"43\"><b><span style=\"color: #000000;font-family: SansSerif\">Coordenador<\/span><\/b><\/td>\n<td colspan=\"2\" align=\"center\" valign=\"middle\" bgcolor=\"#FFCC00\"><b><span style=\"color: #000000;font-family: SansSerif\">IC UNIFICADO<\/span><\/b><\/td>\n<td rowspan=\"2\" align=\"center\" valign=\"middle\" bgcolor=\"#FFFF00\"><b><span style=\"color: #000000;font-family: SansSerif\">PIBIC AF<\/span><\/b><\/td>\n<td colspan=\"2\" align=\"center\" valign=\"middle\" bgcolor=\"#FFCC00\"><b><span style=\"color: #000000;font-family: SansSerif\">ITI UNIFICADO<\/span><\/b><\/td>\n<td rowspan=\"2\" align=\"center\" valign=\"middle\" bgcolor=\"#FFFF00\"><b><span style=\"color: #000000;font-family: SansSerif\">Nome da Unidade<\/span><\/b><\/td>\n<td rowspan=\"2\" align=\"center\" valign=\"middle\" bgcolor=\"#FFFF00\"><b><span style=\"color: #000000;font-family: SansSerif\">Link Edital<\/span><\/b><\/td>\n<td rowspan=\"2\" align=\"center\" valign=\"middle\" bgcolor=\"#FFFF00\"><b><span style=\"color: #000000;font-family: SansSerif\">Status<\/span><\/b><\/td>\n<\/tr>\n<tr>\n<td align=\"center\" valign=\"middle\" bgcolor=\"#CCCCFF\"><b><span style=\"color: #000000;font-family: SansSerif\">PIBIC<\/span><\/b><\/td>\n<td align=\"center\" valign=\"middle\" bgcolor=\"#CCFFCC\"><b><span style=\"color: #000000;font-family: SansSerif\">PROBIC<\/span><\/b><\/td>\n<td align=\"center\" valign=\"middle\" bgcolor=\"#CCCCFF\"><b><span style=\"color: #000000;font-family: SansSerif\">PIBITI<\/span><\/b><\/td>\n<td align=\"center\" valign=\"middle\" bgcolor=\"#CCFFCC\"><b><span style=\"color: #000000;font-family: SansSerif\">PROBITI<\/span><\/b><\/td>\n<\/tr>\n<tr>\n<td align=\"left\" height=\"27\"><span style=\"font-family: Calibri\">JO\u00c3O MANUEL CASQUINHA MALAIA SANTOS<\/span><\/td>\n<td align=\"center\" bgcolor=\"#CCCCFF\"><span style=\"font-family: Calibri\">1<\/span><\/td>\n<td align=\"center\" bgcolor=\"#CCFFCC\"><span style=\"font-family: Calibri\">1<\/span><\/td>\n<td align=\"center\"><span style=\"font-family: Calibri\">0<\/span><\/td>\n<td align=\"center\"><span style=\"font-family: Calibri\">0<\/span><\/td>\n<td align=\"center\"><span style=\"font-family: Calibri\">0<\/span><\/td>\n<td align=\"left\"><span style=\"font-family: Calibri\">DEPARTAMENTO DE HIST\u00d3RIA<\/span><\/td>\n<td align=\"left\"><a href=\"https:\/\/www.ufsm.br\/app\/uploads\/sites\/345\/2023\/07\/JOAO-MANUEL-CASQUINHA-MALAIA-SANTOS.pdf\"><span style=\"font-family: Calibri\">Edital<\/span><\/a><\/td>\n<td align=\"left\"><a href=\"https:\/\/www.ufsm.br\/app\/uploads\/sites\/345\/2023\/07\/JOAO-CASQUINHA.pdf\"><span style=\"font-family: Calibri\">Res. Preliminar<\/span><\/a><\/td>\n<\/tr>\n<tr>\n<td align=\"left\" height=\"27\"><span style=\"font-family: Calibri\">MARIA MEDIANEIRA PADOIN<\/span><\/td>\n<td align=\"center\" bgcolor=\"#CCCCFF\"><span style=\"font-family: Calibri\">1<\/span><\/td>\n<td align=\"center\" bgcolor=\"#CCFFCC\"><span style=\"font-family: Calibri\">1<\/span><\/td>\n<td align=\"center\"><span style=\"font-family: Calibri\">0<\/span><\/td>\n<td align=\"center\"><span style=\"font-family: Calibri\">0<\/span><\/td>\n<td align=\"center\"><span style=\"font-family: Calibri\">0<\/span><\/td>\n<td align=\"left\"><span style=\"font-family: Calibri\">DEPARTAMENTO DE HIST\u00d3RIA<\/span><\/td>\n<td align=\"left\"><a href=\"https:\/\/www.ufsm.br\/app\/uploads\/sites\/345\/2023\/07\/MARIA-MEDIANEIRA-PADOIN.pdf\">Edital<\/a><\/td>\n<td align=\"left\"><a href=\"https:\/\/www.ufsm.br\/app\/uploads\/sites\/345\/2023\/07\/MARIA-MEDIANEIRA-PADOIN-1.pdf\"><span style=\"font-family: Calibri\">Resultado<\/span><\/a><\/td>\n<\/tr>\n<tr>\n<td align=\"left\" height=\"27\"><span style=\"font-family: Calibri\">MARIANA FLORES DA CUNHA THOMPSON FLORES<\/span><\/td>\n<td align=\"center\" bgcolor=\"#CCCCFF\"><span style=\"font-family: Calibri\">1<\/span><\/td>\n<td align=\"center\"><span style=\"font-family: Calibri\">0<\/span><\/td>\n<td align=\"center\"><span style=\"font-family: Calibri\">0<\/span><\/td>\n<td align=\"center\"><span style=\"font-family: Calibri\">0<\/span><\/td>\n<td align=\"center\"><span style=\"font-family: Calibri\">0<\/span><\/td>\n<td align=\"left\"><span style=\"font-family: Calibri\">DEPARTAMENTO DE HIST\u00d3RIA<\/span><\/td>\n<td align=\"left\"><a href=\"https:\/\/www.ufsm.br\/app\/uploads\/sites\/345\/2023\/07\/MARIANA-FLORES-DA-CUNHA-THOMPSON-FLORES.pdf\">Edital<\/a><\/td>\n<td align=\"left\"><a href=\"https:\/\/www.ufsm.br\/app\/uploads\/sites\/345\/2023\/07\/Mariana-Thompson-Flores-Resultado-IC-Pibic.pdf\">Resultado<\/a><\/td>\n<\/tr>\n<\/tbody>\n<\/table>\n","protected":false},"excerpt":{"rendered":"<p>Coordenador IC UNIFICADO PIBIC AF ITI UNIFICADO Nome da Unidade Link Edital Status PIBIC PROBIC PIBITI PROBITI JO\u00c3O MANUEL CASQUINHA MALAIA SANTOS 1 1 0 0 0 DEPARTAMENTO DE HIST\u00d3RIA Edital Res. Preliminar MARIA MEDIANEIRA PADOIN 1 1 0 0 0 DEPARTAMENTO DE HIST\u00d3RIA Edital Resultado MARIANA FLORES DA CUNHA THOMPSON FLORES 1 0 0 [&hellip;]<\/p>\n","protected":false},"author":743,"featured_media":0,"parent":0,"menu_order":0,"comment_status":"closed","ping_status":"closed","template":"","meta":{"footnotes":""},"categories":[],"tags":[],"class_list":["post-13988","page","type-page","status-publish","hentry"],"acf":[],"_links":{"self":[{"href":"https:\/\/www.ufsm.br\/pro-reitorias\/prpgp\/wp-json\/wp\/v2\/pages\/13988","targetHints":{"allow":["GET"]}}],"collection":[{"href":"https:\/\/www.ufsm.br\/pro-reitorias\/prpgp\/wp-json\/wp\/v2\/pages"}],"about":[{"href":"https:\/\/www.ufsm.br\/pro-reitorias\/prpgp\/wp-json\/wp\/v2\/types\/page"}],"author":[{"embeddable":true,"href":"https:\/\/www.ufsm.br\/pro-reitorias\/prpgp\/wp-json\/wp\/v2\/users\/743"}],"replies":[{"embeddable":true,"href":"https:\/\/www.ufsm.br\/pro-reitorias\/prpgp\/wp-json\/wp\/v2\/comments?post=13988"}],"version-history":[{"count":0,"href":"https:\/\/www.ufsm.br\/pro-reitorias\/prpgp\/wp-json\/wp\/v2\/pages\/13988\/revisions"}],"wp:attachment":[{"href":"https:\/\/www.ufsm.br\/pro-reitorias\/prpgp\/wp-json\/wp\/v2\/media?parent=13988"}],"wp:term":[{"taxonomy":"category","embeddable":true,"href":"https:\/\/www.ufsm.br\/pro-reitorias\/prpgp\/wp-json\/wp\/v2\/categories?post=13988"},{"taxonomy":"post_tag","embeddable":true,"href":"https:\/\/www.ufsm.br\/pro-reitorias\/prpgp\/wp-json\/wp\/v2\/tags?post=13988"}],"curies":[{"name":"wp","href":"https:\/\/api.w.org\/{rel}","templated":true}]}}