{"id":15,"date":"2018-04-03T08:21:39","date_gmt":"2018-04-03T11:21:39","guid":{"rendered":"https:\/\/www.ufsm.br\/pro-reitorias\/prpgp\/?page_id=15"},"modified":"2026-04-06T10:18:12","modified_gmt":"2026-04-06T13:18:12","slug":"comite-assessor","status":"publish","type":"page","link":"https:\/\/www.ufsm.br\/pro-reitorias\/prpgp\/comite-assessor","title":{"rendered":"Comit\u00ea Assessor"},"content":{"rendered":"\n<p>O <strong>Comit\u00ea Assessor da<\/strong> <strong>Pr\u00f3-reitoria de P\u00f3s-gradua\u00e7\u00e3o e Pesquisa (CA-PRPGP)<\/strong>, estabelecido pela <a href=\"https:\/\/portal.ufsm.br\/documentos\/publico\/documento.html?id=14421924\">Resolu\u00e7\u00e3o UFSM N. 104\/2022<\/a>, \u00e9 \u00f3rg\u00e3o colegiado de car\u00e1ter consultivo, vinculado \u00e0 PRPGP. <\/p>\n\n\n\n<p><strong>S\u00e3o compet\u00eancias do Comit\u00ea Assessor:<\/strong><\/p>\n\n\n\n<p>I \u2013 propor pol\u00edticas de p\u00f3s-gradua\u00e7\u00e3o, levando-se em conta o pluralismo e a autonomia existente nos cursos e programas de p\u00f3s-gradua\u00e7\u00e3o da Universidade Federal de Santa Maria;<\/p>\n\n\n\n<p>II \u2013 realizar a avalia\u00e7\u00e3o e sele\u00e7\u00e3o de propostas de Apresenta\u00e7\u00e3o de Propostas para Cursos Novos (APCN) novos cursos de p\u00f3s-gradua\u00e7\u00e3o Stricto Sensu no \u00e2mbito da Institui\u00e7\u00e3o, disponibilizado atrav\u00e9s de chamadas Internas da Pr\u00f3-reitoria de P\u00f3s-gradua\u00e7\u00e3o e Pesquisa, em conformidade com o calend\u00e1rio da Coordena\u00e7\u00e3o de Aperfei\u00e7oamento de Pessoal de N\u00edvel Superior (CAPES);<\/p>\n\n\n\n<p>III \u2013 apreciar os Projetos Pedag\u00f3gicos de Cursos Lato Sensu em rela\u00e7\u00e3o ao m\u00e9rito e \u00e0 viabilidade t\u00e9cnica e financeira;<\/p>\n\n\n\n<p>IV \u2013 realizar a avalia\u00e7\u00e3o de propostas de professor visitante nacional e\/ou estrangeiro dos programas de p\u00f3s-gradua\u00e7\u00e3o da UFSM, atrav\u00e9s de chamadas internas da PRPGP, atendendo \u00e0s normativas vigentes que regulamentam o procedimento de contrata\u00e7\u00e3o por tempo determinado de professor visitante e professor visitante estrangeiro na Universidade Federal de Santa Maria (UFSM);<\/p>\n\n\n\n<p>V \u2013 outras demandas espec\u00edficas da p\u00f3s-gradua\u00e7\u00e3o e que necessitem de avalia\u00e7\u00e3o do Comit\u00ea Assessor da Pr\u00f3-reitoria de P\u00f3s-gradua\u00e7\u00e3o e Pesquisa (CA-PRPGP); e,<\/p>\n\n\n\n<p>VI \u2013 emitir pareceres acerca das demandas de avalia\u00e7\u00e3o e sele\u00e7\u00e3o diversas envolvendo a p\u00f3s-gradua\u00e7\u00e3o.<\/p>\n\n\n\n<p><strong>Composi\u00e7\u00e3o do Comit\u00ea Assessor da PRPGP (2024-2025)<\/strong><\/p>\n\n\n\n<figure class=\"wp-block-table\"><table><tbody><tr><td class=\"has-text-align-center\" data-align=\"center\">F\u00e1bio Andrei Duarte<\/td><td class=\"has-text-align-center\" data-align=\"center\"><strong>Presidente do Comit\u00ea<\/strong><\/td><\/tr><tr><td class=\"has-text-align-center\" data-align=\"center\">Tatiana Emanuelli<\/td><td class=\"has-text-align-center\" data-align=\"center\"><strong>Representante da PRPGP<\/strong> <strong>e Presidente substituta<\/strong><\/td><\/tr><tr><td class=\"has-text-align-center\" data-align=\"center\">Daniel Reis Pl\u00e1<br>Fl\u00e1vio de Campos Braga (suplente)<\/td><td class=\"has-text-align-center\" data-align=\"center\"><strong>Representante do CAL<\/strong><br>PPG Artes da Cena<\/td><\/tr><tr><td class=\"has-text-align-center\" data-align=\"center\">Lizandra Jaqueline Robe<br>Atila Augusto Stock da Rosa\u00a0(suplente)<\/td><td class=\"has-text-align-center\" data-align=\"center\"><strong>Representante do CCNE<\/strong> <br>PPG Biodiversidade Animal<\/td><\/tr><tr><td class=\"has-text-align-center\" data-align=\"center\">Diego Nicolau Follmann<br>Vanderlei Both (suplente)<\/td><td class=\"has-text-align-center\" data-align=\"center\"><strong>Representante do CCR<\/strong><br>PPG Agronomia<\/td><\/tr><tr><td class=\"has-text-align-center\" data-align=\"center\">Roselei Fachinetto<br>Nat\u00e1lia Brucker (suplente)<\/td><td class=\"has-text-align-center\" data-align=\"center\"><strong>Representante do CCS<\/strong> <br>PPG Ci\u00eancias Biol\u00f3gicas: Farmacologia<\/td><\/tr><tr><td class=\"has-text-align-center\" data-align=\"center\">Sibele Vasconcelos de Oliveira<br>Ednalva Felix das Neves (suplente)<\/td><td class=\"has-text-align-center\" data-align=\"center\"><strong>Representante do CCSH<\/strong> <br>PPG Economia e Desenvolvimento<\/td><\/tr><tr><td class=\"has-text-align-center\" data-align=\"center\">Fabiane Romano de Souza Bridi<br>Cadidja Coutinho (suplente)<\/td><td class=\"has-text-align-center\" data-align=\"center\"><strong>Representante do CE<\/strong> <br>PPG Educa\u00e7\u00e3o<\/td><\/tr><tr><td class=\"has-text-align-center\" data-align=\"center\">F\u00e1bio Juner Lanferdini <br>&#8211; (suplente)<\/td><td class=\"has-text-align-center\" data-align=\"center\"><strong>Representante do CEFD<\/strong> <br>PPG Ci\u00eancias do Movimento e Reabilita\u00e7\u00e3o<\/td><\/tr><tr><td class=\"has-text-align-center\" data-align=\"center\">Alvaro Luiz Neuenfeldt Junior<br>Paula Donaduzzi Rigo (suplente)<\/td><td class=\"has-text-align-center\" data-align=\"center\"><strong>Representante do CT<\/strong> <br>PPG Engenharia de Produ\u00e7\u00e3o<\/td><\/tr><tr><td class=\"has-text-align-center\" data-align=\"center\">Telmo Jorge Carneiro Amado <br>L\u00facio de Paula Amaral (suplente)<\/td><td class=\"has-text-align-center\" data-align=\"center\"><strong>Representante do Col\u00e9gio Polit\u00e9cnico<\/strong> <br>PPG Agricultura de Precis\u00e3o<\/td><\/tr><tr><td class=\"has-text-align-center\" data-align=\"center\">Mariglei Severo Maraschin <br>Rogerio Correa Turchetti (suplente)<\/td><td class=\"has-text-align-center\" data-align=\"center\"><strong>Representante do CTISM<\/strong> <br>PPG Educa\u00e7\u00e3o Profissional e Tecnol\u00f3gica<\/td><\/tr><tr><td class=\"has-text-align-center\" data-align=\"center\">Willian Fernando de Borba <br>Pedro Daniel da Cunha Kemerich (suplente)<\/td><td class=\"has-text-align-center\" data-align=\"center\"><strong>Representante do Campus Frederico Westphalen<\/strong> <br>PPG Ci\u00eancia e Tecnologia Ambiental<\/td><\/tr><tr><td class=\"has-text-align-center\" data-align=\"center\">Nelson Guilherme Machado Pinto<br>Cristian Faturi (suplente)<\/td><td class=\"has-text-align-center\" data-align=\"center\"><strong>Representante do Campus Palmeira das Miss\u00f5es<\/strong> <br>PPG Agroneg\u00f3cios<\/td><\/tr><tr><td class=\"has-text-align-center\" data-align=\"center\">Wellington Felipe Hack<br> \u00c2nthony Scapin Eichner (suplente)<\/td><td class=\"has-text-align-center\" data-align=\"center\"><strong>Representante dos acad\u00eamicos de P\u00f3s-Gradua\u00e7\u00e3o<\/strong><\/td><\/tr><\/tbody><\/table><figcaption class=\"wp-element-caption\">Conforme <a href=\"https:\/\/portal.ufsm.br\/documentos\/publico\/documento.html?id=15774833\">Portaria de Pessoal UFSM N. 671\/2026<\/a> e respectivas apostilas.<\/figcaption><\/figure>\n\n\n\n<p><strong>Atas de reuni\u00f5es do CA-PRPGP<\/strong><\/p>\n\n\n\n<h6><a href=\"https:\/\/portal.ufsm.br\/documentos\/publico\/documento.html?id=13717076\">Ata da 3\u00aa sess\u00e3o do Comit\u00ea Assessor da PRPGP-UFSM<\/a><\/h6>\n<h6><a href=\"https:\/\/portal.ufsm.br\/documentos\/publico\/documento.html?id=13789795\">Ata da 5\u00aa sess\u00e3o do Comit\u00ea Assessor da PRPGP-UFSM<\/a><\/h6>\n<h6 class=\"wp-block-heading\"><a href=\"https:\/\/portal.ufsm.br\/documentos\/publico\/documento.html?id=13745201\">Ata da 6\u00aa sess\u00e3o do Comit\u00ea Assessor da PRPGP-UFSM<\/a><\/h6>\n<h6 class=\"wp-block-heading\"><a href=\"https:\/\/portal.ufsm.br\/documentos\/publico\/documento.html?id=14722187\">Ata da 7\u00aa sess\u00e3o do Comit\u00ea Assessor da PRPGP-UFSM<\/a><\/h6>\n<h6><a href=\"https:\/\/portal.ufsm.br\/documentos\/publico\/documento.html?id=14506975\">Ata da 8\u00aa sess\u00e3o do Comit\u00ea Assessor da PRPGP-UFSM<\/a><\/h6>\n<h6><a href=\"https:\/\/portal.ufsm.br\/documentos\/publico\/documento.html?id=14722129\">Ata da 10\u00aa sess\u00e3o do Comit\u00ea Assessor da PRPGP-UFSM<\/a><\/h6>\n<h6><a href=\"https:\/\/portal.ufsm.br\/documentos\/publico\/documento.html?id=14506964\">Ata da 12\u00aa sess\u00e3o do Comit\u00ea Assessor da PRPGP-UFSM<\/a><\/h6>\n<h6><a href=\"https:\/\/portal.ufsm.br\/documentos\/publico\/documento.html?id=14506943\">Ata da 13\u00aa sess\u00e3o do Comit\u00ea Assessor da PRPGP-UFSM<\/a><\/h6>\n<h6><a href=\"https:\/\/portal.ufsm.br\/documentos\/publico\/documento.html?id=14515057\">Ata da 14\u00aa sess\u00e3o do Comit\u00ea Assessor da PRPGP-UFSM<\/a><\/h6>\n<h6><a href=\"https:\/\/portal.ufsm.br\/documentos\/publico\/documento.html?id=14515044\">Ata da 15\u00aa sess\u00e3o do Comit\u00ea Assessor da PRPGP-UFSM<\/a><\/h6>\n<h6><a href=\"https:\/\/portal.ufsm.br\/documentos\/publico\/documento.html?id=14597297\">Ata da 19\u00aa sess\u00e3o do Comit\u00ea Assessor da PRPGP-UFSM<\/a><\/h6>\n<h6><a href=\"https:\/\/portal.ufsm.br\/documentos\/publico\/documento.html?id=14606910\">Ata da 20\u00aa sess\u00e3o do Comit\u00ea Assessor da PRPGP-UFSM<\/a><\/h6>\n<h6><a href=\"https:\/\/portal.ufsm.br\/documentos\/publico\/documento.html?id=14630773\">Ata da 21\u00aa sess\u00e3o do Comit\u00ea Assessor da PRPGP-UFSM<\/a><\/h6>\n<h6><a href=\"https:\/\/portal.ufsm.br\/documentos\/publico\/documento.html?id=14640000\">Ata da 22\u00aa sess\u00e3o do Comit\u00ea Assessor da PRPGP-UFSM<\/a><\/h6>\n<h6><a href=\"https:\/\/portal.ufsm.br\/documentos\/publico\/documento.html?id=14688746\">Ata da 23\u00aa sess\u00e3o do Comit\u00ea Assessor da PRPGP-UFSM<\/a><\/h6>\n<h6><a href=\"https:\/\/portal.ufsm.br\/documentos\/publico\/documento.html?id=14691811\">Ata da 24\u00aa sess\u00e3o do Comit\u00ea Assessor da PRPGP-UFSM<\/a><\/h6>\n<h6><a href=\"https:\/\/portal.ufsm.br\/documentos\/publico\/documento.html?id=14869788\">Ata da 25\u00aa sess\u00e3o do Comit\u00ea Assessor da PRPGP-UFSM<\/a><\/h6>\n<h6><a href=\"https:\/\/portal.ufsm.br\/documentos\/publico\/documento.html?id=14978782\">Ata da 26\u00aa sess\u00e3o do Comit\u00ea Assessor da PRPGP-UFSM<\/a><\/h6>\n<h6><a href=\"https:\/\/portal.ufsm.br\/documentos\/publico\/documento.html?id=15080636\">Ata da 27\u00aa sess\u00e3o do Comit\u00ea Assessor da PRPGP-UFSM<\/a><\/h6>\n<h6><a href=\"https:\/\/portal.ufsm.br\/documentos\/publico\/documento.html?id=15102539\">Ata da 28\u00aa sess\u00e3o do Comit\u00ea Assessor da PRPGP-UFSM<\/a><\/h6>\n<h6><a href=\"https:\/\/portal.ufsm.br\/documentos\/publico\/documento.html?id=15240724\">Ata da 29\u00aa sess\u00e3o do Comit\u00ea Assessor da PRPGP-UFSM<\/a><\/h6>\n<h6><a href=\"https:\/\/portal.ufsm.br\/documentos\/publico\/documento.html?id=15317074\">Ata da 30\u00aa sess\u00e3o do Comit\u00ea Assessor da PRPGP-UFSM<\/a><\/h6>\n<h6><a href=\"https:\/\/portal.ufsm.br\/documentos\/publico\/documento.html?id=15395510\">Ata da 31\u00aa sess\u00e3o do Comit\u00ea Assessor da PRPGP-UFSM<\/a><\/h6>\n<h6><a href=\"https:\/\/portal.ufsm.br\/documentos\/publico\/documento.html?id=15395525\">Ata da 32\u00aa sess\u00e3o do Comit\u00ea Assessor da PRPGP-UFSM<\/a><\/h6>\n<h6><a href=\"https:\/\/portal.ufsm.br\/documentos\/publico\/documento.html?id=15425907\">Ata da 33\u00aa sess\u00e3o do Comit\u00ea Assessor da PRPGP-UFSM<\/a><\/h6>\n<h6><a href=\"https:\/\/portal.ufsm.br\/documentos\/publico\/documento.html?id=15434651\">Ata da 35\u00aa sess\u00e3o do Comit\u00ea Assessor da PRPGP-UFSM<\/a><\/h6>\n<h6><a href=\"https:\/\/portal.ufsm.br\/documentos\/publico\/documento.html?id=15509314\">Ata da 36\u00aa sess\u00e3o do Comit\u00ea Assessor da PRPGP-UFSM<\/a><\/h6>\n<h6><a href=\"https:\/\/portal.ufsm.br\/documentos\/publico\/documento.html?id=15653285\">Ata da 37\u00aa sess\u00e3o do Comit\u00ea Assessor da PRPGP-UFSM<\/a><\/h6>\n\n\n\n\n","protected":false},"excerpt":{"rendered":"<p>O Comit\u00ea Assessor da Pr\u00f3-reitoria de P\u00f3s-gradua\u00e7\u00e3o e Pesquisa (CA-PRPGP), estabelecido pela Resolu\u00e7\u00e3o UFSM N. 104\/2022, \u00e9 \u00f3rg\u00e3o colegiado de car\u00e1ter consultivo, vinculado \u00e0 PRPGP. S\u00e3o compet\u00eancias do Comit\u00ea Assessor: I \u2013 propor pol\u00edticas de p\u00f3s-gradua\u00e7\u00e3o, levando-se em conta o pluralismo e a autonomia existente nos cursos e programas de p\u00f3s-gradua\u00e7\u00e3o da Universidade Federal de [&hellip;]<\/p>\n","protected":false},"author":74,"featured_media":0,"parent":0,"menu_order":0,"comment_status":"closed","ping_status":"closed","template":"","meta":{"footnotes":""},"categories":[],"tags":[],"class_list":["post-15","page","type-page","status-publish","hentry"],"acf":[],"_links":{"self":[{"href":"https:\/\/www.ufsm.br\/pro-reitorias\/prpgp\/wp-json\/wp\/v2\/pages\/15","targetHints":{"allow":["GET"]}}],"collection":[{"href":"https:\/\/www.ufsm.br\/pro-reitorias\/prpgp\/wp-json\/wp\/v2\/pages"}],"about":[{"href":"https:\/\/www.ufsm.br\/pro-reitorias\/prpgp\/wp-json\/wp\/v2\/types\/page"}],"author":[{"embeddable":true,"href":"https:\/\/www.ufsm.br\/pro-reitorias\/prpgp\/wp-json\/wp\/v2\/users\/74"}],"replies":[{"embeddable":true,"href":"https:\/\/www.ufsm.br\/pro-reitorias\/prpgp\/wp-json\/wp\/v2\/comments?post=15"}],"version-history":[{"count":0,"href":"https:\/\/www.ufsm.br\/pro-reitorias\/prpgp\/wp-json\/wp\/v2\/pages\/15\/revisions"}],"wp:attachment":[{"href":"https:\/\/www.ufsm.br\/pro-reitorias\/prpgp\/wp-json\/wp\/v2\/media?parent=15"}],"wp:term":[{"taxonomy":"category","embeddable":true,"href":"https:\/\/www.ufsm.br\/pro-reitorias\/prpgp\/wp-json\/wp\/v2\/categories?post=15"},{"taxonomy":"post_tag","embeddable":true,"href":"https:\/\/www.ufsm.br\/pro-reitorias\/prpgp\/wp-json\/wp\/v2\/tags?post=15"}],"curies":[{"name":"wp","href":"https:\/\/api.w.org\/{rel}","templated":true}]}}