{"id":15359,"date":"2023-11-10T09:04:46","date_gmt":"2023-11-10T12:04:46","guid":{"rendered":"https:\/\/www.ufsm.br\/pro-reitorias\/prpgp\/?page_id=15359"},"modified":"2026-03-17T13:12:06","modified_gmt":"2026-03-17T16:12:06","slug":"programa-de-doutorado-sanduiche-no-exterior-pdse","status":"publish","type":"page","link":"https:\/\/www.ufsm.br\/pro-reitorias\/prpgp\/programa-de-doutorado-sanduiche-no-exterior-pdse","title":{"rendered":"Programa de Doutorado Sandu\u00edche no Exterior (PDSE)"},"content":{"rendered":"\t\t<div data-elementor-type=\"wp-page\" data-elementor-id=\"15359\" class=\"elementor elementor-15359\">\n\t\t\t\t\t\t<section class=\"elementor-section elementor-top-section elementor-element elementor-element-b9589ab elementor-section-boxed elementor-section-height-default elementor-section-height-default\" data-id=\"b9589ab\" data-element_type=\"section\">\n\t\t\t\t\t\t<div class=\"elementor-container elementor-column-gap-default\">\n\t\t\t\t\t<div class=\"elementor-column elementor-col-100 elementor-top-column elementor-element elementor-element-da4c797\" data-id=\"da4c797\" data-element_type=\"column\">\n\t\t\t<div class=\"elementor-widget-wrap elementor-element-populated\">\n\t\t\t\t\t\t<div class=\"elementor-element elementor-element-e902e39 elementor-widget__width-initial elementor-widget elementor-widget-text-editor\" data-id=\"e902e39\" data-element_type=\"widget\" data-widget_type=\"text-editor.default\">\n\t\t\t\t<div class=\"elementor-widget-container\">\n\t\t\t\t\t\t\t<p><span style=\"color: #555555;font-family: rawline, helvetica, arial, sans-serif;font-size: 16px\">O <a href=\"https:\/\/www.gov.br\/capes\/pt-br\/acesso-a-informacao\/acoes-e-programas\/bolsas\/bolsas-e-auxilios-internacionais\/encontre-aqui\/paises\/multinacional\/programa-de-doutorado-sanduiche-no-exterior-pdse\">Programa de Doutorado Sandu\u00edche no Exterior (PDSE)<\/a> possui o objetivo de apoiar a forma\u00e7\u00e3o de recursos humanos de alto n\u00edvel por meio da concess\u00e3o de bolsas de doutorado sandu\u00edche no exterior aos cursos de Doutorado reconhecidos pela CAPES. O est\u00e1gio no exterior deve contemplar, prioritariamente, a realiza\u00e7\u00e3o de pesquisas em \u00e1reas do conhecimento menos consolidadas no Brasil.<\/span><\/p>\t\t\t\t\t\t<\/div>\n\t\t\t\t<\/div>\n\t\t\t\t\t<\/div>\n\t\t<\/div>\n\t\t\t\t\t<\/div>\n\t\t<\/section>\n\t\t\t\t<section class=\"elementor-section elementor-top-section elementor-element elementor-element-6d2bb66 elementor-section-boxed elementor-section-height-default elementor-section-height-default\" data-id=\"6d2bb66\" data-element_type=\"section\">\n\t\t\t\t\t\t<div class=\"elementor-container elementor-column-gap-default\">\n\t\t\t\t\t<div class=\"elementor-column elementor-col-100 elementor-top-column elementor-element elementor-element-e337ac2\" data-id=\"e337ac2\" data-element_type=\"column\">\n\t\t\t<div class=\"elementor-widget-wrap elementor-element-populated\">\n\t\t\t\t\t\t<div class=\"elementor-element elementor-element-3329fd0 elementor-widget elementor-widget-heading\" data-id=\"3329fd0\" data-element_type=\"widget\" data-widget_type=\"heading.default\">\n\t\t\t\t<div class=\"elementor-widget-container\">\n\t\t\t<h5 class=\"elementor-heading-title elementor-size-default\">INFORMA\u00c7\u00d5ES<\/h5>\t\t<\/div>\n\t\t\t\t<\/div>\n\t\t\t\t<div class=\"elementor-element elementor-element-bf62c4c elementor-icon-list--layout-traditional elementor-list-item-link-full_width elementor-widget elementor-widget-icon-list\" data-id=\"bf62c4c\" data-element_type=\"widget\" data-widget_type=\"icon-list.default\">\n\t\t\t\t<div class=\"elementor-widget-container\">\n\t\t\t\t\t<ul class=\"elementor-icon-list-items\">\n\t\t\t\t\t\t\t<li class=\"elementor-icon-list-item\">\n\t\t\t\t\t\t\t\t\t\t\t<span class=\"elementor-icon-list-icon\">\n\t\t\t\t\t\t\t<i aria-hidden=\"true\" class=\"fas fa-dot-circle\"><\/i>\t\t\t\t\t\t<\/span>\n\t\t\t\t\t\t\t\t\t\t<span class=\"elementor-icon-list-text\">\u00c9 destinada uma bolsa por PPG com doutorado com nota igual ou superior a 4 na \u00faltima Avalia\u00e7\u00e3o Quadrienal da Capes<\/span>\n\t\t\t\t\t\t\t\t\t<\/li>\n\t\t\t\t\t\t\t\t<li class=\"elementor-icon-list-item\">\n\t\t\t\t\t\t\t\t\t\t\t<span class=\"elementor-icon-list-icon\">\n\t\t\t\t\t\t\t<i aria-hidden=\"true\" class=\"fas fa-dot-circle\"><\/i>\t\t\t\t\t\t<\/span>\n\t\t\t\t\t\t\t\t\t\t<span class=\"elementor-icon-list-text\">A dura\u00e7\u00e3o da bolsa \u00e9 de, no m\u00ednimo, quatro meses e de, no m\u00e1ximo, nove meses<\/span>\n\t\t\t\t\t\t\t\t\t<\/li>\n\t\t\t\t\t\t\t\t<li class=\"elementor-icon-list-item\">\n\t\t\t\t\t\t\t\t\t\t\t<span class=\"elementor-icon-list-icon\">\n\t\t\t\t\t\t\t<i aria-hidden=\"true\" class=\"fas fa-dot-circle\"><\/i>\t\t\t\t\t\t<\/span>\n\t\t\t\t\t\t\t\t\t\t<span class=\"elementor-icon-list-text\">A sele\u00e7\u00e3o dos bolsistas \u00e9 de responsabilidade de cada programa de p\u00f3s-gradua\u00e7\u00e3o<\/span>\n\t\t\t\t\t\t\t\t\t<\/li>\n\t\t\t\t\t\t<\/ul>\n\t\t\t\t<\/div>\n\t\t\t\t<\/div>\n\t\t\t\t<div class=\"elementor-element elementor-element-2f64882 elementor-widget elementor-widget-spacer\" data-id=\"2f64882\" data-element_type=\"widget\" data-widget_type=\"spacer.default\">\n\t\t\t\t<div class=\"elementor-widget-container\">\n\t\t\t\t\t<div class=\"elementor-spacer\">\n\t\t\t<div class=\"elementor-spacer-inner\"><\/div>\n\t\t<\/div>\n\t\t\t\t<\/div>\n\t\t\t\t<\/div>\n\t\t\t\t<div class=\"elementor-element elementor-element-b243176 elementor-align-left elementor-icon-list--layout-traditional elementor-list-item-link-full_width elementor-widget elementor-widget-icon-list\" data-id=\"b243176\" data-element_type=\"widget\" data-widget_type=\"icon-list.default\">\n\t\t\t\t<div class=\"elementor-widget-container\">\n\t\t\t\t\t<ul class=\"elementor-icon-list-items\">\n\t\t\t\t\t\t\t<li class=\"elementor-icon-list-item\">\n\t\t\t\t\t\t\t\t\t\t\t<span class=\"elementor-icon-list-icon\">\n\t\t\t\t\t\t\t<i aria-hidden=\"true\" class=\"fas fa-exclamation\"><\/i>\t\t\t\t\t\t<\/span>\n\t\t\t\t\t\t\t\t\t\t<span class=\"elementor-icon-list-text\">Eventuais dificuldades t\u00e9cnicas ou d\u00favidas dever\u00e3o ser encaminhadas \u00e0 Capes em at\u00e9 dois dias \u00fateis antes do final das inscri\u00e7\u00f5es pelo endere\u00e7o eletr\u00f4nico do Programa pdse@capes.gov.br<\/span>\n\t\t\t\t\t\t\t\t\t<\/li>\n\t\t\t\t\t\t<\/ul>\n\t\t\t\t<\/div>\n\t\t\t\t<\/div>\n\t\t\t\t\t<\/div>\n\t\t<\/div>\n\t\t\t\t\t<\/div>\n\t\t<\/section>\n\t\t\t\t<section class=\"elementor-section elementor-top-section elementor-element elementor-element-be003a8 elementor-section-boxed elementor-section-height-default elementor-section-height-default\" data-id=\"be003a8\" data-element_type=\"section\">\n\t\t\t\t\t\t<div class=\"elementor-container elementor-column-gap-default\">\n\t\t\t\t\t<div class=\"elementor-column elementor-col-33 elementor-top-column elementor-element elementor-element-41a15b1\" data-id=\"41a15b1\" data-element_type=\"column\">\n\t\t\t<div class=\"elementor-widget-wrap elementor-element-populated\">\n\t\t\t\t\t\t<div class=\"elementor-element elementor-element-ca89423 elementor-widget__width-initial elementor-widget elementor-widget-button\" data-id=\"ca89423\" data-element_type=\"widget\" data-widget_type=\"button.default\">\n\t\t\t\t<div class=\"elementor-widget-container\">\n\t\t\t\t\t\t\t<div class=\"elementor-button-wrapper\">\n\t\t\t\t\t<a class=\"elementor-button elementor-button-link elementor-size-sm\" href=\"https:\/\/www.ufsm.br\/app\/uploads\/sites\/345\/2025\/10\/Instrucoes_PDSE_17.2025.pdf\">\n\t\t\t\t\t\t<span class=\"elementor-button-content-wrapper\">\n\t\t\t\t\t\t\t\t\t<span class=\"elementor-button-text\">Orienta\u00e7\u00f5es aos PPGs | Edital N. 17\/2025<\/span>\n\t\t\t\t\t<\/span>\n\t\t\t\t\t<\/a>\n\t\t\t\t<\/div>\n\t\t\t\t\t\t<\/div>\n\t\t\t\t<\/div>\n\t\t\t\t\t<\/div>\n\t\t<\/div>\n\t\t\t\t<div class=\"elementor-column elementor-col-66 elementor-top-column elementor-element elementor-element-b66c448\" data-id=\"b66c448\" data-element_type=\"column\">\n\t\t\t<div class=\"elementor-widget-wrap elementor-element-populated\">\n\t\t\t\t\t\t<div class=\"elementor-element elementor-element-07a7f49 elementor-widget__width-initial elementor-widget elementor-widget-button\" data-id=\"07a7f49\" data-element_type=\"widget\" data-widget_type=\"button.default\">\n\t\t\t\t<div class=\"elementor-widget-container\">\n\t\t\t\t\t\t\t<div class=\"elementor-button-wrapper\">\n\t\t\t\t\t<a class=\"elementor-button elementor-button-link elementor-size-sm\" href=\"https:\/\/www.ufsm.br\/app\/uploads\/sites\/345\/2025\/10\/Relacao-de-classificados_17.2025.docx\">\n\t\t\t\t\t\t<span class=\"elementor-button-content-wrapper\">\n\t\t\t\t\t\t\t\t\t<span class=\"elementor-button-text\">Tabela modelo para envio do resultado<\/span>\n\t\t\t\t\t<\/span>\n\t\t\t\t\t<\/a>\n\t\t\t\t<\/div>\n\t\t\t\t\t\t<\/div>\n\t\t\t\t<\/div>\n\t\t\t\t\t<\/div>\n\t\t<\/div>\n\t\t\t\t\t<\/div>\n\t\t<\/section>\n\t\t\t\t<section class=\"elementor-section elementor-top-section elementor-element elementor-element-fe90d63 elementor-section-boxed elementor-section-height-default elementor-section-height-default\" data-id=\"fe90d63\" data-element_type=\"section\">\n\t\t\t\t\t\t<div class=\"elementor-container elementor-column-gap-default\">\n\t\t\t\t\t<div class=\"elementor-column elementor-col-100 elementor-top-column elementor-element elementor-element-551f5d6\" data-id=\"551f5d6\" data-element_type=\"column\">\n\t\t\t<div class=\"elementor-widget-wrap elementor-element-populated\">\n\t\t\t\t\t\t<div class=\"elementor-element elementor-element-4873de1 elementor-widget elementor-widget-accordion\" data-id=\"4873de1\" data-element_type=\"widget\" data-widget_type=\"accordion.default\">\n\t\t\t\t<div class=\"elementor-widget-container\">\n\t\t\t\t\t<div class=\"elementor-accordion\">\n\t\t\t\t\t\t\t<div class=\"elementor-accordion-item\">\n\t\t\t\t\t<h5 id=\"elementor-tab-title-7591\" class=\"elementor-tab-title\" data-tab=\"1\" role=\"button\" aria-controls=\"elementor-tab-content-7591\" aria-expanded=\"false\">\n\t\t\t\t\t\t\t\t\t\t\t\t\t<span class=\"elementor-accordion-icon elementor-accordion-icon-left\" aria-hidden=\"true\">\n\t\t\t\t\t\t\t\t\t\t\t\t\t\t\t<span class=\"elementor-accordion-icon-closed\"><i class=\"fas fa-plus\"><\/i><\/span>\n\t\t\t\t\t\t\t\t<span class=\"elementor-accordion-icon-opened\"><i class=\"fas fa-minus\"><\/i><\/span>\n\t\t\t\t\t\t\t\t\t\t\t\t\t\t<\/span>\n\t\t\t\t\t\t\t\t\t\t\t\t<a class=\"elementor-accordion-title\" tabindex=\"0\">Edital N. 17\/2025 - CAPES<\/a>\n\t\t\t\t\t<\/h5>\n\t\t\t\t\t<div id=\"elementor-tab-content-7591\" class=\"elementor-tab-content elementor-clearfix\" data-tab=\"1\" role=\"region\" aria-labelledby=\"elementor-tab-title-7591\"><p><a style=\"color: #1a3d73;font-size: 16px\" href=\"https:\/\/www.ufsm.br\/pro-reitorias\/prpgp?p=20914\">Homologa\u00e7\u00e3o dos candidatos pela Pr\u00f3-reitoria de P\u00f3s-gradua\u00e7\u00e3o e Pesquisa &#8211; 1\u00aa janela<\/a><\/p><p><a style=\"color: #1a3d73;font-size: 16px\" href=\"https:\/\/www.ufsm.br\/pro-reitorias\/prpgp\/2026\/03\/17\/divulgacao-das-inscricoes-homologadas-do-programa-de-doutorado-sanduiche-no-exterior-pdse-edital-no-17-2025-pdse-capes-2a-janela\">Homologa\u00e7\u00e3o dos candidatos pela Pr\u00f3-reitoria de P\u00f3s-gradua\u00e7\u00e3o e Pesquisa &#8211; 2\u00aa janela<\/a><\/p><\/div>\n\t\t\t\t<\/div>\n\t\t\t\t\t\t\t<div class=\"elementor-accordion-item\">\n\t\t\t\t\t<h5 id=\"elementor-tab-title-7592\" class=\"elementor-tab-title\" data-tab=\"2\" role=\"button\" aria-controls=\"elementor-tab-content-7592\" aria-expanded=\"false\">\n\t\t\t\t\t\t\t\t\t\t\t\t\t<span class=\"elementor-accordion-icon elementor-accordion-icon-left\" aria-hidden=\"true\">\n\t\t\t\t\t\t\t\t\t\t\t\t\t\t\t<span class=\"elementor-accordion-icon-closed\"><i class=\"fas fa-plus\"><\/i><\/span>\n\t\t\t\t\t\t\t\t<span class=\"elementor-accordion-icon-opened\"><i class=\"fas fa-minus\"><\/i><\/span>\n\t\t\t\t\t\t\t\t\t\t\t\t\t\t<\/span>\n\t\t\t\t\t\t\t\t\t\t\t\t<a class=\"elementor-accordion-title\" tabindex=\"0\">Edital N. 26\/2024 - CAPES<\/a>\n\t\t\t\t\t<\/h5>\n\t\t\t\t\t<div id=\"elementor-tab-content-7592\" class=\"elementor-tab-content elementor-clearfix\" data-tab=\"2\" role=\"region\" aria-labelledby=\"elementor-tab-title-7592\"><p><a style=\"color: #1a3d73;font-size: 16px\" href=\"https:\/\/www.ufsm.br\/pro-reitorias\/prpgp\/2025\/04\/01\/divulgacao-das-inscricoes-homologadas-do-programa-de-doutorado-sanduiche-no-exterior-pdse-edital-no26-2024-pdse-capes\">Homologa\u00e7\u00e3o dos candidatos pela Pr\u00f3-reitoria de P\u00f3s-gradua\u00e7\u00e3o e Pesquisa<\/a><\/p><\/div>\n\t\t\t\t<\/div>\n\t\t\t\t\t\t\t<div class=\"elementor-accordion-item\">\n\t\t\t\t\t<h5 id=\"elementor-tab-title-7593\" class=\"elementor-tab-title\" data-tab=\"3\" role=\"button\" aria-controls=\"elementor-tab-content-7593\" aria-expanded=\"false\">\n\t\t\t\t\t\t\t\t\t\t\t\t\t<span class=\"elementor-accordion-icon elementor-accordion-icon-left\" aria-hidden=\"true\">\n\t\t\t\t\t\t\t\t\t\t\t\t\t\t\t<span class=\"elementor-accordion-icon-closed\"><i class=\"fas fa-plus\"><\/i><\/span>\n\t\t\t\t\t\t\t\t<span class=\"elementor-accordion-icon-opened\"><i class=\"fas fa-minus\"><\/i><\/span>\n\t\t\t\t\t\t\t\t\t\t\t\t\t\t<\/span>\n\t\t\t\t\t\t\t\t\t\t\t\t<a class=\"elementor-accordion-title\" tabindex=\"0\">Edital N. 06\/2024 - CAPES<\/a>\n\t\t\t\t\t<\/h5>\n\t\t\t\t\t<div id=\"elementor-tab-content-7593\" class=\"elementor-tab-content elementor-clearfix\" data-tab=\"3\" role=\"region\" aria-labelledby=\"elementor-tab-title-7593\"><p><a href=\"https:\/\/www.ufsm.br\/pro-reitorias\/prpgp\/2024\/06\/21\/divulgacao-das-inscricoes-homologadas-do-programa-de-doutorado-sanduiche-no-exterior-pdse-edital-no06-2024-pdse-capes\">Homologa\u00e7\u00e3o dos candidatos pela Pr\u00f3-reitoria de P\u00f3s-gradua\u00e7\u00e3o e Pesquisa<\/a><\/p><\/div>\n\t\t\t\t<\/div>\n\t\t\t\t\t\t\t<div class=\"elementor-accordion-item\">\n\t\t\t\t\t<h5 id=\"elementor-tab-title-7594\" class=\"elementor-tab-title\" data-tab=\"4\" role=\"button\" aria-controls=\"elementor-tab-content-7594\" aria-expanded=\"false\">\n\t\t\t\t\t\t\t\t\t\t\t\t\t<span class=\"elementor-accordion-icon elementor-accordion-icon-left\" aria-hidden=\"true\">\n\t\t\t\t\t\t\t\t\t\t\t\t\t\t\t<span class=\"elementor-accordion-icon-closed\"><i class=\"fas fa-plus\"><\/i><\/span>\n\t\t\t\t\t\t\t\t<span class=\"elementor-accordion-icon-opened\"><i class=\"fas fa-minus\"><\/i><\/span>\n\t\t\t\t\t\t\t\t\t\t\t\t\t\t<\/span>\n\t\t\t\t\t\t\t\t\t\t\t\t<a class=\"elementor-accordion-title\" tabindex=\"0\">Edital N. 30\/2023 - CAPES<\/a>\n\t\t\t\t\t<\/h5>\n\t\t\t\t\t<div id=\"elementor-tab-content-7594\" class=\"elementor-tab-content elementor-clearfix\" data-tab=\"4\" role=\"region\" aria-labelledby=\"elementor-tab-title-7594\"><table style=\"border-collapse: collapse;width: 88.7662%;height: 192px\"><tbody><tr style=\"height: 24px\"><td style=\"width: 15.2188%;height: 24px\"><strong>Programa de P\u00f3s-gradua\u00e7\u00e3o<\/strong><\/td><td style=\"width: 7.69787%;height: 24px\"><strong>Edital<\/strong><\/td><\/tr><tr style=\"height: 24px\"><td style=\"width: 15.2188%;height: 24px\"><span data-hovercard-id=\"coord.ppgciencias.sociais@ufsm.br\" data-hovercard-owner-id=\"99\">Educa\u00e7\u00e3o<\/span><\/td><td style=\"width: 7.69787%;height: 24px\"><a href=\"https:\/\/www.ufsm.br\/cursos\/pos-graduacao\/santa-maria\/ppge\/editais\/009-2023\">edital<\/a><\/td><\/tr><tr style=\"height: 24px\"><td style=\"width: 15.2188%;height: 24px\">Enfermagem<\/td><td style=\"width: 7.69787%;height: 24px\"><a href=\"https:\/\/www.ufsm.br\/cursos\/pos-graduacao\/santa-maria\/ppgenf\/2023\/11\/21\/edital-interno-para-selecao-de-bolsistas-doutorado-sanduiche-no-exterior-pdse-capes-3\">edital<\/a><br \/><a href=\"https:\/\/www.ufsm.br\/cursos\/pos-graduacao\/santa-maria\/ppgenf\/2023\/12\/04\/resultado-final-edital-interno-para-selecao-de-bolsistas-doutorado-sanduiche-no-exterior-pdse-capes-2023\">resultado<\/a><\/td><\/tr><tr style=\"height: 24px\"><td style=\"width: 15.2188%;height: 24px\"><span data-hovercard-id=\"ppgec@ufsm.br\" data-hovercard-owner-id=\"99\">Engenharia Civil<\/span><\/td><td style=\"width: 7.69787%;height: 24px\"><a href=\"https:\/\/www.ufsm.br\/cursos\/pos-graduacao\/santa-maria\/ppgec\/editais\/003-2023\">edital<\/a><\/td><\/tr><tr style=\"height: 48px\"><td style=\"width: 15.2188%;height: 48px\"><span data-hovercard-id=\"ppgec@ufsm.br\" data-hovercard-owner-id=\"99\">Engenharia de Produ\u00e7\u00e3o<\/span><\/td><td style=\"width: 7.69787%;height: 48px\"><a href=\"https:\/\/www.ufsm.br\/cursos\/pos-graduacao\/santa-maria\/ppgep\/selecao-interna-doutorado-sanduiche-2\">edital<\/a><\/td><\/tr><tr style=\"height: 24px\"><td style=\"width: 15.2188%;height: 24px\"><span data-hovercard-id=\"ppgec@ufsm.br\" data-hovercard-owner-id=\"99\">Hist\u00f3ria<\/span><\/td><td style=\"width: 7.69787%;height: 24px\"><a href=\"https:\/\/www.ufsm.br\/cursos\/pos-graduacao\/santa-maria\/ppgh\/editais\/001-2023-5\">edital<\/a><\/td><\/tr><tr style=\"height: 24px\"><td style=\"width: 15.2188%;height: 24px\"><span data-hovercard-id=\"ppgec@ufsm.br\" data-hovercard-owner-id=\"99\">Psicologia <\/span><\/td><td style=\"width: 7.69787%;height: 24px\"><a href=\"https:\/\/www.ufsm.br\/cursos\/pos-graduacao\/santa-maria\/ppgp\/editais\/030-2023\">edital<\/a><\/td><\/tr><\/tbody><\/table><ul><li>a divulga\u00e7\u00e3o dos editais depende da disponibiliza\u00e7\u00e3o do link pelo PPG respons\u00e1vel<\/li><\/ul><p><a href=\"https:\/\/www.ufsm.br\/pro-reitorias\/prpgp\/2024\/01\/10\/divulgacao-das-inscricoes-homologadas-do-programa-de-doutorado-sanduiche-no-exterior-pdse-edital-no30-2023-pdse-capes\">Homologa\u00e7\u00e3o dos candidatos pela Pr\u00f3-reitoria de P\u00f3s-gradua\u00e7\u00e3o e Pesquisa<\/a><\/p><\/div>\n\t\t\t\t<\/div>\n\t\t\t\t\t\t\t\t<\/div>\n\t\t\t\t<\/div>\n\t\t\t\t<\/div>\n\t\t\t\t\t<\/div>\n\t\t<\/div>\n\t\t\t\t\t<\/div>\n\t\t<\/section>\n\t\t\t\t<\/div>\n\t\t","protected":false},"excerpt":{"rendered":"<p>O Programa de Doutorado Sandu\u00edche no Exterior (PDSE) possui o objetivo de apoiar a forma\u00e7\u00e3o de recursos humanos de alto n\u00edvel por meio da concess\u00e3o de bolsas de doutorado sandu\u00edche no exterior aos cursos de Doutorado reconhecidos pela CAPES. O est\u00e1gio no exterior deve contemplar, prioritariamente, a realiza\u00e7\u00e3o de pesquisas em \u00e1reas do conhecimento menos [&hellip;]<\/p>\n","protected":false},"author":5171,"featured_media":0,"parent":0,"menu_order":0,"comment_status":"closed","ping_status":"closed","template":"","meta":{"footnotes":""},"categories":[],"tags":[],"class_list":["post-15359","page","type-page","status-publish","hentry"],"acf":[],"_links":{"self":[{"href":"https:\/\/www.ufsm.br\/pro-reitorias\/prpgp\/wp-json\/wp\/v2\/pages\/15359","targetHints":{"allow":["GET"]}}],"collection":[{"href":"https:\/\/www.ufsm.br\/pro-reitorias\/prpgp\/wp-json\/wp\/v2\/pages"}],"about":[{"href":"https:\/\/www.ufsm.br\/pro-reitorias\/prpgp\/wp-json\/wp\/v2\/types\/page"}],"author":[{"embeddable":true,"href":"https:\/\/www.ufsm.br\/pro-reitorias\/prpgp\/wp-json\/wp\/v2\/users\/5171"}],"replies":[{"embeddable":true,"href":"https:\/\/www.ufsm.br\/pro-reitorias\/prpgp\/wp-json\/wp\/v2\/comments?post=15359"}],"version-history":[{"count":0,"href":"https:\/\/www.ufsm.br\/pro-reitorias\/prpgp\/wp-json\/wp\/v2\/pages\/15359\/revisions"}],"wp:attachment":[{"href":"https:\/\/www.ufsm.br\/pro-reitorias\/prpgp\/wp-json\/wp\/v2\/media?parent=15359"}],"wp:term":[{"taxonomy":"category","embeddable":true,"href":"https:\/\/www.ufsm.br\/pro-reitorias\/prpgp\/wp-json\/wp\/v2\/categories?post=15359"},{"taxonomy":"post_tag","embeddable":true,"href":"https:\/\/www.ufsm.br\/pro-reitorias\/prpgp\/wp-json\/wp\/v2\/tags?post=15359"}],"curies":[{"name":"wp","href":"https:\/\/api.w.org\/{rel}","templated":true}]}}