{"id":15598,"date":"2024-02-16T08:18:38","date_gmt":"2024-02-16T11:18:38","guid":{"rendered":"https:\/\/www.ufsm.br\/pro-reitorias\/prpgp\/?page_id=15598"},"modified":"2024-02-21T10:20:18","modified_gmt":"2024-02-21T13:20:18","slug":"fipe","status":"publish","type":"page","link":"https:\/\/www.ufsm.br\/pro-reitorias\/prpgp\/fipe","title":{"rendered":"Fundo de Incentivo \u00e0 Pesquisa"},"content":{"rendered":"\t\t<div data-elementor-type=\"wp-page\" data-elementor-id=\"15598\" class=\"elementor elementor-15598\">\n\t\t\t\t\t\t<section class=\"elementor-section elementor-top-section elementor-element elementor-element-1c49c92 elementor-section-boxed elementor-section-height-default elementor-section-height-default\" data-id=\"1c49c92\" data-element_type=\"section\">\n\t\t\t\t\t\t<div class=\"elementor-container elementor-column-gap-default\">\n\t\t\t\t\t<div class=\"elementor-column elementor-col-100 elementor-top-column elementor-element elementor-element-ddca7b9\" data-id=\"ddca7b9\" data-element_type=\"column\">\n\t\t\t<div class=\"elementor-widget-wrap elementor-element-populated\">\n\t\t\t\t\t\t<div class=\"elementor-element elementor-element-c935012 elementor-widget elementor-widget-text-editor\" data-id=\"c935012\" data-element_type=\"widget\" data-widget_type=\"text-editor.default\">\n\t\t\t\t<div class=\"elementor-widget-container\">\n\t\t\t\t\t\t\t<p style=\"text-align: left\">As bolsas do <strong>Edital 02\/2024 FIPE UNIFICADO<\/strong> s\u00e3o distribu\u00eddas nas unidades de ensino da UFSM. Abaixo voc\u00ea dever\u00e1 selecionar a unidade de seu interesse ou \u00e0quela unidade onde est\u00e1 seu curso. <strong>Clique em uma das op\u00e7\u00f5es abaixo para acessar as oportunidades de bolsa da unidade que est\u00e3o dispon\u00edveis neste Edital.<\/strong><\/p><table style=\"width: 72.51%;border-collapse: collapse;border-color: #000000;border-style: solid\"><tbody><tr><td style=\"width: 100%;text-align: left;border-color: #000000;border-style: solid\"><a href=\"https:\/\/www.ufsm.br\/pro-reitorias\/prpgp\/bolsas-fipe-centro-de-artes-e-letras-cal\">Centro de Artes e Letras \u2013 CAL<\/a><\/td><\/tr><tr><td style=\"width: 100%;border-color: #000000;border-style: solid\"><a href=\"https:\/\/www.ufsm.br\/pro-reitorias\/prpgp\/bolsas-fipe-centro-de-ciencias-da-saude-ccs\">Centro de Ci\u00eancias da Sa\u00fade \u2013 CCS<\/a><\/td><\/tr><tr><td style=\"width: 100%;border-color: #000000;border-style: solid\"><a href=\"https:\/\/www.ufsm.br\/pro-reitorias\/prpgp\/bolsas-fipe-centro-de-ciencias-naturais-e-exatas-ccne\">Centro de Ci\u00eancias Naturais e Exatas \u2013 CCNE<\/a><\/td><\/tr><tr><td style=\"width: 100%;border-color: #000000;border-style: solid\"><a href=\"https:\/\/www.ufsm.br\/pro-reitorias\/prpgp\/bolsas-fipe-centro-de-ciencias-rurais-ccr\">Centro de Ci\u00eancias Rurais \u2013 CCR<\/a><\/td><\/tr><tr><td style=\"width: 100%;border-color: #000000;border-style: solid\"><a href=\"https:\/\/www.ufsm.br\/pro-reitorias\/prpgp\/bolsas-fipe-centro-de-ciencias-sociais-e-humanas-ccsh\">Centro de Ci\u00eancias Sociais e Humanas \u2013 CCSH<\/a><\/td><\/tr><tr><td style=\"width: 100%;border-color: #000000;border-style: solid\"><a href=\"https:\/\/www.ufsm.br\/pro-reitorias\/prpgp\/bolsas-fipe-centro-de-educacao-ce\">Centro de Educa\u00e7\u00e3o \u2013 CE<\/a><\/td><\/tr><tr><td style=\"width: 100%;border-color: #000000;border-style: solid\"><a href=\"https:\/\/www.ufsm.br\/pro-reitorias\/prpgp\/bolsas-fipe-centro-de-educacao-fisica-e-desportos-cefd\">Centro de Educa\u00e7\u00e3o F\u00edsica e Desportos \u2013 CEFD<\/a><\/td><\/tr><tr><td style=\"width: 100%;border-color: #000000;border-style: solid\"><a href=\"https:\/\/www.ufsm.br\/pro-reitorias\/prpgp\/bolsas-fipe-centro-de-tecnologia-ct\">Centro de Tecnologia \u2013 CT<\/a><\/td><\/tr><tr><td style=\"width: 100%;border-color: #000000;border-style: solid\"><a href=\"https:\/\/www.ufsm.br\/pro-reitorias\/prpgp\/bolsas-fipe-campus-de-cachoeira-do-sul-cs\">Campus de Cachoeira do Sul \u2013 CS<\/a><\/td><\/tr><tr><td style=\"width: 100%;border-color: #000000;border-style: solid\"><a href=\"https:\/\/www.ufsm.br\/pro-reitorias\/prpgp\/bolsas-fipe-campus-de-palmeira-das-missoes-pm\">Campus de Palmeira das Miss\u00f5es \u2013 PM<\/a><\/td><\/tr><tr><td style=\"width: 100%;border-color: #000000;border-style: solid\"><a href=\"https:\/\/www.ufsm.br\/pro-reitorias\/prpgp\/bolsas-fipe-campus-de-frederico-westphalen-fw\">Campus de Frederico Westphalen \u2013 FW<\/a><\/td><\/tr><tr><td style=\"width: 100%;border-color: #000000;border-style: solid\"><a href=\"https:\/\/www.ufsm.br\/pro-reitorias\/prpgp\/bolsas-fipe-colegio-politecnico-de-santa-maria-politecnico\">Col\u00e9gio Polit\u00e9cnico de Santa Maria \u2013 POLIT\u00c9CNICO<\/a><\/td><\/tr><tr><td style=\"width: 100%;border-color: #000000;border-style: solid\"><a href=\"https:\/\/www.ufsm.br\/pro-reitorias\/prpgp\/bolsas-fipe-colegio-tecnico-industrial-de-santa-maria-ctism\">Col\u00e9gio T\u00e9cnico Industrial de Santa Maria \u2013 CTISM<\/a><\/td><\/tr><\/tbody><\/table>\t\t\t\t\t\t<\/div>\n\t\t\t\t<\/div>\n\t\t\t\t\t<\/div>\n\t\t<\/div>\n\t\t\t\t\t<\/div>\n\t\t<\/section>\n\t\t\t\t<\/div>\n\t\t","protected":false},"excerpt":{"rendered":"<p>As bolsas do Edital 02\/2024 FIPE UNIFICADO s\u00e3o distribu\u00eddas nas unidades de ensino da UFSM. Abaixo voc\u00ea dever\u00e1 selecionar a unidade de seu interesse ou \u00e0quela unidade onde est\u00e1 seu curso. Clique em uma das op\u00e7\u00f5es abaixo para acessar as oportunidades de bolsa da unidade que est\u00e3o dispon\u00edveis neste Edital. Centro de Artes e Letras [&hellip;]<\/p>\n","protected":false},"author":7016,"featured_media":0,"parent":0,"menu_order":0,"comment_status":"closed","ping_status":"closed","template":"","meta":{"footnotes":""},"categories":[],"tags":[],"class_list":["post-15598","page","type-page","status-publish","hentry"],"acf":[],"_links":{"self":[{"href":"https:\/\/www.ufsm.br\/pro-reitorias\/prpgp\/wp-json\/wp\/v2\/pages\/15598","targetHints":{"allow":["GET"]}}],"collection":[{"href":"https:\/\/www.ufsm.br\/pro-reitorias\/prpgp\/wp-json\/wp\/v2\/pages"}],"about":[{"href":"https:\/\/www.ufsm.br\/pro-reitorias\/prpgp\/wp-json\/wp\/v2\/types\/page"}],"author":[{"embeddable":true,"href":"https:\/\/www.ufsm.br\/pro-reitorias\/prpgp\/wp-json\/wp\/v2\/users\/7016"}],"replies":[{"embeddable":true,"href":"https:\/\/www.ufsm.br\/pro-reitorias\/prpgp\/wp-json\/wp\/v2\/comments?post=15598"}],"version-history":[{"count":0,"href":"https:\/\/www.ufsm.br\/pro-reitorias\/prpgp\/wp-json\/wp\/v2\/pages\/15598\/revisions"}],"wp:attachment":[{"href":"https:\/\/www.ufsm.br\/pro-reitorias\/prpgp\/wp-json\/wp\/v2\/media?parent=15598"}],"wp:term":[{"taxonomy":"category","embeddable":true,"href":"https:\/\/www.ufsm.br\/pro-reitorias\/prpgp\/wp-json\/wp\/v2\/categories?post=15598"},{"taxonomy":"post_tag","embeddable":true,"href":"https:\/\/www.ufsm.br\/pro-reitorias\/prpgp\/wp-json\/wp\/v2\/tags?post=15598"}],"curies":[{"name":"wp","href":"https:\/\/api.w.org\/{rel}","templated":true}]}}