{"id":15777,"date":"2024-03-14T09:57:44","date_gmt":"2024-03-14T12:57:44","guid":{"rendered":"https:\/\/www.ufsm.br\/pro-reitorias\/prpgp\/?page_id=15777"},"modified":"2026-03-10T07:20:47","modified_gmt":"2026-03-10T10:20:47","slug":"pagamento-de-diarias-internacionais-para-discentes","status":"publish","type":"page","link":"https:\/\/www.ufsm.br\/pro-reitorias\/prpgp\/pagamento-de-diarias-internacionais-para-discentes","title":{"rendered":"PAGAMENTO DE DI\u00c1RIAS INTERNACIONAIS PARA DISCENTES"},"content":{"rendered":"\t\t<div data-elementor-type=\"wp-page\" data-elementor-id=\"15777\" class=\"elementor elementor-15777\">\n\t\t\t\t\t\t<section class=\"elementor-section elementor-top-section elementor-element elementor-element-42fe16ee elementor-section-boxed elementor-section-height-default elementor-section-height-default\" data-id=\"42fe16ee\" data-element_type=\"section\">\n\t\t\t\t\t\t<div class=\"elementor-container elementor-column-gap-default\">\n\t\t\t\t\t<div class=\"elementor-column elementor-col-100 elementor-top-column elementor-element elementor-element-5a6a7389\" data-id=\"5a6a7389\" data-element_type=\"column\">\n\t\t\t<div class=\"elementor-widget-wrap elementor-element-populated\">\n\t\t\t\t\t\t<div class=\"elementor-element elementor-element-40e1c0ab elementor-widget__width-initial elementor-widget elementor-widget-text-editor\" data-id=\"40e1c0ab\" data-element_type=\"widget\" data-widget_type=\"text-editor.default\">\n\t\t\t\t<div class=\"elementor-widget-container\">\n\t\t\t\t\t\t\t<p><strong>Passo 1:<\/strong> Proceder a abertura Processo Eletr\u00f4nico pelo <a href=\"https:\/\/www.ufsm.br\/orgaos-suplementares\/dag\/pen\/apoio-ao-usuario\/#_blank\">PEN<\/a>, no <a href=\"https:\/\/portal.ufsm.br\/documentos\/mainMenu.html#_blank\">Portal Documentos<\/a>, indicando o seguinte tipo documental:<\/p>\n<p>Para Unidades Gestoras de Recursos (UGR) e N\u00facleos Or\u00e7ament\u00e1rios usar qualquer um dos dois tipos documentais<br>&#8211; Processo de empenho de di\u00e1rias (052.22)&nbsp;<\/p>\n<p>&#8211;&nbsp;<span style=\"font-family: Arial, Helvetica, sans-serif;font-size: small\">Processo de pagamento de di\u00e1rias a alunos de p\u00f3s-gradua\u00e7\u00e3o &#8211; P\u00d3S-GRADUA\u00c7\u00c3O (052.22).<\/span><\/p>\n<p>Para Programas de P\u00f3s-Graudua\u00e7\u00e3o ou Secretarias usar o tipo documental:<\/p>\n<p><span style=\"font-size: 16px\">&#8211; Processo de pagamento de di\u00e1rias a alunos de p\u00f3s-gradua\u00e7\u00e3o &#8211; P\u00d3S-GRADUA\u00c7\u00c3O (052.22).<\/span><\/p>\n<p>OBS.: na descri\u00e7\u00e3o, alterar para \u201cPagamento de di\u00e1rias internacionais em favor de (nome do aluno), referente ao exerc\u00edcio de (ano)\u201d.<\/p>\n<p><strong>Passo 2:<\/strong> Cadastrar pr\u00e9-empenho no SIE (<a href=\"https:\/\/www.ufsm.br\/app\/uploads\/sites\/407\/2020\/09\/Tutorial-Cadastro-de-Empenhos-no-SIE.pdf\">Tutorial de Cadastro de Empenhos SIE<\/a>) e tramitar para o NAAO. O usu\u00e1rio deve ter a aplica\u00e7\u00e3o 2 (Adm. Or\u00e7ament\u00e1ria Financeira) dispon\u00edvel e executar a aplica\u00e7\u00e3o 2.3.1 (Cadastro de Empenhos).<br>-Colocar o n\u00famero do processo administrativo na aba \u201cempenhos\u201d;<\/p>\n<p><em style=\"font-size: 1rem\"><strong>Classifica\u00e7\u00e3o Or\u00e7ament\u00e1ria:<\/strong><\/em><\/p>\n<p><span style=\"color: #ff0000\"><strong>PROAP:<\/strong><\/span><\/p>\n<p>-Gestora: 153618&nbsp;<br>-A\u00e7\u00e3o da Unidade Gestora: <span style=\"color: #ff0000\"><strong>OCCCUO9414N<\/strong><\/span> (PROAP \u2013 Concess\u00e3o de Bolsas)<br>-Classifica\u00e7\u00e3o or\u00e7ament\u00e1ria: 33.90.36.00<br>-ITENS; C\u00f3digo reduzido: 33.90.36.03 (di\u00e1rias colaborador eventual);<br>-Colocar no complemento a descri\u00e7\u00e3o completa do item (motivo da solicita\u00e7\u00e3o, per\u00edodo e local<br>do evento);<\/p>\n<p><strong>Passo 3:<\/strong> Anexar ao processo os seguintes documentos:<br><a href=\"https:\/\/www.ufsm.br\/app\/uploads\/sites\/345\/2024\/09\/Requerimento-de-Pagamento-de-Diarias-Internacionais-Alunos.doc\">-Requerimento de pagamento de di\u00e1rias internacionais para alunos;<\/a><br>-C\u00f3pia do pr\u00e9-empenho do SIE;<br>-Folder do evento;<br>-Aceite do trabalho;<br>-Autoriza\u00e7\u00e3o de desconto em folha;<br>-Convers\u00e3o feita no s\u00edtio do <a href=\"https:\/\/www.bcb.gov.br\/conversao\">Banco Central<\/a>.<\/p>\n<p><strong>Passo 4:<\/strong> Tramitar o processo, com <strong>20 dias de anteced\u00eancia ao in\u00edcio do evento<\/strong>, para o&nbsp;<span style=\"font-size: 16px;font-weight: var( --e-global-typography-text-font-weight );text-align: var(--bs-body-text-align)\">01.09.21.00.0.0 \u2013 N\u00daCLEO DE APOIO ADMINISTRATIVO-OR\u00c7AMENT\u00c1RIO (NAAO)<\/span><span style=\"font-size: 1rem;font-weight: var( --e-global-typography-text-font-weight );text-align: var(--bs-body-text-align)\">, com parecer favor\u00e1vel da coordena\u00e7\u00e3o do PPG.<\/span><\/p>\n<p><strong>Passo 5:<\/strong> O NAAO, mediante a confer\u00eancia dos documentos e confirma\u00e7\u00e3o do pr\u00e9-empenho, tramita para a SE\u00c7\u00c3O DE AN\u00c1LISE E EXECU\u00c7\u00c3O OR\u00c7AMENT\u00c1RIA (SAEO-01.12.01.02.1.0)<\/p>\n<p><strong>Passo 6:<\/strong> Para fins de presta\u00e7\u00e3o de contas, anexar a documenta\u00e7\u00e3o listada abaixo ao processo<br>eletr\u00f4nico:<br>-Certificado de apresenta\u00e7\u00e3o de trabalho;<br>-Notas fiscais de hospedagem e\/ou alimenta\u00e7\u00e3o;<br>-Comprovar o meio de transporte.<\/p>\n<p><strong>Passo 7:<\/strong> Encaminhar o processo a <strong>Se\u00e7\u00e3o de Contabilidade \u2013 SCONT (01.12.01.02.2.0)<\/strong>, em at\u00e9 15<br>dias ap\u00f3s a realiza\u00e7\u00e3o do evento.<\/p>\n<p><strong>TABELA DE VALORES DE DI\u00c1RIAS NO EXTERIOR<\/strong><\/p>\n<table style=\"height: 360px;width: 100%;border-collapse: collapse;border-color: #000000\">\n<tbody>\n<tr style=\"height: 51px\">\n<td style=\"width: 8.63023%;height: 51px;text-align: center;border-color: #000000\"><strong>GRUPO<\/strong><\/td>\n<td style=\"width: 79.1765%;height: 51px;text-align: center;border-color: #000000\"><strong>PA\u00cdSES<\/strong><\/td>\n<td style=\"width: 12.1932%;height: 51px;text-align: center;border-color: #000000\"><strong>VALOR (U$)<\/strong><\/td>\n<\/tr>\n<tr style=\"height: 132px\">\n<td style=\"width: 8.63023%;height: 132px;text-align: center;border-color: #000000\">A<\/td>\n<td style=\"width: 79.1765%;text-align: center;height: 132px;border-color: #000000\">Afeganist\u00e3o, Arm\u00eania, Bangladesh, Belarus, Benin, Bol\u00edvia, BurkinaFasso, But\u00e3o, Chile, Comores, Rep\u00fablica Popular Democr\u00e1tica da Cor\u00e9ia, Costa Rica, El Salvador, Equador, Eslov\u00eania, Filipinas, G\u00e2mbia, Guiana, Guin\u00e9 Bissau, Guin\u00e9, Honduras, Indon\u00e9sia, Ir\u00e3, Iraque, Laos, L\u00edbano, Mal\u00e1sia, Maldivas, Marrocos, Mong\u00f3lia, Myanmar, Nam\u00edbia, Nauru, Nepal, Nicar\u00e1gua, Panam\u00e1, Paraguai, Rep. Centro Africana, Rep\u00fablica Togolesa, Salom\u00e3o, Samoa, Serra Leoa, S\u00edria, Som\u00e1lia, Sri Lanka, Suriname, Tadjiquist\u00e3o, Tail\u00e2ndia, Timor Leste, Tonga, Tun\u00edsia, Turcomenist\u00e3o, Turquia, Tuvalu, Vietn\u00e3, Zimb\u00e1bue.<\/td>\n<td style=\"width: 12.1932%;height: 132px;text-align: center;border-color: #000000\">180<\/td>\n<\/tr>\n<tr style=\"height: 129px\">\n<td style=\"width: 8.63023%;height: 129px;text-align: center;border-color: #000000\">B<\/td>\n<td style=\"width: 79.1765%;height: 129px;text-align: center;border-color: #000000\">\n<p>\u00c1frica do Sul, Alb\u00e2nia, Andorra, Arg\u00e9lia, Argentina, Austr\u00e1lia, Belize, B\u00f3snia-Herzeg\u00f3vina, Burundi, Cabo Verde, Camar\u00f5es, Camboja, Catar, Chade, China, Chipre, Col\u00f4mbia, Dominica, Egito, Eritr\u00e9ia, Est\u00f4nia, Eti\u00f3pia, Gana, Ge\u00f3rgia, Guin\u00e9- Equatorial, Haiti, Hungria, I\u00eamen, Ilhas Marshall, \u00cdndia, Kiribati, Lesoto, L\u00edbia, Maced\u00f4nia, Madagascar, Malau\u00ed, Micron\u00e9sia, Mo\u00e7ambique, Mold\u00e1via, N\u00edger, Nig\u00e9ria, Nova Zel\u00e2ndia, Palau, Papua Nova Guin\u00e9, Paquist\u00e3o, Peru, Pol\u00f4nia, Qu\u00eania, Rep\u00fablica Dominicana, Rep\u00fablica Eslovaca, Rom\u00eania, Ruanda, S\u00e3o Tom\u00e9 e Pr\u00edncipe, Senegal, Sud\u00e3o, Tanz\u00e2nia, Uruguai, Uzbequist\u00e3o, Venezuela.<\/p>\n<\/td>\n<td style=\"width: 12.1932%;height: 129px;text-align: center;border-color: #000000\">260<\/td>\n<\/tr>\n<tr style=\"height: 24px\">\n<td style=\"width: 8.63023%;height: 24px;text-align: center;border-color: #000000\">C<\/td>\n<td style=\"width: 79.1765%;height: 24px;text-align: center;border-color: #000000\">Ant\u00edgua e Barbuda, Ar\u00e1bia Saudita, Azerbaij\u00e3o, Bahamas, Barein, Botsuana, Brunei Darussalam, Bulg\u00e1ria, Canad\u00e1, Cingapura, Congo, Costa do Marfim, Cuba, Djibuti, Emirados \u00c1rabes, Fiji, Gab\u00e3o, Guatemala, Jamaica, Jord\u00e2nia, Let\u00f4nia, Lib\u00e9ria, Litu\u00e2nia, Mali, Malta, Maur\u00edcio, Maurit\u00e2nia, M\u00e9xico, Rep\u00fablica Democr\u00e1tica do Congo, Rep\u00fablica Tcheca, R\u00fassia, San Marino, Santa L\u00facia, S\u00e3o Cristov\u00e3o e N\u00e9vis, S\u00e3o Vicente e Granadinas, Taiwan, Trinidad e Tobago, Ucr\u00e2nia, Uganda, Z\u00e2mbia.<\/td>\n<td style=\"width: 12.1932%;height: 24px;text-align: center;border-color: #000000\">310<\/td>\n<\/tr>\n<tr style=\"height: 24px\">\n<td style=\"width: 8.63023%;height: 24px;text-align: center;border-color: #000000\">D<\/td>\n<td style=\"width: 79.1765%;height: 24px;text-align: center;border-color: #000000\">Alemanha, Angola, \u00c1ustria, Barbados, B\u00e9lgica, Cazaquist\u00e3o, Cor\u00e9ia do Sul, Cro\u00e1cia, Dinamarca, Espanha, Estados Unidos da Am\u00e9rica, Finl\u00e2ndia, Fran\u00e7a, Granada, Gr\u00e9cia, Hong Kong, Irlanda, Isl\u00e2ndia, Israel, It\u00e1lia, Jap\u00e3o, Kuaite, Liechtenstein, Luxemburgo, M\u00f4naco,<br>Montenegro, Noruega, Om\u00e3, Pa\u00edses Baixos, Portugal, Reino Unido, Rep\u00fablica Quirguiz, Seicheles, S\u00e9rvia, Suazil\u00e2ndia, Su\u00e9cia, Su\u00ed\u00e7a, Vanuatu.<\/td>\n<td style=\"width: 12.1932%;height: 24px;text-align: center;border-color: #000000\">370<\/td>\n<\/tr>\n<\/tbody>\n<\/table>\n<p><strong>&nbsp;<\/strong><\/p>\n<p><!-- \/wp:tadv\/classic-paragraph --><\/p>\t\t\t\t\t\t<\/div>\n\t\t\t\t<\/div>\n\t\t\t\t\t<\/div>\n\t\t<\/div>\n\t\t\t\t\t<\/div>\n\t\t<\/section>\n\t\t\t\t<\/div>\n\t\t","protected":false},"excerpt":{"rendered":"<p>Passo 1: Proceder a abertura Processo Eletr\u00f4nico pelo PEN, no Portal Documentos, indicando o seguinte tipo documental: Para Unidades Gestoras de Recursos (UGR) e N\u00facleos Or\u00e7ament\u00e1rios usar qualquer um dos dois tipos documentais&#8211; Processo de empenho de di\u00e1rias (052.22)&nbsp; &#8211;&nbsp;Processo de pagamento de di\u00e1rias a alunos de p\u00f3s-gradua\u00e7\u00e3o &#8211; P\u00d3S-GRADUA\u00c7\u00c3O (052.22). Para Programas de P\u00f3s-Graudua\u00e7\u00e3o [&hellip;]<\/p>\n","protected":false},"author":7016,"featured_media":0,"parent":0,"menu_order":0,"comment_status":"closed","ping_status":"closed","template":"","meta":{"footnotes":""},"categories":[],"tags":[],"class_list":["post-15777","page","type-page","status-publish","hentry"],"acf":[],"_links":{"self":[{"href":"https:\/\/www.ufsm.br\/pro-reitorias\/prpgp\/wp-json\/wp\/v2\/pages\/15777","targetHints":{"allow":["GET"]}}],"collection":[{"href":"https:\/\/www.ufsm.br\/pro-reitorias\/prpgp\/wp-json\/wp\/v2\/pages"}],"about":[{"href":"https:\/\/www.ufsm.br\/pro-reitorias\/prpgp\/wp-json\/wp\/v2\/types\/page"}],"author":[{"embeddable":true,"href":"https:\/\/www.ufsm.br\/pro-reitorias\/prpgp\/wp-json\/wp\/v2\/users\/7016"}],"replies":[{"embeddable":true,"href":"https:\/\/www.ufsm.br\/pro-reitorias\/prpgp\/wp-json\/wp\/v2\/comments?post=15777"}],"version-history":[{"count":0,"href":"https:\/\/www.ufsm.br\/pro-reitorias\/prpgp\/wp-json\/wp\/v2\/pages\/15777\/revisions"}],"wp:attachment":[{"href":"https:\/\/www.ufsm.br\/pro-reitorias\/prpgp\/wp-json\/wp\/v2\/media?parent=15777"}],"wp:term":[{"taxonomy":"category","embeddable":true,"href":"https:\/\/www.ufsm.br\/pro-reitorias\/prpgp\/wp-json\/wp\/v2\/categories?post=15777"},{"taxonomy":"post_tag","embeddable":true,"href":"https:\/\/www.ufsm.br\/pro-reitorias\/prpgp\/wp-json\/wp\/v2\/tags?post=15777"}],"curies":[{"name":"wp","href":"https:\/\/api.w.org\/{rel}","templated":true}]}}