{"id":15778,"date":"2024-03-14T10:43:55","date_gmt":"2024-03-14T13:43:55","guid":{"rendered":"https:\/\/www.ufsm.br\/pro-reitorias\/prpgp\/?page_id=15778"},"modified":"2024-11-19T14:49:52","modified_gmt":"2024-11-19T17:49:52","slug":"devolucao-de-recursos","status":"publish","type":"page","link":"https:\/\/www.ufsm.br\/pro-reitorias\/prpgp\/devolucao-de-recursos","title":{"rendered":"Devolu\u00e7\u00e3o de recursos"},"content":{"rendered":"\n<p>Recolhimento atrav\u00e9s de GRU:<br \/><a href=\"https:\/\/pagtesouro.tesouro.gov.br\/portal-gru\/#\/emissao-gru\">Portal SIAFI &#8211; GRU<\/a><br \/>Unidade Gestora: 153164<br \/>Gest\u00e3o: 15238 UFSM<br \/>Nome da unidade: Universidade Federal de Santa Maria\/UFSM<br \/>C\u00f3digo do recolhimento: 68802-9<br \/>Ap\u00f3s o pagamento anexar ao processo para efetuar a presta\u00e7\u00e3o de<br \/>contas.<br \/>Remeter a guia por e-mail ao NAAO para que fa\u00e7amos a devolu\u00e7\u00e3o de<br \/>valores da Conta \u00fanica do Tesouro Nacional para a PRPGP\/UFSM.<br \/>E-mail: financeiro.prpgp@ufsm.br<\/p>\n","protected":false},"excerpt":{"rendered":"<p>Recolhimento atrav\u00e9s de GRU:Portal SIAFI &#8211; GRUUnidade Gestora: 153164Gest\u00e3o: 15238 UFSMNome da unidade: Universidade Federal de Santa Maria\/UFSMC\u00f3digo do recolhimento: 68802-9Ap\u00f3s o pagamento anexar ao processo para efetuar a presta\u00e7\u00e3o decontas.Remeter a guia por e-mail ao NAAO para que fa\u00e7amos a devolu\u00e7\u00e3o devalores da Conta \u00fanica do Tesouro Nacional para a PRPGP\/UFSM.E-mail: financeiro.prpgp@ufsm.br<\/p>\n","protected":false},"author":7016,"featured_media":0,"parent":0,"menu_order":0,"comment_status":"closed","ping_status":"closed","template":"","meta":{"footnotes":""},"categories":[],"tags":[],"class_list":["post-15778","page","type-page","status-publish","hentry"],"acf":[],"_links":{"self":[{"href":"https:\/\/www.ufsm.br\/pro-reitorias\/prpgp\/wp-json\/wp\/v2\/pages\/15778","targetHints":{"allow":["GET"]}}],"collection":[{"href":"https:\/\/www.ufsm.br\/pro-reitorias\/prpgp\/wp-json\/wp\/v2\/pages"}],"about":[{"href":"https:\/\/www.ufsm.br\/pro-reitorias\/prpgp\/wp-json\/wp\/v2\/types\/page"}],"author":[{"embeddable":true,"href":"https:\/\/www.ufsm.br\/pro-reitorias\/prpgp\/wp-json\/wp\/v2\/users\/7016"}],"replies":[{"embeddable":true,"href":"https:\/\/www.ufsm.br\/pro-reitorias\/prpgp\/wp-json\/wp\/v2\/comments?post=15778"}],"version-history":[{"count":0,"href":"https:\/\/www.ufsm.br\/pro-reitorias\/prpgp\/wp-json\/wp\/v2\/pages\/15778\/revisions"}],"wp:attachment":[{"href":"https:\/\/www.ufsm.br\/pro-reitorias\/prpgp\/wp-json\/wp\/v2\/media?parent=15778"}],"wp:term":[{"taxonomy":"category","embeddable":true,"href":"https:\/\/www.ufsm.br\/pro-reitorias\/prpgp\/wp-json\/wp\/v2\/categories?post=15778"},{"taxonomy":"post_tag","embeddable":true,"href":"https:\/\/www.ufsm.br\/pro-reitorias\/prpgp\/wp-json\/wp\/v2\/tags?post=15778"}],"curies":[{"name":"wp","href":"https:\/\/api.w.org\/{rel}","templated":true}]}}